{"id":3269,"date":"2023-01-04T20:56:17","date_gmt":"2023-01-04T19:56:17","guid":{"rendered":"https:\/\/steigerwald-zum-testen.anke-kirschenmann.com\/?page_id=3269"},"modified":"2023-12-11T15:39:58","modified_gmt":"2023-12-11T14:39:58","slug":"huehnerseminare-die-ausbildung-fuer-tiertrainer-und-tierbesitzer","status":"publish","type":"page","link":"https:\/\/steigerwald-zum-testen.anke-kirschenmann.com\/en\/deutsch-nina-live\/deutsch-huehnerseminare-die-ausbildung-fuer-tiertrainer-und-tierbesitzer\/","title":{"rendered":"(Deutsch) H\u00fchnerseminare &#8211; DIE Ausbildung f\u00fcr Tiertrainer und Tierbesitzer"},"content":{"rendered":"<p>chicken on horserocker&#8221; width=&#8221;150&#8243; height=&#8221;150&#8243; \/&gt;<\/p>\n<p>Dieses Seminar ist offen f\u00fcr alle, die sich f\u00fcr Training\u00a0interessieren. Egal\u00a0wie viel oder wenig Sie \u00fcber das Training mit <strong>positi<\/strong><strong>ver Verst\u00e4rkung<\/strong> bereits wissen, hier hat jeder die Gelegenheit etwas dazuzulernen und neue Erfahrungen zu machen.\u00a0Es ist auch nicht n\u00f6tig\u00a0sich mit H\u00fchnern auszukennen, um diese\u00a0im\u00a0Seminar trainieren zu k\u00f6nnen.<\/p>\n<p>Das Einsteigerseminar\u00a0er\u00f6ffnet Ihnen die M\u00f6glichkeit, mit\u00a0Hilfe von H\u00fchnern etwas \u00fcber <strong>tiergerechtes Training<\/strong> zu lernen, egal mit welcher Tierart Sie\u00a0sonst Umgang pflegen.\u00a0H\u00fchner sind\u00a0fantastische Trainingspartner,\u00a0sie schulen z.B. unser Timing ungemein. In diesem Seminar geht es darum, an den menschlichen F\u00e4higkeiten zu arbeiten, damit die Kommunikation mit dem eigenen Tier\u00a0oder dem der Kunden\u00a0besser wird.<\/p>\n<p>Anhand verschiedener\u00a0Aufgaben, die jeder zuerst ohne und\u00a0dann mit Huhn trainiert, bekommen die Teilnehmer die M\u00f6glichkeit, Timing und Beobachtungsgabe zu verbessern. Trainerspiele und Theorie geh\u00f6ren selbstverst\u00e4ndlich mit dazu, denn:<strong> Wenn du wei\u00dft, was du tust, kann dein Tier tun, was du willst.<\/strong><\/p>\n<div><\/div>\n<div>Zeiten: 10.00-18:00 Uhr<\/div>\n<p>[\/vc_column_text][vc_separator][vc_column_text]<strong>Termine in 2023: 01.03, 01.05., 10.08.<\/strong>[\/vc_column_text][\/vc_column_inner][vc_column_inner width=&#8221;1\/3&#8243;]\n<div class=\"wpcf7 no-js\" id=\"wpcf7-f3236-o1\" lang=\"de-DE\" dir=\"ltr\">\n<div class=\"screen-reader-response\"><p role=\"status\" aria-live=\"polite\" aria-atomic=\"true\"><\/p> <ul><\/ul><\/div>\n<form action=\"\/en\/wp-json\/wp\/v2\/pages\/3269#wpcf7-f3236-o1\" method=\"post\" class=\"wpcf7-form init\" aria-label=\"Kontaktformular\" novalidate=\"novalidate\" data-status=\"init\">\n<div style=\"display: none;\">\n<input type=\"hidden\" name=\"_wpcf7\" value=\"3236\" \/>\n<input type=\"hidden\" name=\"_wpcf7_version\" value=\"5.8.6\" \/>\n<input type=\"hidden\" name=\"_wpcf7_locale\" value=\"de_DE\" \/>\n<input type=\"hidden\" name=\"_wpcf7_unit_tag\" value=\"wpcf7-f3236-o1\" \/>\n<input type=\"hidden\" name=\"_wpcf7_container_post\" value=\"0\" \/>\n<input type=\"hidden\" name=\"_wpcf7_posted_data_hash\" value=\"\" \/>\n<\/div>\n<p><label> Dein Name (Pflichtfeld)<br \/>\n<span class=\"wpcf7-form-control-wrap\" data-name=\"your-name\"><input size=\"40\" class=\"wpcf7-form-control wpcf7-text wpcf7-validates-as-required\" aria-required=\"true\" aria-invalid=\"false\" value=\"\" type=\"text\" name=\"your-name\" \/><\/span> <\/label>\n<\/p>\n<p><label> Deine E-Mail-Adresse (Pflichtfeld)<br \/>\n<span class=\"wpcf7-form-control-wrap\" data-name=\"your-email\"><input size=\"40\" class=\"wpcf7-form-control wpcf7-email wpcf7-validates-as-required wpcf7-text wpcf7-validates-as-email\" aria-required=\"true\" aria-invalid=\"false\" value=\"\" type=\"email\" name=\"your-email\" \/><\/span> <\/label>\n<\/p>\n<p><label> Betreff<br \/>\n<span class=\"wpcf7-form-control-wrap\" data-name=\"your-subject\"><input size=\"40\" class=\"wpcf7-form-control wpcf7-text\" aria-invalid=\"false\" value=\"\" type=\"text\" name=\"your-subject\" \/><\/span> <\/label>\n<\/p>\n<p><label> Deine Nachricht<br \/>\n<span class=\"wpcf7-form-control-wrap\" data-name=\"your-message\"><textarea cols=\"40\" rows=\"10\" class=\"wpcf7-form-control wpcf7-textarea\" aria-invalid=\"false\" name=\"your-message\"><\/textarea><\/span> <\/label>\n<\/p>\n<p><span class=\"wpcf7-form-control-wrap\" data-name=\"Datenschutz\"><span class=\"wpcf7-form-control wpcf7-acceptance\"><span class=\"wpcf7-list-item\"><label><input type=\"checkbox\" name=\"Datenschutz\" value=\"1\" aria-invalid=\"false\" \/><span class=\"wpcf7-list-item-label\">(Pflichtfeld) Ich habe die <a href=\"https:\/\/steigerwald-zum-testen.anke-kirschenmann.com\/datenschutz\/\">Datenschutzbestimmungen<\/a> gelesen und akzeptiere sie.<\/span><\/label><\/span><\/span><\/span>\n<\/p>\n<p><input class=\"wpcf7-form-control wpcf7-submit has-spinner\" type=\"submit\" value=\"Senden\" \/>\n<\/p>\n<p><label>Bitte f\u00fclle alle Pflichtfelder aus, damit die Nachricht verschickt werden kann!<\/label>\n<\/p><div class=\"wpcf7-response-output\" aria-hidden=\"true\"><\/div>\n<\/form>\n<\/div>\n[\/vc_column_inner][\/vc_row_inner][\/vc_tta_section][vc_tta_section title=&#8221;H\u00fchnerseminar Modul 1&#8243; tab_id=&#8221;1672862213692-dca141ec-a63e&#8221;][vc_row_inner][vc_column_inner width=&#8221;2\/3&#8243;][vc_column_text]<\/p>\n<h2>Timing, Kriterien, Belohungsrate<\/h2>\n<h2><strong>Wann<\/strong>\u00a0genau verst\u00e4rke ich,<br \/>\n<strong>was<\/strong>\u00a0genau verst\u00e4rke ich und<br \/>\n<strong>wie oft<\/strong>\u00a0best\u00e4rke ich ein Verhalten,<br \/>\nso dass es sich f\u00fcr mein Tier lohnt\u00a0\u201edie verr\u00fcckten Spiele mit zu spielen\u201c?<br \/>\n(Bob Bailey)<\/h2>\n<div>\n<p>Die H\u00fchner sorgen f\u00fcr ein ungew\u00f6hnlich intensives Seminar zum Erlenen von Trainierqualit\u00e4ten. Sie\u00a0verlangen zum Beispiel durch ihre Schnelligkeit einen ebenso flinken Trainer: Es ist wissenschaftlich erwiesen, dass die Unmittelbarkeit des Verst\u00e4rkers direkt mit der Qualit\u00e4t des Lernens zusammenh\u00e4ngt.\u00a0Um also f\u00fcr eine gute Lernqualit\u00e4t bei unserem Tier zu sorgen, m\u00fcssen wir in zwei Bereichen schnell sein, die wir in diesem Seminar auf besonderer Weise schulen werden:<\/p>\n<p><strong>Entscheidungsfreude:\u00a0<\/strong>Sie lernen aufgrund Ihrer Beobachtung blitzschnell zu entscheiden, was zu tun ist. Hier helfen unter anderem klare Kriterien, die wir gemeinsam erarbeiten.<\/p>\n<p><strong>Motorik:<\/strong> Klingt einfacher als es ist, denn Sie lernen nicht nur schnell umzusetzen, was Sie entschieden haben, sondern auch sich vor der Entscheidung nichts anmerken zu lassen. Erst zu zucken und sich dann anders zu entscheiden, ist nur ein Beispiel von vielen f\u00fcr eine gravierende Fehlinformation an das Tier. Wenn Sie lernen diese zu vermeiden und durch pr\u00e4zises Timing zu ersetzten, gelingt die Kommunikation mit unserem Tier um ein vielfaches besser.<\/p>\n<p>Um Ihren Lernerfolg zu sichern, arbeiten wir mit einer Vielzahl gut ineinandergreifenden Lehr- und Lernmethoden, schlie\u00dflich soll in diesem Seminar nicht das Huhn etwas lernen, sondern Sie!\u00a0Daher wird durch den Wechsel zwischen Theorie- und Praxiseinheiten das neue Wissen immer direkt in die Tat umgesetzt und die gesammelten Erfahrung in der n\u00e4chsten Theorieeinheit wieder besprochen, anhand der Lerntheorie erkl\u00e4rt und\u00a0 mit Handlungsoptionen weiterentwickelt. \u00a0Methoden wie das sogenannte Techniktraining sind au\u00dferdem immer hilfreich, egal mit welcher Tierart Sie letztendlich\u00a0trainieren m\u00f6chten. Es ist dar\u00fcberhinaus wunderbar mess- und vergleichbar, damit Sie Ihre Fortschritte realisieren.<\/p>\n<p>Ein gutes Lernklima und hohe Lernerfolge sind uns nat\u00fcrlich nicht nur f\u00fcr unsere Tier wichtig, sondern auch f\u00fcr Sie! Verlassen Sie sich also darauf, dass Sie ein Seminar erwartet, dass Sie so vermutlich noch nicht erlebt haben.<\/p>\n<\/div>\n<p>[\/vc_column_text][\/vc_column_inner][vc_column_inner width=&#8221;1\/3&#8243;]\n<div class=\"wpcf7 no-js\" id=\"wpcf7-f3236-o2\" lang=\"de-DE\" dir=\"ltr\">\n<div class=\"screen-reader-response\"><p role=\"status\" aria-live=\"polite\" aria-atomic=\"true\"><\/p> <ul><\/ul><\/div>\n<form action=\"\/en\/wp-json\/wp\/v2\/pages\/3269#wpcf7-f3236-o2\" method=\"post\" class=\"wpcf7-form init\" aria-label=\"Kontaktformular\" novalidate=\"novalidate\" data-status=\"init\">\n<div style=\"display: none;\">\n<input type=\"hidden\" name=\"_wpcf7\" value=\"3236\" \/>\n<input type=\"hidden\" name=\"_wpcf7_version\" value=\"5.8.6\" \/>\n<input type=\"hidden\" name=\"_wpcf7_locale\" value=\"de_DE\" \/>\n<input type=\"hidden\" name=\"_wpcf7_unit_tag\" value=\"wpcf7-f3236-o2\" \/>\n<input type=\"hidden\" name=\"_wpcf7_container_post\" value=\"0\" \/>\n<input type=\"hidden\" name=\"_wpcf7_posted_data_hash\" value=\"\" \/>\n<\/div>\n<p><label> Dein Name (Pflichtfeld)<br \/>\n<span class=\"wpcf7-form-control-wrap\" data-name=\"your-name\"><input size=\"40\" class=\"wpcf7-form-control wpcf7-text wpcf7-validates-as-required\" aria-required=\"true\" aria-invalid=\"false\" value=\"\" type=\"text\" name=\"your-name\" \/><\/span> <\/label>\n<\/p>\n<p><label> Deine E-Mail-Adresse (Pflichtfeld)<br \/>\n<span class=\"wpcf7-form-control-wrap\" data-name=\"your-email\"><input size=\"40\" class=\"wpcf7-form-control wpcf7-email wpcf7-validates-as-required wpcf7-text wpcf7-validates-as-email\" aria-required=\"true\" aria-invalid=\"false\" value=\"\" type=\"email\" name=\"your-email\" \/><\/span> <\/label>\n<\/p>\n<p><label> Betreff<br \/>\n<span class=\"wpcf7-form-control-wrap\" data-name=\"your-subject\"><input size=\"40\" class=\"wpcf7-form-control wpcf7-text\" aria-invalid=\"false\" value=\"\" type=\"text\" name=\"your-subject\" \/><\/span> <\/label>\n<\/p>\n<p><label> Deine Nachricht<br \/>\n<span class=\"wpcf7-form-control-wrap\" data-name=\"your-message\"><textarea cols=\"40\" rows=\"10\" class=\"wpcf7-form-control wpcf7-textarea\" aria-invalid=\"false\" name=\"your-message\"><\/textarea><\/span> <\/label>\n<\/p>\n<p><span class=\"wpcf7-form-control-wrap\" data-name=\"Datenschutz\"><span class=\"wpcf7-form-control wpcf7-acceptance\"><span class=\"wpcf7-list-item\"><label><input type=\"checkbox\" name=\"Datenschutz\" value=\"1\" aria-invalid=\"false\" \/><span class=\"wpcf7-list-item-label\">(Pflichtfeld) Ich habe die <a href=\"https:\/\/steigerwald-zum-testen.anke-kirschenmann.com\/datenschutz\/\">Datenschutzbestimmungen<\/a> gelesen und akzeptiere sie.<\/span><\/label><\/span><\/span><\/span>\n<\/p>\n<p><input class=\"wpcf7-form-control wpcf7-submit has-spinner\" type=\"submit\" value=\"Senden\" \/>\n<\/p>\n<p><label>Bitte f\u00fclle alle Pflichtfelder aus, damit die Nachricht verschickt werden kann!<\/label>\n<\/p><div class=\"wpcf7-response-output\" aria-hidden=\"true\"><\/div>\n<\/form>\n<\/div>\n[\/vc_column_inner][\/vc_row_inner][\/vc_tta_section][vc_tta_section title=&#8221;H\u00fchnerseminar Modul 2&#8243; tab_id=&#8221;1672862278829-25a0bced-0ab0&#8243;][vc_row_inner][vc_column_inner width=&#8221;2\/3&#8243;][vc_column_text]<\/p>\n<h2>Trainingspl\u00e4ne und Trainingskriterien<\/h2>\n<h2>Wenn du wei\u00dft, was du tust, kann dein Tier tun, was du willst.<\/h2>\n<div>\n<p>In Modul 2 geht es darum planvoll vorzugehen, um in seinem Training \u201ein Mikroschritten rasend schnell voran zu kommen\u201c\u00a0(Viviane Theby),\u00a0ganz im Sinne von Bob Baileys: \u201eThink, plan, do.\u201c<\/p>\n<p>Die vielen Vorz\u00fcge von H\u00fchnern als Trainingspartner haben Sie in Modul 1 ja bereits kennen gelernt. In Modul 2 werden die Anspr\u00fcche an Sie komplexer, ebenso die Praxisaufgabe f\u00fcr das Tier:\u00a0Das eine Huhn soll zwei Ovale um zwei Eimer laufen, das andere zwei Achten um zwei Pylonen, jeweils f\u00fcr nur einen Click! Es gibt wie immer Steigerungsm\u00f6glichkeiten des Schwierigkeitsgrades, in diesem Modul\u00a0um das Training von Distanz und Dauer zu \u00fcben.<\/p>\n<p>Wie\u00a0schon beim ersten Modul dieser Seminarreihe\u00a0werden\u00a0alle\u00a0Ihre Lernschritte engmaschig betreut. Der bew\u00e4hrte\u00a0Wechsel zwischen Theorieeinheiten und Praxiszeit sichert die Vertiefung Ihres Verst\u00e4ndnisses f\u00fcr das Training mit positiver Verst\u00e4rkung. In der Arbeit mit Ihrem Co-Trainer werden au\u00dferdem auch kommunikative F\u00e4higkeiten gef\u00f6rdert, was immer\u00a0wieder hilft, die eigenen Vorstellungen zu konkretisieren und sein\u00a0Training strukturierter zu gestalten.<\/p>\n<p>Um die richtigen Kriterien f\u00fcr das\u00a0Zielverhalten\u00a0anzusetzen, m\u00fcssen Sie\u00a0Verhalten definieren und in Echtzeit aufgrund\u00a0Ihrer\u00a0Beobachtung beurteilen\u00a0k\u00f6nnen. Diese F\u00e4higkeiten werden Sie in diesem Modul\u00a0intensiv schulen. Sie werden\u00a0merken, wie wichtig es ist, sich bzw. seine Kriterien dem sich schnell\u00a0ver\u00e4ndernden Verhalten des Tieres anzupassen.\u00a0 Dieses Modul kann mit dem\u00a0dritten\u00a0Modul in der Reihenfolge der Teilnahme getauscht werden.<\/p>\n<\/div>\n<p>[\/vc_column_text][\/vc_column_inner][vc_column_inner width=&#8221;1\/3&#8243;]\n<div class=\"wpcf7 no-js\" id=\"wpcf7-f3236-o3\" lang=\"de-DE\" dir=\"ltr\">\n<div class=\"screen-reader-response\"><p role=\"status\" aria-live=\"polite\" aria-atomic=\"true\"><\/p> <ul><\/ul><\/div>\n<form action=\"\/en\/wp-json\/wp\/v2\/pages\/3269#wpcf7-f3236-o3\" method=\"post\" class=\"wpcf7-form init\" aria-label=\"Kontaktformular\" novalidate=\"novalidate\" data-status=\"init\">\n<div style=\"display: none;\">\n<input type=\"hidden\" name=\"_wpcf7\" value=\"3236\" \/>\n<input type=\"hidden\" name=\"_wpcf7_version\" value=\"5.8.6\" \/>\n<input type=\"hidden\" name=\"_wpcf7_locale\" value=\"de_DE\" \/>\n<input type=\"hidden\" name=\"_wpcf7_unit_tag\" value=\"wpcf7-f3236-o3\" \/>\n<input type=\"hidden\" name=\"_wpcf7_container_post\" value=\"0\" \/>\n<input type=\"hidden\" name=\"_wpcf7_posted_data_hash\" value=\"\" \/>\n<\/div>\n<p><label> Dein Name (Pflichtfeld)<br \/>\n<span class=\"wpcf7-form-control-wrap\" data-name=\"your-name\"><input size=\"40\" class=\"wpcf7-form-control wpcf7-text wpcf7-validates-as-required\" aria-required=\"true\" aria-invalid=\"false\" value=\"\" type=\"text\" name=\"your-name\" \/><\/span> <\/label>\n<\/p>\n<p><label> Deine E-Mail-Adresse (Pflichtfeld)<br \/>\n<span class=\"wpcf7-form-control-wrap\" data-name=\"your-email\"><input size=\"40\" class=\"wpcf7-form-control wpcf7-email wpcf7-validates-as-required wpcf7-text wpcf7-validates-as-email\" aria-required=\"true\" aria-invalid=\"false\" value=\"\" type=\"email\" name=\"your-email\" \/><\/span> <\/label>\n<\/p>\n<p><label> Betreff<br \/>\n<span class=\"wpcf7-form-control-wrap\" data-name=\"your-subject\"><input size=\"40\" class=\"wpcf7-form-control wpcf7-text\" aria-invalid=\"false\" value=\"\" type=\"text\" name=\"your-subject\" \/><\/span> <\/label>\n<\/p>\n<p><label> Deine Nachricht<br \/>\n<span class=\"wpcf7-form-control-wrap\" data-name=\"your-message\"><textarea cols=\"40\" rows=\"10\" class=\"wpcf7-form-control wpcf7-textarea\" aria-invalid=\"false\" name=\"your-message\"><\/textarea><\/span> <\/label>\n<\/p>\n<p><span class=\"wpcf7-form-control-wrap\" data-name=\"Datenschutz\"><span class=\"wpcf7-form-control wpcf7-acceptance\"><span class=\"wpcf7-list-item\"><label><input type=\"checkbox\" name=\"Datenschutz\" value=\"1\" aria-invalid=\"false\" \/><span class=\"wpcf7-list-item-label\">(Pflichtfeld) Ich habe die <a href=\"https:\/\/steigerwald-zum-testen.anke-kirschenmann.com\/datenschutz\/\">Datenschutzbestimmungen<\/a> gelesen und akzeptiere sie.<\/span><\/label><\/span><\/span><\/span>\n<\/p>\n<p><input class=\"wpcf7-form-control wpcf7-submit has-spinner\" type=\"submit\" value=\"Senden\" \/>\n<\/p>\n<p><label>Bitte f\u00fclle alle Pflichtfelder aus, damit die Nachricht verschickt werden kann!<\/label>\n<\/p><div class=\"wpcf7-response-output\" aria-hidden=\"true\"><\/div>\n<\/form>\n<\/div>\n[\/vc_column_inner][\/vc_row_inner][\/vc_tta_section][\/vc_tta_accordion][\/vc_column][\/vc_row]<\/p>","protected":false},"excerpt":{"rendered":"<p>chicken on horserocker&#8221; width=&#8221;150&#8243; height=&#8221;150&#8243; \/&gt; Dieses Seminar ist offen f\u00fcr alle, die sich f\u00fcr Training\u00a0interessieren. Egal\u00a0wie viel oder wenig Sie \u00fcber das Training mit positiver Verst\u00e4rkung bereits wissen, hier hat jeder die Gelegenheit etwas dazuzulernen und neue Erfahrungen zu machen.\u00a0Es ist auch nicht n\u00f6tig\u00a0sich mit H\u00fchnern auszukennen, um diese\u00a0im\u00a0Seminar trainieren zu k\u00f6nnen. Das Einsteigerseminar\u00a0er\u00f6ffnet [&hellip;]<\/p>\n","protected":false},"author":5,"featured_media":0,"parent":3267,"menu_order":0,"comment_status":"closed","ping_status":"closed","template":"page-full-width.php","meta":{"footnotes":""},"_links":{"self":[{"href":"https:\/\/steigerwald-zum-testen.anke-kirschenmann.com\/en\/wp-json\/wp\/v2\/pages\/3269"}],"collection":[{"href":"https:\/\/steigerwald-zum-testen.anke-kirschenmann.com\/en\/wp-json\/wp\/v2\/pages"}],"about":[{"href":"https:\/\/steigerwald-zum-testen.anke-kirschenmann.com\/en\/wp-json\/wp\/v2\/types\/page"}],"author":[{"embeddable":true,"href":"https:\/\/steigerwald-zum-testen.anke-kirschenmann.com\/en\/wp-json\/wp\/v2\/users\/5"}],"replies":[{"embeddable":true,"href":"https:\/\/steigerwald-zum-testen.anke-kirschenmann.com\/en\/wp-json\/wp\/v2\/comments?post=3269"}],"version-history":[{"count":43,"href":"https:\/\/steigerwald-zum-testen.anke-kirschenmann.com\/en\/wp-json\/wp\/v2\/pages\/3269\/revisions"}],"predecessor-version":[{"id":4070,"href":"https:\/\/steigerwald-zum-testen.anke-kirschenmann.com\/en\/wp-json\/wp\/v2\/pages\/3269\/revisions\/4070"}],"up":[{"embeddable":true,"href":"https:\/\/steigerwald-zum-testen.anke-kirschenmann.com\/en\/wp-json\/wp\/v2\/pages\/3267"}],"wp:attachment":[{"href":"https:\/\/steigerwald-zum-testen.anke-kirschenmann.com\/en\/wp-json\/wp\/v2\/media?parent=3269"}],"curies":[{"name":"wp","href":"https:\/\/api.w.org\/{rel}","templated":true}]}}