{"id":54,"date":"2018-09-28T14:46:18","date_gmt":"2018-09-28T12:46:18","guid":{"rendered":"https:\/\/steigerwald-zum-testen.anke-kirschenmann.com\/?page_id=54"},"modified":"2024-01-12T12:33:07","modified_gmt":"2024-01-12T11:33:07","slug":"events","status":"publish","type":"page","link":"https:\/\/steigerwald-zum-testen.anke-kirschenmann.com\/de\/termine\/","title":{"rendered":"Termine"},"content":{"rendered":"<p>[vc_row][vc_column][vc_column_text][\/vc_column_text][\/vc_column][\/vc_row][vc_row][vc_column][vc_column_text][\/vc_column_text][\/vc_column][\/vc_row][vc_row][vc_column][vc_column_text][\/vc_column_text][\/vc_column][\/vc_row][vc_row][vc_column][vc_column_text][\/vc_column_text][\/vc_column][\/vc_row][vc_row top=&#8220;0px&#8220; bottom=&#8220;0px&#8220;][vc_column][rev_slider_vc alias=&#8220;ssst&#8220;][\/vc_column][\/vc_row][vc_row top=&#8220;20px&#8220; bottom=&#8220;20px&#8220;][vc_column][vc_heading title=&#8220;Termine mit Nina Steigerwald&#8220;][\/vc_column][\/vc_row][vc_row top=&#8220;00px&#8220; bottom=&#8220;20px&#8220;][vc_column][vc_column_text]Du kannst von Ninas Erfahrung und ihrem Wissen bei folgenden Veranstaltungen profitieren:<\/p>\n<ul>\n<li><a href=\"https:\/\/steigerwald-zum-testen.anke-kirschenmann.com\/nina-live\/pferdeseminare-tiergerechtes-training-auf-hof-steigerwald\/#1673286719125-9f8420fb-3c0c\"><span style=\"color: #800000;\"><strong>Bildungsurlaub auf Le Matou<\/strong><\/span><\/a><\/li>\n<li><a href=\"https:\/\/steigerwald-zum-testen.anke-kirschenmann.com\/nina-live\/pferdeseminare-tiergerechtes-training-auf-hof-steigerwald\/#1673286719125-9f8420fb-3c0c\"><span style=\"color: #800000;\"><strong>Erlebenswoche auf Le Matou<\/strong><\/span><\/a><\/li>\n<li><a href=\"https:\/\/www.deutsches-tieraerzteblatt.de\/termine\/termindetails\/medical-training-tierartubergreifend-in-theorie-und-praxis\/14597\"><span style=\"color: #800000;\"><strong>Medical Training Praxiswochenende f\u00fcr Tier\u00e4rzte (ATF-anerkannt) 16.\/17. M\u00e4rz 24<\/strong><\/span><\/a><\/li>\n<li><a href=\"https:\/\/steigerwald-zum-testen.anke-kirschenmann.com\/nina-live\/huehnerseminare-die-ausbildung-fuer-tiertrainer-und-tierbesitzer\/\"><span style=\"color: #800000;\"><strong>H\u00fchnerseminare in der N\u00e4he von G\u00f6ttingen<\/strong><\/span><\/a><\/li>\n<li><strong>Individueller Clickerkurs<\/strong> (mit Pferdewippen und Medical Training)<br \/>\n27321 Donnerstedt <strong>4.\/5. Mai<\/strong> 2024<\/li>\n<li><strong>Techniktraining und Videoauswertung<\/strong>: Zwei Tage, um als Trainer immer besser zu werden<br \/>\n<span class=\"LrzXr kno-fv wHYlTd z8gr9e\">14770<\/span> Brandenburg <strong>28.\/29. September<\/strong> 2024<\/li>\n<\/ul>\n<p>Online: <span style=\"color: #800000;\"><strong><a style=\"color: #800000;\" href=\"https:\/\/steigerwald-zum-testen.anke-kirschenmann.com\/seminare\/steigerwald-trainer-fuer-pferdewippen\/\">Training mit Pferdewippen<\/a><\/strong><\/span> mit vielen Zoom-Live-Coachings[\/vc_column_text][\/vc_column][\/vc_row][vc_row top=&#8220;20px&#8220; bottom=&#8220;20px&#8220;][vc_column][vc_single_image image=&#8220;3258&#8243; img_size=&#8220;full&#8220; alignment=&#8220;center&#8220; style=&#8220;vc_box_shadow_border&#8220; onclick=&#8220;link_image&#8220; css_animation=&#8220;fadeIn&#8220;][vc_single_image image=&#8220;3259&#8243; img_size=&#8220;full&#8220; alignment=&#8220;center&#8220; style=&#8220;vc_box_shadow_border&#8220; onclick=&#8220;link_image&#8220; css_animation=&#8220;fadeIn&#8220;][\/vc_column][\/vc_row][vc_row top=&#8220;0px&#8220; bottom=&#8220;0px&#8220;][vc_column][vc_empty_space height=&#8220;40px&#8220;][\/vc_column][\/vc_row][vc_row top=&#8220;15px&#8220; bottom=&#8220;15px&#8220; bg_color=&#8220;#eeeeee&#8220;][vc_column][vc_column_text css=&#8220;.vc_custom_1673647325359{background-color: #eeeeee !important;}&#8220;]<\/p>\n<p style=\"text-align: center;\"><span style=\"color: #999999; font-size: 13pt;\">Steigerwald.T &#8211; dein Kontakt f\u00fcr professionelle Pferdewippen, Trainings- und Therapieger\u00e4te und tiergerechtes Training<\/span><\/p>\n<p>[\/vc_column_text][\/vc_column][\/vc_row][vc_row][vc_column][vc_column_text][\/vc_column_text][\/vc_column][\/vc_row][vc_row][vc_column][vc_column_text][\/vc_column_text][\/vc_column][\/vc_row][vc_row][vc_column][vc_column_text][\/vc_column_text][\/vc_column][\/vc_row][vc_row][vc_column][vc_column_text][\/vc_column_text][\/vc_column][\/vc_row]<\/p>","protected":false},"excerpt":{"rendered":"<p>[vc_row][vc_column][vc_column_text][\/vc_column_text][\/vc_column][\/vc_row][vc_row][vc_column][vc_column_text][\/vc_column_text][\/vc_column][\/vc_row][vc_row][vc_column][vc_column_text][\/vc_column_text][\/vc_column][\/vc_row][vc_row][vc_column][vc_column_text][\/vc_column_text][\/vc_column][\/vc_row][vc_row top=&#8220;0px&#8220; bottom=&#8220;0px&#8220;][vc_column][rev_slider_vc alias=&#8220;ssst&#8220;][\/vc_column][\/vc_row][vc_row top=&#8220;20px&#8220; bottom=&#8220;20px&#8220;][vc_column][vc_heading title=&#8220;Termine mit Nina Steigerwald&#8220;][\/vc_column][\/vc_row][vc_row top=&#8220;00px&#8220; bottom=&#8220;20px&#8220;][vc_column][vc_column_text]Du kannst von Ninas Erfahrung und ihrem Wissen bei folgenden Veranstaltungen profitieren: Bildungsurlaub auf Le Matou Erlebenswoche auf Le Matou Medical Training Praxiswochenende f\u00fcr Tier\u00e4rzte (ATF-anerkannt) 16.\/17. M\u00e4rz 24 H\u00fchnerseminare in der N\u00e4he von G\u00f6ttingen Individueller Clickerkurs (mit Pferdewippen und Medical Training) 27321 Donnerstedt [&hellip;]<\/p>\n","protected":false},"author":1,"featured_media":0,"parent":0,"menu_order":3,"comment_status":"closed","ping_status":"closed","template":"page-full-width.php","meta":{"footnotes":""},"_links":{"self":[{"href":"https:\/\/steigerwald-zum-testen.anke-kirschenmann.com\/de\/wp-json\/wp\/v2\/pages\/54"}],"collection":[{"href":"https:\/\/steigerwald-zum-testen.anke-kirschenmann.com\/de\/wp-json\/wp\/v2\/pages"}],"about":[{"href":"https:\/\/steigerwald-zum-testen.anke-kirschenmann.com\/de\/wp-json\/wp\/v2\/types\/page"}],"author":[{"embeddable":true,"href":"https:\/\/steigerwald-zum-testen.anke-kirschenmann.com\/de\/wp-json\/wp\/v2\/users\/1"}],"replies":[{"embeddable":true,"href":"https:\/\/steigerwald-zum-testen.anke-kirschenmann.com\/de\/wp-json\/wp\/v2\/comments?post=54"}],"version-history":[{"count":76,"href":"https:\/\/steigerwald-zum-testen.anke-kirschenmann.com\/de\/wp-json\/wp\/v2\/pages\/54\/revisions"}],"predecessor-version":[{"id":4087,"href":"https:\/\/steigerwald-zum-testen.anke-kirschenmann.com\/de\/wp-json\/wp\/v2\/pages\/54\/revisions\/4087"}],"wp:attachment":[{"href":"https:\/\/steigerwald-zum-testen.anke-kirschenmann.com\/de\/wp-json\/wp\/v2\/media?parent=54"}],"curies":[{"name":"wp","href":"https:\/\/api.w.org\/{rel}","templated":true}]}}