{"id":51,"date":"2018-09-28T14:42:50","date_gmt":"2018-09-28T12:42:50","guid":{"rendered":"https:\/\/steigerwald-zum-testen.anke-kirschenmann.com\/?page_id=51"},"modified":"2023-06-06T19:13:32","modified_gmt":"2023-06-06T17:13:32","slug":"trail","status":"publish","type":"page","link":"https:\/\/steigerwald-zum-testen.anke-kirschenmann.com\/de\/sw-t\/trail\/","title":{"rendered":"Trail"},"content":{"rendered":"<p>[vc_row top=&#8220;0px&#8220; bottom=&#8220;0px&#8220;][vc_column][rev_slider_vc alias=&#8220;steigerwald-trail&#8220;][\/vc_column][\/vc_row][vc_row top=&#8220;20px&#8220; bottom=&#8220;0px&#8220;][vc_column][vc_heading title=&#8220;Steigerwald.Trail&#8220; subtitle=&#8220;\u2026weil die Sicherung der Grundbed\u00fcrfnisse von Pferden und Ponys unser Hauptanliegen sein und noch vor jedem Gedanken an Training stehen sollte. Schlie\u00dflich verbringen unsere Tiere nur einen sehr geringen Teil des Tages wirklich in unserer Gesellschaft, auch die \u00fcbrigen Stunden wollen daher anregend gestaltet sein mit viel Bewegung, Sozialkontakt, frischer Luft, und vielem mehr.&#8220; color=&#8220;#000000&#8243;][\/vc_column][\/vc_row][vc_row top=&#8220;20px&#8220; bottom=&#8220;0px&#8220; row_show_on=&#8220;hide_tablet_portrait,hide_mobile_landscape,hide_mobile_portrait&#8220;][vc_column][vc_column_text]Von 2010 bis 2022 haben wir in Niedersachsen gelebt. Wie es seit Sommer 2022 in Frankreich aussieht, erf\u00e4hrst du <a href=\"https:\/\/steigerwald-zum-testen.anke-kirschenmann.com\/category\/traum\/\">hier im Blog.<\/a><\/p>\n<p>Die Pferde und Ponys auf Hof Steigerwald bewohnen ganzj\u00e4hrig eine Fl\u00e4che von circa einem Hektar. Diese ist abwechslungsreich gestaltet und wird immer weiter ausgebaut, ver\u00e4ndert und weiterentwickelt, um neue Anreize zu bieten, das Pferdeleben in vollen Z\u00fcgen auszukosten. Aber keine Sorge, auch wer nicht \u00fcber eine so gro\u00dfe Fl\u00e4che Eigenland verf\u00fcgt, findet in unserem Blog viele Ideen, die auch mit wenig (finanziellem) Aufwand umsetzbar sind.[\/vc_column_text][vc_empty_space height=&#8220;20px&#8220;][vc_row_inner][vc_column_inner width=&#8220;1\/3&#8243;][vc_single_image image=&#8220;366&#8243; img_size=&#8220;medium&#8220; style=&#8220;vc_box_shadow_border&#8220; onclick=&#8220;zoom&#8220;][\/vc_column_inner][vc_column_inner width=&#8220;1\/3&#8243;][vc_single_image image=&#8220;363&#8243; img_size=&#8220;medium&#8220; alignment=&#8220;center&#8220; style=&#8220;vc_box_shadow_border&#8220; onclick=&#8220;zoom&#8220;][\/vc_column_inner][vc_column_inner width=&#8220;1\/3&#8243;][vc_single_image image=&#8220;365&#8243; img_size=&#8220;medium&#8220; alignment=&#8220;right&#8220; style=&#8220;vc_box_shadow_border&#8220; onclick=&#8220;zoom&#8220;][\/vc_column_inner][\/vc_row_inner][\/vc_column][\/vc_row][vc_row top=&#8220;20px&#8220; bottom=&#8220;0px&#8220; row_show_on=&#8220;hide_on_normal_screen,hide_tablet_landscape&#8220;][vc_column width=&#8220;1\/5&#8243;][vc_single_image image=&#8220;363&#8243; img_size=&#8220;medium&#8220; alignment=&#8220;center&#8220; style=&#8220;vc_box_shadow_border&#8220; onclick=&#8220;zoom&#8220;][\/vc_column][vc_column width=&#8220;4\/5&#8243;][vc_column_text]Die Pferde und Ponys auf Hof Steigerwald bewohnen ganzj\u00e4hrig eine Fl\u00e4che von ca. 1ha. Diese ist abwechslungsreich gestaltet und wird immer weiter ausgebaut, ver\u00e4ndert und weiterentwickelt, um neue Anreize zu bieten, das Pferdeleben in vollen Z\u00fcgen auszukosten. Aber keine Sorge, auch wer nicht \u00fcber eine so gro\u00dfe Fl\u00e4che Eigenland verf\u00fcgt, findet in unserem Blog viele Ideen, die auch mit wenig (finanziellem) Aufwand umsetzbar sind.[\/vc_column_text][\/vc_column][\/vc_row][vc_row top=&#8220;20px&#8220; bottom=&#8220;10px&#8220; row_show_on=&#8220;hide_on_normal_screen,hide_tablet_landscape&#8220;][vc_column width=&#8220;1\/2&#8243;][vc_single_image image=&#8220;366&#8243; img_size=&#8220;medium&#8220; style=&#8220;vc_box_shadow_border&#8220; onclick=&#8220;zoom&#8220;][\/vc_column][vc_column width=&#8220;1\/2&#8243;][vc_single_image image=&#8220;365&#8243; img_size=&#8220;medium&#8220; alignment=&#8220;right&#8220; style=&#8220;vc_box_shadow_border&#8220; onclick=&#8220;zoom&#8220;][\/vc_column][\/vc_row][vc_row top=&#8220;20px&#8220; bottom=&#8220;10px&#8220;][vc_column][vc_column_text]Ein Pferdeleben besteht aus weit mehr als den wenigen Stunden, die es mit seinem Menschen verbringt. Daher ist es uns ein besonderes Anliegen, dass es unseren Pferden auch ohne menschliche Anwesenheit gut geht. Selbst wenn ich jeden Tag 2 Stunden mit meinem Pferd verbringe, verbleibt es f\u00fcr weitere 22 Stunden am Tag (=91,67%) in der Umgebung, die ich f\u00fcr es ausgew\u00e4hlt habe! Diese Umgebung muss daher dazu beitragen, dass mein Pferd geistig und k\u00f6rperlich gesund bleibt und sich wohlf\u00fchlt. All mein noch so durchdachtes, r\u00fccksichtsvolles und anregendes Training k\u00f6nnte es in puncto Lebensqualit\u00e4t nicht kompensieren, wenn mein Pferd keine artgerechte Umgebung h\u00e4tte.[\/vc_column_text][\/vc_column][\/vc_row][vc_row top=&#8220;10px&#8220; bottom=&#8220;0px&#8220; bg_color=&#8220;#eeeeee&#8220;][vc_column width=&#8220;1\/2&#8243;][vc_column_text]<\/p>\n<p style=\"text-align: center;\"><iframe loading=\"lazy\" src=\"https:\/\/www.youtube-nocookie.com\/embed\/GUhTEdV3nO4\" width=\"560\" height=\"315\" frameborder=\"0\" allowfullscreen=\"allowfullscreen\"><\/iframe><\/p>\n<p>[\/vc_column_text][\/vc_column][vc_column width=&#8220;1\/2&#8243;][vc_column_text]Der Steigerwald.Trail bietet daher ca. 800 Meter Laufweg um das gesamte Areal herum. Dieser muss von den Ponys auch benutzt werden, denn nur so gelangen sie vom Wasser zu verschiedenen Fresspl\u00e4tzen oder witterungsgesch\u00fctzten Bereichen, ihren Lecksteinen oder Knabber\u00e4sten. Der Untergrund ist vielf\u00e4ltig und reicht von nat\u00fcrlichem Waldboden mit Baumwurzelgeflecht \u00fcber befestigte Wege mit Gummimatten oder alternativen Befestigungen bis hin zu Abschnitten mit Kies oder Sand.[\/vc_column_text][\/vc_column][\/vc_row][vc_row top=&#8220;20px&#8220; bottom=&#8220;10px&#8220; bg_color=&#8220;#eeeeee&#8220;][vc_column width=&#8220;1\/2&#8243;][vc_column_text]Nach ihren W\u00fcnschen k\u00f6nnen die Ponys Witterungs- und Insektenschutz suchen im kleinen W\u00e4ldchen (Bild), zwei luftigen St\u00e4llen mit Naturkompost-Boden <i>(angeregt durch <a href=\"https:\/\/www.offenstallkonzepte.com\">Tanja Romanazzi<\/a>)<\/i><i> <\/i>oder dem k\u00fchlen Stall aus Stein im urspr\u00fcnglichen Hofgeb\u00e4ude.<\/p>\n<p>Wir \u00fcberpr\u00fcfen regelm\u00e4\u00dfig die Tauglichkeit verschiedenster Materialien und gekauftem oder selbstentworfenem Zubeh\u00f6r. Egal ob Windschutznetze, gekaufter vs. selbst gebauter Streifenvorhang, Heutoy, Liegematten, Toilette, Futterpl\u00e4tze, Schubberb\u00fcrsten, der praktischen Zubeh\u00f6r-Kinderwagen f\u00fcr die Reparatur von Einz\u00e4unung, Sms-gesteuerte Weidezaunger\u00e4te und vieles mehr: Wir testen alles was den Pferden mehr Wohlbefinden oder uns weniger Arbeit bringen k\u00f6nnte. Lesen Sie dazu regelm\u00e4\u00dfig in unserem Blog.[\/vc_column_text][\/vc_column][vc_column width=&#8220;1\/2&#8243;][vc_column_text]<\/p>\n<p style=\"text-align: center;\"><iframe loading=\"lazy\" src=\"https:\/\/www.youtube-nocookie.com\/embed\/ilXKb-xado4\" width=\"560\" height=\"315\" frameborder=\"0\" allowfullscreen=\"allowfullscreen\"><\/iframe><\/p>\n<p>[\/vc_column_text][\/vc_column][\/vc_row][vc_row top=&#8220;10px&#8220; bottom=&#8220;20px&#8220; row_show_on=&#8220;hide_tablet_portrait,hide_mobile_landscape,hide_mobile_portrait&#8220;][vc_column][vc_column_text]Highlight f\u00fcr Mensch und Tier ist unsere gro\u00dfer \u201eSpielplatz\u201c, auf dem alle Steigerwald.Trainings- &amp; Therapieger\u00e4te ihren Platz haben. Zus\u00e4tzlich zu den k\u00e4uflichen Ger\u00e4ten (<strong><a href=\"https:\/\/steigerwald-zum-testen.anke-kirschenmann.com\/shop\/de\/trainingsgeraete-therapiegeraete-turngeraete\/\">hier geht es zum Shop<\/a><\/strong>) sind hier diverse Prototypen zu finden. Der H\u00fcgel f\u00fcr das Training bergauf und \u2013ab oder an der Steilseite zum Springen darf nat\u00fcrlich nicht fehlen, genauso wie der Tunnel, Wassergraben, Reifensprung und Co. Hier gibt es einfach alles, was das Trainingsherz h\u00f6her schlagen l\u00e4sst, schaut dazu auch auf <strong><a href=\"https:\/\/steigerwald-zum-testen.anke-kirschenmann.com\/sw-t\/true-horse-agility\/\">Steigerwald.True Horse Agility<\/a><\/strong> vorbei.[\/vc_column_text][vc_empty_space height=&#8220;20px&#8220;][vc_row_inner][vc_column_inner width=&#8220;1\/3&#8243;][vc_single_image image=&#8220;364&#8243; img_size=&#8220;medium&#8220; style=&#8220;vc_box_shadow_border&#8220; onclick=&#8220;zoom&#8220;][\/vc_column_inner][vc_column_inner width=&#8220;1\/3&#8243;][vc_single_image image=&#8220;367&#8243; img_size=&#8220;medium&#8220; alignment=&#8220;center&#8220; style=&#8220;vc_box_shadow_border&#8220; onclick=&#8220;zoom&#8220;][\/vc_column_inner][vc_column_inner width=&#8220;1\/3&#8243;][vc_single_image image=&#8220;368&#8243; img_size=&#8220;medium&#8220; alignment=&#8220;right&#8220; style=&#8220;vc_box_shadow_border&#8220; onclick=&#8220;zoom&#8220;][\/vc_column_inner][\/vc_row_inner][\/vc_column][\/vc_row][vc_row top=&#8220;10px&#8220; bottom=&#8220;20px&#8220; row_show_on=&#8220;hide_on_normal_screen,hide_tablet_landscape&#8220;][vc_column][vc_row_inner][vc_column_inner width=&#8220;1\/5&#8243;][vc_single_image image=&#8220;368&#8243; img_size=&#8220;medium&#8220; alignment=&#8220;right&#8220; style=&#8220;vc_box_shadow_border&#8220; onclick=&#8220;zoom&#8220;][\/vc_column_inner][vc_column_inner width=&#8220;4\/5&#8243;][vc_column_text]Highlight f\u00fcr Mensch und Tier ist unsere gro\u00dfer \u201eSpielplatz\u201c, auf dem alle Steigerwald.Trainings- &amp; Therapieger\u00e4te ihren Platz haben. Zus\u00e4tzlich zu den k\u00e4uflichen Ger\u00e4ten (<strong><a href=\"https:\/\/steigerwald-zum-testen.anke-kirschenmann.com\/shop\/de\/trainingsgeraete-therapiegeraete-turngeraete\/\">hier geht es zum Shop<\/a><\/strong>) sind hier diverse Prototypen zu finden. Der H\u00fcgel f\u00fcr das Training bergauf und \u2013ab oder an der Steilseite zum Springen darf nat\u00fcrlich nicht fehlen, genauso wie der Tunnel, Wassergraben, Reifensprung und Co. Hier gibt es einfach alles, was das Trainingsherz h\u00f6her schlagen l\u00e4sst, schau dazu auch auf <strong><a href=\"https:\/\/steigerwald-zum-testen.anke-kirschenmann.com\/sw-t\/true-horse-agility\/\">Steigerwald.True Horse Agility<\/a><\/strong> vorbei.[\/vc_column_text][\/vc_column_inner][\/vc_row_inner][vc_empty_space height=&#8220;20px&#8220;][vc_row_inner][vc_column_inner width=&#8220;1\/2&#8243;][vc_single_image image=&#8220;364&#8243; img_size=&#8220;medium&#8220; style=&#8220;vc_box_shadow_border&#8220; onclick=&#8220;zoom&#8220;][\/vc_column_inner][vc_column_inner width=&#8220;1\/2&#8243;][vc_single_image image=&#8220;367&#8243; img_size=&#8220;medium&#8220; alignment=&#8220;center&#8220; style=&#8220;vc_box_shadow_border&#8220; onclick=&#8220;zoom&#8220;][\/vc_column_inner][\/vc_row_inner][\/vc_column][\/vc_row][vc_row][vc_column][vc_column_text]<\/p>\n<p>[\/vc_column_text][\/vc_column][\/vc_row][vc_row top=&#8220;0px&#8220; bottom=&#8220;0px&#8220;][vc_column][vc_empty_space height=&#8220;40px&#8220;][\/vc_column][\/vc_row][vc_row top=&#8220;15px&#8220; bottom=&#8220;15px&#8220; bg_color=&#8220;#eeeeee&#8220;][vc_column][vc_column_text css=&#8220;.vc_custom_1673645067873{background-color: #eeeeee !important;}&#8220;]<\/p>\n<p style=\"text-align: center;\"><span style=\"color: #999999; font-size: 13pt;\">Steigerwald.T &#8211; dein Kontakt f\u00fcr professionelle Pferdewippen, Trainings- und Therapieger\u00e4te und tiergerechtes Training<\/span><\/p>\n<p>[\/vc_column_text][\/vc_column][\/vc_row]<\/p>","protected":false},"excerpt":{"rendered":"<p>[vc_row top=&#8220;0px&#8220; bottom=&#8220;0px&#8220;][vc_column][rev_slider_vc alias=&#8220;steigerwald-trail&#8220;][\/vc_column][\/vc_row][vc_row top=&#8220;20px&#8220; bottom=&#8220;0px&#8220;][vc_column][vc_heading title=&#8220;Steigerwald.Trail&#8220; subtitle=&#8220;\u2026weil die Sicherung der Grundbed\u00fcrfnisse von Pferden und Ponys unser Hauptanliegen sein und noch vor jedem Gedanken an Training stehen sollte. Schlie\u00dflich verbringen unsere Tiere nur einen sehr geringen Teil des Tages wirklich in unserer Gesellschaft, auch die \u00fcbrigen Stunden wollen daher anregend gestaltet sein mit viel Bewegung, [&hellip;]<\/p>\n","protected":false},"author":1,"featured_media":0,"parent":21,"menu_order":5,"comment_status":"closed","ping_status":"closed","template":"page-full-width.php","meta":{"footnotes":""},"_links":{"self":[{"href":"https:\/\/steigerwald-zum-testen.anke-kirschenmann.com\/de\/wp-json\/wp\/v2\/pages\/51"}],"collection":[{"href":"https:\/\/steigerwald-zum-testen.anke-kirschenmann.com\/de\/wp-json\/wp\/v2\/pages"}],"about":[{"href":"https:\/\/steigerwald-zum-testen.anke-kirschenmann.com\/de\/wp-json\/wp\/v2\/types\/page"}],"author":[{"embeddable":true,"href":"https:\/\/steigerwald-zum-testen.anke-kirschenmann.com\/de\/wp-json\/wp\/v2\/users\/1"}],"replies":[{"embeddable":true,"href":"https:\/\/steigerwald-zum-testen.anke-kirschenmann.com\/de\/wp-json\/wp\/v2\/comments?post=51"}],"version-history":[{"count":40,"href":"https:\/\/steigerwald-zum-testen.anke-kirschenmann.com\/de\/wp-json\/wp\/v2\/pages\/51\/revisions"}],"predecessor-version":[{"id":4042,"href":"https:\/\/steigerwald-zum-testen.anke-kirschenmann.com\/de\/wp-json\/wp\/v2\/pages\/51\/revisions\/4042"}],"up":[{"embeddable":true,"href":"https:\/\/steigerwald-zum-testen.anke-kirschenmann.com\/de\/wp-json\/wp\/v2\/pages\/21"}],"wp:attachment":[{"href":"https:\/\/steigerwald-zum-testen.anke-kirschenmann.com\/de\/wp-json\/wp\/v2\/media?parent=51"}],"curies":[{"name":"wp","href":"https:\/\/api.w.org\/{rel}","templated":true}]}}