{"id":47,"date":"2018-09-28T13:45:47","date_gmt":"2018-09-28T11:45:47","guid":{"rendered":"https:\/\/steigerwald-zum-testen.anke-kirschenmann.com\/?page_id=47"},"modified":"2023-06-06T18:28:01","modified_gmt":"2023-06-06T16:28:01","slug":"therapie","status":"publish","type":"page","link":"https:\/\/steigerwald-zum-testen.anke-kirschenmann.com\/de\/sw-t\/therapie\/","title":{"rendered":"Therapie"},"content":{"rendered":"<p>[vc_row top=&#8220;0px&#8220; bottom=&#8220;0px&#8220;][vc_column][rev_slider_vc alias=&#8220;therapie&#8220;][\/vc_column][\/vc_row][vc_row top=&#8220;20px&#8220; bottom=&#8220;0px&#8220;][vc_column][vc_heading title=&#8220;Steigerwald.Therapie&#8220; subtitle=&#8220;&#8230;weil die Beziehung zwischen Mensch und Tier und ihre jeweiligen Lebenswelten aus deutlich mehr als dem blo\u00dfen Training bestehen. &#8220; color=&#8220;#000000&#8243;][\/vc_column][\/vc_row][vc_row][vc_column width=&#8220;2\/3&#8243;][vc_column_text]Die verschiedenen Ebenen Sein und Tun, Seele und K\u00f6rper stehen in Wechselwirkung und enger Beziehung zueinander. Bei den Pferden wie bei uns Menschen.<\/p>\n<p>Schon mit 18 Jahren hatte ich meine erst Reiki-Einweihung und begann fr\u00fch, meine Pferde, mich und mein Umfeld mit Bachbl\u00fcten zu behandeln. Eine Fortbildung in Kinesiologie brachte mich weiter in Kontakt mit Wegen, sich an andere Stellen als die Ratio zu wenden, um Antworten zu bekommen. Von 2011 bis 2013 machte ich in Berlin die Aufstellungsausbildung bei Dr. Peter Orban, der mich seit 2002 schon viele Jahre als Therapeut und Lehrer begleitet.<\/p>\n<p>Im Rahmen dieser Ausbildung leitete ich selbst die ersten Pferdeaufstellungen und bin immer wieder bewegt von der Tiefe und Kraft dieser Seelenarbeit. Seit 2018 bin ich Heilpraktikerin f\u00fcr Psychotherapie und f\u00fchre in der wundersch\u00f6nen Atmosph\u00e4re von Le Matou Einzelgespr\u00e4che und Aufstellungsarbeit durch.<\/p>\n<p><strong>Aufstellung f\u00fcr dein Tier<br \/>\n<\/strong>Dein Pferd hat ein Problem und du kommst mit verschiedenen Therapien und Trainings nicht weiter? Manchmal hilft es, die Ebene zu wechseln und im seelischen Bereich nach Triggern und Traumata und deren L\u00f6sung zu suchen. Nach einer telefonischen Anamnese und einem kurzen Video deines Pferdes arbeite ich mit dem &#8222;wissenden Feld&#8220; mit Teilnehmern hier in Frankreich an einer guten L\u00f6sung f\u00fcr das Thema deines Pferdes, Hundes oder Katze. Du bekommst eine Audio-Aufnahme der Aufstellung zugeschickt und wir telefonieren, damit ich dir die Abl\u00e4ufe der Aufstellung &#8222;\u00fcbersetzen&#8220; kann.[\/vc_column_text][\/vc_column][vc_column width=&#8220;1\/3&#8243;][vc_column_text]Organisatorisches<\/p>\n<p>Im Rahmen der Erlebenswoche bekommst du eine Aufstellung zu einem Thema deiner Wahl. Du kannst aber auch eine Fern-Aufstellung auf der Suche nach deinen Antworten in Anspruch nehmen. Nimm gerne Kontakt mit uns auf![\/vc_column_text][vc_separator]\n<div class=\"wpcf7 no-js\" id=\"wpcf7-f3236-o1\" lang=\"de-DE\" dir=\"ltr\">\n<div class=\"screen-reader-response\"><p role=\"status\" aria-live=\"polite\" aria-atomic=\"true\"><\/p> <ul><\/ul><\/div>\n<form action=\"\/de\/wp-json\/wp\/v2\/pages\/47#wpcf7-f3236-o1\" method=\"post\" class=\"wpcf7-form init\" aria-label=\"Kontaktformular\" novalidate=\"novalidate\" data-status=\"init\">\n<div style=\"display: none;\">\n<input type=\"hidden\" name=\"_wpcf7\" value=\"3236\" \/>\n<input type=\"hidden\" name=\"_wpcf7_version\" value=\"5.8.6\" \/>\n<input type=\"hidden\" name=\"_wpcf7_locale\" value=\"de_DE\" \/>\n<input type=\"hidden\" name=\"_wpcf7_unit_tag\" value=\"wpcf7-f3236-o1\" \/>\n<input type=\"hidden\" name=\"_wpcf7_container_post\" value=\"0\" \/>\n<input type=\"hidden\" name=\"_wpcf7_posted_data_hash\" value=\"\" \/>\n<\/div>\n<p><label> Dein Name (Pflichtfeld)<br \/>\n<span class=\"wpcf7-form-control-wrap\" data-name=\"your-name\"><input size=\"40\" class=\"wpcf7-form-control wpcf7-text wpcf7-validates-as-required\" aria-required=\"true\" aria-invalid=\"false\" value=\"\" type=\"text\" name=\"your-name\" \/><\/span> <\/label>\n<\/p>\n<p><label> Deine E-Mail-Adresse (Pflichtfeld)<br \/>\n<span class=\"wpcf7-form-control-wrap\" data-name=\"your-email\"><input size=\"40\" class=\"wpcf7-form-control wpcf7-email wpcf7-validates-as-required wpcf7-text wpcf7-validates-as-email\" aria-required=\"true\" aria-invalid=\"false\" value=\"\" type=\"email\" name=\"your-email\" \/><\/span> <\/label>\n<\/p>\n<p><label> Betreff<br \/>\n<span class=\"wpcf7-form-control-wrap\" data-name=\"your-subject\"><input size=\"40\" class=\"wpcf7-form-control wpcf7-text\" aria-invalid=\"false\" value=\"\" type=\"text\" name=\"your-subject\" \/><\/span> <\/label>\n<\/p>\n<p><label> Deine Nachricht<br \/>\n<span class=\"wpcf7-form-control-wrap\" data-name=\"your-message\"><textarea cols=\"40\" rows=\"10\" class=\"wpcf7-form-control wpcf7-textarea\" aria-invalid=\"false\" name=\"your-message\"><\/textarea><\/span> <\/label>\n<\/p>\n<p><span class=\"wpcf7-form-control-wrap\" data-name=\"Datenschutz\"><span class=\"wpcf7-form-control wpcf7-acceptance\"><span class=\"wpcf7-list-item\"><label><input type=\"checkbox\" name=\"Datenschutz\" value=\"1\" aria-invalid=\"false\" \/><span class=\"wpcf7-list-item-label\">(Pflichtfeld) Ich habe die <a href=\"https:\/\/steigerwald-zum-testen.anke-kirschenmann.com\/datenschutz\/\">Datenschutzbestimmungen<\/a> gelesen und akzeptiere sie.<\/span><\/label><\/span><\/span><\/span>\n<\/p>\n<p><input class=\"wpcf7-form-control wpcf7-submit has-spinner\" type=\"submit\" value=\"Senden\" \/>\n<\/p>\n<p><label>Bitte f\u00fclle alle Pflichtfelder aus, damit die Nachricht verschickt werden kann!<\/label>\n<\/p><div class=\"wpcf7-response-output\" aria-hidden=\"true\"><\/div>\n<\/form>\n<\/div>\n[\/vc_column][\/vc_row][vc_row top=&#8220;20px&#8220; bottom=&#8220;40px&#8220;][vc_column][\/vc_column][\/vc_row][vc_row][vc_column][vc_column_text]<\/p>\n<p>[\/vc_column_text][\/vc_column][\/vc_row][vc_row top=&#8220;0px&#8220; bottom=&#8220;0px&#8220;][vc_column][vc_empty_space height=&#8220;40px&#8220;][\/vc_column][\/vc_row][vc_row top=&#8220;15px&#8220; bottom=&#8220;15px&#8220; bg_color=&#8220;#eeeeee&#8220;][vc_column][vc_column_text css=&#8220;.vc_custom_1673644468566{background-color: #eeeeee !important;}&#8220;]<\/p>\n<p style=\"text-align: center;\"><span style=\"color: #999999; font-size: 13pt;\">Steigerwald.T &#8211; dein Kontakt f\u00fcr professionelle Pferdewippen, Trainings- und Therapieger\u00e4te und tiergerechtes Training<\/span><\/p>\n<p>[\/vc_column_text][\/vc_column][\/vc_row]<\/p>","protected":false},"excerpt":{"rendered":"<p>[vc_row top=&#8220;0px&#8220; bottom=&#8220;0px&#8220;][vc_column][rev_slider_vc alias=&#8220;therapie&#8220;][\/vc_column][\/vc_row][vc_row top=&#8220;20px&#8220; bottom=&#8220;0px&#8220;][vc_column][vc_heading title=&#8220;Steigerwald.Therapie&#8220; subtitle=&#8220;&#8230;weil die Beziehung zwischen Mensch und Tier und ihre jeweiligen Lebenswelten aus deutlich mehr als dem blo\u00dfen Training bestehen. &#8220; color=&#8220;#000000&#8243;][\/vc_column][\/vc_row][vc_row][vc_column width=&#8220;2\/3&#8243;][vc_column_text]Die verschiedenen Ebenen Sein und Tun, Seele und K\u00f6rper stehen in Wechselwirkung und enger Beziehung zueinander. Bei den Pferden wie bei uns Menschen. Schon mit 18 Jahren [&hellip;]<\/p>\n","protected":false},"author":1,"featured_media":0,"parent":21,"menu_order":4,"comment_status":"closed","ping_status":"closed","template":"page-full-width.php","meta":{"footnotes":""},"_links":{"self":[{"href":"https:\/\/steigerwald-zum-testen.anke-kirschenmann.com\/de\/wp-json\/wp\/v2\/pages\/47"}],"collection":[{"href":"https:\/\/steigerwald-zum-testen.anke-kirschenmann.com\/de\/wp-json\/wp\/v2\/pages"}],"about":[{"href":"https:\/\/steigerwald-zum-testen.anke-kirschenmann.com\/de\/wp-json\/wp\/v2\/types\/page"}],"author":[{"embeddable":true,"href":"https:\/\/steigerwald-zum-testen.anke-kirschenmann.com\/de\/wp-json\/wp\/v2\/users\/1"}],"replies":[{"embeddable":true,"href":"https:\/\/steigerwald-zum-testen.anke-kirschenmann.com\/de\/wp-json\/wp\/v2\/comments?post=47"}],"version-history":[{"count":15,"href":"https:\/\/steigerwald-zum-testen.anke-kirschenmann.com\/de\/wp-json\/wp\/v2\/pages\/47\/revisions"}],"predecessor-version":[{"id":3988,"href":"https:\/\/steigerwald-zum-testen.anke-kirschenmann.com\/de\/wp-json\/wp\/v2\/pages\/47\/revisions\/3988"}],"up":[{"embeddable":true,"href":"https:\/\/steigerwald-zum-testen.anke-kirschenmann.com\/de\/wp-json\/wp\/v2\/pages\/21"}],"wp:attachment":[{"href":"https:\/\/steigerwald-zum-testen.anke-kirschenmann.com\/de\/wp-json\/wp\/v2\/media?parent=47"}],"curies":[{"name":"wp","href":"https:\/\/api.w.org\/{rel}","templated":true}]}}