{"id":44,"date":"2018-09-28T13:43:22","date_gmt":"2018-09-28T11:43:22","guid":{"rendered":"https:\/\/steigerwald-zum-testen.anke-kirschenmann.com\/?page_id=44"},"modified":"2023-01-21T15:06:05","modified_gmt":"2023-01-21T14:06:05","slug":"true-horse-agility","status":"publish","type":"page","link":"https:\/\/steigerwald-zum-testen.anke-kirschenmann.com\/de\/sw-t\/true-horse-agility\/","title":{"rendered":"True Horse Agility"},"content":{"rendered":"<p>[vc_row top=&#8220;0px&#8220; bottom=&#8220;0px&#8220;][vc_column][rev_slider_vc alias=&#8220;true-horse-agility&#8220;][\/vc_column][\/vc_row][vc_row top=&#8220;20px&#8220; bottom=&#8220;0px&#8220;][vc_column][vc_heading title=&#8220;Steigerwald.True Horse Agility&#8220; color=&#8220;#000000&#8243;][\/vc_column][\/vc_row][vc_row top=&#8220;20px&#8220; bottom=&#8220;0px&#8220;][vc_column][vc_column_text]Bei Steigerwald.True Horse Agility geht es um Gesundheit und Lebensfreude durch Spa\u00df an gemeinsamer Bewegung. Mensch und Pferd jeden Alters bew\u00e4ltigen als Team einen Parcours aus unterschiedlichsten Hindernissen. Mit Spa\u00df und als Team, das kann f\u00fcr uns nur eines bedeuten:<\/p>\n<p style=\"text-align: center;\"><span style=\"font-size: 14pt;\">Wir setzten im Training wie im Parcours auf positive Verst\u00e4rkung!<\/span><\/p>\n<p>[\/vc_column_text][\/vc_column][\/vc_row][vc_row top=&#8220;20px&#8220; bottom=&#8220;0px&#8220;][vc_column][vc_column_text]<\/p>\n<p style=\"text-align: center;\"><iframe loading=\"lazy\" src=\"https:\/\/www.youtube-nocookie.com\/embed\/KcQCcCMxoDo\" width=\"560\" height=\"315\" frameborder=\"0\" allowfullscreen=\"allowfullscreen\"><\/iframe><\/p>\n<p>[\/vc_column_text][\/vc_column][\/vc_row][vc_row top=&#8220;20px&#8220; bottom=&#8220;0px&#8220;][vc_column][vc_column_text]Diese immer noch junge und sehr vielseitige Sportart erfreut sich wachsender Beliebtheit: Kein Wunder also, dass es zunehmend Abwandlungen des urspr\u00fcnglichen Gedankens gibt. In Abgrenzung dazu haben wir uns entschlossen, ab sofort von\u00a0<b>True\u00a0Horse\u00a0Agility<\/b>\u00a0zu sprechen. Uns ist es nicht nur wichtig, in rasantem Tempo die unterschiedlichsten Ger\u00e4te mit unseren Pferden zu absolvieren, wir legen besonders viel Wert auf die Art und Weise, in der wir dies trainieren: Egal ob Sie uns im Training, auf Messen oder Turnieren begegnen, wir arbeiten mit positiver Verst\u00e4rkung und verzichten aus \u00dcberzeugung auf Gerten, Peitschen und \u00c4hnliches.<\/p>\n<p>Unsere Ponys im Parcous sind ein hervorragendes Beispiel f\u00fcr die Erfolge mit Clickertraining.[\/vc_column_text][vc_empty_space height=&#8220;20px&#8220;][vc_row_inner][vc_column_inner width=&#8220;1\/2&#8243;][vc_single_image image=&#8220;435&#8243; img_size=&#8220;large&#8220; style=&#8220;vc_box_shadow_border&#8220; onclick=&#8220;zoom&#8220;][\/vc_column_inner][vc_column_inner width=&#8220;1\/2&#8243;][vc_single_image image=&#8220;433&#8243; img_size=&#8220;large&#8220; alignment=&#8220;right&#8220; style=&#8220;vc_box_shadow_border&#8220; onclick=&#8220;zoom&#8220;][\/vc_column_inner][\/vc_row_inner][\/vc_column][\/vc_row][vc_row top=&#8220;20px&#8220; bottom=&#8220;0px&#8220;][vc_column][vc_column_text]Der Wechsel zwischen flotter Bewegung und h\u00f6chster Konzentration schult das K\u00f6rpergef\u00fchl und die gesamte Motorik. Neben den klassischen Spr\u00fcngen sind unterschiedliche Wippentypen oder Turnmatten in verschiedenen St\u00e4rken tolle Ger\u00e4te, um Schnelligkeit und Koordination zu kombinieren. Wir haben einen gro\u00dfen und abwechslungsreich gestalteten Spielplatz mit H\u00fcgel, Podesten, Wackelbrett, zwei Drehtellern, Balancierbalken und -stangen, einem &#8222;Feuer&#8220;reifen, Slalom, Turnmatten in unterschiedlicher St\u00e4rke, verschiedenen Spr\u00fcnge und einem Tunnel mit 5m L\u00e4nge. Und nat\u00fcrlich Wippen f\u00fcr Pferde (und Hunde) aller Art, du findest sie im <a href=\"https:\/\/www.steigerwald-t-shop.de\/de\/pferdewippen\/\"><strong><span style=\"color: #800000;\">Pferdewippen-Shop<\/span><\/strong><\/a>. Optimale Bedingungen also f\u00fcr unser j\u00e4hrliches Agility Turnier oder den True Horse Agility Trainingstagen.[\/vc_column_text][\/vc_column][\/vc_row][vc_row top=&#8220;20px&#8220; bottom=&#8220;20px&#8220;][vc_column][vc_column_text]Die Freiarbeit mit positiver Verst\u00e4rkung ist einfach eines der sch\u00f6nsten Geschenke, die wir unserem Freizeitpartner Pferd zukommen lassen k\u00f6nnen.[\/vc_column_text][\/vc_column][\/vc_row][vc_row][vc_column][vc_column_text]<\/p>\n<p>[\/vc_column_text][\/vc_column][\/vc_row][vc_row top=&#8220;0px&#8220; bottom=&#8220;0px&#8220;][vc_column][vc_empty_space height=&#8220;40px&#8220;][\/vc_column][\/vc_row][vc_row top=&#8220;15px&#8220; bottom=&#8220;15px&#8220; bg_color=&#8220;#eeeeee&#8220;][vc_column][vc_column_text css=&#8220;.vc_custom_1673645557087{background-color: #eeeeee !important;}&#8220;]<\/p>\n<p style=\"text-align: center;\"><span style=\"color: #999999; font-size: 13pt;\">Steigerwald.T &#8211; dein Kontakt f\u00fcr professionelle Pferdewippen, Trainings- und Therapieger\u00e4te und tiergerechtes Training<\/span><\/p>\n<p>[\/vc_column_text][\/vc_column][\/vc_row]<\/p>","protected":false},"excerpt":{"rendered":"<p>[vc_row top=&#8220;0px&#8220; bottom=&#8220;0px&#8220;][vc_column][rev_slider_vc alias=&#8220;true-horse-agility&#8220;][\/vc_column][\/vc_row][vc_row top=&#8220;20px&#8220; bottom=&#8220;0px&#8220;][vc_column][vc_heading title=&#8220;Steigerwald.True Horse Agility&#8220; color=&#8220;#000000&#8243;][\/vc_column][\/vc_row][vc_row top=&#8220;20px&#8220; bottom=&#8220;0px&#8220;][vc_column][vc_column_text]Bei Steigerwald.True Horse Agility geht es um Gesundheit und Lebensfreude durch Spa\u00df an gemeinsamer Bewegung. Mensch und Pferd jeden Alters bew\u00e4ltigen als Team einen Parcours aus unterschiedlichsten Hindernissen. Mit Spa\u00df und als Team, das kann f\u00fcr uns nur eines bedeuten: Wir setzten im Training [&hellip;]<\/p>\n","protected":false},"author":1,"featured_media":0,"parent":21,"menu_order":3,"comment_status":"closed","ping_status":"closed","template":"page-full-width.php","meta":{"footnotes":""},"_links":{"self":[{"href":"https:\/\/steigerwald-zum-testen.anke-kirschenmann.com\/de\/wp-json\/wp\/v2\/pages\/44"}],"collection":[{"href":"https:\/\/steigerwald-zum-testen.anke-kirschenmann.com\/de\/wp-json\/wp\/v2\/pages"}],"about":[{"href":"https:\/\/steigerwald-zum-testen.anke-kirschenmann.com\/de\/wp-json\/wp\/v2\/types\/page"}],"author":[{"embeddable":true,"href":"https:\/\/steigerwald-zum-testen.anke-kirschenmann.com\/de\/wp-json\/wp\/v2\/users\/1"}],"replies":[{"embeddable":true,"href":"https:\/\/steigerwald-zum-testen.anke-kirschenmann.com\/de\/wp-json\/wp\/v2\/comments?post=44"}],"version-history":[{"count":32,"href":"https:\/\/steigerwald-zum-testen.anke-kirschenmann.com\/de\/wp-json\/wp\/v2\/pages\/44\/revisions"}],"predecessor-version":[{"id":3863,"href":"https:\/\/steigerwald-zum-testen.anke-kirschenmann.com\/de\/wp-json\/wp\/v2\/pages\/44\/revisions\/3863"}],"up":[{"embeddable":true,"href":"https:\/\/steigerwald-zum-testen.anke-kirschenmann.com\/de\/wp-json\/wp\/v2\/pages\/21"}],"wp:attachment":[{"href":"https:\/\/steigerwald-zum-testen.anke-kirschenmann.com\/de\/wp-json\/wp\/v2\/media?parent=44"}],"curies":[{"name":"wp","href":"https:\/\/api.w.org\/{rel}","templated":true}]}}