{"id":41,"date":"2018-09-28T13:40:41","date_gmt":"2018-09-28T11:40:41","guid":{"rendered":"https:\/\/steigerwald-zum-testen.anke-kirschenmann.com\/?page_id=41"},"modified":"2023-05-09T14:04:12","modified_gmt":"2023-05-09T12:04:12","slug":"training-tiergerecht","status":"publish","type":"page","link":"https:\/\/steigerwald-zum-testen.anke-kirschenmann.com\/de\/sw-t\/training-tiergerecht\/","title":{"rendered":"Training tiergerecht"},"content":{"rendered":"<p>[vc_row top=&#8220;0px&#8220; bottom=&#8220;0px&#8220;][vc_column][vc_column_text][rev_slider alias=&#8220;ssst&#8220;][\/vc_column_text][\/vc_column][\/vc_row][vc_row top=&#8220;20px&#8220; bottom=&#8220;0px&#8220;][vc_column][vc_heading title=&#8220;Steigerwald.Training tiergerecht&#8220; color=&#8220;#000000&#8243;][\/vc_column][\/vc_row][vc_row top=&#8220;20px&#8220; bottom=&#8220;20px&#8220;][vc_column][vc_column_text]Unter tiergerechtem Training verstehen wir die Wahl einer Kommunikation, die ein Maximum an Freude f\u00fcr unsere Tiere bedeutet. Die gezielte Anwendung von positiver Verst\u00e4rkung, um unserem Pferd, Hund, Ehemann, Defin oder Hamster mit viel Spa\u00df und verbl\u00fcffend schnell die Verhalten beizubringen, die wir uns von ihnen w\u00fcnschen, h\u00e4lt dies bereit. Besonders wichtig ist uns dabei die Balance zwischen fundiertem Fachwissen und dessen praktische Umsetzung. Dazu bieten wir mehrere Bereiche an, n\u00e4mlich:[\/vc_column_text][\/vc_column][\/vc_row][vc_row top=&#8220;20px&#8220; bottom=&#8220;0px&#8220; row_show_on=&#8220;hide_tablet_portrait,hide_mobile_landscape,hide_mobile_portrait&#8220;][vc_column width=&#8220;1\/4&#8243;][vc_single_image image=&#8220;340&#8243; img_size=&#8220;400&#215;400&#8243; style=&#8220;vc_box_shadow_border&#8220; onclick=&#8220;custom_link&#8220; link=&#8220;https:\/\/steigerwald-zum-testen.anke-kirschenmann.com\/nina-live\/huehnerseminare-die-ausbildung-fuer-tiertrainer-und-tierbesitzer\/&#8220;][\/vc_column][vc_column width=&#8220;3\/4&#8243;][vc_column_text]<a href=\"https:\/\/steigerwald-zum-testen.anke-kirschenmann.com\/nina-live\/huehnerseminare-die-ausbildung-fuer-tiertrainer-und-tierbesitzer\/\"><strong><span style=\"font-size: 14pt;\">Positive Verst\u00e4rkung tierart\u00fcbergreifend durch H\u00fchnerseminare:<\/span><\/strong><\/a><\/p>\n<p>Egal ob Hund, Pferd, Kanarienvogel oder Zootier: Hier lernen professionelle Tiertrainer genauso wie interessierte Privatpersonen, wie sie ihr Tier ohne Druck und Dominanz zu erw\u00fcnschten Verhalten f\u00fchren. Doch Vorsicht! Es besteht Suchtgefahr \ud83d\ude09 &#8211; wer einmal diese Art des Trainings f\u00fcr sich entdeckt hat, den l\u00e4sst es nicht mehr los.[\/vc_column_text][\/vc_column][\/vc_row][vc_row top=&#8220;20px&#8220; bottom=&#8220;0px&#8220; row_show_on=&#8220;hide_on_normal_screen,hide_tablet_landscape&#8220;][vc_column][vc_single_image image=&#8220;340&#8243; img_size=&#8220;200&#215;200&#8243; alignment=&#8220;center&#8220; style=&#8220;vc_box_shadow_border&#8220; onclick=&#8220;custom_link&#8220; link=&#8220;https:\/\/steigerwald-zum-testen.anke-kirschenmann.com\/shop\/de\/training-tiergerecht\/huehnerseminare\/&#8220;][vc_column_text]<a href=\"https:\/\/steigerwald-zum-testen.anke-kirschenmann.com\/shop\/de\/training-tiergerecht\/huehnerseminare\/\"><strong><span style=\"font-size: 14pt;\">Positive Verst\u00e4rkung tierart\u00fcbergreifend durch H\u00fchnerseminare:<\/span><\/strong><\/a><\/p>\n<p>Egal ob Hund, Pferd, Kanarienvogel oder Zootier: Hier lernen professionelle Tiertrainer genauso wie interessierte Privatpersonen wie sie ihr Tier ohne Druck und Dominanz zu erw\u00fcnschten Verhalten f\u00fchren. Doch Vorsicht! Es besteht Suchtgefahr \ud83d\ude09 &#8211; wer einmal diese Art des Trainings f\u00fcr sich entdeckt hat, den l\u00e4sst es nicht mehr los.[\/vc_column_text][\/vc_column][\/vc_row][vc_row top=&#8220;20px&#8220; bottom=&#8220;20px&#8220; row_show_on=&#8220;hide_tablet_portrait,hide_mobile_landscape,hide_mobile_portrait&#8220;][vc_column width=&#8220;3\/4&#8243;][vc_column_text]<a href=\"https:\/\/steigerwald-zum-testen.anke-kirschenmann.com\/nina-live\/pferdeseminare-tiergerechtes-training-auf-hof-steigerwald\/\"><strong><span style=\"font-size: 14pt;\">Positive Verst\u00e4rkung im Pferdetraining:<\/span><\/strong><\/a><\/p>\n<p>Egal ob gezielter Muskelaufbau, Spritzentraining oder das Fohlen-ABC: Gewusst wie, bringt die positive Verst\u00e4rkung die Kommunikation zwischen Pferd und Mensch in v\u00f6llig neues Dimensionen. \u201eClickern\u201c kann so viel mehr als dem Pferd Zirkuslektionen beizubringen und beinhaltet so unendlich viel mehr als viele darunter verstehen!<\/p>\n<p>Dein Weg dorthin ist so individuell wie du und dein Pferd. Ich unterst\u00fctze euch zu gezielten Fragen in Online-Coachings. Diese werden via Zoom aufgezeichnet und dir auch zum Nachschauen zugesandt.<\/p>\n<p>Ein wichtiger Bereich ist das <strong>Medical Training<\/strong> f\u00fcr Pferde. Hierbei geht es darum, alle Ma\u00dfnahmen rund um Pfelge und Gesundheit so zu trainieren, dass alle Beteiligten entpannt, zufrieden und sicher sein k\u00f6nnen.<\/p>\n<p><strong>True Horse Agility<\/strong> ist eine Steigerwald.T-Spezialit\u00e4t. Bei Wehorse und Cavalerarn findest du tolle Lernvideos von den Anf\u00e4ngen bis zum Parcours. F\u00fcr alle, die lieber lesen: Das gleichnamige Buch ist 2015 bei M\u00fcller R\u00fcschlikon erschienen.<\/p>\n<p><strong>Pferdewippen<\/strong> begeistern Menschen und Pferde. Dieses gro\u00dfartige Trainig hat wunderbare Effekte auf den Bewegungsapparat und das Bewusstesein. Da es auch sehr komplex ist, habe ich vom Webinar bis zum 6-Monats-Kurs verschiedene Angebote f\u00fcr dich.<\/p>\n<p>Eine Fortbildung der Extraklasse ist der <strong>&#8222;Trainingsspezialist Pferd&#8220;<\/strong>. Wenn du nicht nur theoretisch sondern auch in der praktischen Umsetzung am Pferd in die Welt der positiven Verst\u00e4rkung eintauchen willst, hast du damit die M\u00f6glichkeit.[\/vc_column_text][\/vc_column][vc_column width=&#8220;1\/4&#8243;][vc_single_image image=&#8220;3879&#8243; img_size=&#8220;400&#215;400&#8243; alignment=&#8220;right&#8220; style=&#8220;vc_box_shadow_border&#8220; onclick=&#8220;custom_link&#8220; link=&#8220;https:\/\/steigerwald-zum-testen.anke-kirschenmann.com\/nina-live\/pferdeseminare-tiergerechtes-training-auf-hof-steigerwald\/&#8220;][\/vc_column][\/vc_row][vc_row top=&#8220;20px&#8220; bottom=&#8220;20px&#8220; row_show_on=&#8220;hide_on_normal_screen,hide_tablet_landscape&#8220;][vc_column][vc_single_image image=&#8220;3879&#8243; img_size=&#8220;200&#215;200&#8243; alignment=&#8220;right&#8220; style=&#8220;vc_box_shadow_border&#8220; onclick=&#8220;custom_link&#8220; link=&#8220;https:\/\/steigerwald-zum-testen.anke-kirschenmann.com\/nina-live\/pferdeseminare-tiergerechtes-training-auf-hof-steigerwald\/&#8220;][vc_column_text]<a href=\"https:\/\/steigerwald-zum-testen.anke-kirschenmann.com\/nina-live\/pferdeseminare-tiergerechtes-training-auf-hof-steigerwald\/\"><strong><span style=\"font-size: 14pt;\">Positive Verst\u00e4rkung im Pferdetraining:<\/span><\/strong><\/a><\/p>\n<p>Egal ob gezielter Muskelaufbau, Spritzentraining oder das Fohlen-ABC: Gewusst wie, bringt die positive Verst\u00e4rkung die Kommunikation zwischen Pferd und Mensch in v\u00f6llig neues Dimensionen. \u201eClickern\u201c kann so viel mehr als dem Pferd Zirkuslektionen beizubringen und beinhaltet so unendlich viel mehr als viele darunter verstehen!<\/p>\n<p>Dein Weg dorthin ist so individuell wie du und dein Pferd. Ich unterst\u00fctze euch zu gezielten Fragen in Online-Coachings. Diese werden via Zoom aufgezeichnet und dir auch zum Nachschauen zugesandt.<\/p>\n<p>Ein wichtiger Bereich ist das <strong>Medical Training<\/strong> f\u00fcr Pferde. Hierbei geht es darum, alle Ma\u00dfnahmen rund um Pfelge und Gesundheit so zu trainieren, dass alle Beteiligten entpannt, zufrieden und sicher sein k\u00f6nnen.<\/p>\n<p><strong>True Horse Agility<\/strong> ist eine Steigerwald.T-Spezialit\u00e4t. Bei Wehorse und Cavalerarn findest du tolle Lernvideos von den Anf\u00e4ngen bis zum Parcours. F\u00fcr alle, die lieber lesen: Das gleichnamige Buch ist 2015 bei M\u00fcller R\u00fcschlikon erschienen.<\/p>\n<p><strong>Pferdewippen<\/strong> begeistern Menschen und Pferde. Dieses gro\u00dfartige Trainig hat wunderbare Effekte auf den Bewegungsapparat und das Bewusstesein. Da es auch sehr komplex ist, habe ich vom Webinar bis zum 6-Monats-Kurs verschiedene Angebote f\u00fcr dich.<\/p>\n<p>Eine Fortbildung der Extraklasse ist der <strong>&#8222;Trainingsspezialist Pferd&#8220;<\/strong>. Wenn du nicht nur theoretisch sondern auch in der praktischen Umsetzung am Pferd in die Welt der positiven Verst\u00e4rkung eintauchen willst, hast du damit die M\u00f6glichkeit.<\/p>\n<p>[\/vc_column_text][\/vc_column][\/vc_row][vc_row top=&#8220;20px&#8220; bottom=&#8220;0px&#8220; bg_color=&#8220;#eeeeee&#8220;][vc_column][vc_testimonial_slider style=&#8220;testimonials-style-4&#8243;][vc_testimonial name=&#8220;Nina Steigerwald&#8220; author_dec=&#8220;Gr\u00fcnderin von Steigerwald.T&#8220; position=&#8220;Designer&#8220; img_url=&#8220;2258&#8243;]Diese Art des Trainings von Pferden erschlie\u00dft ungeahnte M\u00f6glichkeiten! Als mir bewusst wurde, dass sich tats\u00e4chlich s\u00e4mtliche Reaktionen in die Kategorien &#8222;Unangenehmes vermeiden&#8220; und &#8222;Angenehmes erreichen&#8220; einordnen lassen, stellte ich mir die Frage:<\/p>\n<p>Was f\u00fcr ein Partner m\u00f6chte ich f\u00fcr mein Pferd sein?<\/p>\n<p>Mit der Entscheidung f\u00fcr die Anwendung positiver Verst\u00e4rkung sind mein Umgang und der Alltag mit Pferden f\u00fcr mich sehr viel bereichernder geworden und ich bin mir sicher: auch f\u00fcr meine Pferde! Man kommuniziert auf bestm\u00f6glich verst\u00e4ndliche Art mit einem Lebewesen, das in seiner Geschichte immer durch Dominanz und Zwang erzogen wurde. Jedoch ist es m\u00f6glich, durch intelligente Anwendung von wissenschaftlich untermauerten Trainingsprinzipien dem Pferd nahe zu sein und ihm die tollsten und komplexesten Sachen beizubringen.<\/p>\n<p>Es ist gro\u00dfartig, seine Pferde bei der Arbeit l\u00e4cheln zu sehen und das Miteinander auf ein von Harmonie und Verst\u00e4ndnis gepr\u00e4gtes Leves zu bringen! Entdecke auch du einen neuen Weg mit deinem Pferd.[\/vc_testimonial][\/vc_testimonial_slider][\/vc_column][\/vc_row][vc_row top=&#8220;20px&#8220; bottom=&#8220;20px&#8220;][vc_column][vc_column_text]<strong><span style=\"font-size: 14pt;\">Die Ausbildungsreihe &#8222;Trainingsspezialist Pferd&#8220;<\/span><\/strong><\/p>\n<p>Positive Verst\u00e4rkung kann bei jeder Tierart angewandt werden, das wissen unsere Zootiertrainer schon lange. Dabei hat nat\u00fcrlich jede Tierart auch seine ganz speziellen Eigenarten und Besonderheiten, die es zu ber\u00fccksichtigen gilt. Positive Verst\u00e4rkung als Kommunikationsbasis mit Pferden gezielt zu nutzen, ist ebenso umfangreich wie faszinierend,. Daher bieten wir inzwischen eine ganze Seminarreihe zu diesem Thema an. Im \u201eTrainingsspezialist Pferd\u201c k\u00f6nnen Sie entweder von der Pike an jede Facette von Steigerwald.Training tiergerecht pr\u00e4zise erlernen oder einen f\u00fcr Sie besonders interessanten Themenbereich w\u00e4hlen. Diese Ausbildung ist\u00a0in Art und Umfang die wohl fundierteste im deutschsprachigen Raum und wir freuen uns ungemein, dass sie auf so viel Interesse st\u00f6\u00dft. Es bewegt sich etwas in der Pferdewelt und wir sind stolz darauf ein Teil davon zu sein.[\/vc_column_text][\/vc_column][\/vc_row][vc_row top=&#8220;20px&#8220; bottom=&#8220;10px&#8220;][vc_column][vc_column_text]<\/p>\n<p style=\"text-align: center;\"><iframe loading=\"lazy\" src=\"https:\/\/www.youtube-nocookie.com\/embed\/i_el41HaR6U\" width=\"560\" height=\"315\" frameborder=\"0\" allowfullscreen=\"allowfullscreen\"><\/iframe><\/p>\n<p>[\/vc_column_text][\/vc_column][\/vc_row][vc_row top=&#8220;10px&#8220; bottom=&#8220;20px&#8220; bg_color=&#8220;#eeeeee&#8220;][vc_column][vc_column_text]Wir sind keine Freunde von negativen Beispielen, aber an dieser Stelle ist es einfach wichtig zu wissen: Nach wie vor gibt es viele \u201eClicker-Trainer\u201c, die zwar Futterlob nutzen, aber dennoch auf Druck und Dominanz nicht verzichten k\u00f6nnen oder wollen. Das \u201eClickern\u201c wird dann z.B. nur f\u00fcr einzelne Lektionen genutzt (und ja: auch daf\u00fcr ist es toll!), weil es einfach nicht alltagstauglich scheint. Oft ist es schlicht Unwissenheit, weil der Druck als solcher gar nicht erkannt wird, schlie\u00dflich ist er im Pferdetraining immer noch allgegenw\u00e4rtig und er wird nach wie vor als \u201eK\u00f6rpersprache\u201c gelehrt. Es ist daher gar nicht so leicht ohne entsprechenden Anreiz zu merken, dass diese sogenannte K\u00f6rpersprache auf Druck basiert und vom Pferd erlernt wurde.<\/p>\n<p>Oft h\u00f6ren wir auch: \u201eGut und sch\u00f6n, aber mit meinem Pferd kann man das nicht machen, weil&#8230;\u201c und wir sagen deutlich: \u201e<strong>Doch, es geht!<\/strong>\u201c. Uns ist vollkommen bewusst, dass wirklich fundiertes Pferdetraining mit positiver Verst\u00e4rkung noch nicht ausreichend verbreitet ist, als dass alle Pferdebesitzer wissen k\u00f6nnten, dass es geht und erst recht, wie es geht. Daf\u00fcr blickt die Pferdehaltung auf eine viel zu lange Tradition mit anderen Trainingsmethoden zur\u00fcck, die vordergr\u00fcndig auch zum gew\u00fcnschten Ziel gef\u00fchrt haben. Uns ist ebenso klar, dass es viele Futter-gierige Pferde gibt, die es schwer machen an konzentrierte Arbeit mit Futterbeutel vor Pferden\u00fcstern zu glauben. Aber wir wissen, dass es geht und wir wissen auch wie!<\/p>\n<p style=\"text-align: center;\"><strong>Und wenn wir Eines wirklich lieben, dann dieses Wissen teilen zu d\u00fcrfen!<\/strong><\/p>\n<p>Wir sind davon \u00fcberzeugt, dass die Pferdewelt langsam, aber sicher bereit ist, dieses \u2013 gar nicht so neue &#8211; wissenschaftlich fundierte Training kennen und sch\u00e4tzen zu lernen. Wenn du wieder einer mehr bist, der die Lust und das Engagement hat, f\u00fcr sein Pferd der beste Partner zu werden,\u00a0dann freuen wir uns sehr darauf, dich kennen zu lernen! Denn nur mit eigenen, positiven Beispielen k\u00f6nnen wir die (Pferde-)Welt davon \u00fcberzeugen, dass Kommunikation mit dem Pferd harmonisch, fein, einf\u00fchlsam und gleichzeitig effektiv sein kann.[\/vc_column_text][\/vc_column][\/vc_row][vc_row top=&#8220;20px&#8220; bottom=&#8220;20px&#8220; row_show_on=&#8220;hide_mobile_landscape,hide_mobile_portrait&#8220;][vc_column width=&#8220;1\/2&#8243;][vc_single_image image=&#8220;1672&#8243; img_size=&#8220;medium&#8220; onclick=&#8220;custom_link&#8220; link=&#8220;https:\/\/steigerwald-zum-testen.anke-kirschenmann.com\/seminare\/trainingsspezialist-pferd\/&#8220;][\/vc_column][vc_column width=&#8220;1\/2&#8243;][vc_single_image image=&#8220;346&#8243; img_size=&#8220;medium&#8220; alignment=&#8220;right&#8220; onclick=&#8220;custom_link&#8220; link=&#8220;https:\/\/steigerwald-zum-testen.anke-kirschenmann.com\/nina-live\/huehnerseminare-die-ausbildung-fuer-tiertrainer-und-tierbesitzer\/&#8220;][\/vc_column][\/vc_row][vc_row top=&#8220;20px&#8220; bottom=&#8220;20px&#8220; row_show_on=&#8220;hide_on_normal_screen,hide_tablet_landscape,hide_tablet_portrait&#8220;][vc_column][vc_single_image image=&#8220;1672&#8243; img_size=&#8220;medium&#8220; alignment=&#8220;center&#8220; onclick=&#8220;custom_link&#8220; link=&#8220;https:\/\/steigerwald-zum-testen.anke-kirschenmann.com\/seminare\/trainingsspezialist-pferd\/&#8220;][vc_empty_space height=&#8220;40px&#8220;][vc_single_image image=&#8220;346&#8243; img_size=&#8220;medium&#8220; alignment=&#8220;center&#8220; onclick=&#8220;custom_link&#8220; link=&#8220;https:\/\/steigerwald-zum-testen.anke-kirschenmann.com\/nina-live\/huehnerseminare-die-ausbildung-fuer-tiertrainer-und-tierbesitzer\/&#8220;][\/vc_column][\/vc_row][vc_row][vc_column][vc_column_text]<\/p>\n<p>[\/vc_column_text][\/vc_column][\/vc_row][vc_row top=&#8220;0px&#8220; bottom=&#8220;0px&#8220;][vc_column][vc_empty_space height=&#8220;40px&#8220;][\/vc_column][\/vc_row][vc_row top=&#8220;15px&#8220; bottom=&#8220;15px&#8220; bg_color=&#8220;#eeeeee&#8220;][vc_column][vc_column_text css=&#8220;.vc_custom_1673645599200{background-color: #eeeeee !important;}&#8220;]<\/p>\n<p style=\"text-align: center;\"><span style=\"color: #999999; font-size: 13pt;\">Steigerwald.T &#8211; dein Kontakt f\u00fcr professionelle Pferdewippen, Trainings- und Therapieger\u00e4te und tiergerechtes Training<\/span><\/p>\n<p>[\/vc_column_text][\/vc_column][\/vc_row]<\/p>","protected":false},"excerpt":{"rendered":"<p>[vc_row top=&#8220;0px&#8220; bottom=&#8220;0px&#8220;][vc_column][vc_column_text][rev_slider alias=&#8220;ssst&#8220;][\/vc_column_text][\/vc_column][\/vc_row][vc_row top=&#8220;20px&#8220; bottom=&#8220;0px&#8220;][vc_column][vc_heading title=&#8220;Steigerwald.Training tiergerecht&#8220; color=&#8220;#000000&#8243;][\/vc_column][\/vc_row][vc_row top=&#8220;20px&#8220; bottom=&#8220;20px&#8220;][vc_column][vc_column_text]Unter tiergerechtem Training verstehen wir die Wahl einer Kommunikation, die ein Maximum an Freude f\u00fcr unsere Tiere bedeutet. Die gezielte Anwendung von positiver Verst\u00e4rkung, um unserem Pferd, Hund, Ehemann, Defin oder Hamster mit viel Spa\u00df und verbl\u00fcffend schnell die Verhalten beizubringen, die wir uns von [&hellip;]<\/p>\n","protected":false},"author":1,"featured_media":0,"parent":21,"menu_order":2,"comment_status":"closed","ping_status":"closed","template":"page-full-width.php","meta":{"footnotes":""},"_links":{"self":[{"href":"https:\/\/steigerwald-zum-testen.anke-kirschenmann.com\/de\/wp-json\/wp\/v2\/pages\/41"}],"collection":[{"href":"https:\/\/steigerwald-zum-testen.anke-kirschenmann.com\/de\/wp-json\/wp\/v2\/pages"}],"about":[{"href":"https:\/\/steigerwald-zum-testen.anke-kirschenmann.com\/de\/wp-json\/wp\/v2\/types\/page"}],"author":[{"embeddable":true,"href":"https:\/\/steigerwald-zum-testen.anke-kirschenmann.com\/de\/wp-json\/wp\/v2\/users\/1"}],"replies":[{"embeddable":true,"href":"https:\/\/steigerwald-zum-testen.anke-kirschenmann.com\/de\/wp-json\/wp\/v2\/comments?post=41"}],"version-history":[{"count":83,"href":"https:\/\/steigerwald-zum-testen.anke-kirschenmann.com\/de\/wp-json\/wp\/v2\/pages\/41\/revisions"}],"predecessor-version":[{"id":3975,"href":"https:\/\/steigerwald-zum-testen.anke-kirschenmann.com\/de\/wp-json\/wp\/v2\/pages\/41\/revisions\/3975"}],"up":[{"embeddable":true,"href":"https:\/\/steigerwald-zum-testen.anke-kirschenmann.com\/de\/wp-json\/wp\/v2\/pages\/21"}],"wp:attachment":[{"href":"https:\/\/steigerwald-zum-testen.anke-kirschenmann.com\/de\/wp-json\/wp\/v2\/media?parent=41"}],"curies":[{"name":"wp","href":"https:\/\/api.w.org\/{rel}","templated":true}]}}