{"id":38,"date":"2018-09-28T13:36:00","date_gmt":"2018-09-28T11:36:00","guid":{"rendered":"https:\/\/steigerwald-zum-testen.anke-kirschenmann.com\/?page_id=38"},"modified":"2023-06-06T22:46:52","modified_gmt":"2023-06-06T20:46:52","slug":"trainings-therapiegeraete","status":"publish","type":"page","link":"https:\/\/steigerwald-zum-testen.anke-kirschenmann.com\/de\/sw-t\/trainingsgeraete-therapiegeraete\/","title":{"rendered":"Trainings- &#038; Therapieger\u00e4te"},"content":{"rendered":"<p>[vc_row top=&#8220;0px&#8220; bottom=&#8220;0px&#8220;][vc_column][rev_slider_vc alias=&#8220;trainingsgeraete&#8220;][\/vc_column][\/vc_row][vc_row top=&#8220;20px&#8220; bottom=&#8220;0px&#8220;][vc_column][vc_heading title=&#8220;Steigerwald.Trainings- &amp; Therapieger\u00e4te&#8220; color=&#8220;#000000&#8243;][\/vc_column][\/vc_row][vc_row top=&#8220;20px&#8220; bottom=&#8220;10px&#8220; row_show_on=&#8220;hide_tablet_portrait,hide_mobile_landscape,hide_mobile_portrait&#8220;][vc_column width=&#8220;5\/6&#8243;][vc_column_text]Die Ideenschmiede auf Hof Steigerwald kennt keinen Feierabend. Wir sind st\u00e4ndig bem\u00fcht unsere Turnger\u00e4te zu optimieren oder neue zu entwickeln und bauen unser Angebot stetig aus. Wirf dazu gerne einen Blick in unseren Shop und entdecke die Vielfalt von Pferdewippen und Ger\u00e4tetraining.[\/vc_column_text][\/vc_column][vc_column width=&#8220;1\/6&#8243;][vc_button title=&#8220;Steigerwald.T Wippenshop&#8220; size=&#8220;btn-large&#8220; link=&#8220;url:https%3A%2F%2Fsteigerwald-zum-testen.anke-kirschenmann.com%2Fshop%2Fde%2F|title:Steigerwald.T%20Onlineshop|target:%20_blank|&#8220;][\/vc_column][\/vc_row][vc_row top=&#8220;20px&#8220; bottom=&#8220;10px&#8220; row_show_on=&#8220;hide_on_normal_screen,hide_tablet_landscape&#8220;][vc_column][vc_column_text]Die Ideenschmiede auf Hof Steigerwald kennt keinen Feierabend. Wir sind st\u00e4ndig bem\u00fcht unsere Turnger\u00e4te zu optimieren oder neue zu entwickeln und bauen unser Angebot stetig aus. Wirf dazu gerne einen Blick in unseren Shop und entdecke die Vielfalt von Pferdewippen und Ger\u00e4tetraining.[\/vc_column_text][\/vc_column][vc_column css=&#8220;.vc_custom_1542031652829{padding-top: 5px !important;padding-bottom: 10px !important;padding-left: 100px !important;}&#8220;][vc_button title=&#8220;Steigerwald.T Shop&#8220; size=&#8220;btn-medium&#8220; link=&#8220;url:https%3A%2F%2Fsteigerwald-zum-testen.anke-kirschenmann.com%2Fshop%2Fde%2F|title:Steigerwald.T%20Onlineshop|target:%20_blank|&#8220;][\/vc_column][\/vc_row][vc_row top=&#8220;10px&#8220; bottom=&#8220;10px&#8220; bg_color=&#8220;#eeeeee&#8220;][vc_column][vc_column_text]<\/p>\n<p style=\"text-align: center;\"><span style=\"font-size: 14pt;\">?!? Was gibt es denn an Wippen zu optimieren, die m\u00fcssen doch blo\u00df wackeln oder kippen ?!?<\/span><\/p>\n<p>[\/vc_column_text][\/vc_column][\/vc_row][vc_row top=&#8220;20px&#8220; bottom=&#8220;0px&#8220;][vc_column][vc_column_text]<span style=\"font-size: 14pt;\">Weit gefehlt!<\/span> Unsere Pferdewippen sind z.B. in Ausschlag und Neigungswinkel f\u00fcr einen effektiven und zeitgleich schonenden Muskelaufbau ausgelegt. Effektivit\u00e4t und Schonung sind hier keinesfalls Gegens\u00e4tze: Die Muskeln, aber auch Sehnen und B\u00e4nder, unserer Tiere sollen soweit herausgefordert werden, dass Anreize zum Ausbau geschaffen werden. Gleichzeitig sollte der Neigungswinkel der Gelenke nicht \u00fcberstrapaziert werden.[\/vc_column_text][\/vc_column][\/vc_row][vc_row top=&#8220;20px&#8220; bottom=&#8220;20px&#8220; row_show_on=&#8220;hide_mobile_landscape,hide_mobile_portrait&#8220;][vc_column width=&#8220;1\/4&#8243;][vc_single_image image=&#8220;311&#8243; img_size=&#8220;400&#215;400&#8243; style=&#8220;vc_box_shadow_border&#8220; onclick=&#8220;zoom&#8220;][\/vc_column][vc_column width=&#8220;1\/2&#8243;][vc_single_image image=&#8220;310&#8243; img_size=&#8220;790&#215;400&#8243; alignment=&#8220;center&#8220; style=&#8220;vc_box_shadow_border&#8220; onclick=&#8220;zoom&#8220;][\/vc_column][vc_column width=&#8220;1\/4&#8243;][vc_single_image image=&#8220;309&#8243; img_size=&#8220;400&#215;400&#8243; alignment=&#8220;right&#8220; style=&#8220;vc_box_shadow_border&#8220; onclick=&#8220;zoom&#8220;][\/vc_column][\/vc_row][vc_row top=&#8220;20px&#8220; bottom=&#8220;20px&#8220; row_show_on=&#8220;hide_on_normal_screen,hide_tablet_landscape,hide_tablet_portrait&#8220;][vc_column width=&#8220;1\/4&#8243;][vc_single_image image=&#8220;311&#8243; img_size=&#8220;200&#215;200&#8243; style=&#8220;vc_box_shadow_border&#8220; onclick=&#8220;zoom&#8220;][\/vc_column][vc_column width=&#8220;1\/2&#8243;][vc_single_image image=&#8220;310&#8243; img_size=&#8220;395&#215;200&#8243; alignment=&#8220;center&#8220; style=&#8220;vc_box_shadow_border&#8220; onclick=&#8220;zoom&#8220;][\/vc_column][vc_column width=&#8220;1\/4&#8243;][vc_single_image image=&#8220;309&#8243; img_size=&#8220;200&#215;200&#8243; alignment=&#8220;right&#8220; style=&#8220;vc_box_shadow_border&#8220; onclick=&#8220;zoom&#8220;][\/vc_column][\/vc_row][vc_row top=&#8220;20px&#8220; bottom=&#8220;20px&#8220;][vc_column][vc_column_text]Daf\u00fcr haben wir die verschiedensten Varianten mit den unterschiedlichsten Pferdetypen \u00fcber lange Zeitr\u00e4ume getestet und immer wieder R\u00fccksprache gehalten mit Tier\u00e4rzten, Pferdeosteopathen, -physiotherapeuten und Trainern aus diversen Sparten der Reiterei. 2018 haben wir auch thermografische Bilder zur muskul\u00e4ren Wirkung unseres Wippentrainings machen lassen. Du merkst: Wir nehmen unseren Job ernst, schlie\u00dflich geht es um die Gesundheit deines Pferdes! Und das ist nur einer der Aspekte, die unsere Pferdewippen einzigartig machen.[\/vc_column_text][\/vc_column][\/vc_row][vc_row top=&#8220;20px&#8220; bottom=&#8220;20px&#8220; row_show_on=&#8220;hide_mobile_landscape,hide_mobile_portrait&#8220;][vc_column width=&#8220;1\/5&#8243;][vc_single_image image=&#8220;319&#8243; img_size=&#8220;400&#215;400&#8243; style=&#8220;vc_box_border&#8220;][vc_column_text]<span style=\"font-size: 10pt;\">Brustmuskeln vor dem Wippen.<\/span>[\/vc_column_text][\/vc_column][vc_column width=&#8220;1\/5&#8243;][vc_single_image image=&#8220;320&#8243; img_size=&#8220;400&#215;400&#8243; style=&#8220;vc_box_border&#8220;][vc_column_text]<span style=\"font-size: 10pt;\">Nach dem Wippen: So beeindruckend f\u00f6rdert das Wippentraining die Durchblutung im Brustbereich!<\/span>[\/vc_column_text][\/vc_column][vc_column width=&#8220;1\/5&#8243;][vc_single_image image=&#8220;426&#8243; img_size=&#8220;88&#215;300&#8243; alignment=&#8220;center&#8220; style=&#8220;vc_box_border&#8220;][\/vc_column][vc_column width=&#8220;1\/5&#8243;][vc_single_image image=&#8220;322&#8243; img_size=&#8220;400&#215;400&#8243; alignment=&#8220;right&#8220; style=&#8220;vc_box_border&#8220;][vc_column_text]<span style=\"font-size: 10pt;\">Vorderbeine vor dem Training.<\/span>[\/vc_column_text][\/vc_column][vc_column width=&#8220;1\/5&#8243;][vc_single_image image=&#8220;323&#8243; img_size=&#8220;400&#215;400&#8243; alignment=&#8220;right&#8220; style=&#8220;vc_box_border&#8220;][vc_column_text]<span style=\"font-size: 10pt;\">Nach dem Wippen: Nicht nur in den Vorderbeinen, sondern bis in die Hufe hinein wird die Durchblutung durch die Steigerwald.Trainings- &amp; Therapieger\u00e4te verbessert!<\/span>[\/vc_column_text][\/vc_column][\/vc_row][vc_row top=&#8220;20px&#8220; bottom=&#8220;20px&#8220; row_show_on=&#8220;hide_on_normal_screen,hide_tablet_landscape,hide_tablet_portrait&#8220;][vc_column width=&#8220;1\/5&#8243;][vc_single_image image=&#8220;319&#8243; img_size=&#8220;200&#215;200&#8243; style=&#8220;vc_box_border&#8220;][vc_column_text]<span style=\"font-size: 10pt;\">Brustmuskeln vor dem Wippen.<\/span>[\/vc_column_text][\/vc_column][vc_column width=&#8220;1\/5&#8243;][vc_single_image image=&#8220;320&#8243; img_size=&#8220;200&#215;200&#8243; style=&#8220;vc_box_border&#8220;][vc_column_text]<span style=\"font-size: 10pt;\">Nach dem Wippen: So beeindruckend f\u00f6rdert das Wippentraining die Durchblutung im Brustbereich!<\/span>[\/vc_column_text][\/vc_column][vc_column width=&#8220;1\/5&#8243;][vc_single_image image=&#8220;426&#8243; img_size=&#8220;44&#215;150&#8243; alignment=&#8220;center&#8220; style=&#8220;vc_box_border&#8220;][\/vc_column][vc_column width=&#8220;1\/5&#8243;][vc_single_image image=&#8220;322&#8243; img_size=&#8220;200&#215;200&#8243; alignment=&#8220;right&#8220; style=&#8220;vc_box_border&#8220;][vc_column_text]<span style=\"font-size: 10pt;\">Vorderbeine vor dem Training.<\/span>[\/vc_column_text][\/vc_column][vc_column width=&#8220;1\/5&#8243;][vc_single_image image=&#8220;323&#8243; img_size=&#8220;200&#215;200&#8243; alignment=&#8220;right&#8220; style=&#8220;vc_box_border&#8220;][vc_column_text]<span style=\"font-size: 10pt;\">Nach dem Wippen: Nicht nur die Vorderbeine, sondern bis in die Hufe hinein wird die Durchblutung durch die Steigerwald.Trainings- &amp; Therapieger\u00e4te verbessert!<\/span>[\/vc_column_text][\/vc_column][\/vc_row][vc_row top=&#8220;10px&#8220; bottom=&#8220;10px&#8220; bg_color=&#8220;#eeeeee&#8220;][vc_column][vc_column_text]<\/p>\n<p style=\"text-align: center;\"><span style=\"font-size: 14pt;\">! Safety first !<\/span><\/p>\n<p>[\/vc_column_text][\/vc_column][\/vc_row][vc_row top=&#8220;20px&#8220; bottom=&#8220;0px&#8220;][vc_column][vc_column_text]Steigerwald.Training- &amp; Therapieger\u00e4te sollen zur Gesundheit deines Pferdes beitragen, nicht diese gef\u00e4hrden. Alle \u201eEcken\u201c sind abgerundet, alle Kanten gefeilt und alle Fl\u00e4chen geschlossen, so dass kein H\u00e4ngenbleiben oder Durchtreten m\u00f6glich ist. Daf\u00fcr brauchen wir nat\u00fcrlich einige zus\u00e4tzliche Arbeitsschritte und mehr sowie hochwertiges Material, aber das ist uns die Gesundheit deines Pferdes einfach wert!\u00a0Mit Steigerwald.Trainings- &amp; Therapieger\u00e4ten ist Spa\u00df also <b>sicher<\/b>![\/vc_column_text][\/vc_column][\/vc_row][vc_row top=&#8220;20px&#8220; bottom=&#8220;20px&#8220;][vc_column width=&#8220;1\/2&#8243;][vc_column_text]Die Gesundheit deines Pferdes liegt uns am Herzen:[\/vc_column_text][vc_column_text]<\/p>\n<p style=\"text-align: center;\"><iframe loading=\"lazy\" src=\"https:\/\/www.youtube-nocookie.com\/embed\/1B-Hn2My6V4\" width=\"560\" height=\"315\" frameborder=\"0\" allowfullscreen=\"allowfullscreen\"><\/iframe><\/p>\n<p>[\/vc_column_text][\/vc_column][vc_column width=&#8220;1\/2&#8243;][vc_column_text]Und auch den H\u00e4rtetest in Sachen Gewicht scheuen wir nicht:[\/vc_column_text][vc_column_text]<iframe loading=\"lazy\" src=\"https:\/\/www.youtube-nocookie.com\/embed\/tlKv7kri7hU\" width=\"560\" height=\"315\" frameborder=\"0\" allowfullscreen=\"allowfullscreen\"><\/iframe>[\/vc_column_text][\/vc_column][\/vc_row][vc_row top=&#8220;10px&#8220; bottom=&#8220;10px&#8220; bg_color=&#8220;#eeeeee&#8220;][vc_column][vc_column_text]<\/p>\n<p style=\"text-align: center;\"><span style=\"font-size: 14pt;\">Trainingsspa\u00df f\u00fcr Mensch und Tier mit vielen Vorteilen<\/span><\/p>\n<p>[\/vc_column_text][\/vc_column][\/vc_row][vc_row top=&#8220;20px&#8220; bottom=&#8220;0px&#8220;][vc_column][vc_column_text]Wenn man gemeinsam Spa\u00df hat, dann rennt die Zeit regelrecht und das Training geht in berauschendem Tempo voran. Vom Minishetty bis zum Shire oder vom Jungspund bis zum Senior, alle Pferde profitieren von dem Tiefenmuskulatur-Training, denn richtig angewandt tragen unsere Turnger\u00e4te unter anderem zu Folgendem bei:[\/vc_column_text][\/vc_column][\/vc_row][vc_row top=&#8220;20px&#8220; bottom=&#8220;0px&#8220;][vc_column][vc_column_text]<\/p>\n<ul>\n<li>Aufbau von Muskulatur (auch stabilisierender Tiefenmuskulatur!)<\/li>\n<li>Koordinationsf\u00e4higkeit<\/li>\n<li>K\u00f6rpergef\u00fchl und Balance<\/li>\n<li>Trittsicherheit<\/li>\n<li>Selbstbewusstsein durch Vertrauen in die eigenen F\u00e4higkeiten<\/li>\n<\/ul>\n<p>[\/vc_column_text][\/vc_column][\/vc_row][vc_row top=&#8220;20px&#8220; bottom=&#8220;20px&#8220;][vc_column][vc_column_text]Es g\u00e4be noch tausend weitere Dinge zu berichten \u00fcber die Besonderheiten und die Einsatzgebiete jedes einzelnen der Steigerwald.Trainings- &amp; Therapieger\u00e4te, lies dazu mehr in den <a href=\"https:\/\/steigerwald-zum-testen.anke-kirschenmann.com\/shop\/de\/trainingsgeraete-therapiegeraete-turngeraete\/\">Artikelbeschreibungen<\/a> der jeweiligen Ger\u00e4te oder in den Berichten \u00fcber unsere turnenden Pferde in <a href=\"https:\/\/steigerwald-zum-testen.anke-kirschenmann.com\/blog\/\">Ninas Blog<\/a>.[\/vc_column_text][vc_column_text]Wie man dem Pferd erkl\u00e4ren kann, alle vier Hufe auf ein Balancebalken zu setzten oder aus der Bauch- und Hinterhandmuskulatur heraus zu wippen, statt mit Hals oder Kopfbewegungen, liest du unter <a href=\"https:\/\/steigerwald-zum-testen.anke-kirschenmann.com\/sw-t\/training-tiergerecht\/\">Steigerwald.Training tiergerecht<\/a>.[\/vc_column_text][\/vc_column][\/vc_row][vc_row][vc_column][vc_column_text]<\/p>\n<p>[\/vc_column_text][\/vc_column][\/vc_row][vc_row top=&#8220;0px&#8220; bottom=&#8220;0px&#8220;][vc_column][vc_empty_space height=&#8220;40px&#8220;][\/vc_column][\/vc_row][vc_row top=&#8220;15px&#8220; bottom=&#8220;15px&#8220; bg_color=&#8220;#eeeeee&#8220;][vc_column][vc_column_text css=&#8220;.vc_custom_1673642444334{background-color: #eeeeee !important;}&#8220;]<\/p>\n<p style=\"text-align: center;\"><span style=\"color: #999999; font-size: 13pt;\">Steigerwald.T &#8211; dein Kontakt f\u00fcr professionelle Pferdewippen, Trainings- und Therapieger\u00e4te und tiergerechtes Training<\/span><\/p>\n<p>[\/vc_column_text][\/vc_column][\/vc_row]<\/p>","protected":false},"excerpt":{"rendered":"<p>[vc_row top=&#8220;0px&#8220; bottom=&#8220;0px&#8220;][vc_column][rev_slider_vc alias=&#8220;trainingsgeraete&#8220;][\/vc_column][\/vc_row][vc_row top=&#8220;20px&#8220; bottom=&#8220;0px&#8220;][vc_column][vc_heading title=&#8220;Steigerwald.Trainings- &amp; Therapieger\u00e4te&#8220; color=&#8220;#000000&#8243;][\/vc_column][\/vc_row][vc_row top=&#8220;20px&#8220; bottom=&#8220;10px&#8220; row_show_on=&#8220;hide_tablet_portrait,hide_mobile_landscape,hide_mobile_portrait&#8220;][vc_column width=&#8220;5\/6&#8243;][vc_column_text]Die Ideenschmiede auf Hof Steigerwald kennt keinen Feierabend. Wir sind st\u00e4ndig bem\u00fcht unsere Turnger\u00e4te zu optimieren oder neue zu entwickeln und bauen unser Angebot stetig aus. Wirf dazu gerne einen Blick in unseren Shop und entdecke die Vielfalt von Pferdewippen und Ger\u00e4tetraining.[\/vc_column_text][\/vc_column][vc_column [&hellip;]<\/p>\n","protected":false},"author":1,"featured_media":0,"parent":21,"menu_order":1,"comment_status":"closed","ping_status":"closed","template":"page-full-width.php","meta":{"footnotes":""},"_links":{"self":[{"href":"https:\/\/steigerwald-zum-testen.anke-kirschenmann.com\/de\/wp-json\/wp\/v2\/pages\/38"}],"collection":[{"href":"https:\/\/steigerwald-zum-testen.anke-kirschenmann.com\/de\/wp-json\/wp\/v2\/pages"}],"about":[{"href":"https:\/\/steigerwald-zum-testen.anke-kirschenmann.com\/de\/wp-json\/wp\/v2\/types\/page"}],"author":[{"embeddable":true,"href":"https:\/\/steigerwald-zum-testen.anke-kirschenmann.com\/de\/wp-json\/wp\/v2\/users\/1"}],"replies":[{"embeddable":true,"href":"https:\/\/steigerwald-zum-testen.anke-kirschenmann.com\/de\/wp-json\/wp\/v2\/comments?post=38"}],"version-history":[{"count":73,"href":"https:\/\/steigerwald-zum-testen.anke-kirschenmann.com\/de\/wp-json\/wp\/v2\/pages\/38\/revisions"}],"predecessor-version":[{"id":3993,"href":"https:\/\/steigerwald-zum-testen.anke-kirschenmann.com\/de\/wp-json\/wp\/v2\/pages\/38\/revisions\/3993"}],"up":[{"embeddable":true,"href":"https:\/\/steigerwald-zum-testen.anke-kirschenmann.com\/de\/wp-json\/wp\/v2\/pages\/21"}],"wp:attachment":[{"href":"https:\/\/steigerwald-zum-testen.anke-kirschenmann.com\/de\/wp-json\/wp\/v2\/media?parent=38"}],"curies":[{"name":"wp","href":"https:\/\/api.w.org\/{rel}","templated":true}]}}