{"id":3797,"date":"2023-01-16T13:01:48","date_gmt":"2023-01-16T12:01:48","guid":{"rendered":"https:\/\/steigerwald-zum-testen.anke-kirschenmann.com\/?page_id=3797"},"modified":"2023-01-16T13:01:48","modified_gmt":"2023-01-16T12:01:48","slug":"widerrufsrecht","status":"publish","type":"page","link":"https:\/\/steigerwald-zum-testen.anke-kirschenmann.com\/de\/widerrufsrecht\/","title":{"rendered":"Widerrufsrecht"},"content":{"rendered":"<p>[vc_row bottom=&#8220;0px&#8220;][vc_column][rev_slider_vc alias=&#8220;ssst&#8220;][\/vc_column][\/vc_row][vc_row bottom=&#8220;0px&#8220;][vc_column][vc_heading title=&#8220;Widerrufsrecht&#8220;][\/vc_column][\/vc_row][vc_row][vc_column][vc_column_text]<\/p>\n<h2>Widerrufsrecht (<a href=\"https:\/\/steigerwald-zum-testen.anke-kirschenmann.com\/shopalt\/de\/request_port.php?module=ShopContent&amp;action=download&amp;coID=3889895\"><u>Als PDF downloaden<\/u><\/a>)<\/h2>\n<div id=\"landing-page-top_3889896\" class=\"gx-content-zone row\" data-gx-content-zone=\"landing-page-top_3889896\"><\/div>\n<p><strong>Widerrufsrecht Waren<\/strong><\/p>\n<p><span class=\"Haendlerbund_Rechtstext_Absatz\"><strong><span class=\"Haendlerbund_Rechtstext_Titel\">Widerrufsrecht f\u00fcr Verbraucher\u00a0<\/span><\/strong><\/span><br \/>\n<span class=\"Haendlerbund_Rechtstext_Absatz\">(Verbraucher ist jede nat\u00fcrliche Person, die ein Rechtsgesch\u00e4ft zu Zwecken abschlie\u00dft, die \u00fcberwiegend weder ihrer gewerblichen noch ihrer selbstst\u00e4ndigen beruflichen T\u00e4tigkeit zugerechnet werden k\u00f6nnen.)<\/span><\/p>\n<p><span class=\"Haendlerbund_Rechtstext_Paragraph\"><strong>Widerrufsbelehrung<\/strong><\/span><\/p>\n<p><span class=\"Haendlerbund_Rechtstext_Absatz\"><strong>Widerrufsrecht<\/strong><br \/>\nSie haben das Recht, binnen 14 Tagen ohne Angabe von Gr\u00fcnden diesen Vertrag zu widerrufen.<br \/>\nDie Widerrufsfrist betr\u00e4gt 14 Tage ab dem Tag, <\/span><\/p>\n<p><span class=\"Haendlerbund_Rechtstext_Absatz\">&#8211; an dem Sie oder ein von Ihnen benannter Dritter, der nicht der Bef\u00f6rderer ist, die Waren in Besitz genommen haben bzw. hat, sofern Sie eine oder mehrere Waren im Rahmen einer einheitlichen Bestellung bestellt haben und diese einheitlich geliefert wird bzw. werden<\/span>;<\/p>\n<p><span class=\"Haendlerbund_Rechtstext_Absatz\">Um Ihr Widerrufsrecht auszu\u00fcben, m\u00fcssen Sie uns <strong>(Nina Steigerwald, Ochtmannier Dorfstr. 19, 27305 Bruchhausen-Vilsen, Telefonnr.: 04247970993, E-Mail-Adresse: info@steigerwald-zum-testen.anke-kirschenmann.com)<\/strong> mittels einer eindeutigen Erkl\u00e4rung (z.B. ein mit der Post versandter Brief oder eine E-Mail) \u00fcber Ihren Entschluss, diesen Vertrag zu widerrufen, informieren. Sie k\u00f6nnen daf\u00fcr das beigef\u00fcgte Muster-Widerrufsformular verwenden, das jedoch nicht vorgeschrieben ist.<\/span><\/p>\n<p><span class=\"Haendlerbund_Rechtstext_Absatz\">Zur Wahrung der Widerrufsfrist reicht es aus, dass Sie die Mitteilung \u00fcber die Aus\u00fcbung des Widerrufsrechts vor Ablauf der Widerrufsfrist absenden.<\/span><\/p>\n<p><span class=\"Haendlerbund_Rechtstext_Absatz\"><strong>Folgen des Widerrufs<\/strong><\/span><\/p>\n<p>Wenn Sie diesen Vertrag widerrufen, haben wir Ihnen alle Zahlungen, die wir von Ihnen erhalten haben, einschlie\u00dflich der Lieferkosten (mit Ausnahme der zus\u00e4tzlichen Kosten, die sich daraus ergeben, dass Sie eine andere Art der Lieferung als die von uns angebotene, g\u00fcnstigste Standardlieferung gew\u00e4hlt haben), unverz\u00fcglich und sp\u00e4testens binnen 14\u00a0Tagen ab dem Tag zur\u00fcckzuzahlen, an dem die Mitteilung \u00fcber Ihren Widerruf dieses Vertrags bei uns eingegangen ist. F\u00fcr diese R\u00fcckzahlung verwenden wir dasselbe Zahlungsmittel, das Sie bei der urspr\u00fcnglichen Transaktion eingesetzt haben, es sei denn, mit Ihnen wurde ausdr\u00fccklich etwas anderes vereinbart; in keinem Fall werden Ihnen wegen dieser R\u00fcckzahlung Entgelte berechnet.<\/p>\n<p><span class=\"Haendlerbund_Rechtstext_Absatz\">Wir k\u00f6nnen die R\u00fcckzahlung verweigern, bis wir die Waren wieder zur\u00fcckerhalten haben oder bis Sie den Nachweis erbracht haben, dass Sie die Waren zur\u00fcckgesandt haben, je nachdem, welches der fr\u00fchere Zeitpunkt ist.<\/span><\/p>\n<p><span class=\"Haendlerbund_Rechtstext_Absatz\">Sie haben die Waren unverz\u00fcglich und in jedem Fall sp\u00e4testens binnen 14\u00a0Tagen ab dem Tag, an dem Sie uns \u00fcber den Widerruf dieses Vertrags unterrichten, an uns\u00a0<\/span><span class=\"Haendlerbund_Rechtstext_Absatz\">zur\u00fcckzusenden oder zu \u00fcbergeben. Die Frist ist gewahrt, wenn Sie die Waren vor Ablauf der Frist von 14 Tagen absenden.<\/span><\/p>\n<p><span class=\"Haendlerbund_Rechtstext_Absatz\">Sie tragen die unmittelbaren Kosten der R\u00fccksendung paketversandf\u00e4higer Waren sowie die unmittelbaren Kosten der R\u00fccksendung nicht paketversandf\u00e4higer Waren.<\/span><span class=\"Haendlerbund_Rechtstext_Absatz\">\u00a0<\/span><span class=\"Haendlerbund_Rechtstext_Absatz\">Die Kosten f\u00fcr nicht paketversandf\u00e4hige Waren werden auf h\u00f6chstens etwa 60 EUR gesch\u00e4tzt.<\/span><\/p>\n<p><span class=\"Haendlerbund_Rechtstext_Absatz\">Sie m\u00fcssen f\u00fcr einen etwaigen Wertverlust der Waren nur aufkommen, wenn dieser Wertverlust auf einen zur Pr\u00fcfung der Beschaffenheit, Eigenschaften und Funktionsweise der Waren nicht notwendigen Umgang mit ihnen zur\u00fcckzuf\u00fchren ist.<\/span><\/p>\n<p><span class=\"Haendlerbund_Rechtstext_Absatz\"><strong>Ausschluss- bzw. Erl\u00f6schensgr\u00fcnde<\/strong><\/span><\/p>\n<p>Das Widerrufsrecht besteht nicht bei Vertr\u00e4gen<\/p>\n<p><span class=\"Haendlerbund_Rechtstext_Absatz\">&#8211; zur Lieferung von Waren, die nicht vorgefertigt sind und f\u00fcr deren Herstellung eine individuelle Auswahl oder Bestimmung durch den Verbraucher ma\u00dfgeblich ist oder die eindeutig auf die pers\u00f6nlichen Bed\u00fcrfnisse des Verbrauchers zugeschnitten sind;<\/span><br \/>\n<span class=\"Haendlerbund_Rechtstext_Absatz\">&#8211; zur Lieferung von Waren, die schnell verderben k\u00f6nnen oder deren Verfallsdatum schnell \u00fcberschritten w\u00fcrde;<\/span><br \/>\n<span class=\"Haendlerbund_Rechtstext_Absatz\">&#8211; zur Lieferung alkoholischer Getr\u00e4nke, deren Preis bei Vertragsschluss vereinbart wurde, die aber fr\u00fchestens 30 Tage nach Vertragsschluss geliefert werden k\u00f6nnen und deren aktueller Wert von Schwankungen auf dem Markt abh\u00e4ngt, auf die der Unternehmer keinen Einfluss hat;<\/span><br \/>\n<span class=\"Haendlerbund_Rechtstext_Absatz\">&#8211; zur Lieferung von Zeitungen, Zeitschriften oder Illustrierten mit Ausnahme von Abonnement-Vertr\u00e4gen.<\/span><\/p>\n<p><span class=\"Haendlerbund_Rechtstext_Absatz\">Das Widerrufsrecht erlischt vorzeitig bei Vertr\u00e4gen<\/span><\/p>\n<p><span class=\"Haendlerbund_Rechtstext_Absatz\">&#8211; zur Lieferung versiegelter Waren, die aus Gr\u00fcnden des Gesundheitsschutzes oder der Hygiene nicht zur R\u00fcckgabe geeignet sind, wenn ihre Versiegelung nach der Lieferung entfernt wurde;<\/span><br \/>\n<span class=\"Haendlerbund_Rechtstext_Absatz\">&#8211; zur Lieferung von Waren, wenn diese nach der Lieferung aufgrund ihrer Beschaffenheit untrennbar mit anderen G\u00fctern vermischt wurden;<\/span><br \/>\n<span class=\"Haendlerbund_Rechtstext_Absatz\">&#8211; zur Lieferung von Ton- oder Videoaufnahmen oder Computersoftware in einer versiegelten Packung, wenn die Versiegelung nach der Lieferung entfernt wurde.<\/span><\/p>\n<hr \/>\n<p><span class=\"Haendlerbund_Rechtstext_Absatz\"><strong>Muster-Widerrufsformular<\/strong><\/span><\/p>\n<p>(Wenn Sie den Vertrag widerrufen wollen, dann f\u00fcllen Sie bitte dieses Formular aus und senden Sie es zur\u00fcck.)<\/p>\n<p>&#8211; An Nina Steigerwald, Ochtmannier Dorfstr. 19, 27305 Bruchhausen-Vilsen, E-Mail-Adresse:\u00a0info@steigerwald-zum-testen.anke-kirschenmann.com :<\/p>\n<p>&#8211; Hiermit widerrufe(n) ich\/ wir (*) den von mir\/ uns (*) abgeschlossenen Vertrag \u00fcber den Kauf der folgenden Waren (*)\/<br \/>\ndie Erbringung der folgenden Dienstleistung (*)<\/p>\n<p>&#8211; Bestellt am (*)\/ erhalten am (*)<\/p>\n<p>&#8211; Name des\/ der Verbraucher(s)<br \/>\n&#8211; Anschrift des\/ der Verbraucher(s)<br \/>\n&#8211; Unterschrift des\/ der Verbraucher(s) (nur bei Mitteilung auf Papier)<br \/>\n&#8211; Datum<\/p>\n<p>(*) Unzutreffendes streichen.<\/p>\n<div id=\"landing-page-bottom_3889896\" class=\"gx-content-zone row\" data-gx-content-zone=\"landing-page-bottom_3889896\"><\/div>\n<p>&nbsp;<\/p>\n<div id=\"landing-page-top_3889897\" class=\"gx-content-zone row\" data-gx-content-zone=\"landing-page-top_3889897\"><\/div>\n<p><strong>Widerrufsrecht Dienstleistungen<\/strong><\/p>\n<p><span class=\"Haendlerbund_Rechtstext_Absatz\"><span class=\"Haendlerbund_Rechtstext_Titel\"><strong>Widerrufsrecht f\u00fcr Verbraucher<\/strong><\/span><br \/>\n(Verbraucher ist jede nat\u00fcrliche Person, die ein Rechtsgesch\u00e4ft zu Zwecken abschlie\u00dft, die \u00fcberwiegend weder ihrer gewerblichen noch ihrer selbstst\u00e4ndigen beruflichen T\u00e4tigkeit zugerechnet werden k\u00f6nnen.)<\/span><\/p>\n<p><span class=\"Haendlerbund_Rechtstext_Titel\"><strong>Widerrufsbelehrung<\/strong><\/span><\/p>\n<p><span class=\"Haendlerbund_Rechtstext_Absatz\"><strong>Widerrufsrecht<\/strong><br \/>\nSie haben das Recht, binnen vierzehn Tagen ohne Angabe von Gr\u00fcnden diesen Vertrag zu widerrufen.<br \/>\nDie Widerrufsfrist betr\u00e4gt vierzehn Tage ab dem Tag des Vertragsabschlusses.<\/span><\/p>\n<p>Um Ihr Widerrufsrecht auszu\u00fcben, m\u00fcssen Sie uns (<strong>Nina Steigerwald, Ochtmannier Dorfstr. 19, 27305 Bruchhausen-Vilsen, Telefonnummer: 042479703993, E-Mail-Adresse: info@steigerwald-zum-testen.anke-kirschenmann.com<\/strong>) mittels einer eindeutigen Erkl\u00e4rung (z.B. ein mit der Post versandter Brief oder eine E-Mail) \u00fcber Ihren Entschluss, diesen Vertrag zu widerrufen, informieren. Sie k\u00f6nnen daf\u00fcr das beigef\u00fcgte Muster-Widerrufsformular verwenden, das jedoch nicht vorgeschrieben ist.<\/p>\n<p><span class=\"Haendlerbund_Rechtstext_Absatz\">Zur Wahrung der Widerrufsfrist reicht es aus, dass Sie die Mitteilung \u00fcber die Aus\u00fcbung des Widerrufsrechts vor Ablauf der Widerrufsfrist absenden.<\/span><\/p>\n<p><span class=\"Haendlerbund_Rechtstext_Absatz\"><strong>Folgen des Widerrufs <\/strong><\/span><\/p>\n<p>Wenn Sie diesen Vertrag widerrufen, haben wir Ihnen alle Zahlungen, die wir von Ihnen erhalten haben, einschlie\u00dflich der Lieferkosten (mit Ausnahme der zus\u00e4tzlichen Kosten, die sich daraus ergeben, dass Sie eine andere Art der Lieferung als die von uns angebotene, g\u00fcnstigste Standardlieferung gew\u00e4hlt haben), unverz\u00fcglich und sp\u00e4testens binnen vierzehn Tagen ab dem Tag zur\u00fcckzuzahlen, an dem die Mitteilung \u00fcber Ihren Widerruf dieses Vertrags bei uns eingegangen ist. F\u00fcr diese R\u00fcckzahlung verwenden wir dasselbe Zahlungsmittel, das Sie bei der urspr\u00fcnglichen Transaktion eingesetzt haben, es sei denn, mit Ihnen wurde ausdr\u00fccklich etwas anderes vereinbart; in keinem Fall werden Ihnen wegen dieser R\u00fcckzahlung Entgelte berechnet.<\/p>\n<p><span class=\"Haendlerbund_Rechtstext_Absatz\">Haben Sie verlangt, dass die Dienstleistungen, f\u00fcr die der Vertrag die Zahlung eines Preises vorsieht, w\u00e4hrend der Widerrufsfrist beginnen soll, so haben Sie uns einen angemessenen Betrag zu zahlen, der dem Anteil der bis zu dem Zeitpunkt, zu dem Sie uns von der Aus\u00fcbung des Widerrufsrechts hinsichtlich dieses Vertrags unterrichten, bereits erbrachten Dienstleistungen im Vergleich zum Gesamtumfang der im Vertrag vorgesehenen Dienstleistungen entspricht.<\/span><\/p>\n<div><strong><span class=\"Haendlerbund_Rechtstext_Absatz\">Ausschluss- bzw. Erl\u00f6schensgr\u00fcnde<\/span><\/strong><\/div>\n<div><\/div>\n<div><span class=\"Haendlerbund_Rechtstext_Absatz\">Das Widerrufsrecht besteht nicht bei Vertr\u00e4gen zur Erbringung von Dienstleistungen im Zusammenhang mit Freizeitbet\u00e4tigungen, wenn der Vertrag f\u00fcr die Erbringung einen spezifischen Termin oder Zeitraum vorsieht.<\/span><\/div>\n<div><\/div>\n<div><span class=\"Haendlerbund_Rechtstext_Absatz\">Das Widerrufsrecht erlischt bei einem Vertrag \u00fcber die Erbringung von Dienstleistungen, der den Verbraucher zur Zahlung eines Preises verpflichtet, mit der vollst\u00e4ndigen Erbringung der Dienstleistung, wenn der Verbraucher vor Beginn der Erbringung ausdr\u00fccklich zugestimmt hat, dass der Unternehmer mit der Erbringung der Dienstleistung vor Ablauf der Widerrufsfrist beginnt und seine Kenntnis davon best\u00e4tigt hat, dass sein Widerrufsrecht mit vollst\u00e4ndiger Vertragserf\u00fcllung durch den Unternehmer erlischt.<\/span><\/div>\n<p>&nbsp;<\/p>\n<hr \/>\n<p><span class=\"Haendlerbund_Rechtstext_Absatz\"><strong>Muster-Widerrufsformular<\/strong><\/span><\/p>\n<p>(Wenn Sie den Vertrag widerrufen wollen, dann f\u00fcllen Sie bitte dieses Formular aus und senden Sie es zur\u00fcck.)<\/p>\n<p>&#8211; An Nina Steigerwald, Ochtmannier Dorfstr. 19, 27305 Bruchhausen-Vilsen, E-Mail-Adresse: info@steigerwald-zum-testen.anke-kirschenmann.com:<\/p>\n<p>&#8211; Hiermit widerrufe(n) ich\/ wir (*) den von mir\/ uns (*) abgeschlossenen Vertrag \u00fcber den Kauf der folgenden Waren (*)\/<br \/>\ndie Erbringung der folgenden Dienstleistung (*)<\/p>\n<p>&#8211; Bestellt am (*)\/ erhalten am (*)<\/p>\n<p>&#8211; Name des\/ der Verbraucher(s)<br \/>\n&#8211; Anschrift des\/ der Verbraucher(s)<br \/>\n&#8211; Unterschrift des\/ der Verbraucher(s) (nur bei Mitteilung auf Papier)<br \/>\n&#8211; Datum<\/p>\n<p><span class=\"Haendlerbund_Rechtstext_Untertitel\">(*) Unzutreffendes streichen.<\/span><\/p>\n<div id=\"landing-page-bottom_3889897\" class=\"gx-content-zone row\" data-gx-content-zone=\"landing-page-bottom_3889897\"><\/div>\n<p>&nbsp;<\/p>\n<div id=\"landing-page-top_3889898\" class=\"gx-content-zone row\" data-gx-content-zone=\"landing-page-top_3889898\"><\/div>\n<p><strong>Widerrufsrecht digitale Waren<\/strong><\/p>\n<p><span class=\"Haendlerbund_Rechtstext_Absatz\"><span class=\"Haendlerbund_Rechtstext_Titel\"><strong>Widerrufsrecht f\u00fcr Verbraucher<\/strong><\/span><br \/>\n(Verbraucher ist jede nat\u00fcrliche Person, die ein Rechtsgesch\u00e4ft zu Zwecken abschlie\u00dft, die \u00fcberwiegend weder ihrer gewerblichen noch ihrer selbstst\u00e4ndigen beruflichen T\u00e4tigkeit zugerechnet werden k\u00f6nnen.)<\/span><\/p>\n<p><span class=\"Haendlerbund_Rechtstext_Titel\"><strong>Widerrufsbelehrung f\u00fcr digitale Inhalte<\/strong><\/span><\/p>\n<p><span class=\"Haendlerbund_Rechtstext_Absatz\"><strong>Widerrufsrecht<\/strong><br \/>\nSie haben das Recht, binnen vierzehn Tagen ohne Angabe von Gr\u00fcnden diesen Vertrag zu widerrufen.<br \/>\nDie Widerrufsfrist betr\u00e4gt vierzehn Tage ab dem Tag des Vertragsabschlusses.<\/span><\/p>\n<p>Um Ihr Widerrufsrecht auszu\u00fcben, m\u00fcssen Sie uns (<strong>Nina Steigerwald, Ochtmannier Dorfstr. 19, 27305 Bruchhausen-Vilsen, Telefonnummer: 042479703993, E-Mail-Adresse: info@steigerwald-zum-testen.anke-kirschenmann.com<\/strong>) mittels einer eindeutigen Erkl\u00e4rung (z.B. ein mit der Post versandter Brief oder eine E-Mail) \u00fcber Ihren Entschluss, diesen Vertrag zu widerrufen, informieren. Sie k\u00f6nnen daf\u00fcr das beigef\u00fcgte Muster-Widerrufsformular verwenden, das jedoch nicht vorgeschrieben ist.<\/p>\n<p><span class=\"Haendlerbund_Rechtstext_Absatz\">Zur Wahrung der Widerrufsfrist reicht es aus, dass Sie die Mitteilung \u00fcber die Aus\u00fcbung des Widerrufsrechts vor Ablauf der Widerrufsfrist absenden.<\/span><\/p>\n<p><span class=\"Haendlerbund_Rechtstext_Absatz\"><strong>Folgen des Widerrufs <\/strong><\/span><\/p>\n<p>Wenn Sie diesen Vertrag widerrufen, haben wir Ihnen alle Zahlungen, die wir von Ihnen erhalten haben, einschlie\u00dflich der Lieferkosten (mit Ausnahme der zus\u00e4tzlichen Kosten, die sich daraus ergeben, dass Sie eine andere Art der Lieferung als die von uns angebotene, g\u00fcnstigste Standardlieferung gew\u00e4hlt haben), unverz\u00fcglich und sp\u00e4testens binnen vierzehn Tagen ab dem Tag zur\u00fcckzuzahlen, an dem die Mitteilung \u00fcber Ihren Widerruf dieses Vertrags bei uns eingegangen ist. F\u00fcr diese R\u00fcckzahlung verwenden wir dasselbe Zahlungsmittel, das Sie bei der urspr\u00fcnglichen Transaktion eingesetzt haben, es sei denn, mit Ihnen wurde ausdr\u00fccklich etwas anderes vereinbart; in keinem Fall werden Ihnen wegen dieser R\u00fcckzahlung Entgelte berechnet.<\/p>\n<p><span class=\"Haendlerbund_Rechtstext_Absatz\"><strong>Erl\u00f6schensgr\u00fcnde<\/strong><\/span><\/p>\n<div><span class=\"Haendlerbund_Rechtstext_Absatz\">Das Widerrufsrecht erlischt bei einem Vertrag \u00fcber die Bereitstellung von nicht auf einem k\u00f6rperlichen Datentr\u00e4ger befindlichen digitalen Inhalten, der den Verbraucher zur Zahlung eines Preises verpflichtet, wenn der Verbraucher:<\/span><\/div>\n<div><\/div>\n<div><span class=\"Haendlerbund_Rechtstext_Absatz\">1. ausdr\u00fccklich zugestimmt hat, dass der Unternehmer mit der Vertragserf\u00fcllung vor Ablauf der Widerrufsfrist beginnt und<\/span><\/div>\n<div><span class=\"Haendlerbund_Rechtstext_Absatz\">2. seine Kenntnis davon best\u00e4tigt hat, dass durch seine Zustimmung mit Beginn der Vertragserf\u00fcllung sein Widerrufsrecht erlischt und<\/span><\/div>\n<div><span class=\"Haendlerbund_Rechtstext_Absatz\">3. der Unternehmer dem Verbraucher eine Best\u00e4tigung des Vertrags, innerhalb einer angemessenen Frist nach Vertragsschluss, sp\u00e4testens jedoch bei Bereitstellung der nicht auf einem k\u00f6rperlichen Datentr\u00e4ger befindlichen digitalen Inhalte, auf einem dauerhaften Datentr\u00e4ger zur Verf\u00fcgung gestellt hat:<\/span><\/div>\n<ul>\n<li><span class=\"Haendlerbund_Rechtstext_Absatz\">in der der Vertragsinhalt wiedergegeben ist und<\/span><\/li>\n<li><span class=\"Haendlerbund_Rechtstext_Absatz\">auf der festgehalten ist, dass der Verbraucher vor Vertragserf\u00fcllung ausdr\u00fccklich zugestimmt hat, dass der Unternehmer mit der Vertragserf\u00fcllung vor Ablauf der Widerrufsfrist beginnt, und seine Kenntnis davon best\u00e4tigt hat, dass er durch seine Zustimmung mit Beginn der Vertragserf\u00fcllung sein Widerrufsrecht verliert.<\/span><\/li>\n<\/ul>\n<p>&nbsp;<\/p>\n<hr \/>\n<p><span class=\"Haendlerbund_Rechtstext_Absatz\"><strong>Muster-Widerrufsformular<\/strong><\/span><\/p>\n<p>(Wenn Sie den Vertrag widerrufen wollen, dann f\u00fcllen Sie bitte dieses Formular aus und senden Sie es zur\u00fcck.)<\/p>\n<p>&#8211; An Nina Steigerwald, Ochtmannier Dorfstr. 19, 27305 Bruchhausen-Vilsen, E-Mail-Adresse: info@steigerwald-zum-testen.anke-kirschenmann.com:<\/p>\n<p>&#8211; Hiermit widerrufe(n) ich\/ wir (*) den von mir\/ uns (*) abgeschlossenen Vertrag \u00fcber den Kauf der folgenden Waren (*)\/<br \/>\ndie Erbringung der folgenden Dienstleistung (*)<\/p>\n<p>&#8211; Bestellt am (*)\/ erhalten am (*)<\/p>\n<p>&#8211; Name des\/ der Verbraucher(s)<br \/>\n&#8211; Anschrift des\/ der Verbraucher(s)<br \/>\n&#8211; Unterschrift des\/ der Verbraucher(s) (nur bei Mitteilung auf Papier)<br \/>\n&#8211; Datum<\/p>\n<p><span class=\"Haendlerbund_Rechtstext_Untertitel\">(*) Unzutreffendes streichen.<\/span>[\/vc_column_text][\/vc_column][\/vc_row]<\/p>","protected":false},"excerpt":{"rendered":"<p>[vc_row bottom=&#8220;0px&#8220;][vc_column][rev_slider_vc alias=&#8220;ssst&#8220;][\/vc_column][\/vc_row][vc_row bottom=&#8220;0px&#8220;][vc_column][vc_heading title=&#8220;Widerrufsrecht&#8220;][\/vc_column][\/vc_row][vc_row][vc_column][vc_column_text] Widerrufsrecht (Als PDF downloaden) Widerrufsrecht Waren Widerrufsrecht f\u00fcr Verbraucher\u00a0 (Verbraucher ist jede nat\u00fcrliche Person, die ein Rechtsgesch\u00e4ft zu Zwecken abschlie\u00dft, die \u00fcberwiegend weder ihrer gewerblichen noch ihrer selbstst\u00e4ndigen beruflichen T\u00e4tigkeit zugerechnet werden k\u00f6nnen.) Widerrufsbelehrung Widerrufsrecht Sie haben das Recht, binnen 14 Tagen ohne Angabe von Gr\u00fcnden diesen Vertrag zu widerrufen. [&hellip;]<\/p>\n","protected":false},"author":5,"featured_media":0,"parent":0,"menu_order":0,"comment_status":"closed","ping_status":"closed","template":"page-full-width.php","meta":{"footnotes":""},"_links":{"self":[{"href":"https:\/\/steigerwald-zum-testen.anke-kirschenmann.com\/de\/wp-json\/wp\/v2\/pages\/3797"}],"collection":[{"href":"https:\/\/steigerwald-zum-testen.anke-kirschenmann.com\/de\/wp-json\/wp\/v2\/pages"}],"about":[{"href":"https:\/\/steigerwald-zum-testen.anke-kirschenmann.com\/de\/wp-json\/wp\/v2\/types\/page"}],"author":[{"embeddable":true,"href":"https:\/\/steigerwald-zum-testen.anke-kirschenmann.com\/de\/wp-json\/wp\/v2\/users\/5"}],"replies":[{"embeddable":true,"href":"https:\/\/steigerwald-zum-testen.anke-kirschenmann.com\/de\/wp-json\/wp\/v2\/comments?post=3797"}],"version-history":[{"count":1,"href":"https:\/\/steigerwald-zum-testen.anke-kirschenmann.com\/de\/wp-json\/wp\/v2\/pages\/3797\/revisions"}],"predecessor-version":[{"id":3798,"href":"https:\/\/steigerwald-zum-testen.anke-kirschenmann.com\/de\/wp-json\/wp\/v2\/pages\/3797\/revisions\/3798"}],"wp:attachment":[{"href":"https:\/\/steigerwald-zum-testen.anke-kirschenmann.com\/de\/wp-json\/wp\/v2\/media?parent=3797"}],"curies":[{"name":"wp","href":"https:\/\/api.w.org\/{rel}","templated":true}]}}