{"id":3795,"date":"2023-01-16T12:59:28","date_gmt":"2023-01-16T11:59:28","guid":{"rendered":"https:\/\/steigerwald-zum-testen.anke-kirschenmann.com\/?page_id=3795"},"modified":"2023-01-16T12:59:38","modified_gmt":"2023-01-16T11:59:38","slug":"zahlung-und-versand","status":"publish","type":"page","link":"https:\/\/steigerwald-zum-testen.anke-kirschenmann.com\/de\/zahlung-und-versand\/","title":{"rendered":"Zahlung und Versand"},"content":{"rendered":"<p>[vc_row bottom=&#8220;0px&#8220;][vc_column][rev_slider_vc alias=&#8220;ssst&#8220;][\/vc_column][\/vc_row][vc_row bottom=&#8220;0px&#8220;][vc_column][vc_heading title=&#8220;Zahlung und Versand&#8220;][\/vc_column][\/vc_row][vc_row][vc_column][vc_column_text]<span class=\"Haendlerbund_Rechtstext_Titel\"><strong>Zahlung und Versand<\/strong><\/span><\/p>\n<p><span class=\"Haendlerbund_Rechtstext_Absatz\">Es gelten folgende Bedingungen:<\/span><\/p>\n<p><span class=\"Haendlerbund_Rechtstext_Absatz\">Die Lieferung erfolgt im Inland (Deutschland)\u00a0<\/span><span class=\"Haendlerbund_Rechtstext_Absatz\">und in die nachstehenden L\u00e4nder<\/span>: <span class=\"Haendlerbund_Rechtstext_Absatz\">\u00d6sterreich, Belgien, Niederlande, Luxenburg, Italien, Schweiz, D\u00e4nemark<\/span><span class=\"Haendlerbund_Rechtstext_Absatz\">.<\/span><\/p>\n<p><strong><span class=\"Haendlerbund_Rechtstext_Paragraph\">Versandkosten<\/span><\/strong> <span class=\"Haendlerbund_Rechtstext_Absatz\">(inklusive gesetzliche Mehrwertsteuer)<\/span><\/p>\n<p><strong><span class=\"Haendlerbund_Rechtstext_Absatz\">Lieferungen im Inland (Deutschland):\u00a0<\/span><\/strong><\/p>\n<p><span class=\"Haendlerbund_Rechtstext_Absatz\">Wir berechnen keine Versandkosten.<\/span><\/p>\n<p><strong><span class=\"Haendlerbund_Rechtstext_Absatz\">Lieferungen ins Ausland<\/span><span class=\"Haendlerbund_Rechtstext_Absatz\">:<\/span><\/strong><\/p>\n<p><span class=\"Haendlerbund_Rechtstext_Absatz\">EU Erlaubt<br \/>\nBei Einzelbestellungen gelten folgende Preise Brutto Netto<br \/>\nBestellungen von 0 bis 1kg = 7 \u20ac 7,00 \u20ac 5,88 \u20ac<br \/>\nBestellungen von 1,1 bis 13,9 kg = 10 \u20ac 10,00 \u20ac 8,40 \u20ac<br \/>\nBestellungen von 14 bis 14,9 kg = 128 \u20ac 128,00 \u20ac 107,56 \u20ac<br \/>\nBestellungen von 15 bis 19,9 kg = 10 \u20ac 10,00 \u20ac 8,40 \u20ac<br \/>\nBestellungen von 20 bis 23,9 kg = 128\u20ac 128,00 \u20ac 107,56 \u20ac<br \/>\nBestellungen von 24 bis 31,9 kg = 10 \u20ac 10,00 \u20ac 8,40 \u20ac<br \/>\nBestellungen von 32 bis 55kg = 208 \u20ac 208,00 \u20ac 174,79 \u20ac<\/span><\/p>\n<p>Schweiz Netto Brutto<br \/>\nBestellungen von 0 bis 1 kg = 10\u20ac 8,40 \u20ac 10,00 \u20ac<br \/>\nBestellungen von 1,1 bis 9 kg = 30\u20ac 25,21 \u20ac 30,00 \u20ac<br \/>\nBestellungen von 9,1 bis 13,9 kg = 42\u20ac 35,29 \u20ac 42,00 \u20ac<br \/>\nBestellungen von 14 bis 14,9 kg = 147\u20ac 123,53 \u20ac 147,00 \u20ac<br \/>\nBestellungen von 15 bis 22,9 kg = 42\u20ac 35,29 \u20ac 42,00 \u20ac<br \/>\nBestellungen von 23 bis 23,9 kg = 230\u20ac 193,28 \u20ac 230,00 \u20ac<br \/>\nBestellungen von 24 bis 31,9 kg = 85\u20ac 71,43 \u20ac 85,00 \u20ac<br \/>\nBestellungen von 32 bis 41,9kg= 230\u20ac 193,28 \u20ac 230,00 \u20ac<br \/>\nBestellungen von 42 bis 46 kg = 320 \u20ac 268,91 \u20ac 320,00 \u20ac<br \/>\nBestellungen von 47 bis 54,9 kg =230 \u20ac 193,28 \u20ac 230,00 \u20ac<\/p>\n<p>Bei Sammelbestellungen werden die Versandkosten<br \/>\nseparat h\u00e4ndisch berechnet, bitte die Rechnung abwarten, da die addierten<br \/>\nGewichte mit den Versandabmessungen im Speditionsversand nicht<br \/>\nrichtig ausgepreist werden k\u00f6nnen.<br \/>\nDer teure Versand in die Schweiz kann evtl. mit einem Dienstleister<br \/>\nan der Grenze umgangen werden.<\/p>\n<p>Insbesondere gilt ausserhalb von Deutschland:<br \/>\nBalancierbalken kein Versand m\u00f6glich<br \/>\nT 3000 ES kein Versand m\u00f6glich<br \/>\nT 3000 kein Versand m\u00f6glich<br \/>\nDrehei kein Versand m\u00f6glich<br \/>\nDrehteller kein Versand m\u00f6glich<\/p>\n<p>Die Selbstabholung der Ware (physische Produkte) erfolgt in unserer Gesch\u00e4ftsstelle.<br \/>\nSie erhalten, ausgenommen sind B\u00fccher, zus\u00e4tzlich 2% Skonto auf den Bruttowarenwert. B\u00fccher werden im generellen nicht rabattiert.<\/p>\n<p><span class=\"Haendlerbund_Rechtstext_Absatz\"><strong>Bereitstellung von digitalen Inhalten:<\/strong><br \/>\n<\/span><\/p>\n<p><span class=\"Haendlerbund_Rechtstext_Absatz\">F\u00fcr digitale Inhalte (Daten, die in digitaler Form erstellt und bereitgestellt werden) fallen keine Versandkosten an.<\/span><\/p>\n<p><span class=\"Haendlerbund_Rechtstext_Absatz\">Digitale Inhalte werden Ihnen in Ihrem Kundenaccount bereitgestellt.<br \/>\nDie Bereitstellung erfolgt innerhalb von <\/span><span class=\"Haendlerbund_Rechtstext_Absatz\">24<\/span><span class=\"Haendlerbund_Rechtstext_Absatz\"> Stunden nach Vertragsschluss (bei vereinbarter Vorauszahlung nach dem Zeitpunkt Ihrer Zahlungsanweisung).<br \/>\n\u00dcber die Bereitstellung werden Sie auch per E-Mail informiert.<\/span><\/p>\n<p><span class=\"Haendlerbund_Rechtstext_Titel\"><strong>Lieferfristen<\/strong><\/span><\/p>\n<p><span class=\"Haendlerbund_Rechtstext_Absatz\">Soweit im jeweiligen Angebot keine andere Frist angegeben ist, erfolgt die Lieferung der Ware im Inland (Deutschland) innerhalb von 5 &#8211; 21 Tagen, bei Auslandslieferungen innerhalb von 5 &#8211; 30 Tagen nach Vertragsschluss (bei vereinbarter Vorauszahlung nach dem Zeitpunkt Ihrer Zahlungsanweisung).<\/span><br \/>\n<span class=\"Haendlerbund_Rechtstext_Absatz\">Beachten Sie, dass an Sonn- und Feiertagen keine Zustellung erfolgt.<\/span><br \/>\n<span class=\"Haendlerbund_Rechtstext_Absatz\">Haben Sie Artikel mit unterschiedlichen Lieferzeiten bestellt, versenden wir die Ware in einer gemeinsamen Sendung, sofern wir keine abweichenden Vereinbarungen mit Ihnen getroffen haben.<\/span>\u00a0<span class=\"Haendlerbund_Rechtstext_Absatz\">Die Lieferzeit bestimmt sich in diesem Fall nach dem Artikel mit der l\u00e4ngsten Lieferzeit den Sie bestellt haben.<\/span><br \/>\n<span class=\"Haendlerbund_Rechtstext_Absatz\">Bei Selbstabholung informieren wir Sie per E-Mail \u00fcber die Bereitstellung der Ware und die Abholm\u00f6glichkeiten. In diesem Fall werden keine Versandkosten berechnet.<\/span><\/p>\n<p><strong><span class=\"Haendlerbund_Rechtstext_Titel\">Akzeptierte Zahlungsm\u00f6glichkeiten<\/span><\/strong><\/p>\n<p><span class=\"Haendlerbund_Rechtstext_Absatz\"><strong>&#8211;\u00a0 <\/strong>Barzahlung bei Abholung<\/span><br \/>\n<span class=\"Haendlerbund_Rechtstext_Absatz\"><strong>&#8211;\u00a0 <\/strong>Vorkasse per \u00dcberweisung<\/span><br \/>\n<span class=\"Haendlerbund_Rechtstext_Absatz\">&#8211;\u00a0 Zahlung per Sofort \/ Sofort\u00fcberweisung<\/span><br \/>\n<span class=\"Haendlerbund_Rechtstext_Absatz\"><strong>&#8211;\u00a0<\/strong> Zahlung per Rechnung (\u00fcber Klarna)<\/span><br \/>\n<span class=\"Haendlerbund_Rechtstext_Absatz\"><strong>&#8211;\u00a0 <\/strong>Zahlung per Ratenkauf (\u00fcber Klarna)<\/span><br \/>\n<span class=\"Haendlerbund_Rechtstext_Absatz\">&#8211;\u00a0 Zahlung per Lastschrift (\u00fcber Klarna)<\/span><br \/>\n<span class=\"Haendlerbund_Rechtstext_Absatz\">&#8211;\u00a0 Zahlung per Kreditkarte (\u00fcber Klarna)<\/span><br \/>\n<span class=\"Haendlerbund_Rechtstext_Absatz\"><strong>&#8211;<\/strong>\u00a0 Zahlung per Kreditkarte (\u00fcber Secupay)<\/span><br \/>\n<span class=\"Haendlerbund_Rechtstext_Absatz\"><strong>&#8211;<\/strong>\u00a0 Zahlung per Lastschrift (\u00fcber Secupay)<\/span><\/p>\n<p><strong><span class=\"Haendlerbund_Rechtstext_Absatz\">\u00dcber PayPal Checkout:<\/span><\/strong><br \/>\n<span class=\"Haendlerbund_Rechtstext_Absatz\"><strong>&#8211;<\/strong>\u00a0 Zahlung per PayPal<\/span><br \/>\n<span class=\"Haendlerbund_Rechtstext_Absatz\">&#8211; Zahlung per Kreditkarte<\/span><br \/>\n<span class=\"Haendlerbund_Rechtstext_Absatz\">&#8211; Zahlung per SEPA-Lastschrift<\/span><br \/>\n<span class=\"Haendlerbund_Rechtstext_Absatz\">&#8211; Zahlung per Sofort\/Sofort\u00fcberweisung<\/span><br \/>\n<span class=\"Haendlerbund_Rechtstext_Absatz\">&#8211; Zahlung per giropay<\/span><br \/>\n<span class=\"Haendlerbund_Rechtstext_Absatz\">&#8211; Zahlung per Rechnung (\u00fcber Ratepay)<\/span><\/p>\n<p><span class=\"Haendlerbund_Rechtstext_Absatz\">Bei Fragen finden Sie unsere Kontaktdaten im Impressum.<\/span>[\/vc_column_text][\/vc_column][\/vc_row]<\/p>","protected":false},"excerpt":{"rendered":"<p>[vc_row bottom=&#8220;0px&#8220;][vc_column][rev_slider_vc alias=&#8220;ssst&#8220;][\/vc_column][\/vc_row][vc_row bottom=&#8220;0px&#8220;][vc_column][vc_heading title=&#8220;Zahlung und Versand&#8220;][\/vc_column][\/vc_row][vc_row][vc_column][vc_column_text]Zahlung und Versand Es gelten folgende Bedingungen: Die Lieferung erfolgt im Inland (Deutschland)\u00a0und in die nachstehenden L\u00e4nder: \u00d6sterreich, Belgien, Niederlande, Luxenburg, Italien, Schweiz, D\u00e4nemark. Versandkosten (inklusive gesetzliche Mehrwertsteuer) Lieferungen im Inland (Deutschland):\u00a0 Wir berechnen keine Versandkosten. Lieferungen ins Ausland: EU Erlaubt Bei Einzelbestellungen gelten folgende Preise Brutto Netto Bestellungen [&hellip;]<\/p>\n","protected":false},"author":5,"featured_media":0,"parent":0,"menu_order":0,"comment_status":"closed","ping_status":"closed","template":"page-full-width.php","meta":{"footnotes":""},"_links":{"self":[{"href":"https:\/\/steigerwald-zum-testen.anke-kirschenmann.com\/de\/wp-json\/wp\/v2\/pages\/3795"}],"collection":[{"href":"https:\/\/steigerwald-zum-testen.anke-kirschenmann.com\/de\/wp-json\/wp\/v2\/pages"}],"about":[{"href":"https:\/\/steigerwald-zum-testen.anke-kirschenmann.com\/de\/wp-json\/wp\/v2\/types\/page"}],"author":[{"embeddable":true,"href":"https:\/\/steigerwald-zum-testen.anke-kirschenmann.com\/de\/wp-json\/wp\/v2\/users\/5"}],"replies":[{"embeddable":true,"href":"https:\/\/steigerwald-zum-testen.anke-kirschenmann.com\/de\/wp-json\/wp\/v2\/comments?post=3795"}],"version-history":[{"count":1,"href":"https:\/\/steigerwald-zum-testen.anke-kirschenmann.com\/de\/wp-json\/wp\/v2\/pages\/3795\/revisions"}],"predecessor-version":[{"id":3796,"href":"https:\/\/steigerwald-zum-testen.anke-kirschenmann.com\/de\/wp-json\/wp\/v2\/pages\/3795\/revisions\/3796"}],"wp:attachment":[{"href":"https:\/\/steigerwald-zum-testen.anke-kirschenmann.com\/de\/wp-json\/wp\/v2\/media?parent=3795"}],"curies":[{"name":"wp","href":"https:\/\/api.w.org\/{rel}","templated":true}]}}