{"id":3691,"date":"2023-01-13T09:54:06","date_gmt":"2023-01-13T08:54:06","guid":{"rendered":"https:\/\/steigerwald-zum-testen.anke-kirschenmann.com\/?page_id=3691"},"modified":"2023-01-14T00:24:14","modified_gmt":"2023-01-13T23:24:14","slug":"trainingsspezialist-pferd-futterpunkte-9","status":"publish","type":"page","link":"https:\/\/steigerwald-zum-testen.anke-kirschenmann.com\/de\/seminare\/trainingsspezialist-pferd\/trainingsspezialist-pferd-verhaltensketten\/","title":{"rendered":"Trainingsspezialist Pferd: Verhaltensketten"},"content":{"rendered":"<p>[vc_row bottom=&#8220;0px&#8220;][vc_column][rev_slider_vc alias=&#8220;ssst&#8220;][\/vc_column][\/vc_row][vc_row bottom=&#8220;0px&#8220;][vc_column][vc_heading title=&#8220;Modul 10: Verhaltensketten&#8220;][\/vc_column][\/vc_row][vc_row][vc_column][vc_tta_tabs active_section=&#8220;1&#8243;][vc_tta_section title=&#8220;Beschreibung&#8220; tab_id=&#8220;1673598889313-53c1be5f-818e&#8220;][vc_column_text]<\/p>\n<div class=\"product-info-description col-md-8\">\n<div class=\"nav-tabs-container has-multi-tabs\">\n<div class=\"tab-content\">\n<div class=\"tab-pane active\">\n<div class=\"tab-body active\">\n<p>Verhaltensketten gezielt aufzubauen und zu erhalten ist eine besonderer Herausforderung in der Trainingswelt, die viele deiner bereits erlernten\u00a0F\u00e4higkeiten f\u00f6rdert und fordert.<\/p>\n<div>\n<p>Eine Verhaltenskette ist eine Verkn\u00fcpfung von \u201eEinzelverhalten\u201c zu einem Bewegungsablauf, der nach dem Startsignal ohne weitere Signale aus der Umwelt abl\u00e4uft. Eine Kette aufzubauen kann eine sehr komplexe Aufgabe sein, passiert im Alltag\u00a0jedoch auch h\u00e4ufig unbewusst. Wenn du \u00fcber Ketten Bescheid wei\u00dft, f\u00e4llt dir und deinem Pferd beides leichter: Die erw\u00fcnschten Ketten aufzubauen und die unerw\u00fcnschten zu verhindern. Genau das ist Ziel von Modul 10.<\/p>\n<p>Bei der Auseinandersetzung\u00a0mit Verhaltensketten in Theorie und Praxis entsteht eine neues -noch tieferes- Verst\u00e4ndnis der Lerngesetze, da dieses Thema pr\u00e4destiniert daf\u00fcr ist, alle Komponenten von Training in Kombination zu pr\u00e4sentieren.<\/p>\n<p>Inhalte dieses Moduls sind die unterschiedlichen Arten\u00a0von Ketten, den M\u00f6glichkeiten sie aufzubauen und auch die Schwierigkeiten, sie zu erhalten. Da das Erhalten meist deutlich anspruchsvoller als der Aufbau ist, garantiert es dir eine eindrucksvolle Demonstration der \u201eTrainingswaage\u201c, die wir als Trainer m\u00f6glichst immer ausbalancieren\u00a0k\u00f6nnen\u00a0sollten.<\/p>\n<\/div>\n<\/div>\n<\/div>\n<\/div>\n<\/div>\n<\/div>\n<p>[\/vc_column_text][\/vc_tta_section][vc_tta_section title=&#8220;Organisatorisches&#8220; tab_id=&#8220;1673598889327-98bf91bd-c0ee&#8220;][vc_column_text]<\/p>\n<div class=\"tab-body active\">\n<div class=\"tab-body active\">\n<div class=\"tab-body active\">\n<div class=\"vc_tta-panel-body\">\n<div class=\"wpb_text_column wpb_content_element \">\n<div class=\"wpb_wrapper\">\n<div class=\"tab-body active\">\n<p>Nach deiner Buchung per Mail und erfolgter Zahlung bekommst du die Zugangsdaten zum Mitgliederbereich der Online Academy bei Elopage. Hier sind die Lehrinhalte hinterlegt: Webinare, Mitschnitte, Hausaufgabenzettel und Coachings.<\/p>\n<p>Zu jedem Modul gibt es eine Webinaraufzeichnung, in dem das Skript besprochen wird und die Schwerpunkte der Lerninhalte gezeigt werden. Je besser dein Wissensnetz gekn\u00fcpft bist, desto mehr Details werden dir im Training auffallen und du kannst sie direkt ins Training einflie\u00dfen lassen. Wir wissen ja alle, dass Training ein Handwerk ist, und das bekommt seine Eleganz erst durch praktisches TUN.<\/p>\n<p>Von den Live-Seminaren gibt es Mitschnitte, in denen die praktischen Aufgaben erkl\u00e4rt werden und wo du die einzelnen Vorgehensweisen im Training mit den jeweiligen Besprechungen und Erkenntnissen mit diesem jeweiligen Pferd sehen kannst. Schaue sie dir am besten einzeln aufmerksam an.<\/p>\n<p>Dann geht es ans praktische Training der gezeigten Inhalte! Idealerweise filmst du jede Trainingseinheit mit einem Pferd deiner Wahl, welches die H\u00f6flichkeitsregeln beherrscht. F\u00fcr das Coaching via Zoom-Sitzung brauchen wir dann eine Sequenz von ca. 10 Minuten Training.<\/p>\n<p>Bitte schneide so etwas wie umplatzieren, Futter nachlegen oder Zwischenfragen von Stallkollegen raus. Du kannst sie bei einer guten Internetverbindung im Coaching \u00fcber \u201eBildschirm teilen\u201c von deinem heimischen Rechner aus laufen lassen. Weitere M\u00f6glichkeiten: Du l\u00e4dst sie bei Youtube auf deinem Kanal unter \u201enicht gelistet\u201c hoch und postest den Link im Zoom-Chat. Ich \u00f6ffne es und teile meinen Bildschirm. Oder du schickst mir das Video mit Wetransfer oder einem \u00e4hnlichen Dienst. Wir sehen es uns gemeinsam in der Gruppe an.<\/p>\n<p>Dann besprechen wir Vor- und Nachteile des Vorgehens, die Erkenntnisse daraus und wie die weiteren Trainingsschritte aussehen k\u00f6nnen. F\u00fcr dein Zertifikat sollte dann von jeder Aufgabe ein Zusammenschnitt bis zum Endverhalten erstellt werden, die Anforderungen findest du in dem Hausaufgaben-PDF. Die Online Coachings eines Moduls finden mit monatlichem Abstand via Zoom statt.<br \/>\nBitte erw\u00e4hne auch bei deiner Anmeldung, welche Zeit du pr\u00e4ferierst bzw. ob es absolute No-Gos gibt.<\/p>\n<\/div>\n<\/div>\n<\/div>\n<\/div>\n<\/div>\n<\/div>\n<\/div>\n<p>[\/vc_column_text][\/vc_tta_section][\/vc_tta_tabs][\/vc_column][\/vc_row]<\/p>","protected":false},"excerpt":{"rendered":"<p>[vc_row bottom=&#8220;0px&#8220;][vc_column][rev_slider_vc alias=&#8220;ssst&#8220;][\/vc_column][\/vc_row][vc_row bottom=&#8220;0px&#8220;][vc_column][vc_heading title=&#8220;Modul 10: Verhaltensketten&#8220;][\/vc_column][\/vc_row][vc_row][vc_column][vc_tta_tabs active_section=&#8220;1&#8243;][vc_tta_section title=&#8220;Beschreibung&#8220; tab_id=&#8220;1673598889313-53c1be5f-818e&#8220;][vc_column_text] Verhaltensketten gezielt aufzubauen und zu erhalten ist eine besonderer Herausforderung in der Trainingswelt, die viele deiner bereits erlernten\u00a0F\u00e4higkeiten f\u00f6rdert und fordert. Eine Verhaltenskette ist eine Verkn\u00fcpfung von \u201eEinzelverhalten\u201c zu einem Bewegungsablauf, der nach dem Startsignal ohne weitere Signale aus der Umwelt abl\u00e4uft. Eine Kette aufzubauen [&hellip;]<\/p>\n","protected":false},"author":5,"featured_media":0,"parent":3338,"menu_order":0,"comment_status":"closed","ping_status":"closed","template":"page-full-width.php","meta":{"footnotes":""},"_links":{"self":[{"href":"https:\/\/steigerwald-zum-testen.anke-kirschenmann.com\/de\/wp-json\/wp\/v2\/pages\/3691"}],"collection":[{"href":"https:\/\/steigerwald-zum-testen.anke-kirschenmann.com\/de\/wp-json\/wp\/v2\/pages"}],"about":[{"href":"https:\/\/steigerwald-zum-testen.anke-kirschenmann.com\/de\/wp-json\/wp\/v2\/types\/page"}],"author":[{"embeddable":true,"href":"https:\/\/steigerwald-zum-testen.anke-kirschenmann.com\/de\/wp-json\/wp\/v2\/users\/5"}],"replies":[{"embeddable":true,"href":"https:\/\/steigerwald-zum-testen.anke-kirschenmann.com\/de\/wp-json\/wp\/v2\/comments?post=3691"}],"version-history":[{"count":2,"href":"https:\/\/steigerwald-zum-testen.anke-kirschenmann.com\/de\/wp-json\/wp\/v2\/pages\/3691\/revisions"}],"predecessor-version":[{"id":3772,"href":"https:\/\/steigerwald-zum-testen.anke-kirschenmann.com\/de\/wp-json\/wp\/v2\/pages\/3691\/revisions\/3772"}],"up":[{"embeddable":true,"href":"https:\/\/steigerwald-zum-testen.anke-kirschenmann.com\/de\/wp-json\/wp\/v2\/pages\/3338"}],"wp:attachment":[{"href":"https:\/\/steigerwald-zum-testen.anke-kirschenmann.com\/de\/wp-json\/wp\/v2\/media?parent=3691"}],"curies":[{"name":"wp","href":"https:\/\/api.w.org\/{rel}","templated":true}]}}