{"id":3683,"date":"2023-01-13T09:46:59","date_gmt":"2023-01-13T08:46:59","guid":{"rendered":"https:\/\/steigerwald-zum-testen.anke-kirschenmann.com\/?page_id=3683"},"modified":"2023-01-14T00:15:00","modified_gmt":"2023-01-13T23:15:00","slug":"trainingsspezialist-pferd-futterpunkte-6","status":"publish","type":"page","link":"https:\/\/steigerwald-zum-testen.anke-kirschenmann.com\/de\/seminare\/trainingsspezialist-pferd\/trainingsspezialist-pferd-diskriminierung\/","title":{"rendered":"Trainingsspezialist Pferd: Diskriminierung"},"content":{"rendered":"<p>[vc_row bottom=&#8220;0px&#8220;][vc_column][rev_slider_vc alias=&#8220;ssst&#8220;][\/vc_column][\/vc_row][vc_row bottom=&#8220;0px&#8220;][vc_column][vc_heading title=&#8220;Modul 6: Unterscheidungsaufgaben&#8220;][\/vc_column][\/vc_row][vc_row][vc_column][vc_tta_tabs active_section=&#8220;1&#8243;][vc_tta_section title=&#8220;Beschreibung&#8220; tab_id=&#8220;1673598889313-53c1be5f-818e&#8220;][vc_column_text]<\/p>\n<div class=\"product-info-description col-md-8\">\n<div class=\"nav-tabs-container has-multi-tabs\">\n<div class=\"tab-content\">\n<div class=\"tab-pane active\">\n<div class=\"tab-body active\">\n<figure id=\"attachment_454\" aria-describedby=\"caption-attachment-454\" style=\"width: 150px\" class=\"wp-caption alignleft\"><img loading=\"lazy\" decoding=\"async\" class=\"wp-image-454 size-thumbnail\" src=\"https:\/\/steigerwald-zum-testen.anke-kirschenmann.com\/wp-content\/uploads\/2018\/11\/trainingsspezialist-pferd-5-150x150.jpg\" alt=\"Trainingsspezialist Pferd Modul 5Trainingsspezialist Pferd Modul 5\" width=\"150\" height=\"150\" \/><figcaption id=\"caption-attachment-454\" class=\"wp-caption-text\">Trainingsspezialist Pferd Modul 6<\/figcaption><\/figure>\n<p>Unterscheidungsaufgaben eignen sich besonders gut, um sich selber im kritischen Hinterfragen zu schulen. Du wirst die bereits\u00a0erlernten F\u00e4higkeiten aus Modul 1 bis 5 festigen, \u00fcberpr\u00fcfen und kombiniert anwenden.<\/p>\n<div>\n<p>Bei Unterscheidungsaufgaben soll dein Pferd aus\u00a0\u00e4hnlichen Gegenst\u00e4nden\u00a0den richtigen herausfinden und daraufhin ein definiertes Verhalten zeigen. Dieses Verhalten nennen wir Anzeige. Welche Anzeige sinnvoll ist und wie du sie aufbaust, wird nat\u00fcrlich zun\u00e4chst in Skript und Webinaraufzeichnung behandelt, bevor du diese\u00a0Erkenntnisse in der Praxis erprobst.<\/p>\n<p>Dar\u00fcber hinaus geht es in diesem Modul darum, einem Tier die sogenannte Diskriminierung\u202f verschiedener Gegenst\u00e4nde, Symbole,\u202f Ger\u00fcche\u00a0o.\u00e4\u202f nachvollziehbar zu erkl\u00e4ren. Dabei gibt es einige spannende Sonderformen\u00a0beim Training, an Hand derer wir viele Facetten von Training anschaulich erleben\u00a0k\u00f6nnen.\u00a0Denn wie immer geht es auch bei dieser Aufgabe nicht um das Verhalten, dass dein Pferd lernt, sondern darum deinen Blick auf Training zu sch\u00e4rfen und zu verfeinern.<\/p>\n<p>Das ungemein wertvolle &#8222;kritische Hinterfragen&#8220; bietet sich bei Unterscheidungsaufgaben sehr an, da\u00a0wir\u00a0nicht immer beeinflussen k\u00f6nnen, was unser Tier verkn\u00fcpft und ob es wirklich das lernt, was wir geplant hatten. Aber wir k\u00f6nnen versuchen es herauszufinden. Zeigt das Pferd m\u00f6glicherweise den Gegenstand an, in dessen Richtung der Trainer blinzelt? Gelingt die Unterscheidung nur dann, wenn der Co-Trainer daneben steht? Es kann \u00fcberraschend bis erheiternd sein, welche Ergebnisse ein kritischer Blick auf das Trainingsergebnis liefert.<\/p>\n<\/div>\n<\/div>\n<\/div>\n<\/div>\n<\/div>\n<\/div>\n<p>[\/vc_column_text][\/vc_tta_section][vc_tta_section title=&#8220;Organisatorisches&#8220; tab_id=&#8220;1673598889327-98bf91bd-c0ee&#8220;][vc_column_text]<\/p>\n<div class=\"tab-body active\">\n<p>Nach deiner Buchung per Mail und erfolgter Zahlung bekommst du die Zugangsdaten zum Mitgliederbereich der Online Academy bei Elopage. Hier sind die Lehrinhalte hinterlegt: Webinare, Mitschnitte, Hausaufgabenzettel und Coachings.<\/p>\n<p>Zu jedem Modul gibt es eine Webinaraufzeichnung, in dem das Skript besprochen wird und die Schwerpunkte der Lerninhalte gezeigt werden. Je besser dein Wissensnetz gekn\u00fcpft bist, desto mehr Details werden dir im Training auffallen und du kannst sie direkt ins Training einflie\u00dfen lassen. Wir wissen ja alle, dass Training ein Handwerk ist, und das bekommt seine Eleganz erst durch praktisches TUN.<\/p>\n<p>Von den Live-Seminaren gibt es Mitschnitte, in denen die praktischen Aufgaben erkl\u00e4rt werden und wo du die einzelnen Vorgehensweisen im Training mit den jeweiligen Besprechungen und Erkenntnissen mit diesem jeweiligen Pferd sehen kannst. Schaue sie dir am besten einzeln aufmerksam an.<\/p>\n<p>Dann geht es ans praktische Training der gezeigten Inhalte! Idealerweise filmst du jede Trainingseinheit mit einem Pferd deiner Wahl, welches die H\u00f6flichkeitsregeln beherrscht. F\u00fcr das Coaching via Zoom-Sitzung brauchen wir dann eine Sequenz von ca. 10 Minuten Training.<\/p>\n<p>Bitte schneide so etwas wie umplatzieren, Futter nachlegen oder Zwischenfragen von Stallkollegen raus. Du kannst sie bei einer guten Internetverbindung im Coaching \u00fcber \u201eBildschirm teilen\u201c von deinem heimischen Rechner aus laufen lassen. Weitere M\u00f6glichkeiten: Du l\u00e4dst sie bei Youtube auf deinem Kanal unter \u201enicht gelistet\u201c hoch und postest den Link im Zoom-Chat. Ich \u00f6ffne es und teile meinen Bildschirm. Oder du schickst mir das Video mit Wetransfer oder einem \u00e4hnlichen Dienst. Wir sehen es uns gemeinsam in der Gruppe an.<\/p>\n<p>Dann besprechen wir Vor- und Nachteile des Vorgehens, die Erkenntnisse daraus und wie die weiteren Trainingsschritte aussehen k\u00f6nnen. F\u00fcr dein Zertifikat sollte dann von jeder Aufgabe ein Zusammenschnitt bis zum Endverhalten erstellt werden, die Anforderungen findest du in dem Hausaufgaben-PDF. Die Online Coachings eines Moduls finden mit monatlichem Abstand via Zoom statt.<br \/>\nBitte erw\u00e4hne auch bei deiner Anmeldung, welche Zeit du pr\u00e4ferierst bzw. ob es absolute No-Gos gibt.<\/p>\n<\/div>\n<p>[\/vc_column_text][\/vc_tta_section][\/vc_tta_tabs][\/vc_column][\/vc_row]<\/p>","protected":false},"excerpt":{"rendered":"<p>[vc_row bottom=&#8220;0px&#8220;][vc_column][rev_slider_vc alias=&#8220;ssst&#8220;][\/vc_column][\/vc_row][vc_row bottom=&#8220;0px&#8220;][vc_column][vc_heading title=&#8220;Modul 6: Unterscheidungsaufgaben&#8220;][\/vc_column][\/vc_row][vc_row][vc_column][vc_tta_tabs active_section=&#8220;1&#8243;][vc_tta_section title=&#8220;Beschreibung&#8220; tab_id=&#8220;1673598889313-53c1be5f-818e&#8220;][vc_column_text] Unterscheidungsaufgaben eignen sich besonders gut, um sich selber im kritischen Hinterfragen zu schulen. Du wirst die bereits\u00a0erlernten F\u00e4higkeiten aus Modul 1 bis 5 festigen, \u00fcberpr\u00fcfen und kombiniert anwenden. Bei Unterscheidungsaufgaben soll dein Pferd aus\u00a0\u00e4hnlichen Gegenst\u00e4nden\u00a0den richtigen herausfinden und daraufhin ein definiertes Verhalten zeigen. Dieses Verhalten [&hellip;]<\/p>\n","protected":false},"author":5,"featured_media":0,"parent":3338,"menu_order":0,"comment_status":"closed","ping_status":"closed","template":"page-full-width.php","meta":{"footnotes":""},"_links":{"self":[{"href":"https:\/\/steigerwald-zum-testen.anke-kirschenmann.com\/de\/wp-json\/wp\/v2\/pages\/3683"}],"collection":[{"href":"https:\/\/steigerwald-zum-testen.anke-kirschenmann.com\/de\/wp-json\/wp\/v2\/pages"}],"about":[{"href":"https:\/\/steigerwald-zum-testen.anke-kirschenmann.com\/de\/wp-json\/wp\/v2\/types\/page"}],"author":[{"embeddable":true,"href":"https:\/\/steigerwald-zum-testen.anke-kirschenmann.com\/de\/wp-json\/wp\/v2\/users\/5"}],"replies":[{"embeddable":true,"href":"https:\/\/steigerwald-zum-testen.anke-kirschenmann.com\/de\/wp-json\/wp\/v2\/comments?post=3683"}],"version-history":[{"count":7,"href":"https:\/\/steigerwald-zum-testen.anke-kirschenmann.com\/de\/wp-json\/wp\/v2\/pages\/3683\/revisions"}],"predecessor-version":[{"id":3769,"href":"https:\/\/steigerwald-zum-testen.anke-kirschenmann.com\/de\/wp-json\/wp\/v2\/pages\/3683\/revisions\/3769"}],"up":[{"embeddable":true,"href":"https:\/\/steigerwald-zum-testen.anke-kirschenmann.com\/de\/wp-json\/wp\/v2\/pages\/3338"}],"wp:attachment":[{"href":"https:\/\/steigerwald-zum-testen.anke-kirschenmann.com\/de\/wp-json\/wp\/v2\/media?parent=3683"}],"curies":[{"name":"wp","href":"https:\/\/api.w.org\/{rel}","templated":true}]}}