{"id":3681,"date":"2023-01-13T09:45:30","date_gmt":"2023-01-13T08:45:30","guid":{"rendered":"https:\/\/steigerwald-zum-testen.anke-kirschenmann.com\/?page_id=3681"},"modified":"2023-01-13T20:08:05","modified_gmt":"2023-01-13T19:08:05","slug":"trainingsspezialist-pferd-futterpunkte-5","status":"publish","type":"page","link":"https:\/\/steigerwald-zum-testen.anke-kirschenmann.com\/de\/seminare\/trainingsspezialist-pferd\/trainingsspezialist-pferd-plaene-und-dokumentation\/","title":{"rendered":"Trainingsspezialist Pferd: Pl\u00e4ne und Dokumentation"},"content":{"rendered":"<p>[vc_row bottom=&#8220;0px&#8220;][vc_column][rev_slider_vc alias=&#8220;ssst&#8220;][\/vc_column][\/vc_row][vc_row bottom=&#8220;0px&#8220;][vc_column][vc_heading title=&#8220;Modul 5: Trainingspl\u00e4ne und Dokumentation&#8220;][\/vc_column][\/vc_row][vc_row][vc_column][vc_tta_tabs active_section=&#8220;1&#8243;][vc_tta_section title=&#8220;Beschreibung&#8220; tab_id=&#8220;1673598889313-53c1be5f-818e&#8220;][vc_column_text]<\/p>\n<div class=\"product-info-description col-md-8\">\n<div class=\"nav-tabs-container has-multi-tabs\">\n<div class=\"tab-content\">\n<div class=\"tab-pane active\">\n<div class=\"tab-body active\">\n<p>Wenn du wei\u00dft, was du tust, kann dein Tier tun, was du willst.<\/p>\n<div>\n<p>Diesen Satz liest oder h\u00f6rst du eventuell h\u00e4ufiger bei uns, denn wir k\u00f6nnen es nicht oft genug sagen: Je genauer wir unser Ziel und unseren Weg dahin kennen, desto schneller kann unser Tier diesen Trainingsweg mit uns gehen.\u00a0In\u00a0Modul 5\u00a0machen wir uns auf die Suche nach m\u00f6glichst effektiven M\u00f6glichkeiten unser Training zu planen und zu dokumentieren, denn beides kann die und deinem Pferd zu noch mehr Spa\u00df und Erfolg im Training verhelfen.<\/p>\n<p>Ein guter Trainingsplan beschreibt den Weg vom Ist-Zustand zum Zielverhalten. Je genauer wir wissen, wo wir hinm\u00f6chten, desto schneller erkennen wir, wann unser Training in eine andere Richtung abweicht. Dann k\u00f6nnen wir noch problemlos gegenlenken und auf unserem Weg bleiben.<\/p>\n<p>Ein Plan enth\u00e4lt au\u00dferdem die Trainingsschritte, d.h. die Etappen auf dem Weg zu diesem Ziel. Planst du diese im Vorfeld, so kannst du dich\u00a0beim Training am Pferd bestens auf die Umsetzung konzentrieren und die richtigen Entscheidungen treffen. Deshalb machen wir uns auch\u00a0Gedanken \u00fcber eventuell auftretende Probleme und m\u00f6gliche L\u00f6sungen. Dann k\u00f6nnen wir im Training souver\u00e4n darauf reagieren.<\/p>\n<p>Dieses Modul schafft Raum, um eigene Pl\u00e4ne zu entwerfen und auf ihre Umsetzbarkeit hin zu \u00fcberpr\u00fcfen. Gleiches gilt f\u00fcr die Dokumentation. Man kann vieles dokumentieren, aber nicht alles bringt dich im Training tats\u00e4chlich weiter. Deshalb setzen wir uns mit den Vor- und Nachteilen verschiedenen Dokumentationsvarianten auseinander und testen ihre Anwendbarkeit. Durch diese Dokumentaionen\u00a0kannst du dein eigenes Training reflektieren\u00a0und verbessern, denn sie\u00a0geben nicht nur wichtige Informationen \u00fcber den Trainingsstand deines Pferdes, sondern auch \u00fcber deinen eigenen.<\/p>\n<\/div>\n<\/div>\n<\/div>\n<\/div>\n<\/div>\n<\/div>\n<p>[\/vc_column_text][\/vc_tta_section][vc_tta_section title=&#8220;Organisatorisches&#8220; tab_id=&#8220;1673598889327-98bf91bd-c0ee&#8220;][vc_column_text]<\/p>\n<div class=\"tab-body active\">\n<p>Nach deiner Buchung per Mail und erfolgter Zahlung bekommst du die Zugangsdaten zum Mitgliederbereich der Online Academy bei Elopage. Hier sind die Lehrinhalte hinterlegt: Webinare, Mitschnitte, Hausaufgabenzettel und Coachings.<\/p>\n<p>Zu jedem Modul gibt es eine Webinaraufzeichnung, in dem das Skript besprochen wird und die Schwerpunkte der Lerninhalte gezeigt werden. Je besser dein Wissensnetz gekn\u00fcpft bist, desto mehr Details werden dir im Training auffallen und du kannst sie direkt ins Training einflie\u00dfen lassen. Wir wissen ja alle, dass Training ein Handwerk ist, und das bekommt seine Eleganz erst durch praktisches TUN.<\/p>\n<p>Von den Live-Seminaren gibt es Mitschnitte, in denen die praktischen Aufgaben erkl\u00e4rt werden und wo du die einzelnen Vorgehensweisen im Training mit den jeweiligen Besprechungen und Erkenntnissen mit diesem jeweiligen Pferd sehen kannst. Schaue sie dir am besten einzeln aufmerksam an.<\/p>\n<p>Dann geht es ans praktische Training der gezeigten Inhalte! Idealerweise filmst du jede Trainingseinheit mit einem Pferd deiner Wahl, welches die H\u00f6flichkeitsregeln beherrscht. F\u00fcr das Coaching via Zoom-Sitzung brauchen wir dann eine Sequenz von ca. 10 Minuten Training.<\/p>\n<p>Bitte schneide so etwas wie umplatzieren, Futter nachlegen oder Zwischenfragen von Stallkollegen raus. Du kannst sie bei einer guten Internetverbindung im Coaching \u00fcber \u201eBildschirm teilen\u201c von deinem heimischen Rechner aus laufen lassen. Weitere M\u00f6glichkeiten: Du l\u00e4dst sie bei Youtube auf deinem Kanal unter \u201enicht gelistet\u201c hoch und postest den Link im Zoom-Chat. Ich \u00f6ffne es und teile meinen Bildschirm. Oder du schickst mir das Video mit Wetransfer oder einem \u00e4hnlichen Dienst. Wir sehen es uns gemeinsam in der Gruppe an.<\/p>\n<p>Dann besprechen wir Vor- und Nachteile des Vorgehens, die Erkenntnisse daraus und wie die weiteren Trainings- schritte aussehen k\u00f6nnen. F\u00fcr dein Zertifikat sollte dann von jeder Aufgabe ein Zusammenschnitt bis zum Endverhalten erstellt werden, die Anforderungen findest du in dem Hausaufgaben-PDF. Die Online Coachings eines Moduls finden mit monatlichem Abstand via Zoom statt.<br \/>\nBitte erw\u00e4hne auch bei deiner Anmeldung, welche Zeit du pr\u00e4ferierst bzw. ob es absolute No-Gos gibt.<\/p>\n<\/div>\n<p>[\/vc_column_text][\/vc_tta_section][\/vc_tta_tabs][\/vc_column][\/vc_row]<\/p>","protected":false},"excerpt":{"rendered":"<p>[vc_row bottom=&#8220;0px&#8220;][vc_column][rev_slider_vc alias=&#8220;ssst&#8220;][\/vc_column][\/vc_row][vc_row bottom=&#8220;0px&#8220;][vc_column][vc_heading title=&#8220;Modul 5: Trainingspl\u00e4ne und Dokumentation&#8220;][\/vc_column][\/vc_row][vc_row][vc_column][vc_tta_tabs active_section=&#8220;1&#8243;][vc_tta_section title=&#8220;Beschreibung&#8220; tab_id=&#8220;1673598889313-53c1be5f-818e&#8220;][vc_column_text] Wenn du wei\u00dft, was du tust, kann dein Tier tun, was du willst. Diesen Satz liest oder h\u00f6rst du eventuell h\u00e4ufiger bei uns, denn wir k\u00f6nnen es nicht oft genug sagen: Je genauer wir unser Ziel und unseren Weg dahin kennen, desto schneller [&hellip;]<\/p>\n","protected":false},"author":5,"featured_media":0,"parent":3338,"menu_order":0,"comment_status":"closed","ping_status":"closed","template":"page-full-width.php","meta":{"footnotes":""},"_links":{"self":[{"href":"https:\/\/steigerwald-zum-testen.anke-kirschenmann.com\/de\/wp-json\/wp\/v2\/pages\/3681"}],"collection":[{"href":"https:\/\/steigerwald-zum-testen.anke-kirschenmann.com\/de\/wp-json\/wp\/v2\/pages"}],"about":[{"href":"https:\/\/steigerwald-zum-testen.anke-kirschenmann.com\/de\/wp-json\/wp\/v2\/types\/page"}],"author":[{"embeddable":true,"href":"https:\/\/steigerwald-zum-testen.anke-kirschenmann.com\/de\/wp-json\/wp\/v2\/users\/5"}],"replies":[{"embeddable":true,"href":"https:\/\/steigerwald-zum-testen.anke-kirschenmann.com\/de\/wp-json\/wp\/v2\/comments?post=3681"}],"version-history":[{"count":3,"href":"https:\/\/steigerwald-zum-testen.anke-kirschenmann.com\/de\/wp-json\/wp\/v2\/pages\/3681\/revisions"}],"predecessor-version":[{"id":3709,"href":"https:\/\/steigerwald-zum-testen.anke-kirschenmann.com\/de\/wp-json\/wp\/v2\/pages\/3681\/revisions\/3709"}],"up":[{"embeddable":true,"href":"https:\/\/steigerwald-zum-testen.anke-kirschenmann.com\/de\/wp-json\/wp\/v2\/pages\/3338"}],"wp:attachment":[{"href":"https:\/\/steigerwald-zum-testen.anke-kirschenmann.com\/de\/wp-json\/wp\/v2\/media?parent=3681"}],"curies":[{"name":"wp","href":"https:\/\/api.w.org\/{rel}","templated":true}]}}