{"id":3679,"date":"2023-01-13T09:44:02","date_gmt":"2023-01-13T08:44:02","guid":{"rendered":"https:\/\/steigerwald-zum-testen.anke-kirschenmann.com\/?page_id=3679"},"modified":"2023-01-14T00:09:55","modified_gmt":"2023-01-13T23:09:55","slug":"trainingsspezialist-pferd-futterpunkte-4","status":"publish","type":"page","link":"https:\/\/steigerwald-zum-testen.anke-kirschenmann.com\/de\/seminare\/trainingsspezialist-pferd\/trainingsspezialist-pferd-trainingskriterien\/","title":{"rendered":"Trainingsspezialist Pferd: Trainingskriterien"},"content":{"rendered":"<p>[vc_row bottom=&#8220;0px&#8220;][vc_column][rev_slider_vc alias=&#8220;ssst&#8220;][\/vc_column][\/vc_row][vc_row bottom=&#8220;0px&#8220;][vc_column][vc_heading title=&#8220;Modul 4: Trainingskriterien&#8220;][\/vc_column][\/vc_row][vc_row][vc_column][vc_tta_tabs active_section=&#8220;1&#8243;][vc_tta_section title=&#8220;Beschreibung&#8220; tab_id=&#8220;1673598889313-53c1be5f-818e&#8220;][vc_column_text]<\/p>\n<div class=\"product-info-description col-md-8\">\n<div class=\"nav-tabs-container has-multi-tabs\">\n<div class=\"tab-content\">\n<div class=\"tab-pane active\">\n<div class=\"tab-body active\">\n<p><img loading=\"lazy\" decoding=\"async\" class=\"alignleft wp-image-3526 size-thumbnail\" src=\"https:\/\/steigerwald-zum-testen.anke-kirschenmann.com\/wp-content\/uploads\/2018\/01\/trainingsspezialist-pferd-4_69_0-150x150.jpg\" alt=\"\" width=\"150\" height=\"150\" \/>Je klarer\u00a0die Trainingskriterien\u00a0vom Menschen gesetzt und beibehalten werden, desto leichter f\u00e4llt es deinem Pferd zu erfassen, welches Verhalten sich lohnt und erw\u00fcnscht ist.<\/p>\n<div>\n<p>In Modul 4 stehen Trainingskriterien, also die Inhalte der einzelnen Trainingsschritte,\u00a0im Mittelpunkt des Moduls. Sie z\u00e4hlen zu den drei S\u00e4ulen von gutem Training und entscheiden ma\u00dfgeblich \u00fcber dessen Erfolg. Du solltest das Kriterium stets so w\u00e4hlen, dass dein Pferd es mindestens 4 von 5 Malen erf\u00fcllen kann und es steigern, wenn es zuverl\u00e4ssig erf\u00fcllt wird.\u00a0Wann immer der Eindruck entsteht, dass das Training stagniert, lohnt sich der Blick auf unser Kriterium, h\u00e4ufig liegt dort der Knackpunkt. Daher es ist es f\u00fcr dich elementar\u00a0erkennen zu lernen, wann es zu leicht oder schwer ist und dein Training entsprechend anzupassen.<\/p>\n<p>Eine gro\u00dfe Bedeutung kommt in dem Zusammenhang auch den Futterpunkten zu, weshalb du in\u00a0Modul 4 massiv von gut verlinnerlichtem Modul 1 profizieren wirst. Sie sind und bleiben ein zentrales Thema! Au\u00dferdem werden wird es in Skript und Webinaraufzeichnung \u00fcber den Einfluss der Verhaltensmasse -der Menge der Verst\u00e4rker, die f\u00fcr ein Verhalten gegeben wurden-\u00a0sprechen. Beleuchtet werden dar\u00fcberhinaus\u00a0die verschiedenen\u00a0Strategien um Dauer aufzubauen.<\/p>\n<p>Wie immer geht es darum, dass du den theoretischen Input praktisch und reflektiert umsetzt und durch deine\u00a0eigenen Erfahrungen und Beispiele\u00a0noch nachhaltiger in dein bereits vorhandene Wissensnetz einarbeiten kannst.<\/p>\n<\/div>\n<\/div>\n<\/div>\n<\/div>\n<\/div>\n<\/div>\n<p>[\/vc_column_text][\/vc_tta_section][vc_tta_section title=&#8220;Organisatorisches&#8220; tab_id=&#8220;1673598889327-98bf91bd-c0ee&#8220;][vc_column_text]<\/p>\n<div class=\"tab-body active\">\n<div class=\"vc_tta-panel-body\">\n<div class=\"wpb_text_column wpb_content_element \">\n<div class=\"wpb_wrapper\">\n<div class=\"tab-body active\">\n<p>Nach deiner Buchung per Mail und erfolgter Zahlung bekommst du die Zugangsdaten zum Mitgliederbereich der Online Academy bei Elopage. Hier sind die Lehrinhalte hinterlegt: Webinare, Mitschnitte, Hausaufgabenzettel und Coachings.<\/p>\n<p>Zu jedem Modul gibt es eine Webinaraufzeichnung, in dem das Skript besprochen wird und die Schwerpunkte der Lerninhalte gezeigt werden. Je besser dein Wissensnetz gekn\u00fcpft bist, desto mehr Details werden dir im Training auffallen und du kannst sie direkt ins Training einflie\u00dfen lassen. Wir wissen ja alle, dass Training ein Handwerk ist, und das bekommt seine Eleganz erst durch praktisches TUN.<\/p>\n<p>Von den Live-Seminaren gibt es Mitschnitte, in denen die praktischen Aufgaben erkl\u00e4rt werden und wo du die einzelnen Vorgehensweisen im Training mit den jeweiligen Besprechungen und Erkenntnissen mit diesem jeweiligen Pferd sehen kannst. Schaue sie dir am besten einzeln aufmerksam an.<\/p>\n<p>Dann geht es ans praktische Training der gezeigten Inhalte! Idealerweise filmst du jede Trainingseinheit mit einem Pferd deiner Wahl, welches die H\u00f6flichkeitsregeln beherrscht. F\u00fcr das Coaching via Zoom-Sitzung brauchen wir dann eine Sequenz von ca. 10 Minuten Training.<\/p>\n<p>Bitte schneide so etwas wie umplatzieren, Futter nachlegen oder Zwischenfragen von Stallkollegen raus. Du kannst sie bei einer guten Internetverbindung im Coaching \u00fcber \u201eBildschirm teilen\u201c von deinem heimischen Rechner aus laufen lassen. Weitere M\u00f6glichkeiten: Du l\u00e4dst sie bei Youtube auf deinem Kanal unter \u201enicht gelistet\u201c hoch und postest den Link im Zoom-Chat. Ich \u00f6ffne es und teile meinen Bildschirm. Oder du schickst mir das Video mit Wetransfer oder einem \u00e4hnlichen Dienst. Wir sehen es uns gemeinsam in der Gruppe an.<\/p>\n<p>Dann besprechen wir Vor- und Nachteile des Vorgehens, die Erkenntnisse daraus und wie die weiteren Trainingsschritte aussehen k\u00f6nnen. F\u00fcr dein Zertifikat sollte dann von jeder Aufgabe ein Zusammenschnitt bis zum Endverhalten erstellt werden, die Anforderungen findest du in dem Hausaufgaben-PDF. Die Online Coachings eines Moduls finden mit monatlichem Abstand via Zoom statt.<br \/>\nBitte erw\u00e4hne auch bei deiner Anmeldung, welche Zeit du pr\u00e4ferierst bzw. ob es absolute No-Gos gibt.<\/p>\n<\/div>\n<\/div>\n<\/div>\n<\/div>\n<\/div>\n<p>[\/vc_column_text][\/vc_tta_section][\/vc_tta_tabs][\/vc_column][\/vc_row]<\/p>","protected":false},"excerpt":{"rendered":"<p>[vc_row bottom=&#8220;0px&#8220;][vc_column][rev_slider_vc alias=&#8220;ssst&#8220;][\/vc_column][\/vc_row][vc_row bottom=&#8220;0px&#8220;][vc_column][vc_heading title=&#8220;Modul 4: Trainingskriterien&#8220;][\/vc_column][\/vc_row][vc_row][vc_column][vc_tta_tabs active_section=&#8220;1&#8243;][vc_tta_section title=&#8220;Beschreibung&#8220; tab_id=&#8220;1673598889313-53c1be5f-818e&#8220;][vc_column_text] Je klarer\u00a0die Trainingskriterien\u00a0vom Menschen gesetzt und beibehalten werden, desto leichter f\u00e4llt es deinem Pferd zu erfassen, welches Verhalten sich lohnt und erw\u00fcnscht ist. In Modul 4 stehen Trainingskriterien, also die Inhalte der einzelnen Trainingsschritte,\u00a0im Mittelpunkt des Moduls. Sie z\u00e4hlen zu den drei S\u00e4ulen von gutem [&hellip;]<\/p>\n","protected":false},"author":5,"featured_media":0,"parent":3338,"menu_order":0,"comment_status":"closed","ping_status":"closed","template":"page-full-width.php","meta":{"footnotes":""},"_links":{"self":[{"href":"https:\/\/steigerwald-zum-testen.anke-kirschenmann.com\/de\/wp-json\/wp\/v2\/pages\/3679"}],"collection":[{"href":"https:\/\/steigerwald-zum-testen.anke-kirschenmann.com\/de\/wp-json\/wp\/v2\/pages"}],"about":[{"href":"https:\/\/steigerwald-zum-testen.anke-kirschenmann.com\/de\/wp-json\/wp\/v2\/types\/page"}],"author":[{"embeddable":true,"href":"https:\/\/steigerwald-zum-testen.anke-kirschenmann.com\/de\/wp-json\/wp\/v2\/users\/5"}],"replies":[{"embeddable":true,"href":"https:\/\/steigerwald-zum-testen.anke-kirschenmann.com\/de\/wp-json\/wp\/v2\/comments?post=3679"}],"version-history":[{"count":4,"href":"https:\/\/steigerwald-zum-testen.anke-kirschenmann.com\/de\/wp-json\/wp\/v2\/pages\/3679\/revisions"}],"predecessor-version":[{"id":3768,"href":"https:\/\/steigerwald-zum-testen.anke-kirschenmann.com\/de\/wp-json\/wp\/v2\/pages\/3679\/revisions\/3768"}],"up":[{"embeddable":true,"href":"https:\/\/steigerwald-zum-testen.anke-kirschenmann.com\/de\/wp-json\/wp\/v2\/pages\/3338"}],"wp:attachment":[{"href":"https:\/\/steigerwald-zum-testen.anke-kirschenmann.com\/de\/wp-json\/wp\/v2\/media?parent=3679"}],"curies":[{"name":"wp","href":"https:\/\/api.w.org\/{rel}","templated":true}]}}