{"id":3677,"date":"2023-01-13T09:42:15","date_gmt":"2023-01-13T08:42:15","guid":{"rendered":"https:\/\/steigerwald-zum-testen.anke-kirschenmann.com\/?page_id=3677"},"modified":"2023-01-14T00:04:41","modified_gmt":"2023-01-13T23:04:41","slug":"trainingsspezialist-pferd-futterpunkte-3","status":"publish","type":"page","link":"https:\/\/steigerwald-zum-testen.anke-kirschenmann.com\/de\/seminare\/trainingsspezialist-pferd\/trainingsspezialist-pferd-signale-und-signalkontrolle\/","title":{"rendered":"Trainingsspezialist Pferd: Signale und Signalkontrolle"},"content":{"rendered":"<p>[vc_row bottom=&#8220;0px&#8220;][vc_column][rev_slider_vc alias=&#8220;ssst&#8220;][\/vc_column][\/vc_row][vc_row bottom=&#8220;0px&#8220;][vc_column][vc_heading title=&#8220;Modul 3: Signale und Signalkontrolle&#8220;][\/vc_column][\/vc_row][vc_row][vc_column][vc_tta_tabs active_section=&#8220;1&#8243;][vc_tta_section title=&#8220;Beschreibung&#8220; tab_id=&#8220;1673598889313-53c1be5f-818e&#8220;][vc_column_text]<img loading=\"lazy\" decoding=\"async\" class=\"alignleft wp-image-3611 size-thumbnail\" src=\"https:\/\/steigerwald-zum-testen.anke-kirschenmann.com\/wp-content\/uploads\/2018\/01\/trainingsspezialist-pferd-2_66_0-150x150.jpg\" alt=\"\" width=\"150\" height=\"150\" \/>Bei manchen Verhalten ist es unbedingt notwendig, bei andere macht es einfach nur ungleich mehr Spa\u00df, wenn das Erlernte unverz\u00fcglich und sauber auf Signal aufgef\u00fchrt wird!<\/p>\n<div>\n<p>Geht es in Modul 2\u00a0darum, wie Verhalten erzeugt werden, wenden wir uns in Modul 3\u00a0dem &#8222;Wann&#8220; zu. Dies nennt sich &#8222;Signalkontrolle&#8220; und bedeutet, dass ein Verhalten prompt, mit der richtigen Erfolgsquote, in der n\u00f6tigen Geschwindigkeit und Genauigkeit gezeigt wird, wenn das entsprechende Signal dazu gegeben wird. Und NUR dann. Hierbei zeigen sich die wahren Trainerf\u00e4higkeiten. Es macht au\u00dferdem ungleich mehr Spa\u00df, wenn der beeindruckende Spanische Schritt beim Pferd nie ungefragt kommt. Aber keine Sorge, wir nutzen in diesem Seminar zun\u00e4chst v\u00f6llig unwichtige Verhalten, um uns in der Praxis mit den Besonderheiten des Themas auseinander zu setzen. Denn auch in dieser Seminarreihe gilt: Du bist hier um etwas Neues zu erlenen. Nicht dein Pferd ;).<\/p>\n<p>Im Skript bzw. der Webinaraufzeichnung beleuchten wir, warum welche Vorgehensweisen sinnvoll sind und welche Rolle die Verhaltens\u00f6konomie spielt. Auch das Thema \u201eL\u00f6schen\u201c ist theoretisch und praktisch erlebbar, ebenso wie das Prinzip ein Signal zur Hilfe zu nehmen und es dann sp\u00e4ter durch ein Neues zu ersetzen.<\/p>\n<\/div>\n<p>[\/vc_column_text][\/vc_tta_section][vc_tta_section title=&#8220;Organisatorisches&#8220; tab_id=&#8220;1673598889327-98bf91bd-c0ee&#8220;][vc_column_text]<\/p>\n<div class=\"tab-body active\">\n<div class=\"tab-body active\">\n<div class=\"vc_tta-panel-body\">\n<div class=\"wpb_text_column wpb_content_element \">\n<div class=\"wpb_wrapper\">\n<div class=\"tab-body active\">\n<p>Nach deiner Buchung per Mail und erfolgter Zahlung bekommst du die Zugangsdaten zum Mitgliederbereich der Online Academy bei Elopage. Hier sind die Lehrinhalte hinterlegt: Webinare, Mitschnitte, Hausaufgabenzettel und Coachings.<\/p>\n<p>Zu jedem Modul gibt es eine Webinaraufzeichnung, in dem das Skript besprochen wird und die Schwerpunkte der Lerninhalte gezeigt werden. Je besser dein Wissensnetz gekn\u00fcpft bist, desto mehr Details werden dir im Training auffallen und du kannst sie direkt ins Training einflie\u00dfen lassen. Wir wissen ja alle, dass Training ein Handwerk ist, und das bekommt seine Eleganz erst durch praktisches TUN.<\/p>\n<p>Von den Live-Seminaren gibt es Mitschnitte, in denen die praktischen Aufgaben erkl\u00e4rt werden und wo du die einzelnen Vorgehensweisen im Training mit den jeweiligen Besprechungen und Erkenntnissen mit diesem jeweiligen Pferd sehen kannst. Schaue sie dir am besten einzeln aufmerksam an.<\/p>\n<p>Dann geht es ans praktische Training der gezeigten Inhalte! Idealerweise filmst du jede Trainingseinheit mit einem Pferd deiner Wahl, welches die H\u00f6flichkeitsregeln beherrscht. F\u00fcr das Coaching via Zoom-Sitzung brauchen wir dann eine Sequenz von ca. 10 Minuten Training.<\/p>\n<p>Bitte schneide so etwas wie umplatzieren, Futter nachlegen oder Zwischenfragen von Stallkollegen raus. Du kannst sie bei einer guten Internetverbindung im Coaching \u00fcber \u201eBildschirm teilen\u201c von deinem heimischen Rechner aus laufen lassen. Weitere M\u00f6glichkeiten: Du l\u00e4dst sie bei Youtube auf deinem Kanal unter \u201enicht gelistet\u201c hoch und postest den Link im Zoom-Chat. Ich \u00f6ffne es und teile meinen Bildschirm. Oder du schickst mir das Video mit Wetransfer oder einem \u00e4hnlichen Dienst. Wir sehen es uns gemeinsam in der Gruppe an.<\/p>\n<p>Dann besprechen wir Vor- und Nachteile des Vorgehens, die Erkenntnisse daraus und wie die weiteren Trainingsschritte aussehen k\u00f6nnen. F\u00fcr dein Zertifikat sollte dann von jeder Aufgabe ein Zusammenschnitt bis zum Endverhalten erstellt werden, die Anforderungen findest du in dem Hausaufgaben-PDF. Die Online Coachings eines Moduls finden mit monatlichem Abstand via Zoom statt.<br \/>\nBitte erw\u00e4hne auch bei deiner Anmeldung, welche Zeit du pr\u00e4ferierst bzw. ob es absolute No-Gos gibt.<\/p>\n<\/div>\n<\/div>\n<\/div>\n<\/div>\n<\/div>\n<\/div>\n<p>[\/vc_column_text][\/vc_tta_section][\/vc_tta_tabs][\/vc_column][\/vc_row]<\/p>","protected":false},"excerpt":{"rendered":"<p>[vc_row bottom=&#8220;0px&#8220;][vc_column][rev_slider_vc alias=&#8220;ssst&#8220;][\/vc_column][\/vc_row][vc_row bottom=&#8220;0px&#8220;][vc_column][vc_heading title=&#8220;Modul 3: Signale und Signalkontrolle&#8220;][\/vc_column][\/vc_row][vc_row][vc_column][vc_tta_tabs active_section=&#8220;1&#8243;][vc_tta_section title=&#8220;Beschreibung&#8220; tab_id=&#8220;1673598889313-53c1be5f-818e&#8220;][vc_column_text]Bei manchen Verhalten ist es unbedingt notwendig, bei andere macht es einfach nur ungleich mehr Spa\u00df, wenn das Erlernte unverz\u00fcglich und sauber auf Signal aufgef\u00fchrt wird! Geht es in Modul 2\u00a0darum, wie Verhalten erzeugt werden, wenden wir uns in Modul 3\u00a0dem &#8222;Wann&#8220; zu. Dies [&hellip;]<\/p>\n","protected":false},"author":5,"featured_media":0,"parent":3338,"menu_order":0,"comment_status":"closed","ping_status":"closed","template":"page-full-width.php","meta":{"footnotes":""},"_links":{"self":[{"href":"https:\/\/steigerwald-zum-testen.anke-kirschenmann.com\/de\/wp-json\/wp\/v2\/pages\/3677"}],"collection":[{"href":"https:\/\/steigerwald-zum-testen.anke-kirschenmann.com\/de\/wp-json\/wp\/v2\/pages"}],"about":[{"href":"https:\/\/steigerwald-zum-testen.anke-kirschenmann.com\/de\/wp-json\/wp\/v2\/types\/page"}],"author":[{"embeddable":true,"href":"https:\/\/steigerwald-zum-testen.anke-kirschenmann.com\/de\/wp-json\/wp\/v2\/users\/5"}],"replies":[{"embeddable":true,"href":"https:\/\/steigerwald-zum-testen.anke-kirschenmann.com\/de\/wp-json\/wp\/v2\/comments?post=3677"}],"version-history":[{"count":3,"href":"https:\/\/steigerwald-zum-testen.anke-kirschenmann.com\/de\/wp-json\/wp\/v2\/pages\/3677\/revisions"}],"predecessor-version":[{"id":3766,"href":"https:\/\/steigerwald-zum-testen.anke-kirschenmann.com\/de\/wp-json\/wp\/v2\/pages\/3677\/revisions\/3766"}],"up":[{"embeddable":true,"href":"https:\/\/steigerwald-zum-testen.anke-kirschenmann.com\/de\/wp-json\/wp\/v2\/pages\/3338"}],"wp:attachment":[{"href":"https:\/\/steigerwald-zum-testen.anke-kirschenmann.com\/de\/wp-json\/wp\/v2\/media?parent=3677"}],"curies":[{"name":"wp","href":"https:\/\/api.w.org\/{rel}","templated":true}]}}