{"id":3675,"date":"2023-01-13T09:40:17","date_gmt":"2023-01-13T08:40:17","guid":{"rendered":"https:\/\/steigerwald-zum-testen.anke-kirschenmann.com\/?page_id=3675"},"modified":"2023-01-14T00:02:11","modified_gmt":"2023-01-13T23:02:11","slug":"trainingsspezialist-pferd-futterpunkte-2","status":"publish","type":"page","link":"https:\/\/steigerwald-zum-testen.anke-kirschenmann.com\/de\/seminare\/trainingsspezialist-pferd\/trainingsspezialist-pferd-trainingssysteme\/","title":{"rendered":"Trainingsspezialist Pferd: Trainingssysteme"},"content":{"rendered":"<p>[vc_row bottom=&#8220;0px&#8220;][vc_column][rev_slider_vc alias=&#8220;ssst&#8220;][\/vc_column][\/vc_row][vc_row bottom=&#8220;0px&#8220;][vc_column][vc_heading title=&#8220;Modul 2: Trainingssysteme&#8220;][\/vc_column][\/vc_row][vc_row][vc_column][vc_tta_tabs active_section=&#8220;1&#8243;][vc_tta_section title=&#8220;Beschreibung&#8220; tab_id=&#8220;1673598889313-53c1be5f-818e&#8220;][vc_column_text]<\/p>\n<div class=\"product-info-description col-md-8\">\n<div class=\"nav-tabs-container has-multi-tabs\">\n<div class=\"tab-content\">\n<div class=\"tab-pane active\">\n<div class=\"tab-body active\">\n<p><img loading=\"lazy\" decoding=\"async\" class=\"alignleft wp-image-3497 size-thumbnail\" src=\"https:\/\/steigerwald-zum-testen.anke-kirschenmann.com\/wp-content\/uploads\/2018\/01\/trainingsspezialist-pferd-3-150x150.jpg\" alt=\"\" width=\"150\" height=\"150\" \/>Lerne in diesem Modul, das gew\u00fcnschte Verhalten\u00a0ohne\u00a0aversive\u00a0Ma\u00dfnahmen schnell und gezielt\u00a0zu &#8222;erzeugen&#8220;. Positive Verst\u00e4rkung hat so viel mehr zu bieten\u00a0als free shaping!<\/p>\n<div>\n<p>Trainingssysteme sind verschiedene Techniken, die uns beim Training mit positiver Verst\u00e4rkung zur Verf\u00fcgung stehen, um Verhalten aller Art zu erzeugen. Wann immer wir\u00a0uns fragen, wie wir ein Verhalten trainieren k\u00f6nnen, sollten wir im Geiste alle Trainingssysteme durchgehen und auf Tauglichkeit f\u00fcr das jeweilige Pferd, die jeweiligen Trainingsbedingungen und die konkrete Aufgabe \u00fcberpr\u00fcfen.\u00a0In Modul 2\u00a0lernst du realit\u00e4tsnah und einpr\u00e4gsam die Vorteile, aber auch Risiken und Nebenwirkungen der einzelnen Trainingssysteme kennen. Mit diesem Wissen kannst du aktiv und einf\u00fchlsam daf\u00fcr sorgen, dass Verhalten geschieht, anstatt nur darauf zu warten.<\/p>\n<p>Ziel des Seminares ist es, einen bunten \u201eBlumenstrau\u00df\u201c an M\u00f6glichkeiten pr\u00e4sent zu haben und an Pferd und Aufgabenstellung angepasst auszuw\u00e4hlen, zu variieren oder nach Bedarf zu kombinieren. Auf diese Weise findest du immer ein Anhaltspunkt, mit welchem Schritt dein Training beginnen kann.<\/p>\n<p>&nbsp;<\/p>\n<\/div>\n<\/div>\n<\/div>\n<\/div>\n<\/div>\n<\/div>\n<p>[\/vc_column_text][\/vc_tta_section][vc_tta_section title=&#8220;Organisatorisches&#8220; tab_id=&#8220;1673598889327-98bf91bd-c0ee&#8220;][vc_column_text]<\/p>\n<div class=\"tab-body active\">\n<div class=\"vc_tta-panel-body\">\n<div class=\"wpb_text_column wpb_content_element \">\n<div class=\"wpb_wrapper\">\n<div class=\"tab-body active\">\n<p>Nach deiner Buchung per Mail und erfolgter Zahlung bekommst du die Zugangsdaten zum Mitgliederbereich der Online Academy bei Elopage. Hier sind die Lehrinhalte hinterlegt: Webinare, Mitschnitte, Hausaufgabenzettel und Coachings.<\/p>\n<p>Zu jedem Modul gibt es eine Webinaraufzeichnung, in dem das Skript besprochen wird und die Schwerpunkte der Lerninhalte gezeigt werden. Je besser dein Wissensnetz gekn\u00fcpft bist, desto mehr Details werden dir im Training auffallen und du kannst sie direkt ins Training einflie\u00dfen lassen. Wir wissen ja alle, dass Training ein Handwerk ist, und das bekommt seine Eleganz erst durch praktisches TUN.<\/p>\n<p>Von den Live-Seminaren gibt es Mitschnitte, in denen die praktischen Aufgaben erkl\u00e4rt werden und wo du die einzelnen Vorgehensweisen im Training mit den jeweiligen Besprechungen und Erkenntnissen mit diesem jeweiligen Pferd sehen kannst. Schaue sie dir am besten einzeln aufmerksam an.<\/p>\n<p>Dann geht es ans praktische Training der gezeigten Inhalte! Idealerweise filmst du jede Trainingseinheit mit einem Pferd deiner Wahl, welches die H\u00f6flichkeitsregeln beherrscht. F\u00fcr das Coaching via Zoom-Sitzung brauchen wir dann eine Sequenz von ca. 10 Minuten Training.<\/p>\n<p>Bitte schneide so etwas wie umplatzieren, Futter nachlegen oder Zwischenfragen von Stallkollegen raus. Du kannst sie bei einer guten Internetverbindung im Coaching \u00fcber \u201eBildschirm teilen\u201c von deinem heimischen Rechner aus laufen lassen. Weitere M\u00f6glichkeiten: Du l\u00e4dst sie bei Youtube auf deinem Kanal unter \u201enicht gelistet\u201c hoch und postest den Link im Zoom-Chat. Ich \u00f6ffne es und teile meinen Bildschirm. Oder du schickst mir das Video mit Wetransfer oder einem \u00e4hnlichen Dienst. Wir sehen es uns gemeinsam in der Gruppe an.<\/p>\n<p>Dann besprechen wir Vor- und Nachteile des Vorgehens, die Erkenntnisse daraus und wie die weiteren Trainingsschritte aussehen k\u00f6nnen. F\u00fcr dein Zertifikat sollte dann von jeder Aufgabe ein Zusammenschnitt bis zum Endverhalten erstellt werden, die Anforderungen findest du in dem Hausaufgaben-PDF. Die Online Coachings eines Moduls finden mit monatlichem Abstand via Zoom statt.<br \/>\nBitte erw\u00e4hne auch bei deiner Anmeldung, welche Zeit du pr\u00e4ferierst bzw. ob es absolute No-Gos gibt.<\/p>\n<\/div>\n<\/div>\n<\/div>\n<\/div>\n<\/div>\n<p>[\/vc_column_text][\/vc_tta_section][\/vc_tta_tabs][\/vc_column][\/vc_row]<\/p>","protected":false},"excerpt":{"rendered":"<p>[vc_row bottom=&#8220;0px&#8220;][vc_column][rev_slider_vc alias=&#8220;ssst&#8220;][\/vc_column][\/vc_row][vc_row bottom=&#8220;0px&#8220;][vc_column][vc_heading title=&#8220;Modul 2: Trainingssysteme&#8220;][\/vc_column][\/vc_row][vc_row][vc_column][vc_tta_tabs active_section=&#8220;1&#8243;][vc_tta_section title=&#8220;Beschreibung&#8220; tab_id=&#8220;1673598889313-53c1be5f-818e&#8220;][vc_column_text] Lerne in diesem Modul, das gew\u00fcnschte Verhalten\u00a0ohne\u00a0aversive\u00a0Ma\u00dfnahmen schnell und gezielt\u00a0zu &#8222;erzeugen&#8220;. Positive Verst\u00e4rkung hat so viel mehr zu bieten\u00a0als free shaping! Trainingssysteme sind verschiedene Techniken, die uns beim Training mit positiver Verst\u00e4rkung zur Verf\u00fcgung stehen, um Verhalten aller Art zu erzeugen. Wann immer wir\u00a0uns fragen, [&hellip;]<\/p>\n","protected":false},"author":5,"featured_media":0,"parent":3338,"menu_order":0,"comment_status":"closed","ping_status":"closed","template":"page-full-width.php","meta":{"footnotes":""},"_links":{"self":[{"href":"https:\/\/steigerwald-zum-testen.anke-kirschenmann.com\/de\/wp-json\/wp\/v2\/pages\/3675"}],"collection":[{"href":"https:\/\/steigerwald-zum-testen.anke-kirschenmann.com\/de\/wp-json\/wp\/v2\/pages"}],"about":[{"href":"https:\/\/steigerwald-zum-testen.anke-kirschenmann.com\/de\/wp-json\/wp\/v2\/types\/page"}],"author":[{"embeddable":true,"href":"https:\/\/steigerwald-zum-testen.anke-kirschenmann.com\/de\/wp-json\/wp\/v2\/users\/5"}],"replies":[{"embeddable":true,"href":"https:\/\/steigerwald-zum-testen.anke-kirschenmann.com\/de\/wp-json\/wp\/v2\/comments?post=3675"}],"version-history":[{"count":5,"href":"https:\/\/steigerwald-zum-testen.anke-kirschenmann.com\/de\/wp-json\/wp\/v2\/pages\/3675\/revisions"}],"predecessor-version":[{"id":3765,"href":"https:\/\/steigerwald-zum-testen.anke-kirschenmann.com\/de\/wp-json\/wp\/v2\/pages\/3675\/revisions\/3765"}],"up":[{"embeddable":true,"href":"https:\/\/steigerwald-zum-testen.anke-kirschenmann.com\/de\/wp-json\/wp\/v2\/pages\/3338"}],"wp:attachment":[{"href":"https:\/\/steigerwald-zum-testen.anke-kirschenmann.com\/de\/wp-json\/wp\/v2\/media?parent=3675"}],"curies":[{"name":"wp","href":"https:\/\/api.w.org\/{rel}","templated":true}]}}