{"id":3673,"date":"2023-01-13T09:36:19","date_gmt":"2023-01-13T08:36:19","guid":{"rendered":"https:\/\/steigerwald-zum-testen.anke-kirschenmann.com\/?page_id=3673"},"modified":"2023-01-14T00:00:55","modified_gmt":"2023-01-13T23:00:55","slug":"trainingsspezialist-pferd-futterpunkte","status":"publish","type":"page","link":"https:\/\/steigerwald-zum-testen.anke-kirschenmann.com\/de\/seminare\/trainingsspezialist-pferd\/trainingsspezialist-pferd-futterpunkte\/","title":{"rendered":"Trainingsspezialist Pferd: Futterpunkte"},"content":{"rendered":"<p>[vc_row bottom=&#8220;0px&#8220;][vc_column][rev_slider_vc alias=&#8220;ssst&#8220;][\/vc_column][\/vc_row][vc_row bottom=&#8220;0px&#8220;][vc_column][vc_heading title=&#8220;Modul 1: Verst\u00e4rkerwerte und Futterpunkte&#8220;][\/vc_column][\/vc_row][vc_row][vc_column][vc_tta_tabs active_section=&#8220;1&#8243;][vc_tta_section title=&#8220;Beschreibung&#8220; tab_id=&#8220;1673598889313-53c1be5f-818e&#8220;][vc_column_text]<\/p>\n<div class=\"product-info-description col-md-8\">\n<div class=\"nav-tabs-container has-multi-tabs\">\n<div class=\"tab-content\">\n<div class=\"tab-pane active\">\n<div class=\"tab-body active\">\n<p><img loading=\"lazy\" decoding=\"async\" class=\"alignleft wp-image-3554 size-thumbnail\" src=\"https:\/\/steigerwald-zum-testen.anke-kirschenmann.com\/wp-content\/uploads\/2018\/01\/trainingsspezialist-pferd-1-150x150.jpg\" alt=\"\" width=\"150\" height=\"150\" \/>Es gibt viele Faktoren, die den Wert von Verst\u00e4rkern ver\u00e4ndern k\u00f6nnen.\u00a0Lern,\u00a0diese gezielt einzusetzten, um in deinem Training noch schneller voran zu kommen. Gerade die Bedeutung von Futterpunkten ist nicht zu\u00a0untersch\u00e4tzen, sie beeinflussen dein Training immens.<\/p>\n<div>\n<p>Die Grundlage unseres Trainings mit positiver Verst\u00e4rkung ist nat\u00fcrlich der\u00a0Verst\u00e4rker selbst und dessen\u00a0&#8222;Anlieferung&#8220; &#8211; das klingt selbstverst\u00e4ndlich und wird vielleicht gerade deshalb so h\u00e4ufig nur \u00fcberflogen. Dabei k\u00f6nnen wir schon durch diese\u00a0beiden Aspekten so viel in unserem Training bewegen! Es ist\u00a0ungemein lohnend, sich n\u00e4her mit dieser Basis des\u00a0Trainings auseinanderzusezten, f\u00fcr Einsteiger ebenso wie f\u00fcr erfahrene Trainer, denn es ist immer m\u00f6glich, noch pr\u00e4ziser und schneller zu trainieren und mit noch mehr Spa\u00df gemeinsam voranzukommen.<\/p>\n<p>Den Verst\u00e4rkerwert realistisch einsch\u00e4tzen und eben so gezielt wie\u00a0flexibel variieren zu k\u00f6nnen, ist eine wertvolle F\u00e4higkeit im Training mit Pferden. Das Gleiche gilt f\u00fcr die bewusste Wahl der Futterpunkte, die dem Tier so viele Informationen\u00a0\u00fcbermitteln k\u00f6nnen. Es w\u00e4re eine wahre Verschwendung, sie\u00a0nicht zu nutzen. Nat\u00fcrlich sind diese beiden Aspekte, so wie vieles im Training,\u00a0miteinander verwoben. Daher ist sinnvoll und lehrreich mit diesen Punkten in Modul 1 eine solide Basis f\u00fcr unsere Training zu schaffen.<\/p>\n<p>Die Seminarreihe &#8222;Trainingsspezialist Pferd&#8220; ist f\u00fcr das Lernen des Menschen konzipiert. Es geht darum, dass du lernst, wie du m\u00f6glichst fair, schnell und f\u00fcr dein Pferd gut verst\u00e4ndlich trainierst. Dieses Wissen flie\u00dft dann in das t\u00e4gliche Training zuhause oder mit Kunden ein, egal welche \u00dcbung das jeweilige Pferd erlernen soll.<\/p>\n<p>Die effektive\u00a0Lernerfahrung\u00a0wird durch durch engmaschige Betreuung w\u00e4hrend des Seminars gew\u00e4hrleistet\u00a0und durch den\u00a0Austausch in einer eigens eingerichteten\u00a0Facebookgruppe zur fortlaufenden Betreuung zwischen den Seminaren. Das bewirkt\u00a0ein lernfreundliches Klima\u00a0durch\u00a0das Miteinander von Referenten,\u00a0Coaches\u00a0und Teilnehmern.<\/p>\n<\/div>\n<\/div>\n<\/div>\n<\/div>\n<\/div>\n<\/div>\n<p>[\/vc_column_text][\/vc_tta_section][vc_tta_section title=&#8220;Organisatorisches&#8220; tab_id=&#8220;1673598889327-98bf91bd-c0ee&#8220;][vc_column_text]<\/p>\n<div class=\"vc_tta-panel-body\">\n<div class=\"wpb_text_column wpb_content_element \">\n<div class=\"wpb_wrapper\">\n<div class=\"tab-body active\">\n<p>Nach deiner Buchung per Mail und erfolgter Zahlung bekommst du die Zugangsdaten zum Mitgliederbereich der Online Academy bei Elopage. Hier sind die Lehrinhalte hinterlegt: Webinare, Mitschnitte, Hausaufgabenzettel und Coachings.<\/p>\n<p>Zu jedem Modul gibt es eine Webinaraufzeichnung, in dem das Skript besprochen wird und die Schwerpunkte der Lerninhalte gezeigt werden. Je besser dein Wissensnetz gekn\u00fcpft bist, desto mehr Details werden dir im Training auffallen und du kannst sie direkt ins Training einflie\u00dfen lassen. Wir wissen ja alle, dass Training ein Handwerk ist, und das bekommt seine Eleganz erst durch praktisches TUN.<\/p>\n<p>Von den Live-Seminaren gibt es Mitschnitte, in denen die praktischen Aufgaben erkl\u00e4rt werden und wo du die einzelnen Vorgehensweisen im Training mit den jeweiligen Besprechungen und Erkenntnissen mit diesem jeweiligen Pferd sehen kannst. Schaue sie dir am besten einzeln aufmerksam an.<\/p>\n<p>Dann geht es ans praktische Training der gezeigten Inhalte! Idealerweise filmst du jede Trainingseinheit mit einem Pferd deiner Wahl, welches die H\u00f6flichkeitsregeln beherrscht. F\u00fcr das Coaching via Zoom-Sitzung brauchen wir dann eine Sequenz von ca. 10 Minuten Training.<\/p>\n<p>Bitte schneide so etwas wie umplatzieren, Futter nachlegen oder Zwischenfragen von Stallkollegen raus. Du kannst sie bei einer guten Internetverbindung im Coaching \u00fcber \u201eBildschirm teilen\u201c von deinem heimischen Rechner aus laufen lassen. Weitere M\u00f6glichkeiten: Du l\u00e4dst sie bei Youtube auf deinem Kanal unter \u201enicht gelistet\u201c hoch und postest den Link im Zoom-Chat. Ich \u00f6ffne es und teile meinen Bildschirm. Oder du schickst mir das Video mit Wetransfer oder einem \u00e4hnlichen Dienst. Wir sehen es uns gemeinsam in der Gruppe an.<\/p>\n<p>Dann besprechen wir Vor- und Nachteile des Vorgehens, die Erkenntnisse daraus und wie die weiteren Trainingsschritte aussehen k\u00f6nnen. F\u00fcr dein Zertifikat sollte dann von jeder Aufgabe ein Zusammenschnitt bis zum Endverhalten erstellt werden, die Anforderungen findest du in dem Hausaufgaben-PDF. Die Online Coachings eines Moduls finden mit monatlichem Abstand via Zoom statt.<br \/>\nBitte erw\u00e4hne auch bei deiner Anmeldung, welche Zeit du pr\u00e4ferierst bzw. ob es absolute No-Gos gibt.<\/p>\n<\/div>\n<\/div>\n<\/div>\n<\/div>\n<p>[\/vc_column_text][\/vc_tta_section][\/vc_tta_tabs][\/vc_column][\/vc_row]<\/p>","protected":false},"excerpt":{"rendered":"<p>[vc_row bottom=&#8220;0px&#8220;][vc_column][rev_slider_vc alias=&#8220;ssst&#8220;][\/vc_column][\/vc_row][vc_row bottom=&#8220;0px&#8220;][vc_column][vc_heading title=&#8220;Modul 1: Verst\u00e4rkerwerte und Futterpunkte&#8220;][\/vc_column][\/vc_row][vc_row][vc_column][vc_tta_tabs active_section=&#8220;1&#8243;][vc_tta_section title=&#8220;Beschreibung&#8220; tab_id=&#8220;1673598889313-53c1be5f-818e&#8220;][vc_column_text] Es gibt viele Faktoren, die den Wert von Verst\u00e4rkern ver\u00e4ndern k\u00f6nnen.\u00a0Lern,\u00a0diese gezielt einzusetzten, um in deinem Training noch schneller voran zu kommen. Gerade die Bedeutung von Futterpunkten ist nicht zu\u00a0untersch\u00e4tzen, sie beeinflussen dein Training immens. Die Grundlage unseres Trainings mit positiver Verst\u00e4rkung ist [&hellip;]<\/p>\n","protected":false},"author":5,"featured_media":0,"parent":3338,"menu_order":0,"comment_status":"closed","ping_status":"closed","template":"page-full-width.php","meta":{"footnotes":""},"_links":{"self":[{"href":"https:\/\/steigerwald-zum-testen.anke-kirschenmann.com\/de\/wp-json\/wp\/v2\/pages\/3673"}],"collection":[{"href":"https:\/\/steigerwald-zum-testen.anke-kirschenmann.com\/de\/wp-json\/wp\/v2\/pages"}],"about":[{"href":"https:\/\/steigerwald-zum-testen.anke-kirschenmann.com\/de\/wp-json\/wp\/v2\/types\/page"}],"author":[{"embeddable":true,"href":"https:\/\/steigerwald-zum-testen.anke-kirschenmann.com\/de\/wp-json\/wp\/v2\/users\/5"}],"replies":[{"embeddable":true,"href":"https:\/\/steigerwald-zum-testen.anke-kirschenmann.com\/de\/wp-json\/wp\/v2\/comments?post=3673"}],"version-history":[{"count":5,"href":"https:\/\/steigerwald-zum-testen.anke-kirschenmann.com\/de\/wp-json\/wp\/v2\/pages\/3673\/revisions"}],"predecessor-version":[{"id":3764,"href":"https:\/\/steigerwald-zum-testen.anke-kirschenmann.com\/de\/wp-json\/wp\/v2\/pages\/3673\/revisions\/3764"}],"up":[{"embeddable":true,"href":"https:\/\/steigerwald-zum-testen.anke-kirschenmann.com\/de\/wp-json\/wp\/v2\/pages\/3338"}],"wp:attachment":[{"href":"https:\/\/steigerwald-zum-testen.anke-kirschenmann.com\/de\/wp-json\/wp\/v2\/media?parent=3673"}],"curies":[{"name":"wp","href":"https:\/\/api.w.org\/{rel}","templated":true}]}}