{"id":3338,"date":"2023-01-09T19:32:33","date_gmt":"2023-01-09T18:32:33","guid":{"rendered":"https:\/\/steigerwald-zum-testen.anke-kirschenmann.com\/?page_id=3338"},"modified":"2023-01-13T21:09:49","modified_gmt":"2023-01-13T20:09:49","slug":"trainingsspezialist-pferd","status":"publish","type":"page","link":"https:\/\/steigerwald-zum-testen.anke-kirschenmann.com\/de\/seminare\/trainingsspezialist-pferd\/","title":{"rendered":"Trainingsspezialist Pferd"},"content":{"rendered":"<p>[vc_row bottom=&#8220;0px&#8220;][vc_column][rev_slider_vc alias=&#8220;ssst&#8220;][\/vc_column][\/vc_row][vc_row bottom=&#8220;0px&#8220;][vc_column][vc_heading title=&#8220;Trainingsspezialist Pferd&#8220;][\/vc_column][\/vc_row][vc_row][vc_column][vc_column_text]<strong>Die Inhalte &#8222;Trainingsspezialist Pferd&#8220;<\/strong><\/p>\n<p>Mit den einzelnen Aufgaben im TS Pferd kannst du komplett vom heimischen Stall aus all die wertvollen Inhalte erarbeiten. In dieser Weiterbildung wird wissenschaftlich fundierte Lerntheorie auf das Training von Pferden \u00fcbertragen. Komplexe Zusammenh\u00e4nge werden in einfache verst\u00e4ndliche kleine Lernschritte unterteilt. Wir verkn\u00fcpfen sie mit fortgeschrittenem handwerklichen Trainingsf\u00e4higkeiten und beleuchten deren Bedeutung im praktischen Trainingsalltag.<\/p>\n<p>Im Trainingsspezialisten werden keine \u201eTrainings-Rezepte\u201c oder Methoden vermittelt, sondern ein Verst\u00e4ndnis f\u00fcr die vielschichtigen Zusammenh\u00e4nge vom Training entwickelt und die Hintergr\u00fcnde f\u00fcr deren Wechselwirkungen unter die Lupe genommen.<\/p>\n<p>In den 10 Modulen setzt du dich mit verschiedenen Aspekten des Trainings intensiv auseinander. Da es sich um eine Weiterbildung handelt, deren Fokus auf der Perfektionierung der eigenen F\u00e4higkeiten und Fertigkeiten liegt, liegt das Augenmerk auf praktischem Training. Zu den Anforderungen an dich geh\u00f6rt eine Videodokumentation der einzelnen Modulaufgaben, die in der vorgesehenen Reihenfolge absolviert werden m\u00fcssen.<\/p>\n<p><strong>Klicke auf das Bild f\u00fcr weitere Infos zu Deine Lernthemen<\/strong><\/p>\n<p><a href=\"https:\/\/steigerwald-zum-testen.anke-kirschenmann.com\/seminare\/trainingsspezialist-pferd\/trainingsspezialist-pferd-futterpunkte\/\"><img loading=\"lazy\" decoding=\"async\" class=\"alignleft size-thumbnail wp-image-3554\" src=\"https:\/\/steigerwald-zum-testen.anke-kirschenmann.com\/wp-content\/uploads\/2018\/01\/trainingsspezialist-pferd-1-150x150.jpg\" alt=\"\" width=\"150\" height=\"150\" \/><\/a>Futterpunkte &#8211; Die Macht des prim\u00e4ren Verst\u00e4rkers<\/p>\n<p>&nbsp;<\/p>\n<p>&nbsp;<\/p>\n<p>&nbsp;<\/p>\n<p>&nbsp;<\/p>\n<p><a href=\"https:\/\/steigerwald-zum-testen.anke-kirschenmann.com\/seminare\/trainingsspezialist-pferd\/trainingsspezialist-pferd-trainingssysteme\/\"><img loading=\"lazy\" decoding=\"async\" class=\"alignleft size-thumbnail wp-image-3497\" src=\"https:\/\/steigerwald-zum-testen.anke-kirschenmann.com\/wp-content\/uploads\/2018\/01\/trainingsspezialist-pferd-3-150x150.jpg\" alt=\"\" width=\"150\" height=\"150\" \/><\/a>Trainingssysteme &#8211; Get the behavior<\/p>\n<p>&nbsp;<\/p>\n<p>&nbsp;<\/p>\n<p>&nbsp;<\/p>\n<p>&nbsp;<\/p>\n<p><a href=\"https:\/\/steigerwald-zum-testen.anke-kirschenmann.com\/seminare\/trainingsspezialist-pferd\/trainingsspezialist-pferd-signale-und-signalkontrolle\/\"><img loading=\"lazy\" decoding=\"async\" class=\"alignleft size-thumbnail wp-image-3377\" src=\"https:\/\/steigerwald-zum-testen.anke-kirschenmann.com\/wp-content\/uploads\/2018\/01\/trainingsspezialist-pferd-2-150x150.jpg\" alt=\"\" width=\"150\" height=\"150\" \/><\/a>Signale und Signalkontrolle &#8211; Klare Kommunikation<\/p>\n<p>&nbsp;<\/p>\n<p>&nbsp;<\/p>\n<p>&nbsp;<\/p>\n<p>&nbsp;<\/p>\n<p><a href=\"https:\/\/steigerwald-zum-testen.anke-kirschenmann.com\/seminare\/trainingsspezialist-pferd\/trainingsspezialist-pferd-trainingskriterien\/\"><img loading=\"lazy\" decoding=\"async\" class=\"alignleft size-thumbnail wp-image-3226\" src=\"https:\/\/steigerwald-zum-testen.anke-kirschenmann.com\/wp-content\/uploads\/2023\/01\/mka_trainingsspezialist-pferd-modul-4-150x150.jpg\" alt=\"\" width=\"150\" height=\"150\" \/><\/a>Trainingskriterien &#8211; Eindeutigkeit f\u00fcr mehr Verst\u00e4ndnis<\/p>\n<p>&nbsp;<\/p>\n<p>&nbsp;<\/p>\n<p>&nbsp;<\/p>\n<p>&nbsp;<\/p>\n<p><a href=\"https:\/\/steigerwald-zum-testen.anke-kirschenmann.com\/seminare\/trainingsspezialist-pferd\/trainingsspezialist-pferd-plaene-und-dokumentation\/\"><img loading=\"lazy\" decoding=\"async\" class=\"alignleft size-thumbnail wp-image-3598\" src=\"https:\/\/steigerwald-zum-testen.anke-kirschenmann.com\/wp-content\/uploads\/2018\/01\/trainingsspezialist-pferd-5-150x150.jpg\" alt=\"\" width=\"150\" height=\"150\" \/><\/a>Pl\u00e4ne und Dokumentation &#8211; Lerne diese Tools anwenden und lieben<\/p>\n<p>&nbsp;<\/p>\n<p>&nbsp;<\/p>\n<p>&nbsp;<\/p>\n<p>&nbsp;<\/p>\n<p><a href=\"https:\/\/steigerwald-zum-testen.anke-kirschenmann.com\/seminare\/trainingsspezialist-pferd\/trainingsspezialist-pferd-diskriminierung\/\"><img loading=\"lazy\" decoding=\"async\" class=\"alignleft size-thumbnail wp-image-3537\" src=\"https:\/\/steigerwald-zum-testen.anke-kirschenmann.com\/wp-content\/uploads\/2018\/01\/trainingsspezialist-pferd-8-150x150.jpg\" alt=\"\" width=\"150\" height=\"150\" \/><\/a>Diskriminierung &#8211; Wertvolle Einsichten beim Training<\/p>\n<p>&nbsp;<\/p>\n<p>&nbsp;<\/p>\n<p>&nbsp;<\/p>\n<p>&nbsp;<\/p>\n<p><a href=\"https:\/\/steigerwald-zum-testen.anke-kirschenmann.com\/seminare\/trainingsspezialist-pferd\/trainingsspezialist-pferd-signaldiskriminierung\/\"><img loading=\"lazy\" decoding=\"async\" class=\"alignleft size-thumbnail wp-image-3609\" src=\"https:\/\/steigerwald-zum-testen.anke-kirschenmann.com\/wp-content\/uploads\/2018\/01\/trainingsspezialist-pferd-modul-7-150x150.jpg\" alt=\"\" width=\"150\" height=\"150\" \/><\/a>Signaldiskriminierung &#8211; Wir werden noch feiner in den Details<\/p>\n<p>&nbsp;<\/p>\n<p>&nbsp;<\/p>\n<p>&nbsp;<\/p>\n<p>&nbsp;<\/p>\n<p><a href=\"https:\/\/steigerwald-zum-testen.anke-kirschenmann.com\/seminare\/trainingsspezialist-pferd\/trainingsspezialist-pferd-verhalten-verdichten\/\"><img loading=\"lazy\" decoding=\"async\" class=\"alignleft size-thumbnail wp-image-3590\" src=\"https:\/\/steigerwald-zum-testen.anke-kirschenmann.com\/wp-content\/uploads\/2018\/01\/trainingsspezialist-pferd-6-150x150.jpg\" alt=\"\" width=\"150\" height=\"150\" \/><\/a>Verhalten verdichten &#8211; Anwendung im Training und &#8222;echten Leben&#8220;<\/p>\n<p>&nbsp;<\/p>\n<p>&nbsp;<\/p>\n<p>&nbsp;<\/p>\n<p>&nbsp;<\/p>\n<p><a href=\"https:\/\/steigerwald-zum-testen.anke-kirschenmann.com\/seminare\/trainingsspezialist-pferd\/trainingsspezialist-pferd-verhaltensketten\/\"><img loading=\"lazy\" decoding=\"async\" class=\"alignleft size-thumbnail wp-image-3427\" src=\"https:\/\/steigerwald-zum-testen.anke-kirschenmann.com\/wp-content\/uploads\/2018\/01\/trainingsspezialist-pferd-9-150x150.jpg\" alt=\"\" width=\"150\" height=\"150\" \/><\/a>Verhaltensketten &#8211; Anwendung des Gelernten bei komplexeren Aufgaben[\/vc_column_text][\/vc_column][\/vc_row][vc_row][vc_column width=&#8220;1\/3&#8243;][vc_column_text]<strong>Interesse<\/strong> Du m\u00f6chtest f\u00fcr dein Pferd &#8211; und vielleicht auch f\u00fcr andere Equiden- besser in der Kommunikation werden?\u00a0 Sende uns eine Anfrage \u00fcber das Kontaktformular, wir schicken dir dann alle n\u00f6tigen Information zum praktischen Ablauf deiner super-Fortbildung zu.<\/p>\n<p><strong>Du bekommst<\/strong> ein Skript, die Webinaraufzeichnung, Mitschnitte von Live-Veranstaltungen, Aufzeichnungen vergangener Coachings, Arbeitsbl\u00e4tter und pers\u00f6nliches Online-Coaching.<\/p>\n<p><strong>Kosten<\/strong> pro Modul kostet 390,-\u20ac, als Paket zahlst du nur 3490,-\u20ac f\u00fcr alle zehn.[\/vc_column_text][\/vc_column][vc_column width=&#8220;2\/3&#8243;]\n<div class=\"wpcf7 no-js\" id=\"wpcf7-f3236-o1\" lang=\"de-DE\" dir=\"ltr\">\n<div class=\"screen-reader-response\"><p role=\"status\" aria-live=\"polite\" aria-atomic=\"true\"><\/p> <ul><\/ul><\/div>\n<form action=\"\/de\/wp-json\/wp\/v2\/pages\/3338#wpcf7-f3236-o1\" method=\"post\" class=\"wpcf7-form init\" aria-label=\"Kontaktformular\" novalidate=\"novalidate\" data-status=\"init\">\n<div style=\"display: none;\">\n<input type=\"hidden\" name=\"_wpcf7\" value=\"3236\" \/>\n<input type=\"hidden\" name=\"_wpcf7_version\" value=\"5.8.6\" \/>\n<input type=\"hidden\" name=\"_wpcf7_locale\" value=\"de_DE\" \/>\n<input type=\"hidden\" name=\"_wpcf7_unit_tag\" value=\"wpcf7-f3236-o1\" \/>\n<input type=\"hidden\" name=\"_wpcf7_container_post\" value=\"0\" \/>\n<input type=\"hidden\" name=\"_wpcf7_posted_data_hash\" value=\"\" \/>\n<\/div>\n<p><label> Dein Name (Pflichtfeld)<br \/>\n<span class=\"wpcf7-form-control-wrap\" data-name=\"your-name\"><input size=\"40\" class=\"wpcf7-form-control wpcf7-text wpcf7-validates-as-required\" aria-required=\"true\" aria-invalid=\"false\" value=\"\" type=\"text\" name=\"your-name\" \/><\/span> <\/label>\n<\/p>\n<p><label> Deine E-Mail-Adresse (Pflichtfeld)<br \/>\n<span class=\"wpcf7-form-control-wrap\" data-name=\"your-email\"><input size=\"40\" class=\"wpcf7-form-control wpcf7-email wpcf7-validates-as-required wpcf7-text wpcf7-validates-as-email\" aria-required=\"true\" aria-invalid=\"false\" value=\"\" type=\"email\" name=\"your-email\" \/><\/span> <\/label>\n<\/p>\n<p><label> Betreff<br \/>\n<span class=\"wpcf7-form-control-wrap\" data-name=\"your-subject\"><input size=\"40\" class=\"wpcf7-form-control wpcf7-text\" aria-invalid=\"false\" value=\"\" type=\"text\" name=\"your-subject\" \/><\/span> <\/label>\n<\/p>\n<p><label> Deine Nachricht<br \/>\n<span class=\"wpcf7-form-control-wrap\" data-name=\"your-message\"><textarea cols=\"40\" rows=\"10\" class=\"wpcf7-form-control wpcf7-textarea\" aria-invalid=\"false\" name=\"your-message\"><\/textarea><\/span> <\/label>\n<\/p>\n<p><span class=\"wpcf7-form-control-wrap\" data-name=\"Datenschutz\"><span class=\"wpcf7-form-control wpcf7-acceptance\"><span class=\"wpcf7-list-item\"><label><input type=\"checkbox\" name=\"Datenschutz\" value=\"1\" aria-invalid=\"false\" \/><span class=\"wpcf7-list-item-label\">(Pflichtfeld) Ich habe die <a href=\"https:\/\/steigerwald-zum-testen.anke-kirschenmann.com\/datenschutz\/\">Datenschutzbestimmungen<\/a> gelesen und akzeptiere sie.<\/span><\/label><\/span><\/span><\/span>\n<\/p>\n<p><input class=\"wpcf7-form-control wpcf7-submit has-spinner\" type=\"submit\" value=\"Senden\" \/>\n<\/p>\n<p><label>Bitte f\u00fclle alle Pflichtfelder aus, damit die Nachricht verschickt werden kann!<\/label>\n<\/p><div class=\"wpcf7-response-output\" aria-hidden=\"true\"><\/div>\n<\/form>\n<\/div>\n[\/vc_column][\/vc_row]<\/p>","protected":false},"excerpt":{"rendered":"<p>[vc_row bottom=&#8220;0px&#8220;][vc_column][rev_slider_vc alias=&#8220;ssst&#8220;][\/vc_column][\/vc_row][vc_row bottom=&#8220;0px&#8220;][vc_column][vc_heading title=&#8220;Trainingsspezialist Pferd&#8220;][\/vc_column][\/vc_row][vc_row][vc_column][vc_column_text]Die Inhalte &#8222;Trainingsspezialist Pferd&#8220; Mit den einzelnen Aufgaben im TS Pferd kannst du komplett vom heimischen Stall aus all die wertvollen Inhalte erarbeiten. In dieser Weiterbildung wird wissenschaftlich fundierte Lerntheorie auf das Training von Pferden \u00fcbertragen. Komplexe Zusammenh\u00e4nge werden in einfache verst\u00e4ndliche kleine Lernschritte unterteilt. Wir verkn\u00fcpfen sie mit fortgeschrittenem [&hellip;]<\/p>\n","protected":false},"author":5,"featured_media":0,"parent":3176,"menu_order":0,"comment_status":"closed","ping_status":"closed","template":"page-full-width.php","meta":{"footnotes":""},"_links":{"self":[{"href":"https:\/\/steigerwald-zum-testen.anke-kirschenmann.com\/de\/wp-json\/wp\/v2\/pages\/3338"}],"collection":[{"href":"https:\/\/steigerwald-zum-testen.anke-kirschenmann.com\/de\/wp-json\/wp\/v2\/pages"}],"about":[{"href":"https:\/\/steigerwald-zum-testen.anke-kirschenmann.com\/de\/wp-json\/wp\/v2\/types\/page"}],"author":[{"embeddable":true,"href":"https:\/\/steigerwald-zum-testen.anke-kirschenmann.com\/de\/wp-json\/wp\/v2\/users\/5"}],"replies":[{"embeddable":true,"href":"https:\/\/steigerwald-zum-testen.anke-kirschenmann.com\/de\/wp-json\/wp\/v2\/comments?post=3338"}],"version-history":[{"count":9,"href":"https:\/\/steigerwald-zum-testen.anke-kirschenmann.com\/de\/wp-json\/wp\/v2\/pages\/3338\/revisions"}],"predecessor-version":[{"id":3720,"href":"https:\/\/steigerwald-zum-testen.anke-kirschenmann.com\/de\/wp-json\/wp\/v2\/pages\/3338\/revisions\/3720"}],"up":[{"embeddable":true,"href":"https:\/\/steigerwald-zum-testen.anke-kirschenmann.com\/de\/wp-json\/wp\/v2\/pages\/3176"}],"wp:attachment":[{"href":"https:\/\/steigerwald-zum-testen.anke-kirschenmann.com\/de\/wp-json\/wp\/v2\/media?parent=3338"}],"curies":[{"name":"wp","href":"https:\/\/api.w.org\/{rel}","templated":true}]}}