{"id":3334,"date":"2023-01-09T19:30:38","date_gmt":"2023-01-09T18:30:38","guid":{"rendered":"https:\/\/steigerwald-zum-testen.anke-kirschenmann.com\/?page_id=3334"},"modified":"2023-05-30T12:10:19","modified_gmt":"2023-05-30T10:10:19","slug":"medical-trainer-ausbildung","status":"publish","type":"page","link":"https:\/\/steigerwald-zum-testen.anke-kirschenmann.com\/de\/seminare\/medical-trainer-ausbildung\/","title":{"rendered":"Medical Trainer Ausbildung"},"content":{"rendered":"<p>[vc_row bottom=&#8220;0px&#8220;][vc_column][rev_slider_vc alias=&#8220;ssst&#8220;][\/vc_column][\/vc_row][vc_row bottom=&#8220;0px&#8220;][vc_column][vc_heading title=&#8220;Medical Trainer Ausbildung&#8220;][\/vc_column][\/vc_row][vc_row full_content_width=&#8220;row-inner-full&#8220; top=&#8220;20px&#8220; bottom=&#8220;20px&#8220;][vc_column][vc_column_text]<\/p>\n<h2>Medical Training<\/h2>\n<div>Das sogenannte Behandlungstraining sollte die Basis einer Pferdeausbildung sein. Die Realit\u00e4t sieht leider oft anders aus. Da k\u00f6nnen Jungpferde &#8222;ihr Leben genie\u00dfen&#8220; und lernen den Menschen nur als aversiven Agitator zur Wurmkur, Impfung oder Hufe machen kennen. Im ung\u00fcnstigsten Fall wehren sie sich und machen die Erfahrung, dass es Erleichterung schafft, wenn man mit Muskelkraft gegenangeht. Hinzu kommen unsch\u00f6ne Verkn\u00fcpfungen verschiedener Handgriffe mit Schmerz, Unwohlsein und Ohnmacht. Mit solchen Grundlagen ist es kein Wunder, dass der behandelnde Tierarzt gerne zur Nasenbremse greift, um eine simple Impfung verabreichen zu k\u00f6nnen.<\/div>\n<div class=\"row-inner\">\n<div class=\"wpb_column vc_column_container vc_col-sm-4\">\n<div class=\"vc_column-inner\">\n<div class=\"wpb_wrapper\">\n<div class=\"wpb_text_column wpb_content_element \">\n<div class=\"wpb_wrapper\">\n<p style=\"text-align: center;\">\n<\/div>\n<\/div>\n<\/div>\n<\/div>\n<\/div>\n<\/div>\n<p>[\/vc_column_text][vc_single_image image=&#8220;3884&#8243; img_size=&#8220;large&#8220; alignment=&#8220;center&#8220; style=&#8220;vc_box_shadow_border&#8220;][\/vc_column][\/vc_row][vc_row][vc_column][vc_column_text]<\/p>\n<h2>Steigerwald.T Medical Trainer\u00a0f\u00fcr Equiden<\/h2>\n<div>\n<p>Diese\u00a0Ausbildung richtet sich an alle: Engagierte Pferdebesitzer, Tier\u00e4rzte, Hufbearbeiter, Trainer und alle Berufe im Pferdebereich.\u00a0Der Steigerwald.T Medical Trainer entstand aus der Erfahrung, dass es f\u00fcr ein harmonisches Miteinander elementar ist, unsere Pferde fit zu machen f\u00fcr ihren Alltag. Direkt nach einer\u00a0Grunderziehung\u00a0geh\u00f6ren dazu alle\u00a0(medizinisch) notwendigen Eingriffe und Manipulationen.<\/p>\n<p>Als Pferdehalter und -freunde sind wir es unseren Tieren schuldig, sie so auf unangenehme Ma\u00dfnahmen an ihrem K\u00f6rper vorzubereiten, dass sie sie geduldig und gelassen mitmachen k\u00f6nnen. Auch sind Gesundheit und Sicherheit der \u201ebehandelnden Zunft\u201c wie Tier\u00e4rzte, Hufbearbeiter oder Physiotherapeuten ein wichtiges Gut, zu dem du als Halter oder Trainer einen gro\u00dfen Teil beitragen kann.<\/p>\n<p>Da aber niemand freiwillig Schmerzen ertr\u00e4gt, sieht die Realit\u00e4t leider oft anders aus. Die Erfindung der Nasenbremse und ihr h\u00e4ufiger Einsatz zeigen, wieviel Bedarf an tiergerechten L\u00f6sungen herrscht. Tier\u00e4rztin und Pferdeosteopathin <a href=\"https:\/\/reitenmitverstand.de\/\" data-cke-saved-href=\"https:\/\/reitenmitverstand.de\/\">Samantha Krost-Reuhl<\/a> und ***TOP-Trainerin und Autorin Nina Steigerwald lehren Konzepte f\u00fcr Medical Training, die dem Alltag und der Notsituation gleichsam die Schwierigkeit nehmen. Ein gut durchdachtes und mit viel Gesp\u00fcr f\u00fcr das jeweilige Pferd durchgef\u00fchrtes Training ist eine Wohltat f\u00fcr alle Beteiligten.<\/p>\n<p>Die Vermittlung der Inhalte erfolgt online \u00fcber neun Webinare. F\u00fcr den Beginn ins Medical Training gibt es ein <a href=\"https:\/\/elopage.com\/s\/Steigerwald.T\/einfuehrung\" data-cke-saved-href=\"https:\/\/elopage.com\/s\/Steigerwald.T\/einfuehrung\">kostenloses Webinar in unserer Online Academy<\/a>. Es dient es dem Grundverst\u00e4ndnis, den Vorgehensweisen, ihren Vor- und Nachteilen und beinhaltet auch wertvolle Trainingsvideos.<\/p>\n<p>In den Webinaren wird jeweils ein Behandlungsbereich mit vielen Videobeispielen und Trainingspl\u00e4nen durchgearbeitet. Monatliche Coachings in der Gruppe via Zoom helfen sehr, ein tieferes Verst\u00e4ndnis f\u00fcr die Trainingsschritte und sein Vorgehen zu bekommen. Die geschlossene Facebook-Gruppe bietet eine F\u00fclle an Videos, Informationen und die M\u00f6glichkeit, Fragen beantwortet zu bekommen. Wer den Abschluss anstrebt, reicht zu jedem Thema mindestens ein Trainingsvideo von ca. 10 Minuten mit Vorher-Nachher-Aufnahmen bzw. den jeweiligen dokumentierten Trainingsschritten ein. Es geht dabei nicht in erster Linie darum, ob das Trainingsziel, wie z.B. Z\u00e4hne putzen erreicht wurde. Anhand der Videos reflektieren\u00a0wir die Interaktion mit dem Pferd intensiver und k\u00f6nnen\u00a0so besser\u00a0Schl\u00fcsse f\u00fcr das weitere Vorgehen ziehen. Wir als Ausbilderinnen erkennen so, in welchen Bereichen Unterst\u00fctzung wichtig ist und wo sich schon sch\u00f6ne trainerische Fortschritte zeigen.<\/p>\n<p><strong>Das ganze Paket f\u00fcr 1499,-\u20ac beinhaltet:<\/strong><\/p>\n<ul>\n<li>8 Webinare<\/li>\n<li>8 Online-Coaching-Termine \u00e0 2 Stunden in der Gruppe (wird aufgezeichnet, Thema w\u00e4hlbar)<\/li>\n<li>Zugriff auf die nach Themen sortierte Coaching-Datenbank mit \u00fcber 100 Videos<\/li>\n<li>Geschlossene Facebook-Gruppe<\/li>\n<li>1 Pr\u00e4senzwochenende<em> -zeitlich frei w\u00e4hlbar-<\/em><\/li>\n<\/ul>\n<p>und f\u00fchrt nach Abgabe der 8 Themen-Videos incl. deren Dokumentation zum Zertifikat und Verlinkung auf unserer Website.<\/p>\n<p>Wer sich f\u00fcr die Steigerwald.T Medical Trainer Ausbildung interessiert und neu mit dem Clickern beginnt, dem legen wir sehr die Reihe &#8222;Ninas Basics&#8220; mit vier Webinaren und vielen Aufgaben zum Nachtrainieren ans Herz. Die Qualit\u00e4t der Kommunikation mit Pferden steigt mit unserer eigenen trainerischen Qualit\u00e4t. Diese gilt es fortw\u00e4hrend zu entwickeln.<\/p>\n<p><strong>Die Themenwebinare sind auch einzeln bzw. als Paket ohne Coaching buchbar:<\/strong><br \/>\nEinf\u00fchrungswebinar (kostenlos)<br \/>\nAllgemeine Untersuchung: P\/A\/T\/, Schleimh\u00e4ute, Beine<br \/>\nKooperationssignal, Spritzen<br \/>\nTrainingsplan, Evaluation, Dokumentation<br \/>\nHufe<br \/>\nZ\u00e4hne<br \/>\nSchmerzzust\u00e4nde, Notfall, Verb\u00e4nde, R\u00f6ntgen, \u2026<br \/>\nGeneralisierung<br \/>\nKommunikation aller Beteiligten<\/p>\n<p><strong>Pr\u00e4senzseminar 2023<\/strong>:<br \/>\n1.\/2. .Juli<\/p>\n<p>Wir legen in unserem Praxisseminar gro\u00dfes Augenmerk auf die praktischen F\u00e4higkeiten und die Auswahl der jeweiligen Trainingsschritte. Gerade Pferde mit traumatischen Erfahrungen sind manchmal nicht so gut \u201elesbar\u201c und k\u00f6nnen zu \u00fcberschie\u00dfenden Reaktionen neigen. Wir arbeiten mit Pferden, die die verschiedensten Herausforderungen mitbringen, um so unseren TeilnehmerInnen m\u00f6glichst umfassende Erfahrungen bei der Vorgehensweise im Medical Training zu bieten.<\/p>\n<\/div>\n<p>&nbsp;<\/p>\n<div class=\"row-inner\">\n<div class=\"wpb_column vc_column_container vc_col-sm-4\">\n<div class=\"vc_column-inner\">\n<div class=\"wpb_wrapper\">\n<div class=\"wpb_text_column wpb_content_element \">\n<div class=\"wpb_wrapper\">\n<p>&nbsp;<\/p>\n<\/div>\n<\/div>\n<\/div>\n<\/div>\n<\/div>\n<\/div>\n<p>[\/vc_column_text][\/vc_column][\/vc_row][vc_row][vc_column width=&#8220;1\/3&#8243;][vc_column_text]M\u00f6chtest du deinem Pferd, dir und vielleicht auch anderen helfen? Bei Interesse an dieser einzigartigen Ausbildung kannst du uns einfach eine Nachricht \u00fcber das Kontaktformular senden. Wir schicken dir dann alle n\u00f6tigen Information zu.[\/vc_column_text][\/vc_column][vc_column width=&#8220;2\/3&#8243;]\n<div class=\"wpcf7 no-js\" id=\"wpcf7-f3236-o1\" lang=\"de-DE\" dir=\"ltr\">\n<div class=\"screen-reader-response\"><p role=\"status\" aria-live=\"polite\" aria-atomic=\"true\"><\/p> <ul><\/ul><\/div>\n<form action=\"\/de\/wp-json\/wp\/v2\/pages\/3334#wpcf7-f3236-o1\" method=\"post\" class=\"wpcf7-form init\" aria-label=\"Kontaktformular\" novalidate=\"novalidate\" data-status=\"init\">\n<div style=\"display: none;\">\n<input type=\"hidden\" name=\"_wpcf7\" value=\"3236\" \/>\n<input type=\"hidden\" name=\"_wpcf7_version\" value=\"5.8.6\" \/>\n<input type=\"hidden\" name=\"_wpcf7_locale\" value=\"de_DE\" \/>\n<input type=\"hidden\" name=\"_wpcf7_unit_tag\" value=\"wpcf7-f3236-o1\" \/>\n<input type=\"hidden\" name=\"_wpcf7_container_post\" value=\"0\" \/>\n<input type=\"hidden\" name=\"_wpcf7_posted_data_hash\" value=\"\" \/>\n<\/div>\n<p><label> Dein Name (Pflichtfeld)<br \/>\n<span class=\"wpcf7-form-control-wrap\" data-name=\"your-name\"><input size=\"40\" class=\"wpcf7-form-control wpcf7-text wpcf7-validates-as-required\" aria-required=\"true\" aria-invalid=\"false\" value=\"\" type=\"text\" name=\"your-name\" \/><\/span> <\/label>\n<\/p>\n<p><label> Deine E-Mail-Adresse (Pflichtfeld)<br \/>\n<span class=\"wpcf7-form-control-wrap\" data-name=\"your-email\"><input size=\"40\" class=\"wpcf7-form-control wpcf7-email wpcf7-validates-as-required wpcf7-text wpcf7-validates-as-email\" aria-required=\"true\" aria-invalid=\"false\" value=\"\" type=\"email\" name=\"your-email\" \/><\/span> <\/label>\n<\/p>\n<p><label> Betreff<br \/>\n<span class=\"wpcf7-form-control-wrap\" data-name=\"your-subject\"><input size=\"40\" class=\"wpcf7-form-control wpcf7-text\" aria-invalid=\"false\" value=\"\" type=\"text\" name=\"your-subject\" \/><\/span> <\/label>\n<\/p>\n<p><label> Deine Nachricht<br \/>\n<span class=\"wpcf7-form-control-wrap\" data-name=\"your-message\"><textarea cols=\"40\" rows=\"10\" class=\"wpcf7-form-control wpcf7-textarea\" aria-invalid=\"false\" name=\"your-message\"><\/textarea><\/span> <\/label>\n<\/p>\n<p><span class=\"wpcf7-form-control-wrap\" data-name=\"Datenschutz\"><span class=\"wpcf7-form-control wpcf7-acceptance\"><span class=\"wpcf7-list-item\"><label><input type=\"checkbox\" name=\"Datenschutz\" value=\"1\" aria-invalid=\"false\" \/><span class=\"wpcf7-list-item-label\">(Pflichtfeld) Ich habe die <a href=\"https:\/\/steigerwald-zum-testen.anke-kirschenmann.com\/datenschutz\/\">Datenschutzbestimmungen<\/a> gelesen und akzeptiere sie.<\/span><\/label><\/span><\/span><\/span>\n<\/p>\n<p><input class=\"wpcf7-form-control wpcf7-submit has-spinner\" type=\"submit\" value=\"Senden\" \/>\n<\/p>\n<p><label>Bitte f\u00fclle alle Pflichtfelder aus, damit die Nachricht verschickt werden kann!<\/label>\n<\/p><div class=\"wpcf7-response-output\" aria-hidden=\"true\"><\/div>\n<\/form>\n<\/div>\n[\/vc_column][\/vc_row]<\/p>","protected":false},"excerpt":{"rendered":"<p>[vc_row bottom=&#8220;0px&#8220;][vc_column][rev_slider_vc alias=&#8220;ssst&#8220;][\/vc_column][\/vc_row][vc_row bottom=&#8220;0px&#8220;][vc_column][vc_heading title=&#8220;Medical Trainer Ausbildung&#8220;][\/vc_column][\/vc_row][vc_row full_content_width=&#8220;row-inner-full&#8220; top=&#8220;20px&#8220; bottom=&#8220;20px&#8220;][vc_column][vc_column_text] Medical Training Das sogenannte Behandlungstraining sollte die Basis einer Pferdeausbildung sein. Die Realit\u00e4t sieht leider oft anders aus. Da k\u00f6nnen Jungpferde &#8222;ihr Leben genie\u00dfen&#8220; und lernen den Menschen nur als aversiven Agitator zur Wurmkur, Impfung oder Hufe machen kennen. Im ung\u00fcnstigsten Fall wehren sie sich [&hellip;]<\/p>\n","protected":false},"author":5,"featured_media":0,"parent":3176,"menu_order":0,"comment_status":"closed","ping_status":"closed","template":"","meta":{"footnotes":""},"_links":{"self":[{"href":"https:\/\/steigerwald-zum-testen.anke-kirschenmann.com\/de\/wp-json\/wp\/v2\/pages\/3334"}],"collection":[{"href":"https:\/\/steigerwald-zum-testen.anke-kirschenmann.com\/de\/wp-json\/wp\/v2\/pages"}],"about":[{"href":"https:\/\/steigerwald-zum-testen.anke-kirschenmann.com\/de\/wp-json\/wp\/v2\/types\/page"}],"author":[{"embeddable":true,"href":"https:\/\/steigerwald-zum-testen.anke-kirschenmann.com\/de\/wp-json\/wp\/v2\/users\/5"}],"replies":[{"embeddable":true,"href":"https:\/\/steigerwald-zum-testen.anke-kirschenmann.com\/de\/wp-json\/wp\/v2\/comments?post=3334"}],"version-history":[{"count":13,"href":"https:\/\/steigerwald-zum-testen.anke-kirschenmann.com\/de\/wp-json\/wp\/v2\/pages\/3334\/revisions"}],"predecessor-version":[{"id":3981,"href":"https:\/\/steigerwald-zum-testen.anke-kirschenmann.com\/de\/wp-json\/wp\/v2\/pages\/3334\/revisions\/3981"}],"up":[{"embeddable":true,"href":"https:\/\/steigerwald-zum-testen.anke-kirschenmann.com\/de\/wp-json\/wp\/v2\/pages\/3176"}],"wp:attachment":[{"href":"https:\/\/steigerwald-zum-testen.anke-kirschenmann.com\/de\/wp-json\/wp\/v2\/media?parent=3334"}],"curies":[{"name":"wp","href":"https:\/\/api.w.org\/{rel}","templated":true}]}}