{"id":3313,"date":"2023-01-09T17:11:23","date_gmt":"2023-01-09T16:11:23","guid":{"rendered":"https:\/\/steigerwald-zum-testen.anke-kirschenmann.com\/?page_id=3313"},"modified":"2023-12-17T20:44:47","modified_gmt":"2023-12-17T19:44:47","slug":"pferdeseminare-tiergerechtes-training-auf-hof-steigerwald","status":"publish","type":"page","link":"https:\/\/steigerwald-zum-testen.anke-kirschenmann.com\/de\/nina-live\/pferdeseminare-tiergerechtes-training-auf-hof-steigerwald\/","title":{"rendered":"Seminare &#8211; tiergerechtes Training mit Nina Steigerwald"},"content":{"rendered":"<p>[vc_row][vc_column][vc_column_text][\/vc_column_text][\/vc_column][\/vc_row][vc_row bottom=&#8220;0px&#8220;][vc_column][rev_slider_vc alias=&#8220;ssst&#8220;][\/vc_column][\/vc_row][vc_row bottom=&#8220;0px&#8220;][vc_column][vc_heading title=&#8220;Seminare &#8211; tiergerechtes Training mit Nina Steigerwald&#8220;][vc_single_image image=&#8220;3881&#8243; img_size=&#8220;full&#8220; alignment=&#8220;center&#8220; style=&#8220;vc_box_shadow_border&#8220;][\/vc_column][\/vc_row][vc_row bottom=&#8220;0px&#8220;][vc_column][vc_column_text]Seminare mit Nina Steigerwald sind ein unvergleichliches Erlebnis. Erlebe, wie harmonisch die Kommunikation mit Pferden und deinen Mitwesen sein kann, wenn du immer feinere und pr\u00e4zisere Botschaften aussenden kannst.<\/p>\n<p>Bei der <a href=\"https:\/\/steigerwald-zum-testen.anke-kirschenmann.com\/nina-live\/pferdeseminare-tiergerechtes-training-auf-hof-steigerwald\/#1673286719125-9f8420fb-3c0c\"><span style=\"color: #800000;\"><strong>Erlebenswoche<\/strong><\/span><\/a> auf Le Matou kannst du im Dialog mit den sechs Steigerwald-Ponys und Pferden in intensiven Austausch gehen.<\/p>\n<p>Beim <a href=\"https:\/\/steigerwald-zum-testen.anke-kirschenmann.com\/nina-live\/pferdeseminare-tiergerechtes-training-auf-hof-steigerwald\/#1673286719125-9f8420fb-3c0c\"><span style=\"color: #800000;\"><strong>Bildungsurlaub<\/strong><\/span><\/a> ist dein Unterricht punktgenau und gezielt auf deine Bed\u00fcrfnisse und F\u00e4higkeiten ausgerichtet.<\/p>\n<p>Beim <span style=\"color: #800000;\"><strong><a style=\"color: #800000;\" href=\"https:\/\/steigerwald-zum-testen.anke-kirschenmann.com\/nina-live\/pferdeseminare-tiergerechtes-training-auf-hof-steigerwald\/#1673286719125-9f8420fb-3c0c\">Medical Training Wochenende<\/a><\/strong> <\/span>begleitest du unterschiedlichste Pferde auf dem Weg zur vertrauensvollen Kooperation.<\/p>\n<p>Nina und ihr umfangreiches und besonderes <a href=\"https:\/\/steigerwald-zum-testen.anke-kirschenmann.com\/seminare\/\"><strong><span style=\"color: #800000;\">Online-Angebot<\/span><\/strong><\/a> wie z.B. &#8222;Pferdewippen A bis Z&#8220; l\u00e4sst dich bequem vom heimischen Stall aus lernen.<\/p>\n<p>Durch <a href=\"https:\/\/steigerwald-zum-testen.anke-kirschenmann.com\/nina-live\/huehnerseminare-die-ausbildung-fuer-tiertrainer-und-tierbesitzer\/\"><strong><span style=\"color: #800000;\">H\u00fchnertraining<\/span><\/strong><\/a> lernst du selbst intensiv und kannst so du dein Clickertraining auf ein ungeahntes Niveau bringen.[\/vc_column_text][\/vc_column][\/vc_row][vc_row][vc_column][vc_tta_accordion][vc_tta_section title=&#8220;Erlebenswoche&#8220; tab_id=&#8220;1673287772291-aafb4f9f-c10d&#8220;][vc_row_inner gap=&#8220;20&#8243;][vc_column_inner width=&#8220;2\/3&#8243;][vc_column_text]<img loading=\"lazy\" decoding=\"async\" class=\"size-full wp-image-3639\" src=\"https:\/\/steigerwald-zum-testen.anke-kirschenmann.com\/wp-content\/uploads\/2023\/01\/steigerwald-traum-berge-1.jpg\" alt=\"\" width=\"149\" height=\"112\" \/><\/p>\n<p>In der Erlebenswoche auf Le Matou warten mannigfaltige Erfahrungen auf dich. In diesen sieben Tagen sprechen wir viele unterschiedliche Ebenen der Kommunikation und der Wahrnehmung an.<\/p>\n<p><strong>Kuscheln mit Ponys zu Vollmond<\/strong> &#8211; mit Pyren\u00e4enblick<br \/>\nBesser kannst du deine Verbundenheit mit den Pferden und der Welt nicht sp\u00fcren, als im Angesicht der mondbeschienenen Berge mit unseren Ponys <span class=\"fe5nidar khvhiq1o r5qsrrlp i5tg98hk f9ovudaz przvwfww gx1rr48f gfz4du6o r7fjleex nz2484kf svot0ezm dcnh1tix sxl192xd t3g6t33p\"><span class=\"mpj7bzys xzlurrtv\">\ud83e\udd70<\/span><\/span><\/p>\n<p><strong>Eine Aufstellung zum Thema deiner Wahl<\/strong><br \/>\nSystemische und Familienaufstellungen haben in der therapeutischen Praxis einen festen Platz eingenommen. Die Art, sich den inneren Personen und Wesen der Seele zu n\u00e4hern,<br \/>\ngeht direkt in die Tiefe und ber\u00fchrt deine Essenz. Das vorrangige Ziel ist es, eine gute L\u00f6sung zu finden. Nach einer Anamnese, in der das Grundthema, das akute, aufgesp\u00fcrt wird, werden Stellvertreter an ihre Pl\u00e4tze gestellt und die Dynamik angeschaut und wahrgenommen. Die therapeutischen Interventionen dienen dazu, Ver- und Auss\u00f6hnung herbeizuf\u00fchren.<br \/>\nDauer: ca. 1 Stunde<\/p>\n<p><strong>Ausflug zum Bach mit Baummeditation<br \/>\n<\/strong>Neben der gigantischen Weite der Berge hilft dir ein Ausflug in das Talst\u00fcck von Matou.<br \/>\nIn der mystischen Stimmung des Bereiches am Bach geht es im doppelten Sinne in die Tiefe.<\/p>\n<p><strong>Training mit H\u00fchnern &#8211; Kommunikation<br \/>\n<\/strong>Wer kennt es nicht, die Aussage vom \u201edummen Huhn?&#8220; Der Umgang mit dieser v\u00f6llig<br \/>\nuntersch\u00e4tzten Spezies er\u00f6ffnet dir neue Perspektiven. Bob Bailey, das &#8222;Urgestein&#8220; der angewandten Verhaltensanalyse pr\u00e4gte unter anderem den Satz: Lass im Training die Grenzen die deines Tieres sein, nicht deine.&#8220; Je mehr Wissen und Empathie du mitbringst, umso besser wird dein Gegen\u00fcber dich verstehen k\u00f6nnen. Das gilt f\u00fcr alle Spezies &#8211; auch f\u00fcr<br \/>\nEhepartner;)<\/p>\n<p>Neben den handwerklichen und technischen Aspekten kannst du aus dem Training mit den H\u00fchnern noch viel mehr mitnehmen:<\/p>\n<p>Wenn wir davon ausgehen, dass der oder die andere immer richtig handelt und reagiert, weil es in seiner oder ihrer Wertewelt in dem Moment das Richtige ist, dann k\u00f6nnen wir aus der Be-Wertung heraustreten. Denn das ist einer der gro\u00dfen Unterschiede zwischen Mensch und Tier: die Einteilung in richtig und falsch, in gut und b\u00f6se. Diese Be-und Einteilung schafft oft Unzufriedenheit und verhindert das Sein im Hier und Jetzt. Hast<br \/>\ndu schon einmal K\u00fche bei Westwind und Regen beobachtet? Sie drehen sich mit ihrem Hinterteil in den Wind und warten ab. Ein Mensch neigt dazu, mit der Situation zu hadern. \u201eH\u00e4tte ich blo\u00df den Regenmantel angezogen.&#8220; &#8222;Gestern war das Wetter viel besser.&#8220;<\/p>\n<p>Deine Zeit auf Le Matou wird dazu beitragen, Gelassenheit in Situationen zu bewahren oder zu entwickeln. Du wirst die Erfahrung machen, dass das Einnehmen einer bestimmten Haltung vor allem unerw\u00fcnschten Ereignissen gegen\u00fcber \u00dcbungssache ist.<\/p>\n<p><strong>Pferdewippen<\/strong> \u2013 Mit Freude in Bewegung<br \/>\nEntdecke die Besonderheiten und Feinheiten des Wippentrainings. Oder genie\u00dfe einfach, dich durchschaukeln zu lassen. Diese f\u00fcr Kopf und K\u00f6rper unglaublich vielseitigen und intensiven Bewegungen sind ein wertvoller Schritt f\u00fcr einen gesunden Pferdek\u00f6rper.<\/p>\n<p><strong>Clickertraining mit Pferden<br \/>\n<\/strong>Die sechs Steigerwald-Equiden trainieren mit Freude mit anderen Menschen. Wir gestalten die Inhalte nach den W\u00fcnschen und den Trainingsst\u00e4nden der jeweiligen Teilnehmer.[\/vc_column_text][\/vc_column_inner][vc_column_inner width=&#8220;1\/3&#8243;][vc_column_text]<strong>Termine <\/strong>02.-08. Juni, 29.09.bis 03.Oktober<br \/>\n<strong>Ort<\/strong> Le Matou 11230 Sonnac sur l&#8217;Hers<br \/>\n<strong>Kosten <\/strong>incl. gemeinsame Abendmahlzeit, Getr\u00e4nke und Snacks 900,-\u20ac<br \/>\n<strong>Teilnehmer<\/strong> maximal 6<\/p>\n<p><strong>Unterbringung<br \/>\n<\/strong>&#8211; G\u00e4stehaus 20m2 mit 1.20m breitem Bett, Kochnische, Dusche + Toilette 35\u20ac\/Tag<br \/>\n(wer zuerst\u00a0 bucht, hat es)<br \/>\n&#8211; eigenes Wohnmobil, Bus, Zelt mit Kompostklo und Solardusche 10\u20ac\/Tag (Strom extra)<br \/>\n&#8211; Gemeinschaftsunterkunft mit Kompostklo und Solardusche (2 Pl\u00e4tze) 20\u20ac\/Tag<br \/>\n&#8211; <a href=\"https:\/\/www.gites.com\/fr\/a-louer\/occitanie\/aude\/sonnac-sur-l-hers\/tour-basse-5555\"><span style=\"color: #800000;\"><strong>G\u00e4stehaus der Nachbarn<\/strong><\/span><\/a> in 2km Entfernung<br \/>\n&#8211; Ferienwohnung in Chalabre (10 km Entfernung Infos per Mail)<br \/>\n&#8211; <strong><a href=\"https:\/\/camping-labesse.com\/\"><span style=\"color: #800000;\">Campingplatz<\/span><\/a><\/strong><\/p>\n<p>F\u00fcr die Suche bei Airbnb oder \u00e4hnlichen Portalen 11230 Sonnac sur l&#8217;Hers in die Suche eingeben.<\/p>\n<p>Neugierig geworden? Nimm Kontakt mit uns auf![\/vc_column_text][vc_separator]\n<div class=\"wpcf7 no-js\" id=\"wpcf7-f3236-o1\" lang=\"de-DE\" dir=\"ltr\">\n<div class=\"screen-reader-response\"><p role=\"status\" aria-live=\"polite\" aria-atomic=\"true\"><\/p> <ul><\/ul><\/div>\n<form action=\"\/de\/wp-json\/wp\/v2\/pages\/3313#wpcf7-f3236-o1\" method=\"post\" class=\"wpcf7-form init\" aria-label=\"Kontaktformular\" novalidate=\"novalidate\" data-status=\"init\">\n<div style=\"display: none;\">\n<input type=\"hidden\" name=\"_wpcf7\" value=\"3236\" \/>\n<input type=\"hidden\" name=\"_wpcf7_version\" value=\"5.8.6\" \/>\n<input type=\"hidden\" name=\"_wpcf7_locale\" value=\"de_DE\" \/>\n<input type=\"hidden\" name=\"_wpcf7_unit_tag\" value=\"wpcf7-f3236-o1\" \/>\n<input type=\"hidden\" name=\"_wpcf7_container_post\" value=\"0\" \/>\n<input type=\"hidden\" name=\"_wpcf7_posted_data_hash\" value=\"\" \/>\n<\/div>\n<p><label> Dein Name (Pflichtfeld)<br \/>\n<span class=\"wpcf7-form-control-wrap\" data-name=\"your-name\"><input size=\"40\" class=\"wpcf7-form-control wpcf7-text wpcf7-validates-as-required\" aria-required=\"true\" aria-invalid=\"false\" value=\"\" type=\"text\" name=\"your-name\" \/><\/span> <\/label>\n<\/p>\n<p><label> Deine E-Mail-Adresse (Pflichtfeld)<br \/>\n<span class=\"wpcf7-form-control-wrap\" data-name=\"your-email\"><input size=\"40\" class=\"wpcf7-form-control wpcf7-email wpcf7-validates-as-required wpcf7-text wpcf7-validates-as-email\" aria-required=\"true\" aria-invalid=\"false\" value=\"\" type=\"email\" name=\"your-email\" \/><\/span> <\/label>\n<\/p>\n<p><label> Betreff<br \/>\n<span class=\"wpcf7-form-control-wrap\" data-name=\"your-subject\"><input size=\"40\" class=\"wpcf7-form-control wpcf7-text\" aria-invalid=\"false\" value=\"\" type=\"text\" name=\"your-subject\" \/><\/span> <\/label>\n<\/p>\n<p><label> Deine Nachricht<br \/>\n<span class=\"wpcf7-form-control-wrap\" data-name=\"your-message\"><textarea cols=\"40\" rows=\"10\" class=\"wpcf7-form-control wpcf7-textarea\" aria-invalid=\"false\" name=\"your-message\"><\/textarea><\/span> <\/label>\n<\/p>\n<p><span class=\"wpcf7-form-control-wrap\" data-name=\"Datenschutz\"><span class=\"wpcf7-form-control wpcf7-acceptance\"><span class=\"wpcf7-list-item\"><label><input type=\"checkbox\" name=\"Datenschutz\" value=\"1\" aria-invalid=\"false\" \/><span class=\"wpcf7-list-item-label\">(Pflichtfeld) Ich habe die <a href=\"https:\/\/steigerwald-zum-testen.anke-kirschenmann.com\/datenschutz\/\">Datenschutzbestimmungen<\/a> gelesen und akzeptiere sie.<\/span><\/label><\/span><\/span><\/span>\n<\/p>\n<p><input class=\"wpcf7-form-control wpcf7-submit has-spinner\" type=\"submit\" value=\"Senden\" \/>\n<\/p>\n<p><label>Bitte f\u00fclle alle Pflichtfelder aus, damit die Nachricht verschickt werden kann!<\/label>\n<\/p><div class=\"wpcf7-response-output\" aria-hidden=\"true\"><\/div>\n<\/form>\n<\/div>\n[\/vc_column_inner][\/vc_row_inner][\/vc_tta_section][vc_tta_section title=&#8220;Bildungsurlaub&#8220; tab_id=&#8220;1673286719125-9f8420fb-3c0c&#8220;][vc_row_inner][vc_column_inner width=&#8220;2\/3&#8243;][vc_column_text]<\/p>\n<h2>Bildungsurlaub auf Le Matou<\/h2>\n<p><img loading=\"lazy\" decoding=\"async\" class=\"alignleft wp-image-3638 size-full\" src=\"https:\/\/steigerwald-zum-testen.anke-kirschenmann.com\/wp-content\/uploads\/2023\/01\/clickertraining-bildungsurlaub-matou.jpg\" alt=\"\" width=\"136\" height=\"121\" \/><\/p>\n<p>Deine individuelle und lehrreiche Auszeit im Angesicht der Pyren\u00e4en. Verbringe f\u00fcnf Tage in unbeschreiblich sch\u00f6ner Natur, entdecke dich, die Feinheiten von Kommunikation mit Tieren, die Stille und f\u00fchle dich mit allem verbunden.<\/p>\n<p>&nbsp;<\/p>\n<p>Diese Zeit wird ganz auf dich zugeschnitten. Du bekommst zweimal am Tag eine Stunde Unterricht in den Bereichen deiner Wahl:<\/p>\n<p><strong>&#8211;<\/strong> Clickertraining mit Pferden<br \/>\n<strong>&#8211;<\/strong> H\u00fchnertraining<br \/>\n<strong>&#8211;<\/strong> Hundetraining (dein eigener -nach Absprache) oder Sheltie Jupiter<br \/>\n<strong>&#8211;<\/strong> K\u00f6rperbewusstsein und Entspannung<br \/>\n<strong>&#8211;<\/strong> Aufstellungsarbeit<br \/>\n<strong>&#8211;<\/strong> Visionen und Ziele<\/p>\n<p>Wir k\u00f6nnen hier mit gr\u00f6\u00dftm\u00f6glicher Flexibilit\u00e4t an die Fragen und Themen herangehen, die dich am meisten ansprechen oder unter den N\u00e4geln brennen. Dar\u00fcber hinaus kannst du Nina bei der Interaktion mit ihren Pferden zusehen und mit Fragen l\u00f6chern.<\/p>\n<p>Die restliche Zeit des Tages kannst du in der H\u00e4ngematte verbringen, auf die Berge schauen, \u00fcber das herrliche Naturgrundst\u00fcck oder durch die Gegend streifen, lesen, mit den Ponys kuscheln oder sonstigen wohltuenden Aktivit\u00e4ten widmen.<\/p>\n<p>Deine Fr\u00fchst\u00fccks- und Mittagsmahlzeit kannst deinem individuellen Rhythmus entsprechend legen und Abends gibt es eine gemeinsame Mahlzeit.<br \/>\nWenn du mit eigenem Auto kommst, gibt es zahlreiche reizvolle Ausflugsziele wie den Lac de Montbel, Mirepoix und seinen Markt, Katharerschl\u00f6sser\u2026<\/p>\n<p>Verbringe eine unvergessliche und intensive Zeit mit uns und den Tieren in der Natur der s\u00fcdfranz\u00f6sischen Berge.<\/p>\n<p>Begrenzt und verf\u00fcgbar nach Absprache. Deine n\u00e4chste Chance: Ab Februar 2024[\/vc_column_text][\/vc_column_inner][vc_column_inner width=&#8220;1\/3&#8243;][vc_column_text]<strong>Zeitraum<\/strong> 5 Tage nach Absprache<br \/>\n<strong>Ort<\/strong> Le Matou 11230 Sonnac sur l&#8217;Hers<br \/>\n<strong>Kosten<\/strong> 1000,- \u20ac incl. Verpflegung, G\u00e4steh\u00e4uschen mit Dusche+WC<br \/>\n10 Stunden Einzelunterricht<\/p>\n<p>Neugierig geworden? Dann nimm Kontakt mit uns auf![\/vc_column_text][vc_separator]\n<div class=\"wpcf7 no-js\" id=\"wpcf7-f3236-o2\" lang=\"de-DE\" dir=\"ltr\">\n<div class=\"screen-reader-response\"><p role=\"status\" aria-live=\"polite\" aria-atomic=\"true\"><\/p> <ul><\/ul><\/div>\n<form action=\"\/de\/wp-json\/wp\/v2\/pages\/3313#wpcf7-f3236-o2\" method=\"post\" class=\"wpcf7-form init\" aria-label=\"Kontaktformular\" novalidate=\"novalidate\" data-status=\"init\">\n<div style=\"display: none;\">\n<input type=\"hidden\" name=\"_wpcf7\" value=\"3236\" \/>\n<input type=\"hidden\" name=\"_wpcf7_version\" value=\"5.8.6\" \/>\n<input type=\"hidden\" name=\"_wpcf7_locale\" value=\"de_DE\" \/>\n<input type=\"hidden\" name=\"_wpcf7_unit_tag\" value=\"wpcf7-f3236-o2\" \/>\n<input type=\"hidden\" name=\"_wpcf7_container_post\" value=\"0\" \/>\n<input type=\"hidden\" name=\"_wpcf7_posted_data_hash\" value=\"\" \/>\n<\/div>\n<p><label> Dein Name (Pflichtfeld)<br \/>\n<span class=\"wpcf7-form-control-wrap\" data-name=\"your-name\"><input size=\"40\" class=\"wpcf7-form-control wpcf7-text wpcf7-validates-as-required\" aria-required=\"true\" aria-invalid=\"false\" value=\"\" type=\"text\" name=\"your-name\" \/><\/span> <\/label>\n<\/p>\n<p><label> Deine E-Mail-Adresse (Pflichtfeld)<br \/>\n<span class=\"wpcf7-form-control-wrap\" data-name=\"your-email\"><input size=\"40\" class=\"wpcf7-form-control wpcf7-email wpcf7-validates-as-required wpcf7-text wpcf7-validates-as-email\" aria-required=\"true\" aria-invalid=\"false\" value=\"\" type=\"email\" name=\"your-email\" \/><\/span> <\/label>\n<\/p>\n<p><label> Betreff<br \/>\n<span class=\"wpcf7-form-control-wrap\" data-name=\"your-subject\"><input size=\"40\" class=\"wpcf7-form-control wpcf7-text\" aria-invalid=\"false\" value=\"\" type=\"text\" name=\"your-subject\" \/><\/span> <\/label>\n<\/p>\n<p><label> Deine Nachricht<br \/>\n<span class=\"wpcf7-form-control-wrap\" data-name=\"your-message\"><textarea cols=\"40\" rows=\"10\" class=\"wpcf7-form-control wpcf7-textarea\" aria-invalid=\"false\" name=\"your-message\"><\/textarea><\/span> <\/label>\n<\/p>\n<p><span class=\"wpcf7-form-control-wrap\" data-name=\"Datenschutz\"><span class=\"wpcf7-form-control wpcf7-acceptance\"><span class=\"wpcf7-list-item\"><label><input type=\"checkbox\" name=\"Datenschutz\" value=\"1\" aria-invalid=\"false\" \/><span class=\"wpcf7-list-item-label\">(Pflichtfeld) Ich habe die <a href=\"https:\/\/steigerwald-zum-testen.anke-kirschenmann.com\/datenschutz\/\">Datenschutzbestimmungen<\/a> gelesen und akzeptiere sie.<\/span><\/label><\/span><\/span><\/span>\n<\/p>\n<p><input class=\"wpcf7-form-control wpcf7-submit has-spinner\" type=\"submit\" value=\"Senden\" \/>\n<\/p>\n<p><label>Bitte f\u00fclle alle Pflichtfelder aus, damit die Nachricht verschickt werden kann!<\/label>\n<\/p><div class=\"wpcf7-response-output\" aria-hidden=\"true\"><\/div>\n<\/form>\n<\/div>\n[\/vc_column_inner][\/vc_row_inner][\/vc_tta_section][vc_tta_section title=&#8220;Medical Training&#8220; tab_id=&#8220;1673286719108-a5cf1c76-b575&#8243;][vc_row_inner][vc_column_inner width=&#8220;2\/3&#8243;][vc_column_text]<\/p>\n<h2>Medical Training\u00a0f\u00fcr Pferde und Ponys<\/h2>\n<p><img loading=\"lazy\" decoding=\"async\" class=\"alignleft wp-image-3523 size-thumbnail\" src=\"https:\/\/steigerwald-zum-testen.anke-kirschenmann.com\/wp-content\/uploads\/2018\/01\/book-medical-training-150x150.jpg\" alt=\"\" width=\"150\" height=\"150\" \/>\u00dcberzeuge dich selbst, wie entspannt ein Tierarztbesuch oder die medizinische Versorgung ablaufen kann, wenn nur etwas Zeit in sinnvolles Training investiert wird.<\/p>\n<div>\n<p>F\u00fcr viele Pferde und deren Besitzer sind tier\u00e4rztliche Untersuchungen ein Alptraum, der Besuch des Hufbearbeiters wird zum Abenteuer und die Wurmkurgabe zur Nervenprobe. Doch Nina und viele von ihr ausgebildete Steigerwald.T Medical Trainer\u00a0 wissen: Das geht auch ganz anders!<\/p>\n<p>In vielen Zoos und bei immer mehr fortschrittlichen Tier\u00e4rzten und Tierbesitzern verbreitet sich das sogenannte Medical Training (MT) \u2013 man k\u00f6nnte meinen, es geht viral ;). Lerne, wie du dir dieses Training zu Nutze machen kannst, um dir selbst, den Fachleuten und vor allem deinem Pferd das Leben deutlich zu erleichtern.<\/p>\n<p>Die Einsatzgebiete sind zahlreich, zum Beispiel: Zahnkontrolle und Pflege; Pfoten-\/Huf-\/Klauen-\/Fell-etc. -kontrolle und -pflege; Tr\u00e4chtigkeits- und Brunftuntersuchung; Temperatur messen; Wiegen oder die Blutabnahme&#8230; Gerne ber\u00fccksichtigen wir auch deine individuellen W\u00fcnsche, wenn du uns diese bei Ihrer Buchung des Seminars mitteilst.<\/p>\n<p>Die Vorteile von MT liegen klar auf der Hand: Weniger Stress f\u00fcr Tier und Mensch in potentiell unangenehmen bis gef\u00e4hrlichen Situationen. Das st\u00e4rkt auch die Beziehung zu deinem Pferd auf eine ganz besondere Weise, schlie\u00dflich zeigst du sich in diesen vermeintlich unangenehmen Situationen als zuverl\u00e4ssiger und r\u00fccksichtsvoller Partner. Ein weiterer Vorteil ist das Einsparen von Beruhigungs- und Narkosemitteln. Das schont nicht nur deinen Geldbeutel -die Erh\u00f6hung der GOT l\u00e4sst gr\u00fc\u00dfen!) sondern vor allem den\u00a0Organismus deines Pferdes, schlie\u00dflich m\u00fcssen alle Sedativa auch wieder abgebaut werden.<\/p>\n<p>Du erlebst an diesem Wochendende live, wie gut MT funktioniert und wie du es richtig aufbaust, denn es werden unterschiedliche verschiedene Pferde und Aufgabenstellungentrainiert.<\/p>\n<p>Daher besteht f\u00fcr absolut (!) verladefromme Pferde die M\u00f6glichkeit, vom Training durch Profis zu lernen. Bitte nimm Kontakt mit uns auf, wenn du Interesse an einer Teilnahme mit Pferd hast.<\/p>\n<p>&nbsp;<\/p>\n<\/div>\n<p>[\/vc_column_text][\/vc_column_inner][vc_column_inner width=&#8220;1\/3&#8243;][vc_column_text]<strong>Termin<\/strong> 01.\/02. Juli 2023<br \/>\n<strong>Uhrzeiten<\/strong> 10:00-18:00 und 10:00 bis 16:00<\/p>\n<p><strong>Ort <\/strong>27793 Wildeshausen<br \/>\n<a href=\"https:\/\/wischenhof.com\/\">https:\/\/wischenhof.com\/<\/a><\/p>\n<p>Kosten 99,-\u20ac\u00a0 Zuschauer<br \/>\n399,-\u20ac aktive Teilnahme<\/p>\n<p>Du m\u00f6chtest f\u00fcr dein Pferd fairen und freundlichen Umgang im Medical Training? Nimm Kontakt mit uns auf![\/vc_column_text][vc_separator]\n<div class=\"wpcf7 no-js\" id=\"wpcf7-f3236-o3\" lang=\"de-DE\" dir=\"ltr\">\n<div class=\"screen-reader-response\"><p role=\"status\" aria-live=\"polite\" aria-atomic=\"true\"><\/p> <ul><\/ul><\/div>\n<form action=\"\/de\/wp-json\/wp\/v2\/pages\/3313#wpcf7-f3236-o3\" method=\"post\" class=\"wpcf7-form init\" aria-label=\"Kontaktformular\" novalidate=\"novalidate\" data-status=\"init\">\n<div style=\"display: none;\">\n<input type=\"hidden\" name=\"_wpcf7\" value=\"3236\" \/>\n<input type=\"hidden\" name=\"_wpcf7_version\" value=\"5.8.6\" \/>\n<input type=\"hidden\" name=\"_wpcf7_locale\" value=\"de_DE\" \/>\n<input type=\"hidden\" name=\"_wpcf7_unit_tag\" value=\"wpcf7-f3236-o3\" \/>\n<input type=\"hidden\" name=\"_wpcf7_container_post\" value=\"0\" \/>\n<input type=\"hidden\" name=\"_wpcf7_posted_data_hash\" value=\"\" \/>\n<\/div>\n<p><label> Dein Name (Pflichtfeld)<br \/>\n<span class=\"wpcf7-form-control-wrap\" data-name=\"your-name\"><input size=\"40\" class=\"wpcf7-form-control wpcf7-text wpcf7-validates-as-required\" aria-required=\"true\" aria-invalid=\"false\" value=\"\" type=\"text\" name=\"your-name\" \/><\/span> <\/label>\n<\/p>\n<p><label> Deine E-Mail-Adresse (Pflichtfeld)<br \/>\n<span class=\"wpcf7-form-control-wrap\" data-name=\"your-email\"><input size=\"40\" class=\"wpcf7-form-control wpcf7-email wpcf7-validates-as-required wpcf7-text wpcf7-validates-as-email\" aria-required=\"true\" aria-invalid=\"false\" value=\"\" type=\"email\" name=\"your-email\" \/><\/span> <\/label>\n<\/p>\n<p><label> Betreff<br \/>\n<span class=\"wpcf7-form-control-wrap\" data-name=\"your-subject\"><input size=\"40\" class=\"wpcf7-form-control wpcf7-text\" aria-invalid=\"false\" value=\"\" type=\"text\" name=\"your-subject\" \/><\/span> <\/label>\n<\/p>\n<p><label> Deine Nachricht<br \/>\n<span class=\"wpcf7-form-control-wrap\" data-name=\"your-message\"><textarea cols=\"40\" rows=\"10\" class=\"wpcf7-form-control wpcf7-textarea\" aria-invalid=\"false\" name=\"your-message\"><\/textarea><\/span> <\/label>\n<\/p>\n<p><span class=\"wpcf7-form-control-wrap\" data-name=\"Datenschutz\"><span class=\"wpcf7-form-control wpcf7-acceptance\"><span class=\"wpcf7-list-item\"><label><input type=\"checkbox\" name=\"Datenschutz\" value=\"1\" aria-invalid=\"false\" \/><span class=\"wpcf7-list-item-label\">(Pflichtfeld) Ich habe die <a href=\"https:\/\/steigerwald-zum-testen.anke-kirschenmann.com\/datenschutz\/\">Datenschutzbestimmungen<\/a> gelesen und akzeptiere sie.<\/span><\/label><\/span><\/span><\/span>\n<\/p>\n<p><input class=\"wpcf7-form-control wpcf7-submit has-spinner\" type=\"submit\" value=\"Senden\" \/>\n<\/p>\n<p><label>Bitte f\u00fclle alle Pflichtfelder aus, damit die Nachricht verschickt werden kann!<\/label>\n<\/p><div class=\"wpcf7-response-output\" aria-hidden=\"true\"><\/div>\n<\/form>\n<\/div>\n[\/vc_column_inner][\/vc_row_inner][\/vc_tta_section][\/vc_tta_accordion][\/vc_column][\/vc_row][vc_row][vc_column][\/vc_column][vc_column][\/vc_column][\/vc_row][vc_row][vc_column][vc_column_text][\/vc_column_text][\/vc_column][\/vc_row]<\/p>","protected":false},"excerpt":{"rendered":"<p>[vc_row][vc_column][vc_column_text][\/vc_column_text][\/vc_column][\/vc_row][vc_row bottom=&#8220;0px&#8220;][vc_column][rev_slider_vc alias=&#8220;ssst&#8220;][\/vc_column][\/vc_row][vc_row bottom=&#8220;0px&#8220;][vc_column][vc_heading title=&#8220;Seminare &#8211; tiergerechtes Training mit Nina Steigerwald&#8220;][vc_single_image image=&#8220;3881&#8243; img_size=&#8220;full&#8220; alignment=&#8220;center&#8220; style=&#8220;vc_box_shadow_border&#8220;][\/vc_column][\/vc_row][vc_row bottom=&#8220;0px&#8220;][vc_column][vc_column_text]Seminare mit Nina Steigerwald sind ein unvergleichliches Erlebnis. Erlebe, wie harmonisch die Kommunikation mit Pferden und deinen Mitwesen sein kann, wenn du immer feinere und pr\u00e4zisere Botschaften aussenden kannst. Bei der Erlebenswoche auf Le Matou kannst du im Dialog mit [&hellip;]<\/p>\n","protected":false},"author":5,"featured_media":0,"parent":3267,"menu_order":0,"comment_status":"closed","ping_status":"closed","template":"page-full-width.php","meta":{"footnotes":""},"_links":{"self":[{"href":"https:\/\/steigerwald-zum-testen.anke-kirschenmann.com\/de\/wp-json\/wp\/v2\/pages\/3313"}],"collection":[{"href":"https:\/\/steigerwald-zum-testen.anke-kirschenmann.com\/de\/wp-json\/wp\/v2\/pages"}],"about":[{"href":"https:\/\/steigerwald-zum-testen.anke-kirschenmann.com\/de\/wp-json\/wp\/v2\/types\/page"}],"author":[{"embeddable":true,"href":"https:\/\/steigerwald-zum-testen.anke-kirschenmann.com\/de\/wp-json\/wp\/v2\/users\/5"}],"replies":[{"embeddable":true,"href":"https:\/\/steigerwald-zum-testen.anke-kirschenmann.com\/de\/wp-json\/wp\/v2\/comments?post=3313"}],"version-history":[{"count":39,"href":"https:\/\/steigerwald-zum-testen.anke-kirschenmann.com\/de\/wp-json\/wp\/v2\/pages\/3313\/revisions"}],"predecessor-version":[{"id":4073,"href":"https:\/\/steigerwald-zum-testen.anke-kirschenmann.com\/de\/wp-json\/wp\/v2\/pages\/3313\/revisions\/4073"}],"up":[{"embeddable":true,"href":"https:\/\/steigerwald-zum-testen.anke-kirschenmann.com\/de\/wp-json\/wp\/v2\/pages\/3267"}],"wp:attachment":[{"href":"https:\/\/steigerwald-zum-testen.anke-kirschenmann.com\/de\/wp-json\/wp\/v2\/media?parent=3313"}],"curies":[{"name":"wp","href":"https:\/\/api.w.org\/{rel}","templated":true}]}}