{"id":3269,"date":"2023-01-04T20:56:17","date_gmt":"2023-01-04T19:56:17","guid":{"rendered":"https:\/\/steigerwald-zum-testen.anke-kirschenmann.com\/?page_id=3269"},"modified":"2023-12-11T15:39:58","modified_gmt":"2023-12-11T14:39:58","slug":"huehnerseminare-die-ausbildung-fuer-tiertrainer-und-tierbesitzer","status":"publish","type":"page","link":"https:\/\/steigerwald-zum-testen.anke-kirschenmann.com\/de\/nina-live\/huehnerseminare-die-ausbildung-fuer-tiertrainer-und-tierbesitzer\/","title":{"rendered":"H\u00fchnerseminare &#8211; DIE Ausbildung f\u00fcr Tiertrainer und Tierbesitzer"},"content":{"rendered":"<p>[vc_row bottom=&#8220;0px&#8220;][vc_column][rev_slider_vc alias=&#8220;ssst&#8220;][\/vc_column][\/vc_row][vc_row bottom=&#8220;0px&#8220;][vc_column][vc_heading title=&#8220;H\u00fchnerseminare &#8211; DIE Ausbildung f\u00fcr Tiertrainer und Tierbesitzer&#8220;][\/vc_column][\/vc_row][vc_row bottom=&#8220;0px&#8220;][vc_column][vc_column_text]<\/p>\n<h2>Wie k\u00f6nnen H\u00fchner Dir helfen, ein besserer Trainer zu werden?!<\/h2>\n<p><strong>Bob Bailey<\/strong> hat dieses Ausbildungskonzept in jahrzehntelanger Arbeit mit den unterschiedlichsten Tierarten entwickelt. Er fand heraus, dass H\u00fchner die idealen Trainingspartner sind. Es geht schlie\u00dflich nicht darum dem Tier in diesen Seminaren etwas beizubringen, sondern dem Menschen.<\/p>\n<p>Mit H\u00fchnern kann jeder optimal, sozusagen unter \u201eLaborbedingungen\u201c die Lerntheorie in Trainingspraxis umsetzen. H\u00fchner lassen sich weder durch K\u00f6rpersprache noch Dominanz beeinflussen: Ein bedrohtes Huhn wird nicht mehr arbeiten. Umso entscheidender ist also der gekonnte Einsatz von Clicker, Futter und dem kontinuierlich wachsenden Trainingswissen. Au\u00dferdem ist eine schnelle Folge von Wiederholungen m\u00f6glich,\u00a0das schult Ihr Auge und Ihr eigenes Tempo im Bezug auf \u201ebeobachten \u2013 entscheiden \u2013 handeln\u201c.<br \/>\nNicht zuletzt, ist es f\u00fcr das eigene Lernen durchaus f\u00f6rderlich, wenn Sie mit einem Tier \u00fcben, zu dem Sie weniger Bezug haben, als zu den eigenen. So sind Sie freier Erfahrungen zu machen, denn f\u00fcr den H\u00fchner-Alltag wird es egal sein, was das Huhn gelernt hat. Das erm\u00f6glicht Ihnen einen entspannten Umgang mit eigenen Lernherausforderungen (manche w\u00fcrden es Fehler nennen), denn diese passieren, das ist normal und dann doch lieber am Huhn, als mit dem eigenen Hund, Pferd, Kanarienvogel, L\u00f6wen, Affen, Ziege, usw. &#8230;<\/p>\n<p>L\u00f6we? Affe? Ja, zu unseren Kunden z\u00e4hlen neben interessierten Pferde- und Hundehaltern, auch professionelle Trainer, auch aus dem Bereich Zootiere oder Primatenhaltung. Es ist also wirklich f\u00fcr jeden n\u00fctzlich, mit H\u00fchnern zu trainieren!<\/p>\n<p>Der neue Seminarstandort ist in der N\u00e4he von G\u00f6ttingen, Leonore Burchardt vom DPZ unterrichtet ab 2024 die Module. Du wirst in der Praxis am Trainigstisch gewohnt professionell betreut.<\/p>\n<p>Hier stellt sie sich und ihr &#8222;WARUM&#8220; vor:<br \/>\nDas H\u00fchnertraining hat\u2019s mir angetan!<\/p>\n<p>Da Nina sich f\u00fcr unseren Bauernhof als neuen Standort f\u00fcr die H\u00fchnerseminare entschieden hat, ist es an der Zeit mich kurz vorzustellen.<\/p>\n<p>Mein Name ist Leonore Burchardt und lebe mit meiner Familie auf unserem Bauernhof, der \u201eMeierei\u201c in Teistungen.<\/p>\n<p>Tiere hatten schon immer einen Platz in unserem zu Hause. Von Kindheit an hatte ich Hunde, sp\u00e4ter kamen Pferde, Rinder, Schweine und Gefl\u00fcgel hinzu.<br \/>\nKurz um, mit einer Ausbildung zur Sch\u00e4ferin startete ich in das Berufsleben. Um mehr \u00fcber die Landwirtschaft, speziell \u00fcber die Tierzucht und Haltung zu verstehen, h\u00e4ngte ich ein Agrarstudium an.<\/p>\n<p>Tiertraining ist nach wie vor sehr spannend und magisch f\u00fcr mich.<br \/>\nEin neuer Lebensabschnitt begann 2006, da ich startete als Tiertrainerin am DPZ.<br \/>\nIch bekam einen Einblick in die Welt der Primaten und in wissenschaftliches Arbeiten.<br \/>\nUm der Arbeit gerecht zu werden, suchte ich nach L\u00f6sungen im Tiertraining.<br \/>\nMeine 1. Station war Viviane Theby und die H\u00fchnermodule. Eine weise Entscheidung.<br \/>\nSeitdem lerne ich stetig \u00fcber Tiertraining dazu.<br \/>\nUnz\u00e4hlige Trainerkurse, Workshops mit Bob Bailey, Parvene Farhoody, Ken Ramirez und den TOP Trainern folgten. Speziell f\u00fcr Primaten nahm ich an Workshops in Texas, Schweden, Niederlande, Belgien und England teil. So eignete ich mir das Wissen und handwerkliche F\u00e4higkeiten \u00fcber positives Tiertraining an.<\/p>\n<p>Die Arbeit im EUPRIM-Net erlaubten mir europaweit mit Dr. Valeska Stephan Vortr\u00e4ge und Workshops \u00fcber ABM und PRT zu halten.<br \/>\nZu meinen praktischen Aufgaben geh\u00f6ren neben dem Tiertraining die fachliche Begleitung neuer Trainer.<\/p>\n<p>Um Trainer gut auf ihre Arbeit vorzubereiten, bin ich ein gro\u00dfer Fan von H\u00fchnerseminaren, in denen man in k\u00fcrzester Zeit ein geballtes Wissen und K\u00f6nnen vermittelt bekommt.<\/p>\n<p>Nina kenne ich seit mehr als 10 Jahren und sch\u00e4tze ihre Arbeit sehr. Uns verbindet eine langej\u00e4hrige Zusammenarbeit bei den TOP Trainern und das gemeinsame Coaching der H\u00fchnerseminare.<\/p>\n<p>Preis: 979,-\u20ac je Modul<\/p>\n<p>Die Module finden ab 4 Teilnehmern statt. Ab sechs verbindlichen Teilnehmern sind auch individuelle Termine m\u00f6glich. Melde dich daf\u00fcr direkt bei Leonore Burchardt unter lburcha@gmail.com<\/p>\n<p>[\/vc_column_text][\/vc_column][\/vc_row][vc_row][vc_column][vc_tta_accordion][vc_tta_section title=&#8220;H\u00fchnerseminar Modul 1&#8243; tab_id=&#8220;1672920194283-fd3e4633-a47f&#8220;][vc_row_inner][vc_column_inner width=&#8220;2\/3&#8243;][vc_column_text css=&#8220;.vc_custom_1672920446498{padding-bottom: 25px !important;}&#8220;]<\/p>\n<div>\n<h2>Modul 1: Timing, Kriterien, Belohungsrate<\/h2>\n<p><strong><img loading=\"lazy\" decoding=\"async\" class=\"alignleft wp-image-3296 size-thumbnail\" src=\"https:\/\/steigerwald-zum-testen.anke-kirschenmann.com\/wp-content\/uploads\/2023\/01\/huehnerseminar-modul-1-150x150.jpg\" alt=\"\" width=\"150\" height=\"150\" \/>Wann<\/strong>\u00a0genau verst\u00e4rke ich,<br \/>\n<strong>was<\/strong>\u00a0genau verst\u00e4rke ich und<br \/>\n<strong>wie oft<\/strong>\u00a0best\u00e4rke ich ein Verhalten,<br \/>\nso dass es sich f\u00fcr mein Tier lohnt\u00a0\u201edie verr\u00fcckten Spiele mit zu spielen\u201c?<br \/>\n(Bob Bailey)<\/p>\n<p>Die H\u00fchner sorgen f\u00fcr ein ungew\u00f6hnlich intensives Seminar zum Erlenen von Trainierqualit\u00e4ten. Sie\u00a0verlangen zum Beispiel durch ihre Schnelligkeit einen ebenso flinken Trainer: Es ist wissenschaftlich erwiesen, dass die Unmittelbarkeit des Verst\u00e4rkers direkt mit der Qualit\u00e4t des Lernens zusammenh\u00e4ngt.\u00a0Um also f\u00fcr eine gute Lernqualit\u00e4t bei unserem Tier zu sorgen, m\u00fcssen wir in zwei Bereichen schnell sein, die wir in diesem Seminar auf besonderer Weise schulen werden:<\/p>\n<p><strong>Entscheidungsfreude:\u00a0<\/strong>Sie lernen aufgrund Ihrer Beobachtung blitzschnell zu entscheiden, was zu tun ist. Hier helfen unter anderem klare Kriterien, die wir gemeinsam erarbeiten.<\/p>\n<p><strong>Motorik:<\/strong> Klingt einfacher als es ist, denn Sie lernen nicht nur schnell umzusetzen, was Sie entschieden haben, sondern auch sich vor der Entscheidung nichts anmerken zu lassen. Erst zu zucken und sich dann anders zu entscheiden, ist nur ein Beispiel von vielen f\u00fcr eine gravierende Fehlinformation an das Tier. Wenn Sie lernen diese zu vermeiden und durch pr\u00e4zises Timing zu ersetzten, gelingt die Kommunikation mit unserem Tier um ein vielfaches besser.<\/p>\n<p>Um Ihren Lernerfolg zu sichern, arbeiten wir mit einer Vielzahl gut ineinandergreifenden Lehr- und Lernmethoden, schlie\u00dflich soll in diesem Seminar nicht das Huhn etwas lernen, sondern Sie!\u00a0Daher wird durch den Wechsel zwischen Theorie- und Praxiseinheiten das neue Wissen immer direkt in die Tat umgesetzt und die gesammelten Erfahrung in der n\u00e4chsten Theorieeinheit wieder besprochen, anhand der Lerntheorie erkl\u00e4rt und\u00a0 mit Handlungsoptionen weiterentwickelt. \u00a0Methoden wie das sogenannte Techniktraining sind au\u00dferdem immer hilfreich, egal mit welcher Tierart Sie letztendlich\u00a0trainieren m\u00f6chten. Es ist dar\u00fcberhinaus wunderbar mess- und vergleichbar, damit Sie Ihre Fortschritte realisieren.<\/p>\n<p>Ein gutes Lernklima und hohe Lernerfolge sind uns nat\u00fcrlich nicht nur f\u00fcr unsere Tier wichtig, sondern auch f\u00fcr Sie! Verlassen Sie sich also darauf, dass Sie ein Seminar erwartet, dass Sie so vermutlich noch nicht erlebt haben.<\/p>\n<\/div>\n<p>[\/vc_column_text][\/vc_column_inner][vc_column_inner width=&#8220;1\/3&#8243;][vc_column_text]<strong>5-Tages-Seminar: 979,00 EUR<br \/>\n<\/strong>t\u00e4glich von 09:30 bis 18:00, am letzten Tag bis 15:00<br \/>\nincl. Skript und Vorab-Webinar,<br \/>\nvegetarischer Mittagsmahlzeit, Getr\u00e4nken und Snacks<\/p>\n<p><strong>Referentin:<\/strong><br \/>\nLeonore Burchardt [\/vc_column_text][vc_separator][vc_column_text]<strong>Termine: 13.-17.05. 2024 und 19.05.-23.05.2025<\/strong><strong><br \/>\n<\/strong>[\/vc_column_text][vc_separator][vc_column_text]Du buchst dein H\u00fchnerseminar bei<\/p>\n<p>Leonore Burchardt<br \/>\nHaupstra\u00dfe 39<\/p>\n<p>37339 Teistungen<\/p>\n<p><a href=\"mailto:lburcha@gmail.com\">lburcha@gmail.com<\/a>[\/vc_column_text][\/vc_column_inner][\/vc_row_inner][\/vc_tta_section][vc_tta_section title=&#8220;H\u00fchnerseminar Modul 2&#8243; tab_id=&#8220;1672920567376-585e8283-ed4c&#8220;][vc_row_inner][vc_column_inner width=&#8220;2\/3&#8243;][vc_column_text css=&#8220;.vc_custom_1672920715939{padding-bottom: 25px !important;}&#8220;]<\/p>\n<h2>Modul 2: Trainingspl\u00e4ne und Trainingskriterien<\/h2>\n<div>\n<p><img loading=\"lazy\" decoding=\"async\" class=\"alignleft wp-image-3299 size-thumbnail\" src=\"https:\/\/steigerwald-zum-testen.anke-kirschenmann.com\/wp-content\/uploads\/2023\/01\/huehnerseminar-modul-2-150x150.jpg\" alt=\"\" width=\"150\" height=\"150\" \/><em>Wenn du wei\u00dft, was du tust, kann dein Tier tun, was du willst.<\/em><\/p>\n<p>In Modul 2 geht es darum planvoll vorzugehen, um in seinem Training \u201ein Mikroschritten rasend schnell voran zu kommen\u201c\u00a0(Viviane Theby),\u00a0ganz im Sinne von Bob Baileys: \u201eThink, plan, do.\u201c<\/p>\n<p>Die vielen Vorz\u00fcge von H\u00fchnern als Trainingspartner haben Sie in Modul 1 ja bereits kennen gelernt. In Modul 2 werden die Anspr\u00fcche an Sie komplexer, ebenso die Praxisaufgabe f\u00fcr das Tier:\u00a0Das eine Huhn soll zwei Ovale um zwei Eimer laufen, das andere zwei Achten um zwei Pylonen, jeweils f\u00fcr nur einen Click! Es gibt wie immer Steigerungsm\u00f6glichkeiten des Schwierigkeitsgrades, in diesem Modul\u00a0um das Training von Distanz und Dauer zu \u00fcben.<\/p>\n<p>Wie\u00a0schon beim ersten Modul dieser Seminarreihe\u00a0werden\u00a0alle\u00a0Ihre Lernschritte engmaschig betreut. Der bew\u00e4hrte\u00a0Wechsel zwischen Theorieeinheiten und Praxiszeit sichert die Vertiefung Ihres Verst\u00e4ndnisses f\u00fcr das Training mit positiver Verst\u00e4rkung. In der Arbeit mit Ihrem Co-Trainer werden au\u00dferdem auch kommunikative F\u00e4higkeiten gef\u00f6rdert, was immer\u00a0wieder hilft, die eigenen Vorstellungen zu konkretisieren und sein\u00a0Training strukturierter zu gestalten.<\/p>\n<p>Um die richtigen Kriterien f\u00fcr das\u00a0Zielverhalten\u00a0anzusetzen, m\u00fcssen Sie\u00a0Verhalten definieren und in Echtzeit aufgrund\u00a0Ihrer\u00a0Beobachtung beurteilen\u00a0k\u00f6nnen. Diese F\u00e4higkeiten werden Sie in diesem Modul\u00a0intensiv schulen. Sie werden\u00a0merken, wie wichtig es ist, sich bzw. seine Kriterien dem sich schnell\u00a0ver\u00e4ndernden Verhalten des Tieres anzupassen.\u00a0 Dieses Modul kann mit dem\u00a0dritten\u00a0Modul in der Reihenfolge der Teilnahme getauscht werden.<\/p>\n<\/div>\n<p>[\/vc_column_text][\/vc_column_inner][vc_column_inner width=&#8220;1\/3&#8243;][vc_column_text]<strong>5-Tages-Seminar: 979,00 EUR<br \/>\n<\/strong>t\u00e4glich von 09:30 bis 18:00, am letzten Tag bis 15:00<br \/>\nincl. Skript und Vorab-Webinar,<br \/>\nvegetarischer Mittagsmahlzeit, Getr\u00e4nken und Snacks<\/p>\n<p><strong>Referentin:<\/strong><br \/>\nLeonore Burchardt [\/vc_column_text][vc_separator][vc_column_text]<\/p>\n<p><strong>Termine:<br \/>\n<\/strong><strong>13.-17.05. 2024 und 19.05.-23.05.2025<\/strong><\/p>\n<p>[\/vc_column_text][vc_separator][vc_column_text]Du buchst dein H\u00fchnerseminar bei<\/p>\n<p>Leonore Burchardt<br \/>\nHaupstra\u00dfe 39<\/p>\n<p>37339 Teistungen<\/p>\n<p><a href=\"mailto:lburcha@gmail.com\">lburcha@gmail.com<\/a>[\/vc_column_text][\/vc_column_inner][\/vc_row_inner][\/vc_tta_section][vc_tta_section title=&#8220;H\u00fchnerseminar Modul 3&#8243; tab_id=&#8220;1672920738717-18be58a4-b042&#8243;][vc_row_inner][vc_column_inner width=&#8220;2\/3&#8243;][vc_column_text css=&#8220;.vc_custom_1672920835659{padding-bottom: 25px !important;}&#8220;]<\/p>\n<h2>Modul 3: Signale und Signalkontrolle<\/h2>\n<p><img loading=\"lazy\" decoding=\"async\" class=\"alignleft wp-image-3302 size-thumbnail\" src=\"https:\/\/steigerwald-zum-testen.anke-kirschenmann.com\/wp-content\/uploads\/2023\/01\/huehnerseminar-modul-3-150x150.jpg\" alt=\"\" width=\"150\" height=\"150\" \/>Im Umgang mit jedem Tier ist nicht nur wichtig, dass es ein bestimmtes Verhalten ausf\u00fchren kann, sondern auch, dass es dies auf Abruf macht und zwar\u00a0immer wenn es gew\u00fcnscht ist.<\/p>\n<p>In\u00a0Modul 1 und 2\u00a0geht es\u00a0darum, \u202fwie bestimmte Verhalten trainiert werden bzw. wie man sie \u00fcberhaupt bekommt. Iin Modul 3 wenden wir uns\u00a0zus\u00e4tzlich dem\u202f &#8222;wann&#8220; \u202fzu.<br \/>\n&#8222;Signalkontrolle&#8220;\u00a0bedeutet, dass ein Verhalten prompt, mit der richtigen Erfolgsquote, in\u00a0der n\u00f6tigen Geschwindigkeit und Genauigkeit gezeigt wird, wenn das entsprechende Signal dazu gegeben wird. Und NUR dann.F\u00fcr viele Verhalten, bei vielen Tierarten ist Signalkontrolle unerl\u00e4sslich: Das steigende Pferd\u00a0ist da nur ein simples\u00a0Beispiel. F\u00fcr andere\u00a0Verhalten\u00a0ist es einfach viel angenehmer, wenn das Tier beim ersten Signal unverz\u00fcglich reagiert, als wenn es mehrfach gebeten werden muss\u00a0\u2013 hier zeigen sich wahre Trainerqualit\u00e4ten.\u00a0Der immense Nutzen von Signalkontrolle sollte f\u00fcr jeden,\u00a0der Umgang mit Tieren pflegt,\u00a0v\u00f6llig au\u00dfer Frage stehen.<\/p>\n<div>\n<p>In diesem Modul erlernen, festigen und verbessern Sie Ihre F\u00e4higkeit Signalkontrolle einzuf\u00fchren und zu erhalten.<\/p>\n<p>Verhaltens\u00f6konomie, L\u00f6schung, Signale als Verst\u00e4rker und\u00a0der Nutzen von Arbeitssignalen, die sp\u00e4ter\u00a0durch andere Signale\u00a0ersetzt werden, sind nur einige der Themen, die in diesem Modul theoretisch beleuchtet und praktisch erfahren werden.<\/p>\n<p>Wie in allen Modulen der Seminarreihe ist das Co-Trainer-Sein ein wichtiger Bestandteil Ihrer\u00a0pers\u00f6nlichen Lernerfahrung. Verhalten zu beobachten, wenn Sie\u00a0nicht selbst den\u00a0Clicker\u00a0in der Hand hat, schult Ihre\u00a0Wahrnehmung\u00a0ungemein.\u00a0Das Beobachtete in \u201eTrainersprache\u201c weitergeben zu k\u00f6nnen, ist ein weiteres wichtiges Werkzeug, um im Training immer besser zu werden.\u00a0Die H\u00fchner verhelfen Ihnen\u00a0so\u00a0zu einer klaren Kommunikation, wovon alle Tiere profitieren, mit denen Sie arbeiten.<\/p>\n<\/div>\n<p>[\/vc_column_text][\/vc_column_inner][vc_column_inner width=&#8220;1\/3&#8243;][vc_column_text]<strong>5-Tages-Seminar: 979,00 EUR<br \/>\n<\/strong>t\u00e4glich von 09:30 bis 18:00, am letzten Tag bis 15:00<br \/>\nincl. Skript und Vorab-Webinar,<br \/>\nvegetarischer Mittagsmahlzeit, Getr\u00e4nken und Snacks<\/p>\n<p><strong>Referentin:<\/strong><br \/>\nLeonore Burchardt\/vc_column_text][vc_separator][vc_column_text]<strong>Termine 23.06.-27.06.2025(!)<\/strong><br \/>\n[\/vc_column_text][vc_separator][vc_column_text]Du buchst dein H\u00fchnerseminar bei<\/p>\n<p>Leonore Burchardt<br \/>\nHaupstra\u00dfe 39<\/p>\n<p>37339 Teistungen<\/p>\n<p><a href=\"mailto:lburcha@gmail.com\">lburcha@gmail.com<\/a>[\/vc_column_text][\/vc_column_inner][\/vc_row_inner][\/vc_tta_section][vc_tta_section title=&#8220;H\u00fchnerseminar Modul 4&#8243; tab_id=&#8220;1672920867189-8e3bbc99-0363&#8243;][vc_row_inner][vc_column_inner width=&#8220;2\/3&#8243;][vc_column_text css=&#8220;.vc_custom_1672920908113{padding-bottom: 25px !important;}&#8220;]<\/p>\n<h2>Modul 4: Verhaltensketten und Dauer<\/h2>\n<p><img loading=\"lazy\" decoding=\"async\" class=\"alignleft wp-image-3305 size-thumbnail\" src=\"https:\/\/steigerwald-zum-testen.anke-kirschenmann.com\/wp-content\/uploads\/2023\/01\/huehnerseminar-modul-4-150x150.jpg\" alt=\"\" width=\"150\" height=\"150\" \/>Es ist immer wieder erstaunlich, welche\u00a0komplexen Verhaltensketten so ein Huhn f\u00fcr\u00a0einen Click\u00a0abrufen kann und noch viel beeindruckender ist der Nutzen f\u00fcr Sie, dies auch im Umgang\u00a0mit Ihren\u00a0eigenen\u00a0Tieren anwenden\u00a0zu\u00a0k\u00f6nnen.<\/p>\n<div>\n<p>In den ersten drei Modulen Seminarreihe haben Sie bereits einiges an Wissen und F\u00e4higkeiten erlangt, um\u00a0mit\u00a0Ihren Tieren mittels positiver Verst\u00e4rkung pr\u00e4zise zu kommunizieren. In Modul 4 geht es nun darum, das Gelernte in sehr viel komplexeren Aufgaben anzuwenden. Mit Hilfe von Verhaltensketten werden die Vor- und Nachteile von unterschiedlichen Herangehensweisen erarbeitet und in den Praxiseinheiten erfahrbar gemacht. W\u00e4hrend Sie in Modul 1 noch \u201enur\u201c an einer Diskriminierungsaufgabe pro Huhn gearbeitete haben,\u00a0kommt in diesem Modul\u00a0\u00a0zur Diskriminierung\u00a0noch ein weiterer\u00a0Aufgabentyp\u00a0(non-discrete\u00a0Verhalten) hinzu und auch der\u00a0Laufweg \u00fcber\u00a0ein\u00a0Gestell.<\/p>\n<p>Die Komplexit\u00e4t der Aufgabe, die den H\u00fchnern\u00a0in diesem Modul gestellt wird, spiegelt deutlich wieder, wie beeindruckend sich Ihre Trainierf\u00e4higkeiten in diesen wenigen Modulen bereits verbessert haben. Und auch nach dem 4.\u00a0Modul werden Sie\u00a0deutlich merken, wie der Zuwachs an Wissen und F\u00e4higkeiten Ihren Umgang mit den eigenen Tieren bereichert!<\/p>\n<\/div>\n<p>[\/vc_column_text][\/vc_column_inner][vc_column_inner width=&#8220;1\/3&#8243;][vc_column_text]<strong>5-Tages-Seminar: 979,00 EUR<br \/>\n<\/strong>t\u00e4glich von 09:30 bis 18:00, am letzten Tag bis 15:00<br \/>\nincl. Skript und Vorab-Webinar,<br \/>\nvegetarischer Mittagsmahlzeit, Getr\u00e4nken und Snacks<\/p>\n<p><strong>Referentin:<\/strong><br \/>\nLeonore Burchardt[\/vc_column_text][vc_separator][vc_column_text]<strong>Termin:<br \/>\n<\/strong><strong>23.06.-27.06.2025(!)<\/strong><br \/>\n<strong><br \/>\n<\/strong>[\/vc_column_text][vc_separator][vc_column_text]Du buchst dein H\u00fchnerseminar bei<\/p>\n<p>Leonore Burchardt<br \/>\nHaupstra\u00dfe 39<\/p>\n<p>37339 Teistungen<\/p>\n<p><a href=\"mailto:lburcha@gmail.com\">lburcha@gmail.com<\/a>[\/vc_column_text][\/vc_column_inner][\/vc_row_inner][\/vc_tta_section][vc_tta_section title=&#8220;H\u00fchnerseminar Modul 5&#8243; tab_id=&#8220;1672920945486-0c96ee9d-a009&#8243;][vc_row_inner][vc_column_inner width=&#8220;2\/3&#8243;][vc_column_text css=&#8220;.vc_custom_1672948045697{padding-bottom: 25px !important;}&#8220;]<\/p>\n<h2>Modul 5: Kommunikation und Planung<\/h2>\n<p><img loading=\"lazy\" decoding=\"async\" class=\"alignleft wp-image-3307 size-thumbnail\" src=\"https:\/\/steigerwald-zum-testen.anke-kirschenmann.com\/wp-content\/uploads\/2023\/01\/huehnerseminar-modul-5-150x150.jpg\" alt=\"\" width=\"150\" height=\"150\" \/>In diesem\u00a0Modul lernen Sie sehr viel mehr\u00a0als das\u00a0Unterrichten, daher lohnt es sich auch f\u00fcr jeden Tierbesitzer oder -trainer, selbst\u00a0wenn Sie nicht\u00a0unterrichten\u00a0m\u00f6chten.<\/p>\n<div>\n<p>Sie wissen sicher, dass Sie besser lernen, wenn Sie etwas selber machen, als wenn Sie nur davon h\u00f6ren. Wenn Sie nun aber das Erlernte einem\u00a0Anderen weitergeben, so steigt Ihr eigenes Verst\u00e4ndnis der Inhalte um ein weiteres, beeindruckendes Level an.<\/p>\n<p>Insbesondere Ihre F\u00e4higkeit zur Planung, Ihre Flexibilit\u00e4t und das z\u00fcgige Anpassen bei unerwarteten Ereignissen wird\u00a0in diesem Modul\u00a0enorm geschult. Ihre Beobachtungs- und Einsch\u00e4tzungsf\u00e4higkeit wird dar\u00fcberhinaus noch sehr viel mehr gefordert\u00a0als in den bisherigen Modulen.\u00a0In diesem Modul\u00a0gilt es nicht nur das Tier, sondern auch den trainierenden Menschen genau zu beobachten und letztendlich zwei Lebewesen durch das Training zu coachen.\u00a0So werden die \u201eWenn-Danns\u201c unserer Trainingswelt noch einmal in aller Deutlichkeit erkennbar.<\/p>\n<p>Dieses Modul ist\u00a0daher\u00a0nicht nur\u00a0f\u00fcr\u00a0professionelle Trainer interessant, die auch unterrichten wollen. Wie alle anderen\u00a0H\u00fchnerseminare birgt auch das 5.\u00a0Modul viele n\u00fctzliche Erkenntnisse im Bezug\u00a0auf Training\u00a0und tr\u00e4gt in ganz besonderem Ma\u00dfe zur Vertiefung des bisherigen Wissens bei.<\/p>\n<\/div>\n<p>[\/vc_column_text][\/vc_column_inner][vc_column_inner width=&#8220;1\/3&#8243;][vc_column_text]<strong>5-Tages-Seminar: 979,00 EUR<br \/>\n<\/strong>t\u00e4glich von 09:30 bis 18:00, am letzten Tag bis 15:00<br \/>\nincl. Skript und Vorab-Webinar,<br \/>\nvegetarischer Mittagsmahlzeit, Getr\u00e4nken und Snacks<\/p>\n<p><strong>Referentin:<\/strong><br \/>\nLeonore Burchardt[\/vc_column_text][vc_separator][vc_column_text]<strong>Termin:<\/strong><strong><br \/>\n<\/strong><\/p>\n<p><strong>10.6.- 14.6.24<\/strong>[\/vc_column_text][vc_separator][vc_column_text]Du buchst dein H\u00fchnerseminar bei<\/p>\n<p>Leonore Burchardt<br \/>\nHaupstra\u00dfe 39<\/p>\n<p>37339 Teistungen<\/p>\n<p><a href=\"mailto:lburcha@gmail.com\">lburcha@gmail.com<\/a>[\/vc_column_text][\/vc_column_inner][\/vc_row_inner][\/vc_tta_section][\/vc_tta_accordion][\/vc_column][\/vc_row]<\/p>","protected":false},"excerpt":{"rendered":"<p>[vc_row bottom=&#8220;0px&#8220;][vc_column][rev_slider_vc alias=&#8220;ssst&#8220;][\/vc_column][\/vc_row][vc_row bottom=&#8220;0px&#8220;][vc_column][vc_heading title=&#8220;H\u00fchnerseminare &#8211; DIE Ausbildung f\u00fcr Tiertrainer und Tierbesitzer&#8220;][\/vc_column][\/vc_row][vc_row bottom=&#8220;0px&#8220;][vc_column][vc_column_text] Wie k\u00f6nnen H\u00fchner Dir helfen, ein besserer Trainer zu werden?! Bob Bailey hat dieses Ausbildungskonzept in jahrzehntelanger Arbeit mit den unterschiedlichsten Tierarten entwickelt. Er fand heraus, dass H\u00fchner die idealen Trainingspartner sind. Es geht schlie\u00dflich nicht darum dem Tier in diesen Seminaren [&hellip;]<\/p>\n","protected":false},"author":5,"featured_media":0,"parent":3267,"menu_order":0,"comment_status":"closed","ping_status":"closed","template":"page-full-width.php","meta":{"footnotes":""},"_links":{"self":[{"href":"https:\/\/steigerwald-zum-testen.anke-kirschenmann.com\/de\/wp-json\/wp\/v2\/pages\/3269"}],"collection":[{"href":"https:\/\/steigerwald-zum-testen.anke-kirschenmann.com\/de\/wp-json\/wp\/v2\/pages"}],"about":[{"href":"https:\/\/steigerwald-zum-testen.anke-kirschenmann.com\/de\/wp-json\/wp\/v2\/types\/page"}],"author":[{"embeddable":true,"href":"https:\/\/steigerwald-zum-testen.anke-kirschenmann.com\/de\/wp-json\/wp\/v2\/users\/5"}],"replies":[{"embeddable":true,"href":"https:\/\/steigerwald-zum-testen.anke-kirschenmann.com\/de\/wp-json\/wp\/v2\/comments?post=3269"}],"version-history":[{"count":43,"href":"https:\/\/steigerwald-zum-testen.anke-kirschenmann.com\/de\/wp-json\/wp\/v2\/pages\/3269\/revisions"}],"predecessor-version":[{"id":4070,"href":"https:\/\/steigerwald-zum-testen.anke-kirschenmann.com\/de\/wp-json\/wp\/v2\/pages\/3269\/revisions\/4070"}],"up":[{"embeddable":true,"href":"https:\/\/steigerwald-zum-testen.anke-kirschenmann.com\/de\/wp-json\/wp\/v2\/pages\/3267"}],"wp:attachment":[{"href":"https:\/\/steigerwald-zum-testen.anke-kirschenmann.com\/de\/wp-json\/wp\/v2\/media?parent=3269"}],"curies":[{"name":"wp","href":"https:\/\/api.w.org\/{rel}","templated":true}]}}