{"id":3246,"date":"2023-01-03T15:34:28","date_gmt":"2023-01-03T14:34:28","guid":{"rendered":"https:\/\/steigerwald-zum-testen.anke-kirschenmann.com\/?page_id=3246"},"modified":"2024-01-12T12:39:39","modified_gmt":"2024-01-12T11:39:39","slug":"steigerwald-trainer-fuer-pferdewippen","status":"publish","type":"page","link":"https:\/\/steigerwald-zum-testen.anke-kirschenmann.com\/de\/seminare\/steigerwald-trainer-fuer-pferdewippen\/","title":{"rendered":"Steigerwald.Training mit Pferdewippen von A bis Z"},"content":{"rendered":"<p>[vc_row][vc_column][vc_column_text][\/vc_column_text][\/vc_column][\/vc_row][vc_row bottom=&#8220;0px&#8220;][vc_column][rev_slider_vc alias=&#8220;trainingsgeraete&#8220;][\/vc_column][\/vc_row][vc_row bottom=&#8220;0px&#8220;][vc_column][vc_heading title=&#8220;Steigerwald.Training mit Pferdewippen von A bis Z&#8220;][vc_single_image image=&#8220;3927&#8243; img_size=&#8220;full&#8220; alignment=&#8220;center&#8220; style=&#8220;vc_box_shadow_border&#8220;][\/vc_column][\/vc_row][vc_row bottom=&#8220;00px&#8220;][vc_column][vc_column_text]<strong><span style=\"color: #008000;\">N\u00e4chster Start: Herbst 24<\/span><\/strong><\/p>\n<p>\u201eWippt euch gl\u00fccklich und gesund!\u201c In diesem brandneuen Onlinekurs erf\u00e4hrst du alles rund um das Training mit Pferdewippen. Lerne mit einer Community, wie du das Wippentraining f\u00fcr dein Pferd effektiv und sinnvoll aufbaust, um die vielen Vorteile vollst\u00e4ndig zu nutzen.<\/p>\n<div>\n<p>Das Training mit Pferdewippen ist ungemein vielseitig, es f\u00f6rdert den Aufbau von Muskulatur (auch der stabilisierenden Tiefenmuskulatur!), die Koordinationsf\u00e4higkeit, das K\u00f6rpergef\u00fchl, die Balance, die Trittsicherheit und das Vertrauen Ihres Pferdes. Nicht umsonst erfreuen Therapie- und Traininingswippen sich einer immer gr\u00f6\u00dferen Beliebtheit. Es gibt mit diesen vielseitigen Turnger\u00e4ten verschiedene Trainingsziele. Sie reichen je nach Kenntnisstand von Mensch und Pferd vom einfachen Hin\u00fcbergehen \u00fcber aktive Wipp-Wapps bis hin zu Schulhalt und Levade. Damit mehr Pferde in diesen Genuss kommen, bieten wir seit 2023 den Steigerwald.T Wippentrainer als umfassendes Trainingsprogramm mit engmaschiger individueller Betreuung online an.<\/p>\n<p><strong>Der inhaltliche Ablauf:<\/strong><\/p>\n<p>Die Themen zur rund um die Voraussetzungen rund um unser Thema sind schon hinterlegt.<\/p>\n<p>\u2022 H\u00f6flichkeit<br \/>\n\u2022 Mitgehen, Anhalten, Stehenbleiben<br \/>\n\u2022 Verschieben mit Futterpunkten<br \/>\n\u2022 Schritte vorw\u00e4rts und r\u00fcckw\u00e4rts auf Signal<br \/>\n\u2022 Hufe manuell umsetzen (modeln)<\/p>\n<p>Du kannst sie in deiner Reihenfolge abarbeiten, au\u00dfer nat\u00fcrlich der H\u00f6flichkeit. Sie ist absolute Grundvoraussetzung f\u00fcr Wippentraining. Bevor du dich ans Training machst, schaue dir unbedingt vorher auch die Tipps zum Filmen an.<\/p>\n<p>Wir beginnen mit dem ersten Live via Zoom zum Einstimmen auf den Kurs, zum gegenseitigen Kennenlernen, Zieldefinitionen und W\u00fcnschen sowie Fragen beantworten..<br \/>\nAlle Lives -Themen und Coachings- werden aufgezeichnet und stehen dir danach unbegrenzt zur Verf\u00fcgung. Solltest du also zu einem Termin keine Zeit haben, kannst du dich jederzeit wieder auf den richtigen Stand bringen.<br \/>\nWippentraining ist komplex und du erh\u00e4ltst in den Webinaren und Coachings von mir wertvolle Tipps zur Optimierung der Kommunikation mit deinem Pferd.<\/p>\n<p><strong>Live-Webinare<\/strong><br \/>\nF\u00fcr unser eines Ziel des Kurses, die flie\u00dfenden Wipp-Wapps, treffen wir uns zu den daf\u00fcr hilfreichen und teilweise unbedingt notwendigen einzelnen Themen via Zoom und gehen mit vielen Beispielvideos deine Aufgaben durch.<\/p>\n<p>\u2022 Begrenzte Untergr\u00fcnde betreten<br \/>\n\u2022 Polsterung und Stabilisierung reduzieren<br \/>\n\u2022 Wippbewegungen erzeugen<br \/>\n\u2022 Schweifr\u00fcbentarget<br \/>\n\u2022 Nasentarget<br \/>\n\u2022 \u00dcbergang zum selbst\u00e4ndigen Wippen<br \/>\n\u2022 Erweiterung der Eigenaktivit\u00e4t<\/p>\n<p>Im <strong>Expert-Level<\/strong> geht es dann um<\/p>\n<p>\u2022 Daueraufbau<br \/>\n\u2022 Hankenbeugung<\/p>\n<p>Mit dem erworbenen Wissen wird das Training f\u00fcr die<\/p>\n<p>\u2022 Zweibeinwippe mit Vorhand<br \/>\n\u2022 Hinterhand<\/p>\n<p>schon leichter fallen und du wirst begeistert sein, wieviel einfacher das Erkennen von suboptimalen Abl\u00e4ufen und das Lenken in die richtige Richtung stattfinden kann.<\/p>\n<p><strong>Die 14 Coachings<\/strong><br \/>\nSie finden immer um 19:30 Uhr \u00fcber Zoom statt, bei Bedarf gehen auch andere Uhrzeiten. Du kannst das Thema deiner Wahl ansprechen bzw. pr\u00e4sentieren. Wir legen gro\u00dfen Wert auf deine Blickschulung das Erkennen der korrekten Bewegungen und des richtigen Zeitpunkts zum Best\u00e4rken. Nach der Aufzeichnung werden sie geschnitten und thematisch im Online-Kurs hochgeladen. So hast du immer einen guten \u00dcberblick und kannst dich ganz gezielt mit einem Thema besch\u00e4ftigen.<\/p>\n<p>Lass uns gemeinsam immer mehr Pferde kompetent, sicher und positiv trainiert zu gesunden \u201eSchaukelpferden\u201c ausbilden!<\/p>\n<p>Hier findest du einen<a href=\"https:\/\/steigerwald-zum-testen.anke-kirschenmann.com\/kursbericht-wippentrainer-2019\/\"> Kursbericht \u00fcber den Steigerwald.T Wippentraine<\/a>r als Live.<\/p>\n<p><strong>Lasse dich unverbindlich auf die <a href=\"https:\/\/elopage.com\/s\/Steigerwald.T\/pferdewippen-a-z-warteliste\/payment\">Interessentenliste f\u00fcr den n\u00e4chsten Start 2024<\/a> setzen und sichere dir deinen Platz f\u00fcr einen einzigartigen Kurs.<br \/>\n<\/strong><\/p>\n<p>Du interessierst dich f\u00fcr Wippentraining, hast aber noch keine oder wenig Erfahrung mit Clickertraining? Mit dem Webinarpaket &#8222;Ninas Basics&#8220; kannst du dich und dein Pferd wunderbar auf Pferdewippen A bis Z vorbereiten. Du bekommst den Kaufpreis bei der Buchung des Wippenkurses <strong>komplett<\/strong> angerechnet.<\/p>\n<\/div>\n<p>[\/vc_column_text][\/vc_column][\/vc_row][vc_row top=&#8220;20px&#8220; bottom=&#8220;20px&#8220;][vc_column][vc_single_image image=&#8220;3888&#8243; img_size=&#8220;full&#8220; alignment=&#8220;center&#8220; style=&#8220;vc_box_shadow_border&#8220;][\/vc_column][\/vc_row][vc_row][vc_column width=&#8220;2\/6&#8243;][vc_column_text]Melde dich bei uns, wenn du bei diesem einzigartigen Kurs dabei sein willst!<\/p>\n<p><strong>Start<\/strong> 28.02.2023<\/p>\n<p><strong>Kosten 1190,-\u20ac <\/strong>(netto) incl. 15 Themenwebinaren (z.T. live via Zoom), Arbeitsbl\u00e4ttern, 14 Gruppencoachings und gaaaanz viel Blickschulung[\/vc_column_text][\/vc_column][vc_column width=&#8220;4\/6&#8243;]\n<div class=\"wpcf7 no-js\" id=\"wpcf7-f3236-o1\" lang=\"de-DE\" dir=\"ltr\">\n<div class=\"screen-reader-response\"><p role=\"status\" aria-live=\"polite\" aria-atomic=\"true\"><\/p> <ul><\/ul><\/div>\n<form action=\"\/de\/wp-json\/wp\/v2\/pages\/3246#wpcf7-f3236-o1\" method=\"post\" class=\"wpcf7-form init\" aria-label=\"Kontaktformular\" novalidate=\"novalidate\" data-status=\"init\">\n<div style=\"display: none;\">\n<input type=\"hidden\" name=\"_wpcf7\" value=\"3236\" \/>\n<input type=\"hidden\" name=\"_wpcf7_version\" value=\"5.8.6\" \/>\n<input type=\"hidden\" name=\"_wpcf7_locale\" value=\"de_DE\" \/>\n<input type=\"hidden\" name=\"_wpcf7_unit_tag\" value=\"wpcf7-f3236-o1\" \/>\n<input type=\"hidden\" name=\"_wpcf7_container_post\" value=\"0\" \/>\n<input type=\"hidden\" name=\"_wpcf7_posted_data_hash\" value=\"\" \/>\n<\/div>\n<p><label> Dein Name (Pflichtfeld)<br \/>\n<span class=\"wpcf7-form-control-wrap\" data-name=\"your-name\"><input size=\"40\" class=\"wpcf7-form-control wpcf7-text wpcf7-validates-as-required\" aria-required=\"true\" aria-invalid=\"false\" value=\"\" type=\"text\" name=\"your-name\" \/><\/span> <\/label>\n<\/p>\n<p><label> Deine E-Mail-Adresse (Pflichtfeld)<br \/>\n<span class=\"wpcf7-form-control-wrap\" data-name=\"your-email\"><input size=\"40\" class=\"wpcf7-form-control wpcf7-email wpcf7-validates-as-required wpcf7-text wpcf7-validates-as-email\" aria-required=\"true\" aria-invalid=\"false\" value=\"\" type=\"email\" name=\"your-email\" \/><\/span> <\/label>\n<\/p>\n<p><label> Betreff<br \/>\n<span class=\"wpcf7-form-control-wrap\" data-name=\"your-subject\"><input size=\"40\" class=\"wpcf7-form-control wpcf7-text\" aria-invalid=\"false\" value=\"\" type=\"text\" name=\"your-subject\" \/><\/span> <\/label>\n<\/p>\n<p><label> Deine Nachricht<br \/>\n<span class=\"wpcf7-form-control-wrap\" data-name=\"your-message\"><textarea cols=\"40\" rows=\"10\" class=\"wpcf7-form-control wpcf7-textarea\" aria-invalid=\"false\" name=\"your-message\"><\/textarea><\/span> <\/label>\n<\/p>\n<p><span class=\"wpcf7-form-control-wrap\" data-name=\"Datenschutz\"><span class=\"wpcf7-form-control wpcf7-acceptance\"><span class=\"wpcf7-list-item\"><label><input type=\"checkbox\" name=\"Datenschutz\" value=\"1\" aria-invalid=\"false\" \/><span class=\"wpcf7-list-item-label\">(Pflichtfeld) Ich habe die <a href=\"https:\/\/steigerwald-zum-testen.anke-kirschenmann.com\/datenschutz\/\">Datenschutzbestimmungen<\/a> gelesen und akzeptiere sie.<\/span><\/label><\/span><\/span><\/span>\n<\/p>\n<p><input class=\"wpcf7-form-control wpcf7-submit has-spinner\" type=\"submit\" value=\"Senden\" \/>\n<\/p>\n<p><label>Bitte f\u00fclle alle Pflichtfelder aus, damit die Nachricht verschickt werden kann!<\/label>\n<\/p><div class=\"wpcf7-response-output\" aria-hidden=\"true\"><\/div>\n<\/form>\n<\/div>\n[\/vc_column][\/vc_row][vc_row][vc_column][vc_column_text][\/vc_column_text][\/vc_column][\/vc_row]<\/p>","protected":false},"excerpt":{"rendered":"<p>[vc_row][vc_column][vc_column_text][\/vc_column_text][\/vc_column][\/vc_row][vc_row bottom=&#8220;0px&#8220;][vc_column][rev_slider_vc alias=&#8220;trainingsgeraete&#8220;][\/vc_column][\/vc_row][vc_row bottom=&#8220;0px&#8220;][vc_column][vc_heading title=&#8220;Steigerwald.Training mit Pferdewippen von A bis Z&#8220;][vc_single_image image=&#8220;3927&#8243; img_size=&#8220;full&#8220; alignment=&#8220;center&#8220; style=&#8220;vc_box_shadow_border&#8220;][\/vc_column][\/vc_row][vc_row bottom=&#8220;00px&#8220;][vc_column][vc_column_text]N\u00e4chster Start: Herbst 24 \u201eWippt euch gl\u00fccklich und gesund!\u201c In diesem brandneuen Onlinekurs erf\u00e4hrst du alles rund um das Training mit Pferdewippen. Lerne mit einer Community, wie du das Wippentraining f\u00fcr dein Pferd effektiv und sinnvoll aufbaust, um die vielen [&hellip;]<\/p>\n","protected":false},"author":5,"featured_media":0,"parent":3176,"menu_order":0,"comment_status":"closed","ping_status":"closed","template":"page-full-width.php","meta":{"footnotes":""},"_links":{"self":[{"href":"https:\/\/steigerwald-zum-testen.anke-kirschenmann.com\/de\/wp-json\/wp\/v2\/pages\/3246"}],"collection":[{"href":"https:\/\/steigerwald-zum-testen.anke-kirschenmann.com\/de\/wp-json\/wp\/v2\/pages"}],"about":[{"href":"https:\/\/steigerwald-zum-testen.anke-kirschenmann.com\/de\/wp-json\/wp\/v2\/types\/page"}],"author":[{"embeddable":true,"href":"https:\/\/steigerwald-zum-testen.anke-kirschenmann.com\/de\/wp-json\/wp\/v2\/users\/5"}],"replies":[{"embeddable":true,"href":"https:\/\/steigerwald-zum-testen.anke-kirschenmann.com\/de\/wp-json\/wp\/v2\/comments?post=3246"}],"version-history":[{"count":21,"href":"https:\/\/steigerwald-zum-testen.anke-kirschenmann.com\/de\/wp-json\/wp\/v2\/pages\/3246\/revisions"}],"predecessor-version":[{"id":4088,"href":"https:\/\/steigerwald-zum-testen.anke-kirschenmann.com\/de\/wp-json\/wp\/v2\/pages\/3246\/revisions\/4088"}],"up":[{"embeddable":true,"href":"https:\/\/steigerwald-zum-testen.anke-kirschenmann.com\/de\/wp-json\/wp\/v2\/pages\/3176"}],"wp:attachment":[{"href":"https:\/\/steigerwald-zum-testen.anke-kirschenmann.com\/de\/wp-json\/wp\/v2\/media?parent=3246"}],"curies":[{"name":"wp","href":"https:\/\/api.w.org\/{rel}","templated":true}]}}