{"id":3190,"date":"2023-01-03T09:46:28","date_gmt":"2023-01-03T08:46:28","guid":{"rendered":"https:\/\/steigerwald-zum-testen.anke-kirschenmann.com\/?page_id=3190"},"modified":"2023-01-13T20:24:56","modified_gmt":"2023-01-13T19:24:56","slug":"impressum","status":"publish","type":"page","link":"https:\/\/steigerwald-zum-testen.anke-kirschenmann.com\/de\/impressum\/","title":{"rendered":"Impressum"},"content":{"rendered":"<p>[vc_row bottom=&#8220;0px&#8220;][vc_column][rev_slider_vc alias=&#8220;ssst&#8220;][\/vc_column][\/vc_row][vc_row bottom=&#8220;0px&#8220;][vc_column][vc_heading title=&#8220;Impressum&#8220;][\/vc_column][\/vc_row][vc_row][vc_column][vc_column_text]<span class=\"Haendlerbund_Rechtstext_Absatz\"><strong><span class=\"Haendlerbund_Rechtstext_Paragraph\"><span class=\"Haendlerbund_Rechtstext_Untertitel\">Gesetzliche Anbieterkennung:<\/span><\/span><\/strong><\/span><\/p>\n<p><strong><span class=\"Haendlerbund_Rechtstext_Absatz\">Nina Steigerwald<\/span><br \/>\n<span class=\"Haendlerbund_Rechtstext_Absatz\">Le Matou<br \/>\n<\/span><\/strong><strong>11230 Sonnac sur l&#8217;Hers<br \/>\nFrankreich<br \/>\nTel.: 0049 1724 0681 14 <\/strong>(deutsche Nummer)<strong><br \/>\n<\/strong><\/p>\n<p><strong><span class=\"Haendlerbund_Rechtstext_Absatz\">E-Mail: <\/span><\/strong><strong><span class=\"Haendlerbund_Rechtstext_Absatz\">info@steigerwald-zum-testen.anke-kirschenmann.com<\/span><\/strong><\/p>\n<p>SIRET 92234235700014<\/p>\n<p><span class=\"Haendlerbund_Rechtstext_Absatz\"><strong>Alternative Streitbeilegung:<\/strong><br \/>\nDie Europ\u00e4ische Kommission stellt eine Plattform f\u00fcr die au\u00dfergerichtliche Online-Streitbeilegung (OS-Plattform) bereit, aufrufbar unter\u00a0<\/span><a href=\"https:\/\/ec.europa.eu\/consumers\/odr\" target=\"_blank\" rel=\"noopener\">https:\/\/ec.europa.eu\/odr<\/a><span class=\"Haendlerbund_Rechtstext_Absatz\">.<\/span><\/p>\n<p><span class=\"Haendlerbund_Rechtstext_Absatz\"><strong>\u00a0<\/strong><\/span>[\/vc_column_text][\/vc_column][\/vc_row]<\/p>","protected":false},"excerpt":{"rendered":"<p>[vc_row bottom=&#8220;0px&#8220;][vc_column][rev_slider_vc alias=&#8220;ssst&#8220;][\/vc_column][\/vc_row][vc_row bottom=&#8220;0px&#8220;][vc_column][vc_heading title=&#8220;Impressum&#8220;][\/vc_column][\/vc_row][vc_row][vc_column][vc_column_text]Gesetzliche Anbieterkennung: Nina Steigerwald Le Matou 11230 Sonnac sur l&#8217;Hers Frankreich Tel.: 0049 1724 0681 14 (deutsche Nummer) E-Mail: info@steigerwald-zum-testen.anke-kirschenmann.com SIRET 92234235700014 Alternative Streitbeilegung: Die Europ\u00e4ische Kommission stellt eine Plattform f\u00fcr die au\u00dfergerichtliche Online-Streitbeilegung (OS-Plattform) bereit, aufrufbar unter\u00a0https:\/\/ec.europa.eu\/odr. \u00a0[\/vc_column_text][\/vc_column][\/vc_row]<\/p>\n","protected":false},"author":5,"featured_media":0,"parent":0,"menu_order":0,"comment_status":"closed","ping_status":"closed","template":"page-full-width.php","meta":{"footnotes":""},"_links":{"self":[{"href":"https:\/\/steigerwald-zum-testen.anke-kirschenmann.com\/de\/wp-json\/wp\/v2\/pages\/3190"}],"collection":[{"href":"https:\/\/steigerwald-zum-testen.anke-kirschenmann.com\/de\/wp-json\/wp\/v2\/pages"}],"about":[{"href":"https:\/\/steigerwald-zum-testen.anke-kirschenmann.com\/de\/wp-json\/wp\/v2\/types\/page"}],"author":[{"embeddable":true,"href":"https:\/\/steigerwald-zum-testen.anke-kirschenmann.com\/de\/wp-json\/wp\/v2\/users\/5"}],"replies":[{"embeddable":true,"href":"https:\/\/steigerwald-zum-testen.anke-kirschenmann.com\/de\/wp-json\/wp\/v2\/comments?post=3190"}],"version-history":[{"count":3,"href":"https:\/\/steigerwald-zum-testen.anke-kirschenmann.com\/de\/wp-json\/wp\/v2\/pages\/3190\/revisions"}],"predecessor-version":[{"id":3714,"href":"https:\/\/steigerwald-zum-testen.anke-kirschenmann.com\/de\/wp-json\/wp\/v2\/pages\/3190\/revisions\/3714"}],"wp:attachment":[{"href":"https:\/\/steigerwald-zum-testen.anke-kirschenmann.com\/de\/wp-json\/wp\/v2\/media?parent=3190"}],"curies":[{"name":"wp","href":"https:\/\/api.w.org\/{rel}","templated":true}]}}