{"id":3176,"date":"2023-01-03T08:09:52","date_gmt":"2023-01-03T07:09:52","guid":{"rendered":"https:\/\/steigerwald-zum-testen.anke-kirschenmann.com\/?page_id=3176"},"modified":"2023-07-31T17:23:39","modified_gmt":"2023-07-31T15:23:39","slug":"seminare","status":"publish","type":"page","link":"https:\/\/steigerwald-zum-testen.anke-kirschenmann.com\/de\/seminare\/","title":{"rendered":"Onlinekurse"},"content":{"rendered":"<p>[vc_row bottom=&#8220;0px&#8220;][vc_column][rev_slider_vc alias=&#8220;true-horse-agility&#8220;][\/vc_column][\/vc_row][vc_row bottom=&#8220;0px&#8220;][vc_column][vc_column_text]<strong>Bequem und effektiv von Zuhause aus lernen!<\/strong><\/p>\n<p>Die Steigerwald.T Webinare und Online Kurse findest du in unserer <a href=\"https:\/\/elopage.com\/s\/Steigerwald.T\/\"><span style=\"color: #800000;\"><strong>Online Academy<\/strong><\/span><\/a> bei Elopage. Dort kannst du alle Kurse buchen und direkt anschauen. Wir haben f\u00fcr dich und dein Pferd nat\u00fcrlich auch ein paar deutlich verg\u00fcnstige Pakete (neudeutsch: Bundles) und Ausbildungskurse sowie kostenfreie Lernvideos zur Kommunkikation mit Clickertraining. <a href=\"https:\/\/elopage.com\/s\/Steigerwald.T\/\"><span style=\"color: #800000;\"><strong>Schau einmal rein<\/strong><\/span><\/a>, welche Themen wir f\u00fcr dich bereithalten![\/vc_column_text][\/vc_column][\/vc_row][vc_row][vc_column width=&#8220;1\/3&#8243;][vc_heading title=&#8220;Pferdewippen-Training von A-Z&#8220;][vc_single_image image=&#8220;3711&#8243; img_size=&#8220;medium&#8220; alignment=&#8220;center&#8220; style=&#8220;vc_box_shadow_border&#8220; onclick=&#8220;custom_link&#8220; css=&#8220;.vc_custom_1673637436153{padding-bottom: 25px !important;}&#8220; link=&#8220;https:\/\/steigerwald-zum-testen.anke-kirschenmann.com\/seminare\/steigerwald-trainer-fuer-pferdewippen\/&#8220;][vc_column_text]<\/p>\n<div class=\"tab-body active\">\n<p><strong>Steigerwald.T Wippentrainer &#8211; Onlinekurs<\/strong><\/p>\n<p>&#8222;Wippt euch gl\u00fccklich und gesund!&#8220; In diesem brandneuen Onlinekurs lernst du alles rund um das Training mit Pferdewippen. Erfahre hier, wie du das Wippentraining f\u00fcr dein Pferd effektiv und sinnvoll aufbaust, um die vielen Vorteile vollst\u00e4ndig zu nutzen.<\/p>\n<div><\/div>\n<div>\n<p>&nbsp;<\/p>\n<\/div>\n<\/div>\n<p>[\/vc_column_text][\/vc_column][vc_column width=&#8220;1\/3&#8243;][vc_heading title=&#8220;Medical Training f\u00fcr Pferde&#8220;][vc_single_image image=&#8220;3883&#8243; img_size=&#8220;medium&#8220; style=&#8220;vc_box_shadow_border&#8220; onclick=&#8220;custom_link&#8220; link=&#8220;https:\/\/steigerwald-zum-testen.anke-kirschenmann.com\/seminare\/medical-trainer-ausbildung\/&#8220;][vc_column_text]<\/p>\n<p><strong>Ein Muss f\u00fcr jeden liebevollen Pferdemenschen:<\/strong> Medical Training von der Pike auf! Diese einzigartige Ausbildung schafft Vertrauen und Grundlagen f\u00fcr ein harmonisches Miteinander. Nina und eine Tier\u00e4rztin behandeln alle Themen rund um die Gesundheitspflege von Augensalbe \u00fcber Spritzenphobie bis Zahntraining.[\/vc_column_text][\/vc_column][vc_column width=&#8220;1\/3&#8243;][vc_heading title=&#8220;Trainingsspezialist Pferd&#8220;][vc_single_image image=&#8220;425&#8243; img_size=&#8220;medium&#8220; alignment=&#8220;center&#8220; style=&#8220;vc_box_shadow_border&#8220; onclick=&#8220;custom_link&#8220; css=&#8220;.vc_custom_1673637243322{padding-bottom: 25px !important;}&#8220; link=&#8220;https:\/\/steigerwald-zum-testen.anke-kirschenmann.com\/seminare\/trainingsspezialist-pferd\/&#8220;][vc_column_text]Die herausragende <strong>Fortbildungsreihe &#8222;Trainingsspezialist Pferd&#8220;<\/strong> ist f\u00fcr alle Menschen, die ihre Kommunikation mit ihrem Pferd mit Clickertraining in eine andere Dimension bringen m\u00f6chten. Deine theoretischen und vor allem praktischen Kenntnisse werden so erweitert, dass jedes Pferd sich dar\u00fcber freuen wird.[\/vc_column_text][\/vc_column][\/vc_row]<\/p>","protected":false},"excerpt":{"rendered":"<p>[vc_row bottom=&#8220;0px&#8220;][vc_column][rev_slider_vc alias=&#8220;true-horse-agility&#8220;][\/vc_column][\/vc_row][vc_row bottom=&#8220;0px&#8220;][vc_column][vc_column_text]Bequem und effektiv von Zuhause aus lernen! Die Steigerwald.T Webinare und Online Kurse findest du in unserer Online Academy bei Elopage. Dort kannst du alle Kurse buchen und direkt anschauen. Wir haben f\u00fcr dich und dein Pferd nat\u00fcrlich auch ein paar deutlich verg\u00fcnstige Pakete (neudeutsch: Bundles) und Ausbildungskurse sowie kostenfreie Lernvideos zur [&hellip;]<\/p>\n","protected":false},"author":5,"featured_media":0,"parent":0,"menu_order":0,"comment_status":"closed","ping_status":"closed","template":"page-full-width.php","meta":{"footnotes":""},"_links":{"self":[{"href":"https:\/\/steigerwald-zum-testen.anke-kirschenmann.com\/de\/wp-json\/wp\/v2\/pages\/3176"}],"collection":[{"href":"https:\/\/steigerwald-zum-testen.anke-kirschenmann.com\/de\/wp-json\/wp\/v2\/pages"}],"about":[{"href":"https:\/\/steigerwald-zum-testen.anke-kirschenmann.com\/de\/wp-json\/wp\/v2\/types\/page"}],"author":[{"embeddable":true,"href":"https:\/\/steigerwald-zum-testen.anke-kirschenmann.com\/de\/wp-json\/wp\/v2\/users\/5"}],"replies":[{"embeddable":true,"href":"https:\/\/steigerwald-zum-testen.anke-kirschenmann.com\/de\/wp-json\/wp\/v2\/comments?post=3176"}],"version-history":[{"count":78,"href":"https:\/\/steigerwald-zum-testen.anke-kirschenmann.com\/de\/wp-json\/wp\/v2\/pages\/3176\/revisions"}],"predecessor-version":[{"id":4010,"href":"https:\/\/steigerwald-zum-testen.anke-kirschenmann.com\/de\/wp-json\/wp\/v2\/pages\/3176\/revisions\/4010"}],"wp:attachment":[{"href":"https:\/\/steigerwald-zum-testen.anke-kirschenmann.com\/de\/wp-json\/wp\/v2\/media?parent=3176"}],"curies":[{"name":"wp","href":"https:\/\/api.w.org\/{rel}","templated":true}]}}