{"id":2403,"date":"2020-02-13T22:19:20","date_gmt":"2020-02-13T21:19:20","guid":{"rendered":"https:\/\/steigerwald-zum-testen.anke-kirschenmann.com\/?page_id=2403"},"modified":"2023-01-13T21:33:05","modified_gmt":"2023-01-13T20:33:05","slug":"die-heldenliste","status":"publish","type":"page","link":"https:\/\/steigerwald-zum-testen.anke-kirschenmann.com\/de\/sw-t\/traum\/heldenliste\/","title":{"rendered":"Wovon tr\u00e4umst du?"},"content":{"rendered":"<p>[vc_row top=&#8220;0px&#8220; bottom=&#8220;0px&#8220;][vc_column][vc_column_text][rev_slider alias=&#8220;ssst&#8220;][\/vc_column_text][\/vc_column][\/vc_row][vc_row top=&#8220;20px&#8220; bottom=&#8220;0px&#8220;][vc_column][vc_heading title=&#8220;Wovon tr\u00e4umst du?&#8220; color=&#8220;#000000&#8243;][\/vc_column][\/vc_row][vc_row top=&#8220;20px&#8220; bottom=&#8220;20px&#8220;][vc_column][vc_column_text]Wir m\u00f6chten an dieser Stelle allen danken, die uns dabei unterst\u00fctzt haben, den Steigerwald.Traum wahr werden zu lassen! Wir haben uns \u00fcber jede einzelne Unterst\u00fctzung sehr gefreut und w\u00fcnschen unseren besonderen Helfern alles erdenklich Gute f\u00fcr die Verwirklichung ihrer eigenen Lebenstr\u00e4ume.<\/p>\n<p>Wenn du miterleben m\u00f6chtest, wie aus einer Vision Wirklichkeit wurde und diese immer weiter w\u00e4chst, st\u00f6bere doch zu diesem Thema in unserem <strong><a href=\"https:\/\/steigerwald-zum-testen.anke-kirschenmann.com\/category\/traum\/\">Blog: Steigerwald.Traum<\/a><\/strong>.[\/vc_column_text][\/vc_column][\/vc_row][vc_row top=&#8220;20px&#8220; bottom=&#8220;20px&#8220;][vc_column][vc_column_text]Online zu st\u00f6bern reicht dir nicht? Du m\u00f6chtest live sehen, was im Angesicht der Pyren\u00e4en entsteht und weiter w\u00e4chst? Das ist m\u00f6glich! Erlebe einen ganz besonderen Ort, an dem Leben Lieben Lernen m\u00f6glich gemacht wird mit deinen eigenen Sinnen. Atme die Luft S\u00fcdfrankreichs, f\u00fchle endlich das dichte Fell der Ponys, die du schon aus Blog, Buch und Social Media kennst, und begleite den Hund Jupiter auf seinen Streifz\u00fcgen durch die dichten W\u00e4lder von Le Matou. Lass diesen verr\u00fcckten Traum Wirklichkeit werden und buche hier den <strong><a href=\"https:\/\/steigerwald-zum-testen.anke-kirschenmann.com\/shop\/de\/bildungsurlaub-frankreich.html\">Bildungsurlaub auf Le Matou<\/a><\/strong>.[\/vc_column_text][\/vc_column][\/vc_row][vc_row top=&#8220;20px&#8220; bottom=&#8220;0px&#8220;][vc_column][vc_single_image image=&#8220;2408&#8243; img_size=&#8220;full&#8220; alignment=&#8220;center&#8220; style=&#8220;vc_box_shadow_border&#8220;][\/vc_column][\/vc_row][vc_row top=&#8220;0px&#8220; bottom=&#8220;0px&#8220;][vc_column][vc_empty_space height=&#8220;40px&#8220;][\/vc_column][\/vc_row][vc_row top=&#8220;15px&#8220; bottom=&#8220;15px&#8220; bg_color=&#8220;#eeeeee&#8220;][vc_column][vc_column_text css=&#8220;.vc_custom_1580838984890{background-color: #eeeeee !important;}&#8220;]<\/p>\n<p style=\"text-align: center;\"><span style=\"color: #999999; font-size: 13pt;\">Steigerwald.T &#8211; Ihr Partner f\u00fcr professionelle Trainings- und Therapieger\u00e4te und tiergerechtes Training<\/span><\/p>\n<p>[\/vc_column_text][\/vc_column][\/vc_row]<\/p>","protected":false},"excerpt":{"rendered":"<p>[vc_row top=&#8220;0px&#8220; bottom=&#8220;0px&#8220;][vc_column][vc_column_text][rev_slider alias=&#8220;ssst&#8220;][\/vc_column_text][\/vc_column][\/vc_row][vc_row top=&#8220;20px&#8220; bottom=&#8220;0px&#8220;][vc_column][vc_heading title=&#8220;Wovon tr\u00e4umst du?&#8220; color=&#8220;#000000&#8243;][\/vc_column][\/vc_row][vc_row top=&#8220;20px&#8220; bottom=&#8220;20px&#8220;][vc_column][vc_column_text]Wir m\u00f6chten an dieser Stelle allen danken, die uns dabei unterst\u00fctzt haben, den Steigerwald.Traum wahr werden zu lassen! Wir haben uns \u00fcber jede einzelne Unterst\u00fctzung sehr gefreut und w\u00fcnschen unseren besonderen Helfern alles erdenklich Gute f\u00fcr die Verwirklichung ihrer eigenen Lebenstr\u00e4ume. Wenn du miterleben [&hellip;]<\/p>\n","protected":false},"author":1,"featured_media":0,"parent":2359,"menu_order":0,"comment_status":"closed","ping_status":"closed","template":"page-full-width.php","meta":{"footnotes":""},"_links":{"self":[{"href":"https:\/\/steigerwald-zum-testen.anke-kirschenmann.com\/de\/wp-json\/wp\/v2\/pages\/2403"}],"collection":[{"href":"https:\/\/steigerwald-zum-testen.anke-kirschenmann.com\/de\/wp-json\/wp\/v2\/pages"}],"about":[{"href":"https:\/\/steigerwald-zum-testen.anke-kirschenmann.com\/de\/wp-json\/wp\/v2\/types\/page"}],"author":[{"embeddable":true,"href":"https:\/\/steigerwald-zum-testen.anke-kirschenmann.com\/de\/wp-json\/wp\/v2\/users\/1"}],"replies":[{"embeddable":true,"href":"https:\/\/steigerwald-zum-testen.anke-kirschenmann.com\/de\/wp-json\/wp\/v2\/comments?post=2403"}],"version-history":[{"count":17,"href":"https:\/\/steigerwald-zum-testen.anke-kirschenmann.com\/de\/wp-json\/wp\/v2\/pages\/2403\/revisions"}],"predecessor-version":[{"id":3726,"href":"https:\/\/steigerwald-zum-testen.anke-kirschenmann.com\/de\/wp-json\/wp\/v2\/pages\/2403\/revisions\/3726"}],"up":[{"embeddable":true,"href":"https:\/\/steigerwald-zum-testen.anke-kirschenmann.com\/de\/wp-json\/wp\/v2\/pages\/2359"}],"wp:attachment":[{"href":"https:\/\/steigerwald-zum-testen.anke-kirschenmann.com\/de\/wp-json\/wp\/v2\/media?parent=2403"}],"curies":[{"name":"wp","href":"https:\/\/api.w.org\/{rel}","templated":true}]}}