{"id":2359,"date":"2020-02-04T22:06:32","date_gmt":"2020-02-04T21:06:32","guid":{"rendered":"https:\/\/steigerwald-zum-testen.anke-kirschenmann.com\/?page_id=2359"},"modified":"2023-06-06T19:12:01","modified_gmt":"2023-06-06T17:12:01","slug":"traum","status":"publish","type":"page","link":"https:\/\/steigerwald-zum-testen.anke-kirschenmann.com\/de\/sw-t\/traum\/","title":{"rendered":"Traum"},"content":{"rendered":"<p>[vc_row top=&#8220;0px&#8220; bottom=&#8220;0px&#8220;][vc_column][vc_column_text][rev_slider alias=&#8220;ssst&#8220;][\/vc_column_text][\/vc_column][\/vc_row][vc_row top=&#8220;20px&#8220; bottom=&#8220;0px&#8220;][vc_column][vc_heading title=&#8220;Steigerwald.Traum&#8220; subtitle=&#8220;Sei dort mit dabei, wo Tr\u00e4ume wahr geworden sind und entdecke deinen eigenen Weg.&#8220; color=&#8220;#0a0a0a&#8220;][\/vc_column][\/vc_row][vc_row top=&#8220;20px&#8220; bottom=&#8220;20px&#8220;][vc_column][vc_column_text]Wenn wir dem Ruf unseres Herzens folgen, ist der Lebensweg oft ein Abenteuer. Manchmal ist es mit Ver\u00e4nderung, Zuversicht, Mut und viel Arbeit verbunden. Hof Steigerwald war ein solches Abenteuer und die Verwirklichung eines Lebenstraumes. Ein neues Projekt hat 2019 an unsere T\u00fcr geklopft: In S\u00fcdfrankreich stand ein einzigartiges Grundst\u00fcck zum Verkauf, weil die Besitzer aus Altersgr\u00fcnden in dem Jahr zur\u00fcck nach Deutschland wollten. F\u00fcr uns war das Umsiedeln 2019 noch nicht umsetzbar, aber ein neuer Traum war geboren und ein gro\u00dfes Ziel nahm immer mehr Form an! Was damals noch so weit weg schien, ist heute schon Realit\u00e4t. Im Sommer 2022 begann die gro\u00dfe Tour f\u00fcr Menschen, Pferde, Hund und H\u00fchner, der Aufbruch in eine neue Heimat.[\/vc_column_text][vc_empty_space height=&#8220;20px&#8220;][vc_column_text]<\/p>\n<p style=\"text-align: center;\"><iframe loading=\"lazy\" src=\"https:\/\/www.youtube.com\/embed\/s7EP9erQ4mQ\" width=\"560\" height=\"315\" frameborder=\"0\" allowfullscreen=\"allowfullscreen\"><\/iframe><\/p>\n<p>[\/vc_column_text][vc_empty_space height=&#8220;20px&#8220;][vc_column_text]Dieses Video war damals unser erster \u00f6ffentlicher Schritt in Richtung Verwirklichung des Steigerwald.Traums. Wie es weiter ging, unsere Reise nach S\u00fcdfrankreich, die ersten Wochen im neuen Zuhause und alle Abenteuer die uns noch erwarten werden, findest du in unserem <strong><a href=\"https:\/\/steigerwald-zum-testen.anke-kirschenmann.com\/category\/traum\/\">Blog: Steigerwald.Traum<\/a><\/strong>.[\/vc_column_text][\/vc_column][\/vc_row][vc_row top=&#8220;20px&#8220; bottom=&#8220;0px&#8220;][vc_column][vc_single_image image=&#8220;2362&#8243; img_size=&#8220;full&#8220; alignment=&#8220;center&#8220; style=&#8220;vc_box_shadow_border&#8220;][\/vc_column][\/vc_row][vc_row top=&#8220;0px&#8220; bottom=&#8220;0px&#8220;][vc_column][vc_empty_space height=&#8220;40px&#8220;][\/vc_column][\/vc_row][vc_row top=&#8220;15px&#8220; bottom=&#8220;15px&#8220; bg_color=&#8220;#eeeeee&#8220;][vc_column][vc_column_text css=&#8220;.vc_custom_1673644984530{background-color: #eeeeee !important;}&#8220;]<\/p>\n<p style=\"text-align: center;\"><span style=\"color: #999999; font-size: 13pt;\">Steigerwald.T &#8211; dein Kontakt f\u00fcr professionelle Pferdewippen, Trainings- und Therapieger\u00e4te und tiergerechtes Training<\/span><\/p>\n<p>[\/vc_column_text][\/vc_column][\/vc_row]<\/p>","protected":false},"excerpt":{"rendered":"<p>[vc_row top=&#8220;0px&#8220; bottom=&#8220;0px&#8220;][vc_column][vc_column_text][rev_slider alias=&#8220;ssst&#8220;][\/vc_column_text][\/vc_column][\/vc_row][vc_row top=&#8220;20px&#8220; bottom=&#8220;0px&#8220;][vc_column][vc_heading title=&#8220;Steigerwald.Traum&#8220; subtitle=&#8220;Sei dort mit dabei, wo Tr\u00e4ume wahr geworden sind und entdecke deinen eigenen Weg.&#8220; color=&#8220;#0a0a0a&#8220;][\/vc_column][\/vc_row][vc_row top=&#8220;20px&#8220; bottom=&#8220;20px&#8220;][vc_column][vc_column_text]Wenn wir dem Ruf unseres Herzens folgen, ist der Lebensweg oft ein Abenteuer. Manchmal ist es mit Ver\u00e4nderung, Zuversicht, Mut und viel Arbeit verbunden. Hof Steigerwald war ein solches Abenteuer und die [&hellip;]<\/p>\n","protected":false},"author":1,"featured_media":0,"parent":21,"menu_order":0,"comment_status":"closed","ping_status":"closed","template":"page-full-width.php","meta":{"footnotes":""},"_links":{"self":[{"href":"https:\/\/steigerwald-zum-testen.anke-kirschenmann.com\/de\/wp-json\/wp\/v2\/pages\/2359"}],"collection":[{"href":"https:\/\/steigerwald-zum-testen.anke-kirschenmann.com\/de\/wp-json\/wp\/v2\/pages"}],"about":[{"href":"https:\/\/steigerwald-zum-testen.anke-kirschenmann.com\/de\/wp-json\/wp\/v2\/types\/page"}],"author":[{"embeddable":true,"href":"https:\/\/steigerwald-zum-testen.anke-kirschenmann.com\/de\/wp-json\/wp\/v2\/users\/1"}],"replies":[{"embeddable":true,"href":"https:\/\/steigerwald-zum-testen.anke-kirschenmann.com\/de\/wp-json\/wp\/v2\/comments?post=2359"}],"version-history":[{"count":32,"href":"https:\/\/steigerwald-zum-testen.anke-kirschenmann.com\/de\/wp-json\/wp\/v2\/pages\/2359\/revisions"}],"predecessor-version":[{"id":4000,"href":"https:\/\/steigerwald-zum-testen.anke-kirschenmann.com\/de\/wp-json\/wp\/v2\/pages\/2359\/revisions\/4000"}],"up":[{"embeddable":true,"href":"https:\/\/steigerwald-zum-testen.anke-kirschenmann.com\/de\/wp-json\/wp\/v2\/pages\/21"}],"wp:attachment":[{"href":"https:\/\/steigerwald-zum-testen.anke-kirschenmann.com\/de\/wp-json\/wp\/v2\/media?parent=2359"}],"curies":[{"name":"wp","href":"https:\/\/api.w.org\/{rel}","templated":true}]}}