{"id":21,"date":"2018-09-28T13:03:38","date_gmt":"2018-09-28T11:03:38","guid":{"rendered":"https:\/\/steigerwald-zum-testen.anke-kirschenmann.com\/?page_id=21"},"modified":"2023-06-06T11:38:58","modified_gmt":"2023-06-06T09:38:58","slug":"steigerwald-t","status":"publish","type":"page","link":"https:\/\/steigerwald-zum-testen.anke-kirschenmann.com\/de\/sw-t\/","title":{"rendered":"Steigerwald.T"},"content":{"rendered":"<p>[vc_row top=&#8220;20px&#8220; bottom=&#8220;0px&#8220;][vc_column][vc_column_text][rev_slider alias=&#8220;ssst&#8220;][\/vc_column_text][\/vc_column][\/vc_row][vc_row top=&#8220;20px&#8220; bottom=&#8220;0px&#8220;][vc_column][vc_heading title=&#8220;Was dir Steigerwald.T zu bieten hat&#8220; subtitle=&#8220;Das findest du unter unseren &#8222;Ts&#8222;&#8220; color=&#8220;#000000&#8243;][\/vc_column][\/vc_row][vc_row top=&#8220;20px&#8220; bottom=&#8220;0px&#8220; row_show_on=&#8220;hide_tablet_portrait,hide_mobile_landscape,hide_mobile_portrait&#8220;][vc_column width=&#8220;1\/4&#8243;][vc_single_image image=&#8220;423&#8243; img_size=&#8220;400&#215;400&#8243; style=&#8220;vc_box_shadow_border&#8220; onclick=&#8220;custom_link&#8220; link=&#8220;https:\/\/steigerwald-zum-testen.anke-kirschenmann.com\/sw-t\/trainingsgeraete-therapiegeraete\/&#8220;][\/vc_column][vc_column width=&#8220;3\/4&#8243;][vc_column_text]<a href=\"https:\/\/steigerwald-zum-testen.anke-kirschenmann.com\/sw-t\/trainingsgeraete-therapiegeraete\/\"><span style=\"font-size: 14pt;\"><strong>Steigerwald.Trainings- &amp; Therapieger\u00e4te<\/strong><\/span><\/a><\/p>\n<p>Nutze unser umfangreiches Sortiment an<strong> Pferdewippen<\/strong> und Trainingsger\u00e4ten f\u00fcr die Gesunderhaltung oder die Genesung deines Pferdes und hab gemeinsam mit ihm Spa\u00df dabei! Wir bieten euch verschiedenes Zubeh\u00f6r f\u00fcr effektives Training von Muskulatur, Balancegef\u00fchl, Trittsicherheit und Koordination.[\/vc_column_text][\/vc_column][\/vc_row][vc_row top=&#8220;20px&#8220; bottom=&#8220;0px&#8220; row_show_on=&#8220;hide_on_normal_screen,hide_tablet_landscape&#8220;][vc_column][vc_single_image image=&#8220;423&#8243; img_size=&#8220;200&#215;200&#8243; alignment=&#8220;center&#8220; style=&#8220;vc_box_shadow_border&#8220; onclick=&#8220;custom_link&#8220; link=&#8220;https:\/\/steigerwald-zum-testen.anke-kirschenmann.com\/sw-t\/trainingsgeraete-therapiegeraete\/&#8220;][vc_column_text]<a href=\"https:\/\/steigerwald-zum-testen.anke-kirschenmann.com\/sw-t\/trainingsgeraete-therapiegeraete\/\"><span style=\"font-size: 14pt;\"><strong>Steigerwald.Trainings- &amp; Therapieger\u00e4te<\/strong><\/span><\/a><\/p>\n<p>Nutze unser umfangreiches Sortiment an <strong>Pferdewippen<\/strong> und Trainingsger\u00e4ten f\u00fcr die Gesunderhaltung oder die Genesung deines Pferdes und hab gemeinsam mit ihm Spa\u00df dabei! Wir bieten euch verschiedenes Zubeh\u00f6r f\u00fcr effektives Training von Muskulatur, Balancegef\u00fchl, Trittsicherheit und Koordination.[\/vc_column_text][\/vc_column][\/vc_row][vc_row top=&#8220;20px&#8220; bottom=&#8220;0px&#8220;][vc_column][vc_separator style=&#8220;simple&#8220;][\/vc_column][\/vc_row][vc_row top=&#8220;20px&#8220; bottom=&#8220;0px&#8220; row_show_on=&#8220;hide_tablet_portrait,hide_mobile_landscape,hide_mobile_portrait&#8220;][vc_column width=&#8220;3\/4&#8243;][vc_column_text]<a href=\"https:\/\/steigerwald-zum-testen.anke-kirschenmann.com\/sw-t\/training-tiergerecht\/\"><span style=\"font-size: 14pt;\"><strong>Steigerwald.Training tiergerecht<\/strong><\/span><\/a><\/p>\n<p>Lerne bei und mit uns die pr\u00e4zise Anwendung wissenschaftlich fundierter Lerntheorie in der Praxis und komme so schnell und mit einem gl\u00fccklichen Pferd zu deinem Trainingsziel. Nutze positive Verst\u00e4rkung f\u00fcr unterschiedliche Tierarten oder profitiere von unserer Schulung f\u00fcr den gezielten \u00dcbertrag auf die pferdespezifischen Bed\u00fcrfnisse im Clickertraining.[\/vc_column_text][\/vc_column][vc_column width=&#8220;1\/4&#8243;][vc_single_image image=&#8220;196&#8243; img_size=&#8220;400&#215;400&#8243; style=&#8220;vc_box_shadow_border&#8220; onclick=&#8220;custom_link&#8220; link=&#8220;https:\/\/steigerwald-zum-testen.anke-kirschenmann.com\/sw-t\/training-tiergerecht\/&#8220;][\/vc_column][\/vc_row][vc_row top=&#8220;20px&#8220; bottom=&#8220;0px&#8220; row_show_on=&#8220;hide_on_normal_screen,hide_tablet_landscape&#8220;][vc_column][vc_single_image image=&#8220;196&#8243; img_size=&#8220;200&#215;200&#8243; alignment=&#8220;center&#8220; style=&#8220;vc_box_shadow_border&#8220; onclick=&#8220;custom_link&#8220; link=&#8220;https:\/\/steigerwald-zum-testen.anke-kirschenmann.com\/sw-t\/training-tiergerecht\/&#8220;][vc_column_text]<a href=\"https:\/\/steigerwald-zum-testen.anke-kirschenmann.com\/sw-t\/training-tiergerecht\/\"><span style=\"font-size: 14pt;\"><strong>Steigerwald.Training tiergerecht<\/strong><\/span><\/a><\/p>\n<p>Lerne bei und mit uns die pr\u00e4zise Anwendung wissenschaftlich fundierter Lerntheorie in der Praxis und komme so schnell und mit einem gl\u00fccklichen Pferd zu deinem Trainingsziel. Nutze positive Verst\u00e4rkung f\u00fcr unterschiedliche Tierarten oder profitiere von unserer Schulung f\u00fcr den gezielten \u00dcbertrag auf die pferdespezifischen Bed\u00fcrfnisse im Clickertraining.[\/vc_column_text][vc_separator style=&#8220;simple&#8220;][\/vc_column][\/vc_row][vc_row top=&#8220;20px&#8220; bottom=&#8220;0px&#8220;][vc_column][vc_separator style=&#8220;simple&#8220;][vc_column_text]<a href=\"https:\/\/steigerwald-zum-testen.anke-kirschenmann.com\/sw-t\/training-tiergerecht\/\"><strong><span style=\"font-size: 14pt;\">Steigerwald.Tierarzt-Training<\/span><\/strong><\/a><\/p>\n<p><strong>Medical Training<\/strong> ist die Grundlage f\u00fcr eine gute Gesundheit und ein erf\u00fclltes Pferdeleben. Dar\u00fcber hinaus verbessert es nicht nur die Kommunikation zwischen dir und deinem Pferd, es dient der Sicherheit aller Beteiligten. Vom umfangreichen Buch &#8222;Medical Training f\u00fcr Pferde&#8220; \u00fcber Webinare bis hin zur kompletten Ausbildung kannst du deinem Pferd zu vertrauensvoller Kooperation verhelfen.[\/vc_column_text][vc_separator style=&#8220;simple&#8220;][\/vc_column][\/vc_row][vc_row top=&#8220;20px&#8220; bottom=&#8220;0px&#8220; row_show_on=&#8220;hide_tablet_portrait,hide_mobile_landscape,hide_mobile_portrait&#8220;][vc_column width=&#8220;1\/4&#8243;][vc_single_image image=&#8220;422&#8243; img_size=&#8220;400&#215;400&#8243; style=&#8220;vc_box_shadow_border&#8220; onclick=&#8220;custom_link&#8220; link=&#8220;https:\/\/steigerwald-zum-testen.anke-kirschenmann.com\/sw-t\/true-horse-agility\/&#8220;][\/vc_column][vc_column width=&#8220;3\/4&#8243;][vc_column_text]<a href=\"https:\/\/steigerwald-zum-testen.anke-kirschenmann.com\/sw-t\/true-horse-agility\/\"><span style=\"font-size: 14pt;\"><strong>Steigerwald.True Horse Agility <\/strong><\/span><\/a><\/p>\n<p>Das bedeutet positive Verst\u00e4rkung in rasantem Tempo im Wechsel mit herausfordernden Bewegungsabl\u00e4ufen. Genial f\u00fcr K\u00f6rper und Kopf &#8211; f\u00fcr Mensch und Pferd. Freiarbeit ist eines der sch\u00f6nsten Geschenke im Miteinander und sollte unserer Meinung nach frei von Druck sein![\/vc_column_text][\/vc_column][\/vc_row][vc_row top=&#8220;20px&#8220; bottom=&#8220;0px&#8220; row_show_on=&#8220;hide_on_normal_screen,hide_tablet_landscape&#8220;][vc_column][vc_single_image image=&#8220;422&#8243; img_size=&#8220;200&#215;200&#8243; style=&#8220;vc_box_shadow_border&#8220; onclick=&#8220;custom_link&#8220; link=&#8220;https:\/\/steigerwald-zum-testen.anke-kirschenmann.com\/sw-t\/true-horse-agility\/&#8220;][vc_column_text]<a href=\"https:\/\/steigerwald-zum-testen.anke-kirschenmann.com\/sw-t\/true-horse-agility\/\"><span style=\"font-size: 14pt;\"><strong>Steigerwald.True Horse Agility <\/strong><\/span><\/a><\/p>\n<p>Das bedeutet positive Verst\u00e4rkung in rasantem Tempo im Wechsel mit herausfordernden Bewegungsabl\u00e4ufen. Genial f\u00fcr K\u00f6rper und Kopf &#8211; f\u00fcr Mensch und Pferd. Freiarbeit ist eines der sch\u00f6nsten Geschenke im Miteinander und sollte unserer Meinung nach frei von Druck sein![\/vc_column_text][\/vc_column][\/vc_row][vc_row top=&#8220;20px&#8220; bottom=&#8220;0px&#8220;][vc_column][vc_separator style=&#8220;simple&#8220;][\/vc_column][\/vc_row][vc_row top=&#8220;20px&#8220; bottom=&#8220;0px&#8220; row_show_on=&#8220;hide_tablet_portrait,hide_mobile_landscape,hide_mobile_portrait&#8220;][vc_column width=&#8220;3\/4&#8243;][vc_column_text]<a href=\"https:\/\/steigerwald-zum-testen.anke-kirschenmann.com\/sw-t\/therapie\/\"><span style=\"font-size: 14pt;\"><strong>Steigerwald.Therapie<\/strong><\/span><\/a><\/p>\n<p>Die Beziehung zwischen Mensch und Tier und ihre jeweiligen Lebenswelten ist komplex und vielschichtig, manche Herausforderungen bed\u00fcrfen daher eine andere Herangehensweise als das blo\u00dfe Training.[\/vc_column_text][\/vc_column][vc_column width=&#8220;1\/4&#8243;][vc_single_image image=&#8220;922&#8243; img_size=&#8220;400&#215;400&#8243; style=&#8220;vc_box_shadow_border&#8220; onclick=&#8220;custom_link&#8220; link=&#8220;https:\/\/steigerwald-zum-testen.anke-kirschenmann.com\/sw-t\/therapie\/&#8220;][\/vc_column][\/vc_row][vc_row top=&#8220;20px&#8220; bottom=&#8220;0px&#8220; row_show_on=&#8220;hide_on_normal_screen,hide_tablet_landscape&#8220;][vc_column][vc_single_image image=&#8220;922&#8243; img_size=&#8220;200&#215;200&#8243; alignment=&#8220;center&#8220; style=&#8220;vc_box_shadow_border&#8220; onclick=&#8220;custom_link&#8220; link=&#8220;https:\/\/steigerwald-zum-testen.anke-kirschenmann.com\/sw-t\/therapie\/&#8220;][vc_column_text]<a href=\"https:\/\/steigerwald-zum-testen.anke-kirschenmann.com\/sw-t\/therapie\/\"><span style=\"font-size: 14pt;\"><strong>Steigerwald.Therapie<\/strong><\/span><\/a><\/p>\n<p>Die Beziehung zwischen Mensch und Tier und ihre jeweiligen Lebenswelten ist komplex und vielschichtig, manche Herausforderungen bed\u00fcrfen daher eine andere Herangehensweise als das blo\u00dfe Training.[\/vc_column_text][\/vc_column][\/vc_row][vc_row top=&#8220;20px&#8220; bottom=&#8220;0px&#8220;][vc_column][vc_separator style=&#8220;simple&#8220;][\/vc_column][\/vc_row][vc_row top=&#8220;20px&#8220; bottom=&#8220;20px&#8220; row_show_on=&#8220;hide_tablet_portrait,hide_mobile_landscape,hide_mobile_portrait&#8220;][vc_column width=&#8220;1\/4&#8243;][vc_single_image image=&#8220;424&#8243; img_size=&#8220;400&#215;400&#8243; style=&#8220;vc_box_shadow_border&#8220; onclick=&#8220;custom_link&#8220; link=&#8220;https:\/\/steigerwald-zum-testen.anke-kirschenmann.com\/sw-t\/trail\/&#8220;][\/vc_column][vc_column width=&#8220;3\/4&#8243;][vc_column_text]<a href=\"https:\/\/steigerwald-zum-testen.anke-kirschenmann.com\/sw-t\/trail\/\"><strong><span style=\"font-size: 14pt;\">Steigerwald.Trail<\/span><\/strong><\/a><\/p>\n<p>Ein anregend gestaltete, abwechslungsreiche und pferdegerechte Unterbringung sollte viel weiter verbreitet sein, schlie\u00dflich besteht ein Pferdeleben zu weit \u00fcber 90% aus Zeit ohne menschlichen Kontakt. Wir m\u00f6chten dazu beitragen indem wir unsere Erfahrungen teilen und Ideen und Anregungen verbreiten.[\/vc_column_text][\/vc_column][\/vc_row][vc_row top=&#8220;20px&#8220; bottom=&#8220;20px&#8220; row_show_on=&#8220;hide_on_normal_screen,hide_tablet_landscape&#8220;][vc_column][vc_single_image image=&#8220;424&#8243; img_size=&#8220;200&#215;200&#8243; alignment=&#8220;center&#8220; style=&#8220;vc_box_shadow_border&#8220; onclick=&#8220;custom_link&#8220; link=&#8220;https:\/\/steigerwald-zum-testen.anke-kirschenmann.com\/sw-t\/trail\/&#8220;][vc_column_text]<a href=\"https:\/\/steigerwald-zum-testen.anke-kirschenmann.com\/sw-t\/trail\/\"><strong><span style=\"font-size: 14pt;\">Steigerwald.Trail<\/span><\/strong><\/a><\/p>\n<p>Ein anregend gestaltete, abwechslungsreiche und pferdegerechte Unterbringung sollte viel weiter verbreitet sein, schlie\u00dflich besteht ein Pferdeleben zu weit \u00fcber 90% aus Zeit ohne menschlichen Kontakt. Wir m\u00f6chten dazu beitragen indem wir unsere Erfahrungen teilen und Ideen und Anregungen verbreiten.[\/vc_column_text][\/vc_column][\/vc_row][vc_row][vc_column][vc_column_text]<\/p>\n<p>[\/vc_column_text][\/vc_column][\/vc_row][vc_row top=&#8220;0px&#8220; bottom=&#8220;0px&#8220;][vc_column][vc_empty_space height=&#8220;40px&#8220;][\/vc_column][\/vc_row][vc_row top=&#8220;15px&#8220; bottom=&#8220;15px&#8220; bg_color=&#8220;#eeeeee&#8220;][vc_column][vc_column_text css=&#8220;.vc_custom_1673652666608{background-color: #eeeeee !important;}&#8220;]<\/p>\n<p style=\"text-align: center;\"><span style=\"color: #999999; font-size: 13pt;\">Steigerwald.T &#8211; dein Kontakt f\u00fcr professionelle Pferdewippen, Trainings- und Therapieger\u00e4te und tiergerechtes Training<\/span><\/p>\n<p>[\/vc_column_text][\/vc_column][\/vc_row][vc_row][vc_column][\/vc_column][\/vc_row]<\/p>","protected":false},"excerpt":{"rendered":"<p>[vc_row top=&#8220;20px&#8220; bottom=&#8220;0px&#8220;][vc_column][vc_column_text][rev_slider alias=&#8220;ssst&#8220;][\/vc_column_text][\/vc_column][\/vc_row][vc_row top=&#8220;20px&#8220; bottom=&#8220;0px&#8220;][vc_column][vc_heading title=&#8220;Was dir Steigerwald.T zu bieten hat&#8220; subtitle=&#8220;Das findest du unter unseren &#8222;Ts&#8222;&#8220; color=&#8220;#000000&#8243;][\/vc_column][\/vc_row][vc_row top=&#8220;20px&#8220; bottom=&#8220;0px&#8220; row_show_on=&#8220;hide_tablet_portrait,hide_mobile_landscape,hide_mobile_portrait&#8220;][vc_column width=&#8220;1\/4&#8243;][vc_single_image image=&#8220;423&#8243; img_size=&#8220;400&#215;400&#8243; style=&#8220;vc_box_shadow_border&#8220; onclick=&#8220;custom_link&#8220; link=&#8220;https:\/\/steigerwald-zum-testen.anke-kirschenmann.com\/sw-t\/trainingsgeraete-therapiegeraete\/&#8220;][\/vc_column][vc_column width=&#8220;3\/4&#8243;][vc_column_text]Steigerwald.Trainings- &amp; Therapieger\u00e4te Nutze unser umfangreiches Sortiment an Pferdewippen und Trainingsger\u00e4ten f\u00fcr die Gesunderhaltung oder die Genesung deines Pferdes und hab gemeinsam mit ihm Spa\u00df dabei! Wir [&hellip;]<\/p>\n","protected":false},"author":1,"featured_media":0,"parent":0,"menu_order":2,"comment_status":"closed","ping_status":"closed","template":"page-full-width.php","meta":{"footnotes":""},"_links":{"self":[{"href":"https:\/\/steigerwald-zum-testen.anke-kirschenmann.com\/de\/wp-json\/wp\/v2\/pages\/21"}],"collection":[{"href":"https:\/\/steigerwald-zum-testen.anke-kirschenmann.com\/de\/wp-json\/wp\/v2\/pages"}],"about":[{"href":"https:\/\/steigerwald-zum-testen.anke-kirschenmann.com\/de\/wp-json\/wp\/v2\/types\/page"}],"author":[{"embeddable":true,"href":"https:\/\/steigerwald-zum-testen.anke-kirschenmann.com\/de\/wp-json\/wp\/v2\/users\/1"}],"replies":[{"embeddable":true,"href":"https:\/\/steigerwald-zum-testen.anke-kirschenmann.com\/de\/wp-json\/wp\/v2\/comments?post=21"}],"version-history":[{"count":75,"href":"https:\/\/steigerwald-zum-testen.anke-kirschenmann.com\/de\/wp-json\/wp\/v2\/pages\/21\/revisions"}],"predecessor-version":[{"id":3966,"href":"https:\/\/steigerwald-zum-testen.anke-kirschenmann.com\/de\/wp-json\/wp\/v2\/pages\/21\/revisions\/3966"}],"wp:attachment":[{"href":"https:\/\/steigerwald-zum-testen.anke-kirschenmann.com\/de\/wp-json\/wp\/v2\/media?parent=21"}],"curies":[{"name":"wp","href":"https:\/\/api.w.org\/{rel}","templated":true}]}}