{"id":2097,"date":"2019-12-04T18:20:50","date_gmt":"2019-12-04T17:20:50","guid":{"rendered":"https:\/\/steigerwald-zum-testen.anke-kirschenmann.com\/?page_id=2097"},"modified":"2023-01-13T22:29:57","modified_gmt":"2023-01-13T21:29:57","slug":"susanne-poddey","status":"publish","type":"page","link":"https:\/\/steigerwald-zum-testen.anke-kirschenmann.com\/de\/sw-t\/team-mitglieder\/jessica-rings\/","title":{"rendered":"Jessica Rings"},"content":{"rendered":"<p>[vc_row top=&#8220;0px&#8220; bottom=&#8220;0px&#8220;][vc_column][vc_column_text][rev_slider alias=&#8220;ssst&#8220;][\/vc_column_text][\/vc_column][\/vc_row][vc_row top=&#8220;20px&#8220; bottom=&#8220;0px&#8220;][vc_column][vc_heading title=&#8220;Jessica Rings&#8220; color=&#8220;#000000&#8243;][\/vc_column][\/vc_row][vc_row top=&#8220;10px&#8220; bottom=&#8220;20px&#8220; row_show_on=&#8220;hide_tablet_portrait,hide_mobile_landscape,hide_mobile_portrait&#8220;][vc_column width=&#8220;3\/4&#8243;][vc_column_text]Bereits seit mehr als 20 Jahren arbeite ich nun in verschiedenen Bereichen der Verwaltung, Buchhaltung, B\u00fcrokommunikation und des Qualit\u00e4tsmanagements.<\/p>\n<p>Eigenverantwortlichkeit ist mir dabei genauso wichtig wie die Zusammenarbeit in einem Team aus freundlichen und engagierten Menschen.<\/p>\n<p>Diese Voraussetzungen finde ich als Verwaltungskraft in einem Kindergarten in Elterninitiative und nun auch im B\u00fcro von Team Steigerwald.<\/p>\n<p>Eine Verbindung zu Nina und Mario Steigerwald gibt es bereits seit 2017, da mein Lebensgef\u00e4hrte Hendric Cadeau in seiner Werkstatt auf unserem Hof die Trainings- und Therapieger\u00e4te f\u00fcr Steigerwald-T. fertigt.<\/p>\n<p>Wir leben hier mit unseren 3 Kindern und 2 Hunden auf einem Mehrgenerationenhof.[\/vc_column_text][\/vc_column][vc_column width=&#8220;1\/4&#8243;][vc_single_image image=&#8220;2721&#8243; img_size=&#8220;400&#215;400&#8243; alignment=&#8220;right&#8220; style=&#8220;vc_box_shadow_border&#8220; onclick=&#8220;link_image&#8220;][\/vc_column][\/vc_row][vc_row top=&#8220;10px&#8220; bottom=&#8220;20px&#8220; row_show_on=&#8220;hide_on_normal_screen,hide_tablet_landscape&#8220;][vc_column][vc_single_image image=&#8220;2721&#8243; img_size=&#8220;400&#215;400&#8243; alignment=&#8220;center&#8220; style=&#8220;vc_box_shadow_border&#8220;][vc_column_text]Bereits seit mehr als 20 Jahren arbeite ich nun in verschiedenen Bereichen der Verwaltung, Buchhaltung, B\u00fcrokommunikation und des Qualit\u00e4tsmanagements.<\/p>\n<p>Eigenverantwortlichkeit ist mir dabei genauso wichtig wie die Zusammenarbeit in einem Team aus freundlichen und engagierten Menschen.<\/p>\n<p>Diese Voraussetzungen finde ich als Verwaltungskraft in einem Kindergarten in Elterninitiative und nun auch im B\u00fcro von Team Steigerwald.<\/p>\n<p>Eine Verbindung zu Nina und Mario Steigerwald gibt es bereits seit 2017, da mein Lebensgef\u00e4hrte Hendric Cadeau in seiner Werkstatt auf unserem Hof die Trainings- und Therapieger\u00e4te f\u00fcr Steigerwald-T. fertigt.<\/p>\n<p>Wir leben hier mit unseren 3 Kindern und 2 Hunden auf einem Mehrgenerationenhof.[\/vc_column_text][\/vc_column][\/vc_row][vc_row top=&#8220;0px&#8220; bottom=&#8220;0px&#8220;][vc_column][vc_empty_space height=&#8220;40px&#8220;][\/vc_column][\/vc_row][vc_row top=&#8220;15px&#8220; bottom=&#8220;15px&#8220; bg_color=&#8220;#eeeeee&#8220;][vc_column][vc_column_text css=&#8220;.vc_custom_1673645395075{background-color: #eeeeee !important;}&#8220;]<\/p>\n<p style=\"text-align: center;\">Steigerwald.T &#8211; dein Kontakt f\u00fcr professionelle Pferdewippen, Trainings- und Therapieger\u00e4te und tiergerechtes Training<\/p>\n<p>[\/vc_column_text][\/vc_column][\/vc_row]<\/p>","protected":false},"excerpt":{"rendered":"<p>[vc_row top=&#8220;0px&#8220; bottom=&#8220;0px&#8220;][vc_column][vc_column_text][rev_slider alias=&#8220;ssst&#8220;][\/vc_column_text][\/vc_column][\/vc_row][vc_row top=&#8220;20px&#8220; bottom=&#8220;0px&#8220;][vc_column][vc_heading title=&#8220;Jessica Rings&#8220; color=&#8220;#000000&#8243;][\/vc_column][\/vc_row][vc_row top=&#8220;10px&#8220; bottom=&#8220;20px&#8220; row_show_on=&#8220;hide_tablet_portrait,hide_mobile_landscape,hide_mobile_portrait&#8220;][vc_column width=&#8220;3\/4&#8243;][vc_column_text]Bereits seit mehr als 20 Jahren arbeite ich nun in verschiedenen Bereichen der Verwaltung, Buchhaltung, B\u00fcrokommunikation und des Qualit\u00e4tsmanagements. Eigenverantwortlichkeit ist mir dabei genauso wichtig wie die Zusammenarbeit in einem Team aus freundlichen und engagierten Menschen. Diese Voraussetzungen finde ich als Verwaltungskraft in [&hellip;]<\/p>\n","protected":false},"author":1,"featured_media":2721,"parent":1911,"menu_order":5,"comment_status":"closed","ping_status":"closed","template":"page-full-width.php","meta":{"footnotes":""},"_links":{"self":[{"href":"https:\/\/steigerwald-zum-testen.anke-kirschenmann.com\/de\/wp-json\/wp\/v2\/pages\/2097"}],"collection":[{"href":"https:\/\/steigerwald-zum-testen.anke-kirschenmann.com\/de\/wp-json\/wp\/v2\/pages"}],"about":[{"href":"https:\/\/steigerwald-zum-testen.anke-kirschenmann.com\/de\/wp-json\/wp\/v2\/types\/page"}],"author":[{"embeddable":true,"href":"https:\/\/steigerwald-zum-testen.anke-kirschenmann.com\/de\/wp-json\/wp\/v2\/users\/1"}],"replies":[{"embeddable":true,"href":"https:\/\/steigerwald-zum-testen.anke-kirschenmann.com\/de\/wp-json\/wp\/v2\/comments?post=2097"}],"version-history":[{"count":13,"href":"https:\/\/steigerwald-zum-testen.anke-kirschenmann.com\/de\/wp-json\/wp\/v2\/pages\/2097\/revisions"}],"predecessor-version":[{"id":3744,"href":"https:\/\/steigerwald-zum-testen.anke-kirschenmann.com\/de\/wp-json\/wp\/v2\/pages\/2097\/revisions\/3744"}],"up":[{"embeddable":true,"href":"https:\/\/steigerwald-zum-testen.anke-kirschenmann.com\/de\/wp-json\/wp\/v2\/pages\/1911"}],"wp:featuredmedia":[{"embeddable":true,"href":"https:\/\/steigerwald-zum-testen.anke-kirschenmann.com\/de\/wp-json\/wp\/v2\/media\/2721"}],"wp:attachment":[{"href":"https:\/\/steigerwald-zum-testen.anke-kirschenmann.com\/de\/wp-json\/wp\/v2\/media?parent=2097"}],"curies":[{"name":"wp","href":"https:\/\/api.w.org\/{rel}","templated":true}]}}