{"id":2095,"date":"2019-12-04T18:20:06","date_gmt":"2019-12-04T17:20:06","guid":{"rendered":"https:\/\/steigerwald-zum-testen.anke-kirschenmann.com\/?page_id=2095"},"modified":"2023-01-13T22:29:20","modified_gmt":"2023-01-13T21:29:20","slug":"hendric-cadeau","status":"publish","type":"page","link":"https:\/\/steigerwald-zum-testen.anke-kirschenmann.com\/de\/sw-t\/team-mitglieder\/hendric-cadeau\/","title":{"rendered":"Hendric Cadeau"},"content":{"rendered":"<p>[vc_row top=&#8220;0px&#8220; bottom=&#8220;0px&#8220;][vc_column][vc_column_text][rev_slider alias=&#8220;ssst&#8220;][\/vc_column_text][\/vc_column][\/vc_row][vc_row top=&#8220;20px&#8220; bottom=&#8220;0px&#8220;][vc_column][vc_heading title=&#8220;Hendric Cadeau&#8220; color=&#8220;#000000&#8243;][\/vc_column][\/vc_row][vc_row top=&#8220;10px&#8220; bottom=&#8220;20px&#8220; row_show_on=&#8220;hide_tablet_portrait,hide_mobile_landscape,hide_mobile_portrait&#8220;][vc_column width=&#8220;1\/4&#8243;][vc_single_image image=&#8220;1973&#8243; img_size=&#8220;400&#215;400&#8243; style=&#8220;vc_box_shadow_border&#8220; onclick=&#8220;link_image&#8220;][\/vc_column][vc_column width=&#8220;3\/4&#8243;][vc_column_text]Direkt nach meiner Ausbildung zum System- und Maschinen-Techniker in einem Gro\u00dfbetrieb im Jahre 2003 habe ich mich entschlossen meinen eigenen Weg zu gehen. F\u00fcr mich war schnell klar, dass ich etwas machen m\u00f6chte, bei dem meine Arbeit sinnhaft ist und wertgesch\u00e4tzt wird. Au\u00dferdem kam es f\u00fcr mich nicht in Frage, an Dingen mitzuwirken, die weder nachhaltig sind oder einen zerst\u00f6rerischen Einfluss auf unsere Gesellschaft und unsere Natur haben.<\/p>\n<p>Mit solchen Grunds\u00e4tzen war es nicht immer leicht Jobs und Arbeit im Rahmen der Selbst\u00e4ndigkeit zu finden. Es gelang mir aber und so f\u00fchrte mich mein Weg im Jahre 2017 zu Nina und Mario Steigerwald. Ich erfuhr von ihren Produkten und dass sie einen Handwerker suchten, der die Trainings- und Therapieger\u00e4te f\u00fcr Pferde fertigt.<\/p>\n<p>Ein nachhaltiges, sinnhaftes Produkt f\u00fcr Mensch und Tier, gr\u00f6\u00dftenteils aus Naturstoffen&#8230;das war mein Ding! Ich entschloss mich, mir auf meinem Hof, welcher ausschlie\u00dflich mit Naturstrom versorgt wird, eine Tischlerei einzurichten. Hier baue ich diese wunderbaren Pferdewippen mit all meinen gesammelten F\u00e4higkeiten und Kenntnissen aus 15 Jahren Selbst\u00e4ndigkeit in den unterschiedlichsten Gewerken. Es macht mir gro\u00dfe Freude, sie herzustellen und stetig zu verbessern.<\/p>\n<p>Ich freue mich au\u00dferdem sehr dar\u00fcber, dass Nina und Mario mir aufgrund ihrer ge\u00e4nderten Lebenspriorit\u00e4ten den Pferdewippen-Shop \u00fcbergeben haben. So k\u00f6nnen diese gro\u00dfartigen Produkte weiterhin vielen Pferden und Menschen Spa\u00df und tolles Training bereiten.[\/vc_column_text][\/vc_column][\/vc_row][vc_row top=&#8220;10px&#8220; bottom=&#8220;20px&#8220; row_show_on=&#8220;hide_on_normal_screen,hide_tablet_landscape&#8220;][vc_column][vc_single_image image=&#8220;1973&#8243; img_size=&#8220;400&#215;400&#8243; alignment=&#8220;center&#8220; style=&#8220;vc_box_shadow_border&#8220;][vc_column_text]Direkt nach meiner Ausbildung zum System- und Maschinen-Techniker in einem Gro\u00dfbetrieb im Jahre 2003 habe ich mich entschlossen meinen eigenen Weg zu gehen. F\u00fcr mich war schnell klar, dass ich etwas machen m\u00f6chte, bei dem meine Arbeit sinnhaft ist und wertgesch\u00e4tzt wird. Au\u00dferdem kam es f\u00fcr mich nicht in Frage, an Dingen mitzuwirken, die weder nachhaltig sind oder einen zerst\u00f6rerischen Einfluss auf unsere Gesellschaft und unsere Natur haben.<\/p>\n<p>Mit solchen Grunds\u00e4tzen war es nicht immer leicht Jobs und Arbeit im Rahmen der Selbst\u00e4ndigkeit zu finden. Es gelang mir aber und so f\u00fchrte mich mein Weg im Jahre 2017 zu Nina und Mario Steigerwald. Ich erfuhr von ihren Produkten und dass sie einen Handwerker suchten, der die Trainings- und Therapieger\u00e4te f\u00fcr Pferde fertigt.<\/p>\n<p>Ein nachhaltiges, sinnhaftes Produkt f\u00fcr Mensch und Tier, gr\u00f6\u00dftenteils aus Naturstoffen&#8230;das war mein Ding! Ich entschloss mich, mir auf meinem Hof, welcher ausschlie\u00dflich mit Naturstrom versorgt wird, eine Tischlerei einzurichten. Hier baue ich diese wunderbaren Pferdewippen mit all meinen gesammelten F\u00e4higkeiten und Kenntnissen aus 15 Jahren Selbst\u00e4ndigkeit in den unterschiedlichsten Gewerken. Es macht mir gro\u00dfe Freude, sie herzustellen und stetig zu verbessern.<\/p>\n<p>Ich freue mich au\u00dferdem sehr dar\u00fcber, dass Nina und Mario mir aufgrund ihrer ge\u00e4nderten Lebenspriorit\u00e4ten den Pferdewippen-Shop \u00fcbergeben haben. So k\u00f6nnen diese gro\u00dfartigen Produkte weiterhin vielen Pferden und Menschen Spa\u00df und tolles Training bereiten.[\/vc_column_text][\/vc_column][\/vc_row][vc_row top=&#8220;0px&#8220; bottom=&#8220;0px&#8220;][vc_column][vc_empty_space height=&#8220;40px&#8220;][\/vc_column][\/vc_row][vc_row top=&#8220;15px&#8220; bottom=&#8220;15px&#8220; bg_color=&#8220;#eeeeee&#8220;][vc_column][vc_column_text css=&#8220;.vc_custom_1673645350616{background-color: #eeeeee !important;}&#8220;]Steigerwald.T &#8211; dein Kontakt f\u00fcr professionelle Pferdewippen, Trainings- und Therapieger\u00e4te und tiergerechtes Training[\/vc_column_text][\/vc_column][\/vc_row]<\/p>","protected":false},"excerpt":{"rendered":"<p>[vc_row top=&#8220;0px&#8220; bottom=&#8220;0px&#8220;][vc_column][vc_column_text][rev_slider alias=&#8220;ssst&#8220;][\/vc_column_text][\/vc_column][\/vc_row][vc_row top=&#8220;20px&#8220; bottom=&#8220;0px&#8220;][vc_column][vc_heading title=&#8220;Hendric Cadeau&#8220; color=&#8220;#000000&#8243;][\/vc_column][\/vc_row][vc_row top=&#8220;10px&#8220; bottom=&#8220;20px&#8220; row_show_on=&#8220;hide_tablet_portrait,hide_mobile_landscape,hide_mobile_portrait&#8220;][vc_column width=&#8220;1\/4&#8243;][vc_single_image image=&#8220;1973&#8243; img_size=&#8220;400&#215;400&#8243; style=&#8220;vc_box_shadow_border&#8220; onclick=&#8220;link_image&#8220;][\/vc_column][vc_column width=&#8220;3\/4&#8243;][vc_column_text]Direkt nach meiner Ausbildung zum System- und Maschinen-Techniker in einem Gro\u00dfbetrieb im Jahre 2003 habe ich mich entschlossen meinen eigenen Weg zu gehen. F\u00fcr mich war schnell klar, dass ich etwas machen m\u00f6chte, bei dem meine Arbeit sinnhaft [&hellip;]<\/p>\n","protected":false},"author":1,"featured_media":1973,"parent":1911,"menu_order":4,"comment_status":"closed","ping_status":"closed","template":"page-full-width.php","meta":{"footnotes":""},"_links":{"self":[{"href":"https:\/\/steigerwald-zum-testen.anke-kirschenmann.com\/de\/wp-json\/wp\/v2\/pages\/2095"}],"collection":[{"href":"https:\/\/steigerwald-zum-testen.anke-kirschenmann.com\/de\/wp-json\/wp\/v2\/pages"}],"about":[{"href":"https:\/\/steigerwald-zum-testen.anke-kirschenmann.com\/de\/wp-json\/wp\/v2\/types\/page"}],"author":[{"embeddable":true,"href":"https:\/\/steigerwald-zum-testen.anke-kirschenmann.com\/de\/wp-json\/wp\/v2\/users\/1"}],"replies":[{"embeddable":true,"href":"https:\/\/steigerwald-zum-testen.anke-kirschenmann.com\/de\/wp-json\/wp\/v2\/comments?post=2095"}],"version-history":[{"count":11,"href":"https:\/\/steigerwald-zum-testen.anke-kirschenmann.com\/de\/wp-json\/wp\/v2\/pages\/2095\/revisions"}],"predecessor-version":[{"id":3743,"href":"https:\/\/steigerwald-zum-testen.anke-kirschenmann.com\/de\/wp-json\/wp\/v2\/pages\/2095\/revisions\/3743"}],"up":[{"embeddable":true,"href":"https:\/\/steigerwald-zum-testen.anke-kirschenmann.com\/de\/wp-json\/wp\/v2\/pages\/1911"}],"wp:featuredmedia":[{"embeddable":true,"href":"https:\/\/steigerwald-zum-testen.anke-kirschenmann.com\/de\/wp-json\/wp\/v2\/media\/1973"}],"wp:attachment":[{"href":"https:\/\/steigerwald-zum-testen.anke-kirschenmann.com\/de\/wp-json\/wp\/v2\/media?parent=2095"}],"curies":[{"name":"wp","href":"https:\/\/api.w.org\/{rel}","templated":true}]}}