{"id":2067,"date":"2019-12-04T18:21:57","date_gmt":"2019-12-04T17:21:57","guid":{"rendered":"https:\/\/steigerwald-zum-testen.anke-kirschenmann.com\/?page_id=2067"},"modified":"2023-04-28T12:06:52","modified_gmt":"2023-04-28T10:06:52","slug":"die-tiere","status":"publish","type":"page","link":"https:\/\/steigerwald-zum-testen.anke-kirschenmann.com\/de\/sw-t\/team-mitglieder\/tiere-hunde-schafe-huehner\/","title":{"rendered":"Die Tiere"},"content":{"rendered":"<p>[vc_row top=&#8220;0px&#8220; bottom=&#8220;0px&#8220;][vc_column][vc_column_text][rev_slider alias=&#8220;ssst&#8220;][\/vc_column_text][\/vc_column][\/vc_row][vc_row top=&#8220;20px&#8220; bottom=&#8220;0px&#8220;][vc_column][vc_heading title=&#8220;Die Tiere&#8220; color=&#8220;#000000&#8243;][\/vc_column][\/vc_row][vc_row top=&#8220;20px&#8220; bottom=&#8220;20px&#8220;][vc_column][vc_column_text]Hof Steigerwald in Niedersachsen bot vielen Tieren ein wunderbares, artgerechtes und erf\u00fclltes Leben. Au\u00dfer den allseits bekannten Pferden und Ponys, geh\u00f6rten zum Steigerwald.Team noch zwei Shelties, eine Schafherde und nat\u00fcrlich die ganz besonderen Lehrmeister vieler Seminare: Die H\u00fchner.<\/p>\n<p>In S\u00fcdfrankreich wollen wir uns erst einmal einleben und sind mit den sechs Ponys, einem Hund, drei H\u00fchnern und einem Hahn auch genug ausgelastet.[\/vc_column_text][\/vc_column][\/vc_row][vc_row top=&#8220;20px&#8220; bottom=&#8220;0px&#8220; bg_color=&#8220;#eeeeee&#8220;][vc_column][vc_column_text]<\/p>\n<p style=\"text-align: center;\"><span style=\"font-size: 18.6667px;\"><b>Einstein, Sheltie<\/b><\/span><\/p>\n<p>[\/vc_column_text][\/vc_column][\/vc_row][vc_row top=&#8220;0px&#8220; bottom=&#8220;0px&#8220; bg_color=&#8220;#eeeeee&#8220;][vc_column][vc_separator style=&#8220;simple&#8220;][\/vc_column][\/vc_row][vc_row top=&#8220;10px&#8220; bottom=&#8220;20px&#8220; row_show_on=&#8220;hide_tablet_portrait,hide_mobile_landscape,hide_mobile_portrait&#8220; bg_color=&#8220;#eeeeee&#8220;][vc_column width=&#8220;1\/4&#8243;][vc_single_image image=&#8220;2202&#8243; img_size=&#8220;400&#215;400&#8243; style=&#8220;vc_box_shadow_border&#8220; onclick=&#8220;link_image&#8220;][\/vc_column][vc_column width=&#8220;3\/4&#8243;][vc_column_text]Im Jahr der Einschulung unseres Sohnes brauchten wir unbedingt ein \u201eSogmittel\u201c, um den Besuch der Regelschule schmackhaft zu machen. Gl\u00fccklicherweise hatte Katjas H\u00fcndin \u201eNanu\u201c gerade Welpen und sie favorisierte mich als zuk\u00fcnftigen Platz f\u00fcr eines dieser entz\u00fcckenden Meerschweinchen. Einstein (geb. 2010) hei\u00dft eigentlich \u201eIt\u2019s not a trick at all\u201c und stammt aus der Linie der Shamrock Shelties. Er ist einfach der s\u00fc\u00dfeste Sheltie der Welt. Er kann viele Tricks und hat mindestens ebenso viele Spitznamen. Durch die Neigung zum Vokalisieren (ist das nicht ein herrlicher Ausdruck f\u00fcr Kl\u00e4ffen?) bringt er uns sehr deutlich etwas \u00fcber die Wahl der richtigen Trainingsschritte bei. Ein wunderbarer Begleiter, der seinem Ruf als Gl\u00fcckskeks sehr gerecht wird und viele Menschen zum L\u00e4cheln bringt.<\/p>\n<p>Am sechsten Januar 2021 mussten wir Einstein \u00fcber die Regenbogenbr\u00fccke gehen lassen. Unz\u00e4hlige liebevolle Erinnerungen&#8230;aber es tut immer noch weh.[\/vc_column_text][\/vc_column][\/vc_row][vc_row top=&#8220;10px&#8220; bottom=&#8220;20px&#8220; row_show_on=&#8220;hide_on_normal_screen,hide_tablet_landscape&#8220; bg_color=&#8220;#eeeeee&#8220;][vc_column][vc_single_image image=&#8220;2202&#8243; img_size=&#8220;400&#215;400&#8243; alignment=&#8220;center&#8220; style=&#8220;vc_box_shadow_border&#8220; onclick=&#8220;zoom&#8220;][vc_column_text]Im Jahr der Einschulung unseres Sohnes brauchten wir unbedingt ein \u201eSogmittel\u201c, um den Besuch der Regelschule schmackhaft zu machen. Gl\u00fccklicherweise hatte Katjas H\u00fcndin \u201eNanu\u201c gerade Welpen und sie favorisierte mich als zuk\u00fcnftigen Platz f\u00fcr eines dieser entz\u00fcckenden Meerschweinchen. Einstein (geb. 2010) hei\u00dft eigentlich \u201eIt\u2019s not a trick at all\u201c und stammt aus der Linie der Shamrock Shelties. Er ist einfach der s\u00fc\u00dfeste Sheltie der Welt. Er kann viele Tricks und hat mindestens ebenso viele Spitznamen. Durch die Neigung zum Vokalisieren (ist das nicht ein herrlicher Ausdruck f\u00fcr Kl\u00e4ffen?) bringt er uns sehr deutlich etwas \u00fcber die Wahl der richtigen Trainingsschritte bei. Ein wunderbarer Begleiter, der seinem Ruf als Gl\u00fcckskeks sehr gerecht wird und viele Menschen zum L\u00e4cheln zu bringt.<\/p>\n<p>Am sechsten Januar 2021 mussten wir Einstein \u00fcber die Regenbogenbr\u00fccke gehen lassen. Unz\u00e4hlige liebevolle Erinnerungen&#8230;aber es tut trotzdem noch weh.[\/vc_column_text][\/vc_column][\/vc_row][vc_row top=&#8220;20px&#8220; bottom=&#8220;0px&#8220; bg_color=&#8220;#eeeeee&#8220;][vc_column][vc_column_text]<\/p>\n<p style=\"text-align: center;\"><span style=\"font-size: 18.6667px;\"><b>Jupiter, Sheltie<\/b><\/span><\/p>\n<p>[\/vc_column_text][\/vc_column][\/vc_row][vc_row top=&#8220;0px&#8220; bottom=&#8220;0px&#8220; bg_color=&#8220;#eeeeee&#8220;][vc_column][vc_separator style=&#8220;simple&#8220;][\/vc_column][\/vc_row][vc_row top=&#8220;10px&#8220; bottom=&#8220;20px&#8220; row_show_on=&#8220;hide_tablet_portrait,hide_mobile_landscape,hide_mobile_portrait&#8220; bg_color=&#8220;#eeeeee&#8220;][vc_column width=&#8220;3\/4&#8243;][vc_column_text]Noch einer, der als Kumpel kam. Da Shelties in ihrem Spielverhalten anders sind als andere Hunde und Einstein sich von nur ansatzweise r\u00fcpeligen Spielkollegen sofort und ohne Widerruf distanziert hat, sollte es ein zweiter Hund dieser Rasse sein. Jupiter (geb. 2014) \u201eDazzler l\u00fctt Jung vom Reiterwappen\u201c zog bestens sozialisiert mit zehn Wochen bei uns ein. Von der Pers\u00f6nlichkeit her k\u00f6nnten die beiden nicht unterschiedlicher sein. Jupiter ist ein echter Draufg\u00e4nger und ein Powerpaket. Beim Agility l\u00e4uft er zu Hochform auf, so dass ich gut mit Signalkontrolle trainieren muss, damit ich auf gr\u00f6\u00dferer Distanz laufen kann. Menschenbezogen wie er ist, geht er auch immer gerne auf Kuschelkontakt.[\/vc_column_text][\/vc_column][vc_column width=&#8220;1\/4&#8243;][vc_single_image image=&#8220;1986&#8243; img_size=&#8220;400&#215;400&#8243; alignment=&#8220;right&#8220; style=&#8220;vc_box_shadow_border&#8220; onclick=&#8220;link_image&#8220;][\/vc_column][\/vc_row][vc_row top=&#8220;10px&#8220; bottom=&#8220;20px&#8220; row_show_on=&#8220;hide_on_normal_screen,hide_tablet_landscape&#8220; bg_color=&#8220;#eeeeee&#8220;][vc_column][vc_single_image image=&#8220;1986&#8243; img_size=&#8220;400&#215;400&#8243; alignment=&#8220;center&#8220; style=&#8220;vc_box_shadow_border&#8220; onclick=&#8220;zoom&#8220;][vc_column_text]Noch einer, der als Kumpel kam. Da Shelties in ihrem Spielverhalten anders sind als andere Hunde und Einstein sich von nur ansatzweise r\u00fcpeligen Spielkollegen sofort und ohne Widerruf distanziert hat, sollte es ein zweiter Hund dieser Rasse sein. Jupiter (geb. 2014) \u201eDazzler l\u00fctt Jung vom Reiterwappen\u201c zog bestens sozialisiert mit zehn Wochen bei uns ein. Von der Pers\u00f6nlichkeit her k\u00f6nnten die beiden nicht unterschiedlicher sein. Jupiter ist ein echter Draufg\u00e4nger und ein Powerpaket. Beim Agility l\u00e4uft er zu Hochform auf, so dass ich gut mit Signalkontrolle trainieren muss, damit ich auf gr\u00f6\u00dferer Distanz laufen kann. Menschenbezogen wie er ist, geht er auch immer gerne auf Kuschelkontakt.[\/vc_column_text][\/vc_column][\/vc_row][vc_row top=&#8220;20px&#8220; bottom=&#8220;0px&#8220;][vc_column][vc_column_text]<\/p>\n<p style=\"text-align: center;\"><span style=\"font-size: 18.6667px;\"><b>Die Schafe<\/b><\/span><\/p>\n<p>[\/vc_column_text][\/vc_column][\/vc_row][vc_row top=&#8220;0px&#8220; bottom=&#8220;0px&#8220;][vc_column][vc_separator style=&#8220;simple&#8220;][\/vc_column][\/vc_row][vc_row top=&#8220;20px&#8220; bottom=&#8220;20px&#8220; row_show_on=&#8220;hide_tablet_portrait,hide_mobile_landscape,hide_mobile_portrait&#8220;][vc_column width=&#8220;1\/4&#8243;][vc_single_image image=&#8220;2017&#8243; img_size=&#8220;400&#215;400&#8243; style=&#8220;vc_box_shadow_border&#8220; onclick=&#8220;link_image&#8220;][\/vc_column][vc_column width=&#8220;3\/4&#8243;][vc_column_text]Unsere Schafe waren wunderbare Meditationshelfer. Wer jemals in einer Schafgruppe sa\u00df und diese wolligen Tiere durchgekrault hat, wei\u00df, wovon ich schreibe. Damit es ihnen gutgeht, lebten sie im Offenstall und wurden einmal j\u00e4hrlich geschoren, ihr K\u00f6rnerfutter stammte von einem Bio-Landwirt aus der Umgebung. Au\u00dferdem beweideten und d\u00fcngten sie unsere Heuwiesen. In Jahren mit etwas mehr Zeitbudget habe fr\u00fcher ich auch noch gemolken und leckeren K\u00e4se gemacht. H\u00e4tte der Tag mehr Stunden, w\u00fcrde es auch sicher coole Trainingsvideos mit Schafen gegeben haben! Hier in S\u00fcdfrankreich leben wir erst einmal ohne Klauentiere, es kann sein, dass wir wegen der enormen Zaunl\u00e4ngen irgendwann einmal auf Rinder kommen, aber das wird die Zeit zeigen.[\/vc_column_text][\/vc_column][\/vc_row][vc_row top=&#8220;20px&#8220; bottom=&#8220;20px&#8220; row_show_on=&#8220;hide_on_normal_screen,hide_tablet_landscape&#8220;][vc_column][vc_single_image image=&#8220;2017&#8243; img_size=&#8220;400&#215;400&#8243; alignment=&#8220;center&#8220; style=&#8220;vc_box_shadow_border&#8220; onclick=&#8220;zoom&#8220;][vc_column_text]Unsere Schafe waren wunderbare Meditationshelfer. Wer jemals in einer Schafgruppe sa\u00df und diese wolligen Tiere durchgekrault hat, wei\u00df, wovon ich schreibe. Damit es ihnen gutgeht, lebten sie im Offenstall und wurden einmal j\u00e4hrlich geschoren, ihr K\u00f6rnerfutter stammte von einem Bio-Landwirt aus der Umgebung. Au\u00dferdem beweideten und d\u00fcngten sie unsere Heuwiesen. In Jahren mit etwas mehr Zeitbudget habe fr\u00fcher ich auch noch gemolken und leckeren K\u00e4se gemacht. H\u00e4tte der Tag mehr Stunden, w\u00fcrde es auch sicher coole Trainingsvideos mit Schafen gegeben haben! Hier in S\u00fcdfrankreich leben wir erst einmal ohne Klauentiere, es kann sein, dass wir wegen der enormen Zaunl\u00e4ngen irgendwann einmal auf Rinder kommen, aber das wird die Zeit zeigen.[\/vc_column_text][\/vc_column][\/vc_row][vc_row top=&#8220;20px&#8220; bottom=&#8220;0px&#8220;][vc_column][vc_column_text]<\/p>\n<p style=\"text-align: center;\"><span style=\"font-size: 18.6667px;\"><b>Die H\u00fchner<\/b><\/span><\/p>\n<p>[\/vc_column_text][\/vc_column][\/vc_row][vc_row top=&#8220;0px&#8220; bottom=&#8220;0px&#8220;][vc_column][vc_separator style=&#8220;simple&#8220;][\/vc_column][\/vc_row][vc_row top=&#8220;20px&#8220; bottom=&#8220;20px&#8220; row_show_on=&#8220;hide_tablet_portrait,hide_mobile_landscape,hide_mobile_portrait&#8220;][vc_column width=&#8220;3\/4&#8243;][vc_column_text]Gut 10 Zwergh\u00fchner -Sebrights und Sebright-Mischlinge- und 20 Legehybriden mit dem Sule-Landhahn <span style=\"color: #800000;\"><strong><a style=\"color: #800000;\" href=\"https:\/\/youtu.be\/kydgDFGvYI8\">\u201eKalle\u201c<\/a><\/strong><\/span> bewohnten Hof Steigerwald. Obwohl ich schon jahrelang H\u00fchner hielt, war ich beim Besuch meiner H\u00fchnermodule schwer beeindruckt von den Leistungen des Federviehs. Eine Kursteilnehmerin sagte einmal: \u201eIch werde richtig dem\u00fctig, wenn ich \u00fcberlege, wie einfach man doch Tiere als dumm klassifiziert. Und es liegt nur daran, dass wir es ihnen nie richtig erkl\u00e4rt haben.\u201c H\u00fchner sind gro\u00dfartige Lehrmeister, die uns die Prinzipien der operanten Konditionierung auf sehr eindr\u00fcckliche Art und Weise nahebringen.<\/p>\n<p>Die Zwerge lebten im kompletten Freilauf, die gro\u00dfen H\u00fchner hatten einen Trail wie die Ponys und konnten zwischen zwei Ausl\u00e4ufen wechseln. Auch sie wurden mit Biofutter aus der Region versorgt und leben ein Leben mit Platz, Licht, Luft und Bewegung.<\/p>\n<p>Im Juli 2022 sind die Legehybriden in die N\u00e4he von G\u00f6ttingen gezogen, um weiterhin uns Menschen beim Lernen zu unterst\u00fctzen und aus uns gute Clickertrainer zu machen. Kalle ist mit drei Damen mit und nach S\u00fcdfrankreich gezogen.[\/vc_column_text][\/vc_column][vc_column width=&#8220;1\/4&#8243;][vc_gallery type=&#8220;flexslider_slide&#8220; interval=&#8220;5&#8243; images=&#8220;1988,481,473&#8243; img_size=&#8220;300&#215;300&#8243;][\/vc_column][\/vc_row][vc_row top=&#8220;20px&#8220; bottom=&#8220;20px&#8220; row_show_on=&#8220;hide_on_normal_screen,hide_tablet_landscape&#8220;][vc_column][vc_single_image image=&#8220;1988&#8243; img_size=&#8220;300&#215;300&#8243; alignment=&#8220;center&#8220; style=&#8220;vc_box_shadow_border&#8220; onclick=&#8220;zoom&#8220;][vc_column_text]Gut 10 Zwergh\u00fchner -Sebrights und Sebright-Mischlinge- und 20 Legehybriden mit dem Sule-Landhahn <strong><a href=\"https:\/\/youtu.be\/kydgDFGvYI8\">\u201eKalle\u201c<\/a><\/strong> bewohnten Hof Steigerwald. Obwohl ich schon jahrelang H\u00fchner hielt, war ich beim Besuch meiner H\u00fchnermodule schwer beeindruckt von den Leistungen des Federviehs. Eine Kursteilnehmerin sagte einmal: \u201eIch werde richtig dem\u00fctig, wenn ich \u00fcberlege, wie einfach man doch Tiere als dumm klassifiziert. Und es liegt nur daran, dass wir es ihnen nie richtig erkl\u00e4rt haben.\u201c H\u00fchner sind gro\u00dfartige Lehrmeister, die uns die Prinzipien der operanten Konditionierung auf sehr eindr\u00fcckliche Art und Weise nahebringen.<\/p>\n<p>Die Zwerge lebten im kompletten Freilauf, die gro\u00dfen H\u00fchner hatten einen Trail wie die Ponys und konnten zwischen zwei Ausl\u00e4ufen wechseln. Auch sie wurden mit Biofutter aus der Region versorgt und leben ein Leben mit Platz, Licht, Luft und Bewegung.<\/p>\n<p>Im Juli 2022 sind die Legehybriden in die N\u00e4he von G\u00f6ttingen gezogen, um weiterhin uns Menschen beim Lernen zu unterst\u00fctzen und aus uns gute Clickertrainer zu machen. Kalle ist mit drei Damen mit uns nach S\u00fcdfrankreich gezogen.[\/vc_column_text][vc_empty_space height=&#8220;20px&#8220;][vc_single_image image=&#8220;481&#8243; img_size=&#8220;300&#215;300&#8243; alignment=&#8220;center&#8220; style=&#8220;vc_box_shadow_border&#8220; onclick=&#8220;zoom&#8220;][vc_empty_space height=&#8220;20px&#8220;][vc_single_image image=&#8220;473&#8243; img_size=&#8220;300&#215;300&#8243; alignment=&#8220;center&#8220; style=&#8220;vc_box_shadow_border&#8220; onclick=&#8220;zoom&#8220;][\/vc_column][\/vc_row][vc_row top=&#8220;0px&#8220; bottom=&#8220;0px&#8220;][vc_column][vc_empty_space height=&#8220;40px&#8220;][\/vc_column][\/vc_row][vc_row top=&#8220;15px&#8220; bottom=&#8220;15px&#8220; bg_color=&#8220;#eeeeee&#8220;][vc_column][vc_column_text css=&#8220;.vc_custom_1673643734854{background-color: #eeeeee !important;}&#8220;]<\/p>\n<p style=\"text-align: center;\">Steigerwald.T &#8211; dein Kontakt f\u00fcr professionelle Pferdewippen, Trainings- und Therapieger\u00e4te und tiergerechtes Training<\/p>\n<p>[\/vc_column_text][\/vc_column][\/vc_row]<\/p>","protected":false},"excerpt":{"rendered":"<p>[vc_row top=&#8220;0px&#8220; bottom=&#8220;0px&#8220;][vc_column][vc_column_text][rev_slider alias=&#8220;ssst&#8220;][\/vc_column_text][\/vc_column][\/vc_row][vc_row top=&#8220;20px&#8220; bottom=&#8220;0px&#8220;][vc_column][vc_heading title=&#8220;Die Tiere&#8220; color=&#8220;#000000&#8243;][\/vc_column][\/vc_row][vc_row top=&#8220;20px&#8220; bottom=&#8220;20px&#8220;][vc_column][vc_column_text]Hof Steigerwald in Niedersachsen bot vielen Tieren ein wunderbares, artgerechtes und erf\u00fclltes Leben. Au\u00dfer den allseits bekannten Pferden und Ponys, geh\u00f6rten zum Steigerwald.Team noch zwei Shelties, eine Schafherde und nat\u00fcrlich die ganz besonderen Lehrmeister vieler Seminare: Die H\u00fchner. In S\u00fcdfrankreich wollen wir uns erst einmal [&hellip;]<\/p>\n","protected":false},"author":1,"featured_media":2202,"parent":1911,"menu_order":7,"comment_status":"closed","ping_status":"closed","template":"page-full-width.php","meta":{"footnotes":""},"_links":{"self":[{"href":"https:\/\/steigerwald-zum-testen.anke-kirschenmann.com\/de\/wp-json\/wp\/v2\/pages\/2067"}],"collection":[{"href":"https:\/\/steigerwald-zum-testen.anke-kirschenmann.com\/de\/wp-json\/wp\/v2\/pages"}],"about":[{"href":"https:\/\/steigerwald-zum-testen.anke-kirschenmann.com\/de\/wp-json\/wp\/v2\/types\/page"}],"author":[{"embeddable":true,"href":"https:\/\/steigerwald-zum-testen.anke-kirschenmann.com\/de\/wp-json\/wp\/v2\/users\/1"}],"replies":[{"embeddable":true,"href":"https:\/\/steigerwald-zum-testen.anke-kirschenmann.com\/de\/wp-json\/wp\/v2\/comments?post=2067"}],"version-history":[{"count":39,"href":"https:\/\/steigerwald-zum-testen.anke-kirschenmann.com\/de\/wp-json\/wp\/v2\/pages\/2067\/revisions"}],"predecessor-version":[{"id":3958,"href":"https:\/\/steigerwald-zum-testen.anke-kirschenmann.com\/de\/wp-json\/wp\/v2\/pages\/2067\/revisions\/3958"}],"up":[{"embeddable":true,"href":"https:\/\/steigerwald-zum-testen.anke-kirschenmann.com\/de\/wp-json\/wp\/v2\/pages\/1911"}],"wp:featuredmedia":[{"embeddable":true,"href":"https:\/\/steigerwald-zum-testen.anke-kirschenmann.com\/de\/wp-json\/wp\/v2\/media\/2202"}],"wp:attachment":[{"href":"https:\/\/steigerwald-zum-testen.anke-kirschenmann.com\/de\/wp-json\/wp\/v2\/media?parent=2067"}],"curies":[{"name":"wp","href":"https:\/\/api.w.org\/{rel}","templated":true}]}}