{"id":2065,"date":"2019-12-04T18:21:24","date_gmt":"2019-12-04T17:21:24","guid":{"rendered":"https:\/\/steigerwald-zum-testen.anke-kirschenmann.com\/?page_id=2065"},"modified":"2023-09-30T11:13:18","modified_gmt":"2023-09-30T09:13:18","slug":"die-pferde","status":"publish","type":"page","link":"https:\/\/steigerwald-zum-testen.anke-kirschenmann.com\/de\/sw-t\/team-mitglieder\/pferde-ponys\/","title":{"rendered":"Die Pferde"},"content":{"rendered":"<p>[vc_row top=&#8220;0px&#8220; bottom=&#8220;0px&#8220;][vc_column][vc_column_text][rev_slider alias=&#8220;ssst&#8220;][\/vc_column_text][\/vc_column][\/vc_row][vc_row top=&#8220;20px&#8220; bottom=&#8220;0px&#8220;][vc_column][vc_heading title=&#8220;Die Pferde&#8220; color=&#8220;#000000&#8243;][\/vc_column][\/vc_row][vc_row top=&#8220;20px&#8220; bottom=&#8220;20px&#8220;][vc_column][vc_column_text]Das Steigerwald.Team w\u00e4re nicht vollst\u00e4ndig ohne Freya, Frieda, Wolfgang und Amadeus. Die Ponys und Pferde leben auf dem gro\u00dfz\u00fcgigen und vielseitigen <span style=\"color: #800000;\"><strong><a style=\"color: #800000;\" href=\"https:\/\/steigerwald-zum-testen.anke-kirschenmann.com\/sw-t\/trail\/\">Steigerwald.Trail<\/a><\/strong><\/span>, wenn sie nicht gerade bei einer Veranstaltungen oder einem Seminar zeigen, welche Erfolge mit positiver Verst\u00e4rkung zu erzielen sind und wie man dieses gro\u00dfartige Kommunikationsmittel korrekt einsetzt.[\/vc_column_text][\/vc_column][\/vc_row][vc_row top=&#8220;20px&#8220; bottom=&#8220;0px&#8220;][vc_column][vc_column_text]<\/p>\n<p style=\"text-align: center;\"><strong><span style=\"font-size: 14pt;\">Freya, Welsh-Cob-Mix<\/span><\/strong><\/p>\n<p>[\/vc_column_text][\/vc_column][\/vc_row][vc_row top=&#8220;0px&#8220; bottom=&#8220;0px&#8220;][vc_column][vc_separator style=&#8220;simple&#8220;][\/vc_column][\/vc_row][vc_row top=&#8220;20px&#8220; bottom=&#8220;20px&#8220; row_show_on=&#8220;hide_tablet_portrait,hide_mobile_landscape,hide_mobile_portrait&#8220;][vc_column width=&#8220;3\/4&#8243;][vc_column_text]Meine Stute Jule, Freyas Mutter, war ein Pferd mit der Kennzeichnung \u201eschwarz, breit, stark, schnell.\u201c Ich wollte mir dem Traum vom eigenen Fohlen erf\u00fcllen und hatte mit dem entz\u00fcckenden Welsh-Cob Hengst Balou den passenden Vater gefunden. Ich fand es sehr romantisch, dass wir eine Zeitlang quasi zu viert gemeinsam unterwegs waren. Freya kam im Juni 2004 zur Welt, unser Sohn im Juli. So hatte ich wenig Kapazit\u00e4ten f\u00fcr die Fohlen, genoss aber den Anblick der sich entwickelnden Jungspunde und ihrer M\u00fctter auf der Wiese. Freya erwies sich als deutlich nervenschw\u00e4cher als Frieda, und das, obwohl sie erst mit einem Jahr abgesetzt wurde. Ich musste bei ihr sogar das Anfassen der Beine clickern, weil sie immer zusammenzuckte und wegzog. Sie bekam den Spitznamen \u201eHysterica\u201c, was ich heute nicht mehr so machen w\u00fcrde. Ich trainierte auch mit ihr, zog aber Frieda als die reitbare, Menschen mehr zugewandte und leichter zu h\u00e4ndelnde stets vor. Dann kam Agility und Freya entwickelte echt Speed. Mit viel Nerventraining habe ich sie fit f\u00fcr Auftritte gemacht und bin immer wieder dankbar f\u00fcr diese neue Art der Bindung, die ohne Friedas Weigerung, an Messen teilzunehmen, nie entstanden w\u00e4re. Mit Freya Agi zu machen ist wie Porsche fahren.<\/p>\n<p>Im August 2020 war der wunderbare Hengst &#8222;Nova&#8220; von Finn Lux (LaLuce Ranch) einen Monat auf Hof Steigerwald und im Juli 21 gebar sie das ultimative Wunschfohlen Elvis.<\/p>\n<p>M\u00e4rz 2023 begann dann das Einreiten und inzwischen kann ich mit ihr im Schritt bei uns auf dem Gel\u00e4nde herumwandern. Sie hat die Power ihrer Mutter und ist flott unterwegs. [\/vc_column_text][\/vc_column][vc_column width=&#8220;1\/4&#8243;][vc_gallery type=&#8220;flexslider_slide&#8220; interval=&#8220;5&#8243; images=&#8220;1980,1981,1187&#8243; img_size=&#8220;300&#215;300&#8243;][\/vc_column][\/vc_row][vc_row top=&#8220;20px&#8220; bottom=&#8220;20px&#8220; row_show_on=&#8220;hide_on_normal_screen,hide_tablet_landscape&#8220;][vc_column][vc_single_image image=&#8220;1187&#8243; img_size=&#8220;400&#215;400&#8243; alignment=&#8220;center&#8220; style=&#8220;vc_box_shadow_border&#8220; onclick=&#8220;zoom&#8220;][vc_column_text]Meine Stute Jule, Freyas Mutter, war ein Pferd mit der Kennzeichnung \u201eschwarz, breit, stark, schnell.\u201c Ich wollte mir dem Traum vom eigenen Fohlen erf\u00fcllen und hatte mit dem entz\u00fcckenden Welsh-Cob Hengst Balou den passenden Vater gefunden. Ich fand es sehr romantisch, dass wir eine Zeitlang quasi zu viert gemeinsam unterwegs waren. Freya kam im Juni 2004 zur Welt, unser Sohn im Juli. So hatte ich wenig Kapazit\u00e4ten f\u00fcr die Fohlen, genoss aber den Anblick der sich entwickelnden Jungspunde und ihrer M\u00fctter auf der Wiese. Freya erwies sich als deutlich nervenschw\u00e4cher als Frieda, und das, obwohl sie erst mit einem Jahr abgesetzt wurde. Ich musste bei ihr sogar das Anfassen der Beine clickern, weil sie immer zusammenzuckte und wegzog. Sie bekam den Spitznamen \u201eHysterica\u201c, was ich heute nicht mehr so machen w\u00fcrde. Ich trainierte auch mit ihr, zog aber Frieda als die reitbare, Menschen mehr zugewandte und leichter zu h\u00e4ndelnde stets vor. Dann kam Agility und Freya entwickelte echt Speed. Mit viel Nerventraining habe ich sie fit f\u00fcr Auftritte gemacht und bin immer wieder dankbar f\u00fcr diese neue Art der Bindung, die ohne Friedas Weigerung, an Messen teilzunehmen, nie entstanden w\u00e4re. Mit Freya Agi zu machen ist wie Porsche fahren.[\/vc_column_text][\/vc_column][\/vc_row][vc_row top=&#8220;20px&#8220; bottom=&#8220;20px&#8220; row_show_on=&#8220;hide_on_normal_screen,hide_tablet_landscape&#8220;][vc_column width=&#8220;1\/2&#8243;][vc_single_image image=&#8220;1980&#8243; img_size=&#8220;400&#215;400&#8243; alignment=&#8220;center&#8220; style=&#8220;vc_box_shadow_border&#8220; onclick=&#8220;zoom&#8220;][\/vc_column][vc_column width=&#8220;1\/2&#8243;][vc_single_image image=&#8220;1981&#8243; img_size=&#8220;400&#215;400&#8243; alignment=&#8220;center&#8220; style=&#8220;vc_box_shadow_border&#8220; onclick=&#8220;zoom&#8220;][\/vc_column][\/vc_row][vc_row top=&#8220;20px&#8220; bottom=&#8220;0px&#8220;][vc_column][vc_column_text]<\/p>\n<p style=\"text-align: center;\"><strong><span style=\"font-size: 14pt;\">Frieda, Pony-Friesen-Mix<\/span><\/strong><\/p>\n<p>[\/vc_column_text][\/vc_column][\/vc_row][vc_row top=&#8220;0px&#8220; bottom=&#8220;0px&#8220;][vc_column][vc_separator style=&#8220;simple&#8220;][\/vc_column][\/vc_row][vc_row top=&#8220;20px&#8220; bottom=&#8220;20px&#8220; row_show_on=&#8220;hide_tablet_portrait,hide_mobile_landscape,hide_mobile_portrait&#8220;][vc_column width=&#8220;1\/4&#8243;][vc_gallery type=&#8220;flexslider_slide&#8220; interval=&#8220;5&#8243; images=&#8220;2007,2008,2015&#8243; img_size=&#8220;300&#215;300&#8243;][\/vc_column][vc_column width=&#8220;3\/4&#8243;][vc_column_text]Da man ein Fohlen nicht nur mit Erwachsenen aufwachsen l\u00e4sst und meine M\u00f6glichkeit mit der Mutterstute einer Freundin sich zerschlagen hatte, brauchte ich dringend ein zweites Fohlen. So kam Frieda (geb. 2004) zu uns, ihre Mutter wurde vom Besitzer abgeholt als sie 6 Monate alt war. Uns war nat\u00fcrlich klar, dass sie auch nach der Jugendzeit bei uns bleiben w\u00fcrde. Ich habe sie mit einer Mischung aus negativer und positiver Verst\u00e4rkung eingeritten und nat\u00fcrlich auch mit ihr die ganzen Clickersachen ge\u00fcbt. Nach unserem Umzug nach Ochtmannien r\u00fcckte sie immer mehr in meinen Fokus als Pferd, mit dem ich die geneigte \u00d6ffentlichkeit \u00fcber die gro\u00dfartigen Besonderheiten des Clickerns informieren wollte. Sie entwickelte sich zu \u201eMrs. K\u00f6rpergef\u00fchl\u201c und konnte auf schmalsten und wackeligsten Untergr\u00fcnden balancieren. Leider -heute: zum Gl\u00fcck- waren die Messen und Auftritte nichts f\u00fcr sie, denn sonst h\u00e4tte Freya mir nie ihre St\u00e4rken zeigen k\u00f6nnen. Inzwischen erfreut sie mich als Agi-Pferd und meine Kursteilnehmer mit ihrer begeisterten Motivation im Training. Zudem hat sie schon viele Menschen auf ihrem R\u00fccken die Effekte der Pferdewipppen und der anderen Therapie- und Trainingsger\u00e4te staunend sp\u00fcren lassen.[\/vc_column_text][\/vc_column][\/vc_row][vc_row top=&#8220;20px&#8220; bottom=&#8220;20px&#8220; row_show_on=&#8220;hide_on_normal_screen,hide_tablet_landscape&#8220;][vc_column][vc_single_image image=&#8220;2008&#8243; img_size=&#8220;400&#215;400&#8243; alignment=&#8220;center&#8220; style=&#8220;vc_box_shadow_border&#8220; onclick=&#8220;zoom&#8220;][vc_column_text]Da man ein Fohlen nicht nur mit Erwachsenen aufwachsen l\u00e4sst und meine M\u00f6glichkeit mit der Mutterstute einer Freundin sich zerschlagen hatte, brauchte ich dringend ein zweites Fohlen. So kam Frieda (geb. 2004) zu uns, ihre Mutter wurde vom Besitzer abgeholt als sie 6 Monate alt war. Uns war nat\u00fcrlich klar, dass sie auch nach der Jugendzeit bei uns bleiben w\u00fcrde. Ich habe sie mit einer Mischung aus negativer und positiver Verst\u00e4rkung eingeritten und nat\u00fcrlich auch mit ihr die ganzen Clickersachen ge\u00fcbt. Nach unserem Umzug nach Ochtmannien r\u00fcckte sie immer mehr in meinen Fokus als Pferd, mit dem ich die geneigte \u00d6ffentlichkeit \u00fcber die gro\u00dfartigen Besonderheiten des Clickerns informieren wollte. Sie entwickelte sich zu \u201eMrs. K\u00f6rpergef\u00fchl\u201c und konnte auf schmalsten und wackeligsten Untergr\u00fcnden balancieren. Leider -heute: zum Gl\u00fcck- waren die Messen und Auftritte nichts f\u00fcr sie, denn sonst h\u00e4tte Freya mir nie ihre St\u00e4rken zeigen k\u00f6nnen. Inzwischen erfreut sie mich als Agi-Pferd und meine Kursteilnehmer mit ihrer begeisterten Motivation im Training. Zudem hat sie schon viele Menschen auf ihrem R\u00fccken die Effekte der Pferdewipppen und der anderen Therapie- und Trainingsger\u00e4te staunend sp\u00fcren lassen.[\/vc_column_text][\/vc_column][\/vc_row][vc_row top=&#8220;20px&#8220; bottom=&#8220;20px&#8220; row_show_on=&#8220;hide_on_normal_screen,hide_tablet_landscape&#8220;][vc_column width=&#8220;1\/2&#8243;][vc_single_image image=&#8220;2007&#8243; img_size=&#8220;400&#215;400&#8243; alignment=&#8220;center&#8220; style=&#8220;vc_box_shadow_border&#8220; onclick=&#8220;zoom&#8220;][\/vc_column][vc_column width=&#8220;1\/2&#8243;][vc_single_image image=&#8220;2015&#8243; img_size=&#8220;400&#215;400&#8243; alignment=&#8220;center&#8220; style=&#8220;vc_box_shadow_border&#8220; onclick=&#8220;zoom&#8220;][\/vc_column][\/vc_row][vc_row top=&#8220;20px&#8220; bottom=&#8220;0px&#8220;][vc_column][vc_column_text]<\/p>\n<p style=\"text-align: center;\"><strong><span style=\"font-size: 14pt;\">Amadeus, Shetlandpony<\/span><\/strong><\/p>\n<p>[\/vc_column_text][\/vc_column][\/vc_row][vc_row top=&#8220;0px&#8220; bottom=&#8220;0px&#8220;][vc_column][vc_separator style=&#8220;simple&#8220;][\/vc_column][\/vc_row][vc_row top=&#8220;20px&#8220; bottom=&#8220;20px&#8220; row_show_on=&#8220;hide_tablet_portrait,hide_mobile_landscape,hide_mobile_portrait&#8220;][vc_column width=&#8220;3\/4&#8243;][vc_column_text]Als ich Amadeus (geb. 1997) im Jahr 2008 im Alter von 11 Jahren kaufte, war ich schon die f\u00fcnfte Besitzerin. \u00dcber Youtube hat mich vor ein paar Jahren eine Exbesitzerin gefunden und erz\u00e4hlt, wie gnadenlos er sie damals absetzte bzw. abstreifte. Seinen Job als Kinderpony machte er bei mir gut, aber leidenschaftslos. Jede Woche lief ich mit ihm und Jule und mehreren Kindern die Strecke von drei Kilometern vom Kindergarten aus zu unserm Hof. Mit der Zeit ging er aber, wenn ich mit Halfter und Kindern kam. Kam ich zum Clickern, war er sofort da. Zum Gl\u00fcck hatte unser Sohn recht bald das Interesse am Reiten verloren und ich probierte mit ihm auch alle m\u00f6glichen Sachen aus. Vor allem das Nachtrainieren der Aufgaben aus den H\u00fchnermodulen hat mir sehr die Augen ge\u00f6ffnet und Spa\u00df gemacht. Auf unserer zweiten Equitana 2013 kam er als moralische Unterst\u00fctzung f\u00fcr Frieda mit, damit sie mit dem Messestress besser zurechtkommt. Er machte sich derma\u00dfen gro\u00dfartig, dass die Entscheidung leicht fiel: Hier haben wir ein neues Pferd f\u00fcr Auftritte! Seitdem kommt er auf alle Veranstaltungen mit und ist mein Garant f\u00fcr Performance auch unter schwierigen Bedingungen. In der Gruppe ist er eher ein Einzelg\u00e4nger, der sein eigenes Ding macht. Manchmal wandert er auf einer ganz anderen Ecke des Paddock-Trails als die Herde und zeigt uns auch immer wieder gerne, wo wir den Zaun shettysicher verbessern k\u00f6nnen. Wenn es ums Kuscheln geht, ist er der gr\u00f6\u00dfte Genie\u00dfer meiner Gruppe.[\/vc_column_text][\/vc_column][vc_column width=&#8220;1\/4&#8243;][vc_gallery type=&#8220;flexslider_slide&#8220; interval=&#8220;5&#8243; images=&#8220;1999,1998,707&#8243; img_size=&#8220;300&#215;300&#8243;][\/vc_column][\/vc_row][vc_row top=&#8220;20px&#8220; bottom=&#8220;20px&#8220; row_show_on=&#8220;hide_on_normal_screen,hide_tablet_landscape&#8220;][vc_column][vc_single_image image=&#8220;1998&#8243; img_size=&#8220;400&#215;400&#8243; alignment=&#8220;center&#8220; style=&#8220;vc_box_shadow_border&#8220; onclick=&#8220;zoom&#8220;][vc_column_text]Als ich Amadeus (geb. 1997) im Jahr 2008 im Alter von 11 Jahren kaufte, war ich schon die f\u00fcnfte Besitzerin. \u00dcber Youtube hat mich vor ein paar Jahren eine Exbesitzerin gefunden und erz\u00e4hlt, wie gnadenlos er sie damals absetzte bzw. abstreifte. Seinen Job als Kinderpony machte er bei mir gut, aber leidenschaftslos. Jede Woche lief ich mit ihm und Jule und mehreren Kindern die Strecke von drei Kilometern vom Kindergarten aus zu unserm Hof. Mit der Zeit ging er aber, wenn ich mit Halfter und Kindern kam. Kam ich zum Clickern, war er sofort da. Zum Gl\u00fcck hatte unser Sohn recht bald das Interesse am Reiten verloren und ich probierte mit ihm auch alle m\u00f6glichen Sachen aus. Vor allem das Nachtrainieren der Aufgaben aus den H\u00fchnermodulen hat mir sehr die Augen ge\u00f6ffnet und Spa\u00df gemacht. Auf unserer zweiten Equitana 2013 kam er als moralische Unterst\u00fctzung f\u00fcr Frieda mit, damit sie mit dem Messestress besser zurechtkommt. Er machte sich derma\u00dfen gro\u00dfartig, dass die Entscheidung leicht fiel: Hier haben wir ein neues Pferd f\u00fcr Auftritte! Seitdem kommt er auf alle Veranstaltungen mit und ist mein Garant f\u00fcr Performance auch unter schwierigen Bedingungen. In der Gruppe ist er eher ein Einzelg\u00e4nger, der sein eigenes Ding macht. Manchmal wandert er auf einer ganz anderen Ecke des Paddock-Trails als die Herde und zeigt uns auch immer wieder gerne, wo wir den Zaun shettysicher verbessern k\u00f6nnen. Wenn es ums Kuscheln geht, ist er der gr\u00f6\u00dfte Genie\u00dfer meiner Gruppe.[\/vc_column_text][\/vc_column][\/vc_row][vc_row top=&#8220;20px&#8220; bottom=&#8220;20px&#8220; row_show_on=&#8220;hide_on_normal_screen,hide_tablet_landscape&#8220;][vc_column width=&#8220;1\/2&#8243;][vc_single_image image=&#8220;1999&#8243; img_size=&#8220;400&#215;400&#8243; alignment=&#8220;center&#8220; style=&#8220;vc_box_shadow_border&#8220; onclick=&#8220;zoom&#8220;][\/vc_column][vc_column width=&#8220;1\/2&#8243;][vc_single_image image=&#8220;707&#8243; img_size=&#8220;400&#215;400&#8243; alignment=&#8220;center&#8220; style=&#8220;vc_box_shadow_border&#8220; onclick=&#8220;zoom&#8220;][\/vc_column][\/vc_row][vc_row top=&#8220;20px&#8220; bottom=&#8220;0px&#8220;][vc_column][vc_column_text]<\/p>\n<p style=\"text-align: center;\"><strong><span style=\"font-size: 14pt;\">Wolfgang<\/span><\/strong><strong><span style=\"font-size: 14pt;\">, Shetlandpony<\/span><\/strong><\/p>\n<p>[\/vc_column_text][\/vc_column][\/vc_row][vc_row top=&#8220;0px&#8220; bottom=&#8220;0px&#8220;][vc_column][vc_separator style=&#8220;simple&#8220;][\/vc_column][\/vc_row][vc_row top=&#8220;20px&#8220; bottom=&#8220;20px&#8220; row_show_on=&#8220;hide_tablet_portrait,hide_mobile_landscape,hide_mobile_portrait&#8220;][vc_column width=&#8220;1\/4&#8243;][vc_gallery type=&#8220;flexslider_slide&#8220; interval=&#8220;5&#8243; images=&#8220;1993,1992,1991&#8243; img_size=&#8220;300&#215;300&#8243;][\/vc_column][vc_column width=&#8220;3\/4&#8243;][vc_column_text]Nat\u00fcrlich kann ein Shetty ein gutes Leben mit gr\u00f6\u00dferen Ponys f\u00fchren, ich wollte 2014 aber einen Spielkumpel f\u00fcr Amadeus haben. Meine drei Stuten waren n\u00e4mlich noch nie spielfreudig. Das Internet brachte keine passenden Ergebnisse, aber \u00fcber 2 Ecken h\u00f6rte ich von einem Shettywallach (geb 2010). Der sich nicht anfassen lie\u00df. Und sich an Schweif und M\u00e4hne schubbert. Und sehr s\u00fc\u00df ist. So kam Wolfgang zu uns. Das Anfassen war sehr schnell kein Problem mehr, er sprach gut aufs Clickern an, hatte aber ziemliche Angst- und Aggressionsprobleme. In meinen Augen war Kamerad f\u00fcr Amadeus sein Hauptjob und ich beschr\u00e4nkte das Training auf die notwenigen Sachen f\u00fcr einen guten Alltagsumgang. 2017 musste ich meine alte Stute Jule einschl\u00e4fern lassen und am n\u00e4chsten Tag bekam Wolfgang Hufrehe, ganz als w\u00fcrde er sagen: \u201eSo, jetzt bin ich dran.\u201c Zum Gl\u00fcck war er relativ schnell genesen, hatte aber best\u00e4ndig mit seinem Stoffwechsel zu k\u00e4mpfen. Da meine gro\u00dfartige Tier\u00e4rztin auch Aufstellungsarbeit f\u00fcr Tiere anbietet, konnten wir herausbekommen, dass er gerne \u201eetwas Eigenes\u201c h\u00e4tte. Er brachte mich durch einen neuerlichen Reheschub dazu brachte, ernsthaft und regelm\u00e4\u00dfig mit ihm zu trainieren. In dieser kurzen Zeit hat er sich zu einem wahren True Horse Agility Profi entwickelt und das Training auf den Pferdewippen um die Komponenten Schulhalt und Levade bereichert. Er bringt mich mit seinem Engagement immer wieder zum Staunen.[\/vc_column_text][\/vc_column][\/vc_row][vc_row top=&#8220;20px&#8220; bottom=&#8220;20px&#8220; row_show_on=&#8220;hide_on_normal_screen,hide_tablet_landscape&#8220;][vc_column][vc_single_image image=&#8220;1992&#8243; img_size=&#8220;400&#215;400&#8243; alignment=&#8220;center&#8220; style=&#8220;vc_box_shadow_border&#8220; onclick=&#8220;zoom&#8220;][vc_column_text]Nat\u00fcrlich kann ein Shetty ein gutes Leben mit gr\u00f6\u00dferen Ponys f\u00fchren, ich wollte 2014 aber einen Spielkumpel f\u00fcr Amadeus haben. Meine drei Stuten waren n\u00e4mlich noch nie spielfreudig. Das Internet brachte keine passenden Ergebnisse, aber \u00fcber 2 Ecken h\u00f6rte ich von einem Shettywallach (geb 2010). Der sich nicht anfassen lie\u00df. Und sich an Schweif und M\u00e4hne schubbert. Und sehr s\u00fc\u00df ist. So kam Wolfgang zu uns. Das Anfassen war sehr schnell kein Problem mehr, er sprach gut aufs Clickern an, hatte aber ziemliche Angst- und Aggressionsprobleme. In meinen Augen war Kamerad f\u00fcr Amadeus sein Hauptjob und ich beschr\u00e4nkte das Training auf die notwenigen Sachen f\u00fcr einen guten Alltagsumgang. 2017 musste ich meine alte Stute Jule einschl\u00e4fern lassen und am n\u00e4chsten Tag bekam Wolfgang Hufrehe, ganz als w\u00fcrde er sagen: \u201eSo, jetzt bin ich dran.\u201c Zum Gl\u00fcck war er relativ schnell genesen, hatte aber best\u00e4ndig mit seinem Stoffwechsel zu k\u00e4mpfen. Da meine gro\u00dfartige Tier\u00e4rztin auch Aufstellungsarbeit f\u00fcr Tiere anbietet, konnten wir herausbekommen, dass er gerne \u201eetwas Eigenes\u201c h\u00e4tte. Er brachte mich durch einen neuerlichen Reheschub dazu brachte, ernsthaft und regelm\u00e4\u00dfig mit ihm zu trainieren. In dieser kurzen Zeit hat er sich zu einem wahren True Horse Agility Profi entwickelt und das Training auf den Pferdewippen um die Komponenten Schulhalt und Levade bereichert. Er bringt mich mit seinem Engagement immer wieder zum Staunen.[\/vc_column_text][\/vc_column][\/vc_row][vc_row top=&#8220;20px&#8220; bottom=&#8220;20px&#8220; row_show_on=&#8220;hide_on_normal_screen,hide_tablet_landscape&#8220;][vc_column width=&#8220;1\/2&#8243;][vc_single_image image=&#8220;1993&#8243; img_size=&#8220;400&#215;400&#8243; alignment=&#8220;center&#8220; style=&#8220;vc_box_shadow_border&#8220; onclick=&#8220;zoom&#8220;][\/vc_column][vc_column width=&#8220;1\/2&#8243;][vc_single_image image=&#8220;1991&#8243; img_size=&#8220;400&#215;400&#8243; alignment=&#8220;center&#8220; style=&#8220;vc_box_shadow_border&#8220; onclick=&#8220;zoom&#8220;][\/vc_column][\/vc_row][vc_row top=&#8220;0px&#8220; bottom=&#8220;0px&#8220;][vc_column][vc_empty_space height=&#8220;40px&#8220;][\/vc_column][\/vc_row][vc_row top=&#8220;15px&#8220; bottom=&#8220;15px&#8220; bg_color=&#8220;#eeeeee&#8220;][vc_column][vc_column_text]<\/p>\n<p style=\"text-align: center;\">Steigerwald.T &#8211; dein Kontakt f\u00fcr professionelle Pferdewippen, Trainings- und Therapieger\u00e4te und tiergerechtes Training<\/p>\n<p>[\/vc_column_text][\/vc_column][\/vc_row]<\/p>","protected":false},"excerpt":{"rendered":"<p>[vc_row top=&#8220;0px&#8220; bottom=&#8220;0px&#8220;][vc_column][vc_column_text][rev_slider alias=&#8220;ssst&#8220;][\/vc_column_text][\/vc_column][\/vc_row][vc_row top=&#8220;20px&#8220; bottom=&#8220;0px&#8220;][vc_column][vc_heading title=&#8220;Die Pferde&#8220; color=&#8220;#000000&#8243;][\/vc_column][\/vc_row][vc_row top=&#8220;20px&#8220; bottom=&#8220;20px&#8220;][vc_column][vc_column_text]Das Steigerwald.Team w\u00e4re nicht vollst\u00e4ndig ohne Freya, Frieda, Wolfgang und Amadeus. Die Ponys und Pferde leben auf dem gro\u00dfz\u00fcgigen und vielseitigen Steigerwald.Trail, wenn sie nicht gerade bei einer Veranstaltungen oder einem Seminar zeigen, welche Erfolge mit positiver Verst\u00e4rkung zu erzielen sind und wie man dieses [&hellip;]<\/p>\n","protected":false},"author":1,"featured_media":1187,"parent":1911,"menu_order":6,"comment_status":"closed","ping_status":"closed","template":"page-full-width.php","meta":{"footnotes":""},"_links":{"self":[{"href":"https:\/\/steigerwald-zum-testen.anke-kirschenmann.com\/de\/wp-json\/wp\/v2\/pages\/2065"}],"collection":[{"href":"https:\/\/steigerwald-zum-testen.anke-kirschenmann.com\/de\/wp-json\/wp\/v2\/pages"}],"about":[{"href":"https:\/\/steigerwald-zum-testen.anke-kirschenmann.com\/de\/wp-json\/wp\/v2\/types\/page"}],"author":[{"embeddable":true,"href":"https:\/\/steigerwald-zum-testen.anke-kirschenmann.com\/de\/wp-json\/wp\/v2\/users\/1"}],"replies":[{"embeddable":true,"href":"https:\/\/steigerwald-zum-testen.anke-kirschenmann.com\/de\/wp-json\/wp\/v2\/comments?post=2065"}],"version-history":[{"count":31,"href":"https:\/\/steigerwald-zum-testen.anke-kirschenmann.com\/de\/wp-json\/wp\/v2\/pages\/2065\/revisions"}],"predecessor-version":[{"id":4054,"href":"https:\/\/steigerwald-zum-testen.anke-kirschenmann.com\/de\/wp-json\/wp\/v2\/pages\/2065\/revisions\/4054"}],"up":[{"embeddable":true,"href":"https:\/\/steigerwald-zum-testen.anke-kirschenmann.com\/de\/wp-json\/wp\/v2\/pages\/1911"}],"wp:featuredmedia":[{"embeddable":true,"href":"https:\/\/steigerwald-zum-testen.anke-kirschenmann.com\/de\/wp-json\/wp\/v2\/media\/1187"}],"wp:attachment":[{"href":"https:\/\/steigerwald-zum-testen.anke-kirschenmann.com\/de\/wp-json\/wp\/v2\/media?parent=2065"}],"curies":[{"name":"wp","href":"https:\/\/api.w.org\/{rel}","templated":true}]}}