{"id":2063,"date":"2019-12-04T18:23:02","date_gmt":"2019-12-04T17:23:02","guid":{"rendered":"https:\/\/steigerwald-zum-testen.anke-kirschenmann.com\/?page_id=2063"},"modified":"2023-01-13T22:28:05","modified_gmt":"2023-01-13T21:28:05","slug":"mario-steigerwald","status":"publish","type":"page","link":"https:\/\/steigerwald-zum-testen.anke-kirschenmann.com\/de\/sw-t\/team-mitglieder\/mario-steigerwald\/","title":{"rendered":"Mario Steigerwald"},"content":{"rendered":"<p>[vc_row top=&#8220;0px&#8220; bottom=&#8220;0px&#8220;][vc_column][vc_column_text][rev_slider alias=&#8220;ssst&#8220;][\/vc_column_text][\/vc_column][\/vc_row][vc_row top=&#8220;20px&#8220; bottom=&#8220;0px&#8220;][vc_column][vc_heading title=&#8220;Mario Steigerwald&#8220; color=&#8220;#000000&#8243;][\/vc_column][\/vc_row][vc_row top=&#8220;20px&#8220; bottom=&#8220;20px&#8220; row_show_on=&#8220;hide_tablet_portrait,hide_mobile_landscape,hide_mobile_portrait&#8220;][vc_column width=&#8220;1\/4&#8243;][vc_single_image image=&#8220;1968&#8243; img_size=&#8220;400&#215;400&#8243; style=&#8220;vc_box_shadow_border&#8220; onclick=&#8220;link_image&#8220;][\/vc_column][vc_column width=&#8220;3\/4&#8243;][vc_column_text]Als gelernter KFZ-Mechaniker bin ich mit allem Technischen sehr bewandert. Wenn Nina eine verr\u00fcckte Idee hat, kann ich meist eine praktische und sinnvolle Umsetzung realisieren. Oder es ihr ausreden \ud83d\ude42 . Ich habe schon in jungen Jahren schwierige Baumf\u00e4llungen gemacht, mache unser Brennholz selbst und mag den Werkstoff Holz und den Umgang mit Maschinen. Die Eichen f\u00fcr die Pferdewippen f\u00e4lle ich selbst, s\u00e4ge sie auf und lagere sie, bis sie verarbeitungsf\u00e4hig sind.[\/vc_column_text][\/vc_column][\/vc_row][vc_row top=&#8220;20px&#8220; bottom=&#8220;20px&#8220; row_show_on=&#8220;hide_on_normal_screen,hide_tablet_landscape&#8220;][vc_column][vc_single_image image=&#8220;1968&#8243; img_size=&#8220;400&#215;400&#8243; alignment=&#8220;center&#8220; style=&#8220;vc_box_shadow_border&#8220;][vc_column_text]Als gelernter KFZ-Mechaniker bin ich mit allem Technischen sehr bewandert. Wenn Nina eine verr\u00fcckte Idee hat, kann ich meist eine praktische und sinnvolle Umsetzung realisieren. Oder es ihr ausreden \ud83d\ude42 . Ich habe schon in jungen Jahren schwierige Baumf\u00e4llungen gemacht, mache unser Brennholz selbst und mag den Werkstoff Holz und den Umgang mit Maschinen. Die Eichen f\u00fcr die Pferdewippen f\u00e4lle ich selbst, s\u00e4ge sie auf und lagere sie, bis sie verarbeitungsf\u00e4hig sind.[\/vc_column_text][\/vc_column][\/vc_row][vc_row top=&#8220;0px&#8220; bottom=&#8220;0px&#8220;][vc_column][vc_empty_space height=&#8220;40px&#8220;][\/vc_column][\/vc_row][vc_row top=&#8220;15px&#8220; bottom=&#8220;15px&#8220; bg_color=&#8220;#eeeeee&#8220;][vc_column][vc_column_text css=&#8220;.vc_custom_1673645282594{background-color: #eeeeee !important;}&#8220;]<\/p>\n<p style=\"text-align: center;\">Steigerwald.T &#8211; dein Kontakt f\u00fcr professionelle Pferdewippen, Trainings- und Therapieger\u00e4te und tiergerechtes Training<\/p>\n<p>[\/vc_column_text][\/vc_column][\/vc_row]<\/p>","protected":false},"excerpt":{"rendered":"<p>[vc_row top=&#8220;0px&#8220; bottom=&#8220;0px&#8220;][vc_column][vc_column_text][rev_slider alias=&#8220;ssst&#8220;][\/vc_column_text][\/vc_column][\/vc_row][vc_row top=&#8220;20px&#8220; bottom=&#8220;0px&#8220;][vc_column][vc_heading title=&#8220;Mario Steigerwald&#8220; color=&#8220;#000000&#8243;][\/vc_column][\/vc_row][vc_row top=&#8220;20px&#8220; bottom=&#8220;20px&#8220; row_show_on=&#8220;hide_tablet_portrait,hide_mobile_landscape,hide_mobile_portrait&#8220;][vc_column width=&#8220;1\/4&#8243;][vc_single_image image=&#8220;1968&#8243; img_size=&#8220;400&#215;400&#8243; style=&#8220;vc_box_shadow_border&#8220; onclick=&#8220;link_image&#8220;][\/vc_column][vc_column width=&#8220;3\/4&#8243;][vc_column_text]Als gelernter KFZ-Mechaniker bin ich mit allem Technischen sehr bewandert. Wenn Nina eine verr\u00fcckte Idee hat, kann ich meist eine praktische und sinnvolle Umsetzung realisieren. Oder es ihr ausreden \ud83d\ude42 . Ich habe schon in jungen Jahren schwierige [&hellip;]<\/p>\n","protected":false},"author":1,"featured_media":1968,"parent":1911,"menu_order":2,"comment_status":"closed","ping_status":"closed","template":"page-full-width.php","meta":{"footnotes":""},"_links":{"self":[{"href":"https:\/\/steigerwald-zum-testen.anke-kirschenmann.com\/de\/wp-json\/wp\/v2\/pages\/2063"}],"collection":[{"href":"https:\/\/steigerwald-zum-testen.anke-kirschenmann.com\/de\/wp-json\/wp\/v2\/pages"}],"about":[{"href":"https:\/\/steigerwald-zum-testen.anke-kirschenmann.com\/de\/wp-json\/wp\/v2\/types\/page"}],"author":[{"embeddable":true,"href":"https:\/\/steigerwald-zum-testen.anke-kirschenmann.com\/de\/wp-json\/wp\/v2\/users\/1"}],"replies":[{"embeddable":true,"href":"https:\/\/steigerwald-zum-testen.anke-kirschenmann.com\/de\/wp-json\/wp\/v2\/comments?post=2063"}],"version-history":[{"count":8,"href":"https:\/\/steigerwald-zum-testen.anke-kirschenmann.com\/de\/wp-json\/wp\/v2\/pages\/2063\/revisions"}],"predecessor-version":[{"id":3741,"href":"https:\/\/steigerwald-zum-testen.anke-kirschenmann.com\/de\/wp-json\/wp\/v2\/pages\/2063\/revisions\/3741"}],"up":[{"embeddable":true,"href":"https:\/\/steigerwald-zum-testen.anke-kirschenmann.com\/de\/wp-json\/wp\/v2\/pages\/1911"}],"wp:featuredmedia":[{"embeddable":true,"href":"https:\/\/steigerwald-zum-testen.anke-kirschenmann.com\/de\/wp-json\/wp\/v2\/media\/1968"}],"wp:attachment":[{"href":"https:\/\/steigerwald-zum-testen.anke-kirschenmann.com\/de\/wp-json\/wp\/v2\/media?parent=2063"}],"curies":[{"name":"wp","href":"https:\/\/api.w.org\/{rel}","templated":true}]}}