{"id":1911,"date":"2019-12-04T18:12:21","date_gmt":"2019-12-04T17:12:21","guid":{"rendered":"https:\/\/steigerwald-zum-testen.anke-kirschenmann.com\/?page_id=1911"},"modified":"2023-01-13T22:25:23","modified_gmt":"2023-01-13T21:25:23","slug":"team","status":"publish","type":"page","link":"https:\/\/steigerwald-zum-testen.anke-kirschenmann.com\/de\/sw-t\/team-mitglieder\/","title":{"rendered":"Team"},"content":{"rendered":"<p>[vc_row top=&#8220;0px&#8220; bottom=&#8220;0px&#8220;][vc_column][vc_column_text][rev_slider alias=&#8220;ssst&#8220;][\/vc_column_text][\/vc_column][\/vc_row][vc_row top=&#8220;20px&#8220; bottom=&#8220;0px&#8220;][vc_column][vc_heading title=&#8220;Steigerwald.Team&#8220; color=&#8220;#000000&#8243;][\/vc_column][\/vc_row][vc_row top=&#8220;20px&#8220; bottom=&#8220;20px&#8220; row_show_on=&#8220;hide_tablet_portrait,hide_mobile_landscape,hide_mobile_portrait&#8220;][vc_column width=&#8220;1\/3&#8243;][vc_single_image image=&#8220;2258&#8243; img_size=&#8220;400&#215;400&#8243; style=&#8220;vc_box_shadow_border&#8220; onclick=&#8220;custom_link&#8220; img_link_target=&#8220;_blank&#8220; link=&#8220;https:\/\/steigerwald-zum-testen.anke-kirschenmann.com\/?page_id=2061&amp;lang=de&#8220;][vc_column_text]<\/p>\n<p style=\"text-align: center;\"><span style=\"color: #800000;\"><a style=\"color: #800000;\" href=\"https:\/\/steigerwald-zum-testen.anke-kirschenmann.com\/?page_id=2061&amp;lang=de\"><span style=\"font-size: 14pt;\"><strong>Nina Steigerwald<\/strong><\/span><\/a><\/span><\/p>\n<p>[\/vc_column_text][\/vc_column][vc_column width=&#8220;1\/3&#8243;][vc_column_text]Der Erfolg von Steigerwald.T ruht auf mehreren Schultern. Nina und Mario Steigerwald gehen seit 1995 gemeinsam durch das Leben. 2010 haben sie sich einen gro\u00dfen Traum erf\u00fcllt und in Niedersachsen einen Resthof mit gut 4 Hektar Grundst\u00fcck gekauft. \u00dcber die Jahre wurde Hof Steigerwald zu einem Seminarzentrum mit G\u00e4sten aus dem gesamten deutschsprachigen Raum und einem Traum f\u00fcr alle Paddock-Trail-Fans.<\/p>\n<p>Im Sommer 2022 erf\u00fcllten sie sich ihren n\u00e4chsten gro\u00dfen Traum und sind nach S\u00fcdfrankreich ausgewandert. Dort leben sie mit ihren 6 Ponys und Sheltie Jupiter auf einem einzigartigen Grundst\u00fcck inmitten der Natur und bieten auch G\u00e4sten an, dieses besondere Lebensgef\u00fchl zumindest eine zeitlang zu genie\u00dfen..[\/vc_column_text][\/vc_column][vc_column width=&#8220;1\/3&#8243;][vc_single_image image=&#8220;1968&#8243; img_size=&#8220;400&#215;400&#8243; alignment=&#8220;right&#8220; style=&#8220;vc_box_shadow_border&#8220; onclick=&#8220;custom_link&#8220; link=&#8220;https:\/\/steigerwald-zum-testen.anke-kirschenmann.com\/?page_id=2063&amp;lang=de&#8220;][vc_column_text]<\/p>\n<p style=\"text-align: center;\"><span style=\"color: #800000;\"><a style=\"color: #800000;\" href=\"https:\/\/steigerwald-zum-testen.anke-kirschenmann.com\/?page_id=2063&amp;lang=de\"><strong><span style=\"font-size: 14pt;\">Mario Steigerwald<\/span><\/strong><\/a><\/span><\/p>\n<p>[\/vc_column_text][\/vc_column][\/vc_row][vc_row top=&#8220;20px&#8220; bottom=&#8220;20px&#8220; row_show_on=&#8220;hide_on_normal_screen,hide_tablet_landscape&#8220;][vc_column][vc_column_text]Der Erfolg von Steigerwald.T ruht auf mehreren Schultern. Nina und Mario Steigerwald gehen seit 1995 gemeinsam durch das Leben. 2010 haben sie sich einen gro\u00dfen Traum erf\u00fcllt und in Niedersachsen einen Resthof mit gut 4 Hektar Grundst\u00fcck gekauft. \u00dcber die Jahre wurde Hof Steigerwald zu einem Seminarzentrum mit G\u00e4sten aus dem gesamten deutschsprachigen Raum und einem Traum f\u00fcr alle Paddock-Trail-Fans.[\/vc_column_text][\/vc_column][\/vc_row][vc_row top=&#8220;0px&#8220; bottom=&#8220;0px&#8220; row_show_on=&#8220;hide_on_normal_screen,hide_tablet_landscape&#8220;][vc_column][vc_separator style=&#8220;simple&#8220;][\/vc_column][\/vc_row][vc_row top=&#8220;20px&#8220; bottom=&#8220;20px&#8220; row_show_on=&#8220;hide_on_normal_screen,hide_tablet_landscape&#8220;][vc_column][vc_single_image image=&#8220;2258&#8243; img_size=&#8220;400&#215;400&#8243; style=&#8220;vc_box_shadow_border&#8220; onclick=&#8220;custom_link&#8220; img_link_target=&#8220;_blank&#8220; link=&#8220;https:\/\/steigerwald-zum-testen.anke-kirschenmann.com\/?page_id=2061&amp;lang=de&#8220;][vc_column_text]<\/p>\n<p style=\"text-align: center;\"><span style=\"color: #800000;\"><a style=\"color: #800000;\" href=\"https:\/\/steigerwald-zum-testen.anke-kirschenmann.com\/sw-t\/team-mitglieder\/nina-steigerwald\/\"><span style=\"font-size: 14pt;\"><strong>Nina Steigerwald<\/strong><\/span><\/a><\/span><\/p>\n<p>[\/vc_column_text][\/vc_column][\/vc_row][vc_row top=&#8220;0px&#8220; bottom=&#8220;0px&#8220; row_show_on=&#8220;hide_on_normal_screen,hide_tablet_landscape&#8220;][vc_column][vc_separator style=&#8220;simple&#8220;][\/vc_column][\/vc_row][vc_row top=&#8220;20px&#8220; bottom=&#8220;20px&#8220; row_show_on=&#8220;hide_on_normal_screen,hide_tablet_landscape&#8220;][vc_column][vc_single_image image=&#8220;1968&#8243; img_size=&#8220;400&#215;400&#8243; alignment=&#8220;right&#8220; style=&#8220;vc_box_shadow_border&#8220; onclick=&#8220;custom_link&#8220; link=&#8220;https:\/\/steigerwald-zum-testen.anke-kirschenmann.com\/?page_id=2063&amp;lang=de&#8220;][vc_column_text]<\/p>\n<p style=\"text-align: center;\"><span style=\"color: #800000;\"><a style=\"color: #800000;\" href=\"https:\/\/steigerwald-zum-testen.anke-kirschenmann.com\/?page_id=2063&amp;lang=de\"><strong><span style=\"font-size: 14pt;\">Mario Steigerwald<\/span><\/strong><\/a><\/span><\/p>\n<p>[\/vc_column_text][\/vc_column][\/vc_row][vc_row top=&#8220;20px&#8220; bottom=&#8220;20px&#8220; row_show_on=&#8220;hide_tablet_portrait,hide_mobile_landscape,hide_mobile_portrait&#8220; bg_color=&#8220;#eeeeee&#8220;][vc_column width=&#8220;1\/3&#8243;][vc_single_image image=&#8220;1970&#8243; img_size=&#8220;400&#215;400&#8243; alignment=&#8220;right&#8220; style=&#8220;vc_box_shadow_border&#8220; onclick=&#8220;custom_link&#8220; link=&#8220;https:\/\/steigerwald-zum-testen.anke-kirschenmann.com\/?page_id=2093&amp;lang=de&#8220;][vc_column_text]<\/p>\n<p style=\"text-align: center;\"><span style=\"color: #800000;\"><a style=\"color: #800000;\" href=\"https:\/\/steigerwald-zum-testen.anke-kirschenmann.com\/?page_id=2093&amp;lang=de\/\"><strong><span style=\"font-size: 14pt;\">Joost Harenborg<\/span><\/strong><\/a><\/span><\/p>\n<p>[\/vc_column_text][\/vc_column][vc_column width=&#8220;1\/3&#8243;][vc_single_image image=&#8220;1973&#8243; img_size=&#8220;400&#215;400&#8243; alignment=&#8220;center&#8220; style=&#8220;vc_box_shadow_border&#8220; onclick=&#8220;custom_link&#8220; link=&#8220;https:\/\/steigerwald-zum-testen.anke-kirschenmann.com\/?page_id=2095&amp;lang=de&#8220;][vc_column_text]<\/p>\n<p style=\"text-align: center;\"><span style=\"color: #800000;\"><a style=\"color: #800000;\" href=\"https:\/\/steigerwald-zum-testen.anke-kirschenmann.com\/?page_id=2095&amp;lang=de\"><strong><span style=\"font-size: 14pt;\">Hendric Cadeau<\/span><\/strong><\/a><\/span><\/p>\n<p>[\/vc_column_text][\/vc_column][vc_column width=&#8220;1\/3&#8243;][vc_single_image image=&#8220;2721&#8243; img_size=&#8220;400&#215;400&#8243; alignment=&#8220;right&#8220; style=&#8220;vc_box_shadow_border&#8220; onclick=&#8220;custom_link&#8220; link=&#8220;https:\/\/steigerwald-zum-testen.anke-kirschenmann.com\/?page_id=2097&amp;lang=de&#8220;][vc_column_text]<\/p>\n<p style=\"text-align: center;\"><span style=\"color: #800000;\"><a style=\"color: #800000;\" href=\"https:\/\/steigerwald-zum-testen.anke-kirschenmann.com\/?page_id=2097&amp;lang=de\"><strong><span style=\"font-size: 14pt;\">Jessica Rings<\/span><\/strong><\/a><\/span><\/p>\n<p>[\/vc_column_text][\/vc_column][\/vc_row][vc_row top=&#8220;0px&#8220; bottom=&#8220;0px&#8220; row_show_on=&#8220;hide_on_normal_screen,hide_tablet_landscape&#8220;][vc_column][vc_separator style=&#8220;simple&#8220;][\/vc_column][\/vc_row][vc_row top=&#8220;20px&#8220; bottom=&#8220;20px&#8220; row_show_on=&#8220;hide_on_normal_screen,hide_tablet_landscape&#8220; bg_color=&#8220;#eeeeee&#8220;][vc_column][vc_single_image image=&#8220;1970&#8243; img_size=&#8220;400&#215;400&#8243; alignment=&#8220;right&#8220; style=&#8220;vc_box_shadow_border&#8220; onclick=&#8220;custom_link&#8220; link=&#8220;https:\/\/steigerwald-zum-testen.anke-kirschenmann.com\/?page_id=2093&amp;lang=de&#8220;][vc_column_text]<\/p>\n<p style=\"text-align: center;\"><span style=\"color: #800000;\"><a style=\"color: #800000;\" href=\"https:\/\/steigerwald-zum-testen.anke-kirschenmann.com\/?page_id=2093&amp;lang=de\"><strong><span style=\"font-size: 14pt;\">Joost Harenborg<\/span><\/strong><\/a><\/span><\/p>\n<p>[\/vc_column_text][\/vc_column][\/vc_row][vc_row top=&#8220;0px&#8220; bottom=&#8220;0px&#8220; row_show_on=&#8220;hide_on_normal_screen,hide_tablet_landscape&#8220; bg_color=&#8220;#eeeeee&#8220;][vc_column][vc_separator style=&#8220;simple&#8220;][\/vc_column][\/vc_row][vc_row top=&#8220;20px&#8220; bottom=&#8220;20px&#8220; row_show_on=&#8220;hide_on_normal_screen,hide_tablet_landscape&#8220; bg_color=&#8220;#eeeeee&#8220;][vc_column][vc_single_image image=&#8220;1973&#8243; img_size=&#8220;400&#215;400&#8243; alignment=&#8220;center&#8220; style=&#8220;vc_box_shadow_border&#8220; onclick=&#8220;custom_link&#8220; link=&#8220;https:\/\/steigerwald-zum-testen.anke-kirschenmann.com\/?page_id=2095&amp;lang=de&#8220;][vc_column_text]<\/p>\n<p style=\"text-align: center;\"><span style=\"color: #800000;\"><a style=\"color: #800000;\" href=\"https:\/\/steigerwald-zum-testen.anke-kirschenmann.com\/?page_id=2095&amp;lang=de\"><strong><span style=\"font-size: 14pt;\">Hendric Cadeau<\/span><\/strong><\/a><\/span><\/p>\n<p>[\/vc_column_text][\/vc_column][\/vc_row][vc_row top=&#8220;0px&#8220; bottom=&#8220;0px&#8220; row_show_on=&#8220;hide_on_normal_screen,hide_tablet_landscape&#8220; bg_color=&#8220;#eeeeee&#8220;][vc_column][vc_separator style=&#8220;simple&#8220;][\/vc_column][\/vc_row][vc_row top=&#8220;20px&#8220; bottom=&#8220;20px&#8220; row_show_on=&#8220;hide_on_normal_screen,hide_tablet_landscape&#8220; bg_color=&#8220;#eeeeee&#8220;][vc_column][vc_single_image image=&#8220;2721&#8243; img_size=&#8220;400&#215;400&#8243; alignment=&#8220;right&#8220; style=&#8220;vc_box_shadow_border&#8220; onclick=&#8220;custom_link&#8220; link=&#8220;https:\/\/steigerwald-zum-testen.anke-kirschenmann.com\/?page_id=2097&amp;lang=de&#8220;][vc_column_text]<\/p>\n<p style=\"text-align: center;\"><span style=\"color: #800000;\"><a style=\"color: #800000;\" href=\"https:\/\/steigerwald-zum-testen.anke-kirschenmann.com\/?page_id=2097&amp;lang=de\"><strong><span style=\"font-size: 14pt;\">Jessica Rings<\/span><\/strong><\/a><\/span><\/p>\n<p>[\/vc_column_text][\/vc_column][\/vc_row][vc_row top=&#8220;0px&#8220; bottom=&#8220;0px&#8220; row_show_on=&#8220;hide_on_normal_screen,hide_tablet_landscape&#8220; bg_color=&#8220;#eeeeee&#8220;][vc_column][vc_separator style=&#8220;simple&#8220;][\/vc_column][\/vc_row][vc_row top=&#8220;20px&#8220; bottom=&#8220;0px&#8220; row_show_on=&#8220;hide_tablet_portrait,hide_mobile_landscape,hide_mobile_portrait&#8220;][vc_column width=&#8220;1\/3&#8243;][vc_single_image image=&#8220;1187&#8243; img_size=&#8220;400&#215;400&#8243; style=&#8220;vc_box_shadow_border&#8220; onclick=&#8220;custom_link&#8220; link=&#8220;https:\/\/steigerwald-zum-testen.anke-kirschenmann.com\/?page_id=2065&amp;lang=de&#8220;][vc_column_text]<\/p>\n<p style=\"text-align: center;\"><strong><span style=\"color: #800000;\"><a style=\"color: #800000;\" href=\"https:\/\/steigerwald-zum-testen.anke-kirschenmann.com\/?page_id=2065&amp;lang=de\"><span style=\"font-size: 14pt;\">Die Pferde<\/span><\/a><\/span><\/strong><\/p>\n<p>[\/vc_column_text][\/vc_column][vc_column width=&#8220;1\/3&#8243;][vc_column_text]Hof Steigerwald bietet vielen Tieren ein wunderbares, artgerechtes und erf\u00fclltes Leben. Au\u00dfer den allseits bekannten Pferden und Ponys, geh\u00f6ren zum Steigerwald.Team noch zwei Shelties, eine Schafherde und nat\u00fcrlich die ganz besonderen Lehrmeister vieler Seminare: Die H\u00fchner.[\/vc_column_text][\/vc_column][vc_column width=&#8220;1\/3&#8243;][vc_single_image image=&#8220;2202&#8243; img_size=&#8220;400&#215;400&#8243; alignment=&#8220;right&#8220; style=&#8220;vc_box_shadow_border&#8220; onclick=&#8220;custom_link&#8220; link=&#8220;https:\/\/steigerwald-zum-testen.anke-kirschenmann.com\/?page_id=2067&amp;lang=de&#8220;][vc_column_text]<\/p>\n<p style=\"text-align: center;\"><strong><span style=\"color: #800000;\"><a style=\"color: #800000;\" href=\"https:\/\/steigerwald-zum-testen.anke-kirschenmann.com\/?page_id=2067&amp;lang=de\"><span style=\"font-size: 14pt;\">Die Tiere<\/span><\/a><\/span><\/strong><\/p>\n<p>[\/vc_column_text][\/vc_column][\/vc_row][vc_row top=&#8220;20px&#8220; bottom=&#8220;20px&#8220; row_show_on=&#8220;hide_on_normal_screen,hide_tablet_landscape&#8220;][vc_column][vc_single_image image=&#8220;1187&#8243; img_size=&#8220;400&#215;400&#8243; alignment=&#8220;center&#8220; style=&#8220;vc_box_shadow_border&#8220; onclick=&#8220;custom_link&#8220; link=&#8220;https:\/\/steigerwald-zum-testen.anke-kirschenmann.com\/?page_id=2065&amp;lang=de&#8220;][vc_column_text]<\/p>\n<p style=\"text-align: center;\"><strong><span style=\"color: #800000;\"><a style=\"color: #800000;\" href=\"https:\/\/steigerwald-zum-testen.anke-kirschenmann.com\/?page_id=2065&amp;lang=de\"><span style=\"font-size: 14pt;\">Die Pferde<\/span><\/a><\/span><\/strong><\/p>\n<p>[\/vc_column_text][\/vc_column][\/vc_row][vc_row top=&#8220;0px&#8220; bottom=&#8220;0px&#8220; row_show_on=&#8220;hide_on_normal_screen,hide_tablet_landscape&#8220;][vc_column][vc_separator style=&#8220;simple&#8220;][\/vc_column][\/vc_row][vc_row top=&#8220;20px&#8220; bottom=&#8220;0px&#8220; row_show_on=&#8220;hide_on_normal_screen,hide_tablet_landscape&#8220;][vc_column][vc_single_image image=&#8220;2202&#8243; img_size=&#8220;400&#215;400&#8243; alignment=&#8220;center&#8220; style=&#8220;vc_box_shadow_border&#8220; onclick=&#8220;custom_link&#8220; link=&#8220;https:\/\/steigerwald-zum-testen.anke-kirschenmann.com\/?page_id=2067&amp;lang=de&#8220;][vc_column_text]<\/p>\n<p style=\"text-align: center;\"><strong><span style=\"color: #800000;\"><a style=\"color: #800000;\" href=\"https:\/\/steigerwald-zum-testen.anke-kirschenmann.com\/?page_id=2067&amp;lang=de\"><span style=\"font-size: 14pt;\">Die Tiere<\/span><\/a><\/span><\/strong><\/p>\n<p>[\/vc_column_text][\/vc_column][\/vc_row][vc_row top=&#8220;0px&#8220; bottom=&#8220;0px&#8220;][vc_column][vc_empty_space height=&#8220;40px&#8220;][\/vc_column][\/vc_row][vc_row top=&#8220;15px&#8220; bottom=&#8220;15px&#8220; bg_color=&#8220;#eeeeee&#8220;][vc_column][vc_column_text css=&#8220;.vc_custom_1673645121796{background-color: #eeeeee !important;}&#8220;]<\/p>\n<p style=\"text-align: center;\">Steigerwald.T &#8211; dein Kontakt f\u00fcr professionelle Pferdewippen, Trainings- und Therapieger\u00e4te und tiergerechtes Training<\/p>\n<p>[\/vc_column_text][\/vc_column][\/vc_row]<\/p>","protected":false},"excerpt":{"rendered":"<p>[vc_row top=&#8220;0px&#8220; bottom=&#8220;0px&#8220;][vc_column][vc_column_text][rev_slider alias=&#8220;ssst&#8220;][\/vc_column_text][\/vc_column][\/vc_row][vc_row top=&#8220;20px&#8220; bottom=&#8220;0px&#8220;][vc_column][vc_heading title=&#8220;Steigerwald.Team&#8220; color=&#8220;#000000&#8243;][\/vc_column][\/vc_row][vc_row top=&#8220;20px&#8220; bottom=&#8220;20px&#8220; row_show_on=&#8220;hide_tablet_portrait,hide_mobile_landscape,hide_mobile_portrait&#8220;][vc_column width=&#8220;1\/3&#8243;][vc_single_image image=&#8220;2258&#8243; img_size=&#8220;400&#215;400&#8243; style=&#8220;vc_box_shadow_border&#8220; onclick=&#8220;custom_link&#8220; img_link_target=&#8220;_blank&#8220; link=&#8220;https:\/\/steigerwald-zum-testen.anke-kirschenmann.com\/?page_id=2061&amp;lang=de&#8220;][vc_column_text] Nina Steigerwald [\/vc_column_text][\/vc_column][vc_column width=&#8220;1\/3&#8243;][vc_column_text]Der Erfolg von Steigerwald.T ruht auf mehreren Schultern. Nina und Mario Steigerwald gehen seit 1995 gemeinsam durch das Leben. 2010 haben sie sich einen gro\u00dfen Traum erf\u00fcllt und in Niedersachsen einen Resthof mit gut [&hellip;]<\/p>\n","protected":false},"author":1,"featured_media":0,"parent":21,"menu_order":0,"comment_status":"closed","ping_status":"closed","template":"page-full-width.php","meta":{"footnotes":""},"_links":{"self":[{"href":"https:\/\/steigerwald-zum-testen.anke-kirschenmann.com\/de\/wp-json\/wp\/v2\/pages\/1911"}],"collection":[{"href":"https:\/\/steigerwald-zum-testen.anke-kirschenmann.com\/de\/wp-json\/wp\/v2\/pages"}],"about":[{"href":"https:\/\/steigerwald-zum-testen.anke-kirschenmann.com\/de\/wp-json\/wp\/v2\/types\/page"}],"author":[{"embeddable":true,"href":"https:\/\/steigerwald-zum-testen.anke-kirschenmann.com\/de\/wp-json\/wp\/v2\/users\/1"}],"replies":[{"embeddable":true,"href":"https:\/\/steigerwald-zum-testen.anke-kirschenmann.com\/de\/wp-json\/wp\/v2\/comments?post=1911"}],"version-history":[{"count":164,"href":"https:\/\/steigerwald-zum-testen.anke-kirschenmann.com\/de\/wp-json\/wp\/v2\/pages\/1911\/revisions"}],"predecessor-version":[{"id":3738,"href":"https:\/\/steigerwald-zum-testen.anke-kirschenmann.com\/de\/wp-json\/wp\/v2\/pages\/1911\/revisions\/3738"}],"up":[{"embeddable":true,"href":"https:\/\/steigerwald-zum-testen.anke-kirschenmann.com\/de\/wp-json\/wp\/v2\/pages\/21"}],"wp:attachment":[{"href":"https:\/\/steigerwald-zum-testen.anke-kirschenmann.com\/de\/wp-json\/wp\/v2\/media?parent=1911"}],"curies":[{"name":"wp","href":"https:\/\/api.w.org\/{rel}","templated":true}]}}