{"id":10,"date":"2018-09-28T12:16:58","date_gmt":"2018-09-28T10:16:58","guid":{"rendered":"https:\/\/steigerwald-zum-testen.anke-kirschenmann.com\/?page_id=10"},"modified":"2023-06-06T19:14:28","modified_gmt":"2023-06-06T17:14:28","slug":"startseite","status":"publish","type":"page","link":"https:\/\/steigerwald-zum-testen.anke-kirschenmann.com\/de\/","title":{"rendered":"Startseite"},"content":{"rendered":"<p>[vc_row top=&#8220;0px&#8220; bottom=&#8220;0px&#8220;][vc_column][rev_slider_vc alias=&#8220;ssst&#8220;][\/vc_column][\/vc_row][vc_row top=&#8220;20px&#8220; bottom=&#8220;10px&#8220; row_show_on=&#8220;hide_tablet_landscape,hide_tablet_portrait,hide_mobile_landscape,hide_mobile_portrait&#8220; bg_color=&#8220;#eeeeee&#8220;][vc_column][vc_column_text]<\/p>\n<p style=\"text-align: center;\"><span style=\"font-size: 18pt;\"><strong>Herzlich Willkommen bei Steigerwald.T,<\/strong><\/span><\/p>\n<p>[\/vc_column_text][vc_empty_space height=&#8220;20px&#8220;][vc_row_inner][vc_column_inner width=&#8220;1\/2&#8243;][vc_column_text]<iframe loading=\"lazy\" title=\"Wippt euch gl\u00fccklich\" src=\"https:\/\/www.youtube-nocookie.com\/embed\/zXmsefnUxOE\" width=\"560\" height=\"315\" frameborder=\"0\" allowfullscreen=\"allowfullscreen\"><\/iframe>[\/vc_column_text][\/vc_column_inner][vc_column_inner width=&#8220;1\/2&#8243;][vc_column_text]als Gr\u00fcnderin gebe ich, Nina Steigerwald, diesem Unternehmen nicht nur meinen Namen, sondern all mein Herzblut, Erfinderreichtum und Fachwissen. Daher freue ich mich auch besonders, dass du den Weg auf meine Homepage gefunden hast und lade dich ein, hier mehr \u00fcber meine Arbeit und Angebote f\u00fcr dich und dein Pferd zu erfahren.<\/p>\n<p>Tiergerechtes Training ist f\u00fcr mich nicht einfach nur mein Beruf, als Idealistin, Autorin und T\u00fcftlerin gebe ich mich nicht mit dem zufrieden, was vermeintlich seit Jahren oder Jahrhunderten zu funktionieren scheint. Ich w\u00fcnsche mir mehr<i> <\/i>f\u00fcr unsere tierischen Partner und uns Menschen: Lohnende, pr\u00e4zise Kommunikation ohne Druck, gezielte k\u00f6rperliche und geistige Bet\u00e4tigung f\u00fcr mehr Fitness und Wohlbefinden v\u00f6llig ohne Zwang und nat\u00fcrlich ein artgerechtes und abwechslungsreiches Pferdeleben auch au\u00dferhalb von Trainingszeiten.[\/vc_column_text][\/vc_column_inner][\/vc_row_inner][vc_row_inner][vc_column_inner][vc_empty_space height=&#8220;20px&#8220;][vc_column_text]Das <a href=\"https:\/\/steigerwald-zum-testen.anke-kirschenmann.com\/seminare\/medical-trainer-ausbildung\/\"><strong>Medical Training<\/strong><\/a> ist hier <em>der<\/em> Basisbereich schlechthin f\u00fcr ein vertrauensvolles Miteinander von deinem Pferd und dir.<\/p>\n<p>In all diesen Bereichen greife ich auf langj\u00e4hrige Erfahrung und fundiertes Fachwissen zur\u00fcck, das ich gerne mit dir teilen m\u00f6chte, denn das Wohl aller Lebewesen und insbesondere das der Pferde ist meine Passion. Daher findest du hier auch immer wieder kostenfreie Infos, Videos oder Bauanleitungen. Es lohnt sich also die Augen offen zu halten und hin und wieder mal vorbei zu schauen.<\/p>\n<p>Ich freue mich \u00fcber jede Pferd-Mensch-Beziehung, die ich mit meinem Fachwissen, Ideen und Ausarbeitungen bereichern kann. Denn ich arbeite t\u00e4glich daran, meiner Vision ein kleines St\u00fcckchen n\u00e4her zu kommen, dass positive Verst\u00e4rkung im Pferdetraining fl\u00e4chendeckend Einzug h\u00e4lt und die Welt diese tiergerechte, evidenzbasierte Art des Pferdetrainings zu sch\u00e4tzen und zu nutzen lernt.<\/p>\n<p>Alle die ihren Blick \u00f6ffnen und diese gro\u00dfartige Methode erlernen oder vertiefen m\u00f6chten und diejenigen, die nach Turnger\u00e4ten wie Pferdewippen<i>,<\/i> gezielten Trainingsideen, -m\u00f6glichkeiten und naturnaher Pferdehaltung suchen, lade ich ein in meinen unterschiedliche Angeboten nach Herzenslust zu st\u00f6bern.<\/p>\n<p>Herzliche Gr\u00fc\u00dfe[\/vc_column_text][\/vc_column_inner][\/vc_row_inner][vc_row_inner][vc_column_inner width=&#8220;1\/6&#8243;][\/vc_column_inner][vc_column_inner width=&#8220;5\/6&#8243;][vc_single_image image=&#8220;395&#8243; img_size=&#8220;212&#215;70&#8243;][\/vc_column_inner][\/vc_row_inner][\/vc_column][\/vc_row][vc_row top=&#8220;20px&#8220; bottom=&#8220;10px&#8220; row_show_on=&#8220;hide_on_normal_screen&#8220; bg_color=&#8220;#eeeeee&#8220;][vc_column][vc_column_text]<\/p>\n<p style=\"text-align: center;\"><span style=\"font-size: 18pt;\"><strong>Herzlich Willkommen bei Steigerwald.T,<\/strong><\/span><\/p>\n<p>[\/vc_column_text][vc_empty_space height=&#8220;20px&#8220;][vc_row_inner][vc_column_inner][vc_column_text el_class=&#8220;img-center&#8220;]<iframe loading=\"lazy\" title=\"Wippt euch gl\u00fccklich\" src=\"https:\/\/www.youtube-nocookie.com\/embed\/zXmsefnUxOE\" width=\"560\" height=\"315\" frameborder=\"0\" allowfullscreen=\"allowfullscreen\"><\/iframe>[\/vc_column_text][vc_column_text]als Gr\u00fcnderin gebe ich, Nina Steigerwald, diesem Unternehmen nicht nur meinen Namen, sondern all mein Herzblut, Erfinderreichtum und Fachwissen. Daher freue ich mich auch besonders, dass du den Weg auf meine Homepage gefunden hast und lade dich ein, hier mehr \u00fcber meine Arbeit und Angebote f\u00fcr dich zu erfahren.<\/p>\n<p>Tiergerechtes Training ist f\u00fcr mich nicht einfach nur mein Beruf, als Idealistin, Autorin und T\u00fcftlerin gebe ich mich nicht mit dem zufrieden, was vermeintlich seit Jahren oder Jahrhunderten zu funktionieren scheint. Ich w\u00fcnsche mir mehr<i> <\/i>f\u00fcr unsere tierischen Partner und uns Menschen: Lohnende, pr\u00e4zise Kommunikation ohne Druck, gezielte k\u00f6rperliche und geistige Bet\u00e4tigung f\u00fcr mehr Fitness und Wohlbefinden v\u00f6llig ohne Zwang und nat\u00fcrlich ein artgerechtes und abwechslungsreiches Pferdeleben auch au\u00dferhalb von Trainingszeiten.[\/vc_column_text][vc_column_text]Das <a href=\"https:\/\/steigerwald-zum-testen.anke-kirschenmann.com\/seminare\/medical-trainer-ausbildung\/\"><strong>Medical Training<\/strong><\/a> ist hier <em>der<\/em> Basisbereich schlechthin f\u00fcr ein vertrauensvolles Miteinander von deinem Pferd und dir.[\/vc_column_text][vc_empty_space height=&#8220;20px&#8220;][\/vc_column_inner][vc_column_inner][\/vc_column_inner][\/vc_row_inner][vc_row_inner][vc_column_inner][vc_empty_space height=&#8220;20px&#8220;][vc_column_text]In all diesen Bereichen greife ich auf langj\u00e4hrige Erfahrung und fundiertes Fachwissen zur\u00fcck, das ich gerne mit Ihnen teilen m\u00f6chte, denn das Wohl der Pferde ist meine Passion. Daher findest Du hier auch immer wieder kostenfreie Infos, Videos oder Bauanleitungen. Es lohnt sich also die Augen offen zu halten und hin und wieder mal vorbei zu schauen.<\/p>\n<p>Ich freue mich \u00fcber jede Pferd-Mensch-Beziehung, die ich mit meinem Fachwissen, Ideen und Ausarbeitungen bereichern kann. Denn ich arbeite t\u00e4glich daran meiner Vision ein kleines St\u00fcckchen n\u00e4her zu kommen, dass positive Verst\u00e4rkung im Pferdetraining fl\u00e4chendeckend Einzug h\u00e4lt und die Welt diese tiergerechte, evidenzbasierte Art des Pferdetrainings zu sch\u00e4tzen und zu nutzen lernt.<\/p>\n<p>Alle die ihren Blick \u00f6ffnen und diese gro\u00dfartige Methode erlernen oder vertiefen m\u00f6chten und diejenigen, die nach Turnger\u00e4ten wie Pferdewippen<i>,<\/i> gezielten Trainingsideen, -m\u00f6glichkeiten und naturnaher Pferdehaltung suchen, lade ich ein in meinen unterschiedliche Angeboten nach Herzenslust zu st\u00f6bern.<\/p>\n<p>Herzliche Gr\u00fc\u00dfe[\/vc_column_text][\/vc_column_inner][vc_column_inner][\/vc_column_inner][\/vc_row_inner][vc_row_inner][vc_column_inner width=&#8220;1\/6&#8243;][\/vc_column_inner][vc_column_inner width=&#8220;5\/6&#8243;][vc_single_image image=&#8220;395&#8243; img_size=&#8220;212&#215;70&#8243;][\/vc_column_inner][\/vc_row_inner][\/vc_column][\/vc_row][vc_row top=&#8220;20px&#8220; bottom=&#8220;10px&#8220;][vc_column][vc_heading title=&#8220;Unser Angebot f\u00fcr dich und dein Pferd, deinen Hund und dein Leben&#8220; subtitle=&#8220;Die Ts&#8220; color=&#8220;#0f0f0f&#8220;][\/vc_column][\/vc_row][vc_row top=&#8220;20px&#8220; bottom=&#8220;0px&#8220;][vc_column width=&#8220;1\/3&#8243;][vc_single_image image=&#8220;3995&#8243; img_size=&#8220;400&#215;400&#8243; style=&#8220;vc_box_shadow_border&#8220; onclick=&#8220;custom_link&#8220; link=&#8220;https:\/\/steigerwald-zum-testen.anke-kirschenmann.com\/seminare\/medical-trainer-ausbildung\/&#8220;][vc_empty_space height=&#8220;10px&#8220;][vc_column_text]<span style=\"font-size: 10pt;\"><strong><a href=\"https:\/\/steigerwald-zum-testen.anke-kirschenmann.com\/seminare\/medical-trainer-ausbildung\/\">TIERARZT-TRAINING<\/a><\/strong><\/span><\/p>\n<p>Medical Training ist elementar!<\/p>\n<p>So legst du eine gute Basis f\u00fcr die Beziehung und das Wohlbefinden.[\/vc_column_text][vc_empty_space height=&#8220;10px&#8220;][vc_separator style=&#8220;simple&#8220;][vc_empty_space height=&#8220;10px&#8220;][vc_column_text]<span style=\"font-size: 10pt;\">&#8230;weil die Gesundheit unserer Pferde an oberster Stelle steht.<br \/>\n<\/span>[\/vc_column_text][\/vc_column][vc_column width=&#8220;1\/3&#8243;][vc_single_image image=&#8220;3987&#8243; img_size=&#8220;400&#215;400&#8243; style=&#8220;vc_box_shadow_border&#8220; onclick=&#8220;custom_link&#8220; link=&#8220;https:\/\/steigerwald-zum-testen.anke-kirschenmann.com\/sw-t\/trainingsgeraete-therapiegeraete\/&#8220;][vc_empty_space height=&#8220;10px&#8220;][vc_column_text]<span style=\"font-size: 10pt;\"><strong><a href=\"https:\/\/steigerwald-zum-testen.anke-kirschenmann.com\/sw-t\/trainingsgeraete-therapiegeraete\/\">TRAININGS- &amp; THERAPIEGER\u00c4TE<\/a><\/strong><\/span><\/p>\n<p>Pferdewippen und mehr[\/vc_column_text][vc_empty_space height=&#8220;10px&#8220;][vc_separator style=&#8220;simple&#8220;][vc_empty_space height=&#8220;10px&#8220;][vc_column_text]<span style=\"font-size: 10pt;\">&#8230; entwickelt f\u00fcr gezieltes Training von Muskulatur, Balance, Trittsicherheit und Koordination.<br \/>\n<\/span>[\/vc_column_text][\/vc_column][vc_column width=&#8220;1\/3&#8243;][vc_single_image image=&#8220;196&#8243; img_size=&#8220;400&#215;400&#8243; style=&#8220;vc_box_shadow_border&#8220; onclick=&#8220;custom_link&#8220; link=&#8220;https:\/\/steigerwald-zum-testen.anke-kirschenmann.com\/sw-t\/training-tiergerecht\/&#8220;][vc_empty_space height=&#8220;10px&#8220;][vc_column_text]<span style=\"font-size: 10pt;\"><strong><a href=\"https:\/\/steigerwald-zum-testen.anke-kirschenmann.com\/sw-t\/training-tiergerecht\/\">TRAINING TIERGERECHT<\/a><\/strong><\/span><\/p>\n<p>Liebevoller und effizient kommunizieren[\/vc_column_text][vc_empty_space height=&#8220;10px&#8220;][vc_separator style=&#8220;simple&#8220;][vc_empty_space height=&#8220;10px&#8220;][vc_column_text]<span style=\"font-size: 10pt;\">&#8230;f\u00fcr eine harmonisches Miteinander von Dir und Deinen Tieren! Verbessere Training und Beziehung gleicherma\u00dfen.<br \/>\n<\/span>[\/vc_column_text][\/vc_column][\/vc_row][vc_row top=&#8220;20px&#8220; bottom=&#8220;20px&#8220; bg_color=&#8220;#eeeeee&#8220;][vc_column][vc_testimonial_slider style=&#8220;testimonials-style-4&#8243; animation=&#8220;slide&#8220; slide_speed=&#8220;10&#8243;][vc_testimonial name=&#8220;Ute aus Hamburg&#8220; author_dec=&#8220;Besitzerin der Steigerwald.T-1500ES&#8220; position=&#8220;Designer&#8220; img_url=&#8220;251&#8243;]Liebe Frau Steigerwald,<\/p>\n<p>im Herbst letzten Jahres habe ich mir die Edelstahl-Ganzk\u00f6rperwippe zugelegt und wollte ihnen eine positive R\u00fcckmeldung geben. [&#8230;] Wir haben viel Freude an dem Ger\u00e4t, es gab dank der runden Kanten keine Verletzungen und die Reiterei hat sich dadurch auch gebessert, in dem mein Pferd mehr in die Balance kommt. Das ist ein Grundproblem, dass wir bisher nicht zufrieden stellend l\u00f6sen konnten. Dank der Kombination von Wippe und regelm\u00e4\u00dfigem Unterricht geht es hier voran. Wir sind noch nicht am Ziel, haben also noch Arbeit mit Spa\u00df und Freude vor uns!!!<\/p>\n<p>Vielen Dank f\u00fcr Ihre tolle Idee und die technisch gelungene Umsetzung.[\/vc_testimonial][vc_testimonial name=&#8220;Ingrid S.&#8220; author_dec=&#8220;Medical Training &#8211; Kundin&#8220; title=&#8220;Inhaltsbereich&#8220;]Hallo Nina,<\/p>\n<p>vielen Dank f\u00fcr deine Mails mit den Videos. Wir sind gut nach Hause gekommen &#8211; Joker hat seinen Job im Anh\u00e4nger toll gemacht.<\/p>\n<p>Und stell dir vor: Ich habe ihm eben schon das erste Mal die Z\u00e4hne geputzt!!!<br \/>\nMein Freund h\u00e4lt ihn auf der Schulter und zieht die Lippen auseinander und ich schrubbe. Die elektrische Zahnb\u00fcrste ist nicht mehr weit :P.<\/p>\n<p>Vielen Dank f\u00fcr die gro\u00dfartige Hilfe!<\/p>\n<p>Liebe Gr\u00fc\u00dfe von uns dreien [\/vc_testimonial][vc_testimonial name=&#8220;Regine W.&#8220; author_dec=&#8220;Besitzerin der Steigerwald.T-2BW&#8220; title=&#8220;Inhaltsbereich&#8220;]Die Zweibeinwippe ist erstklassig verarbeitet, die Konstruktion gut durchdacht und sehr stabil. Praktisch auch der seitliche, von der Klotzmatte verdeckte Griff, der der Menschenhand bequemen Halt bietet ohne f\u00fcr den Ponyhuf zur Gefahr zu werden. Meine anf\u00e4nglichen Zweifel, ob eine 135-Islandstute darauf tats\u00e4chlich auch ganzk\u00f6rperwippen kann, hat das Pony im Handumdrehen ausger\u00e4umt. Mittlerweile muss ich die Wippe hochkant stellen oder ganz vom Reitplatz verbannen, wenn ich mit dem Pony noch irgend etwas anderes machen m\u00f6chte&#8230; [\/vc_testimonial][vc_testimonial name=&#8220;Gordon M. aus B.&#8220; author_dec=&#8220;Teilnehmer beim H\u00fchnereinsteiger-Seminar&#8220; title=&#8220;Inhaltsbereich&#8220;]Hallo Frau Steigerwald, ich wollte mich im Namen aller f\u00fcr den tollen Trainingstag auf Ihrem Hof bedanken! Es hat uns allen super viel Spa\u00df gemacht und wir haben alle viel gelernt.[\/vc_testimonial][vc_testimonial name=&#8220;Regine W.&#8220; author_dec=&#8220;Absolventin der Ausbildungsreihe &#8222;TS Pferd&#8222;&#8220; title=&#8220;Inhaltsbereich&#8220;]Warum muss es Clickertraining sein? Daf\u00fcr gibt es aus meiner Sicht eine ganze Lore guter Gr\u00fcnde, die vom Respekt dem Lebewesen gegen\u00fcber bis zu Tierschutzaspekten reichen. Aber relativ schnell wurde mir klar, dass ich als Autodidakt zwar einen passablen Einstieg finden, aber weit hinter den unglaublichen M\u00f6glichkeiten des Clickertrainings zur\u00fcckbleiben w\u00fcrde. Professionelle Hilfe musste her.<\/p>\n<p>Mit Nina Steigerwalds Ausbildungsreihe &#8222;Trainingsspezialist Pferd&#8220; bot sich mir die hei\u00df ersehnte Gelegenheit, unter fachlich hochkompetenter und professioneller Anleitung qualitativ gutes Training zu lernen.<\/p>\n<p>In den Modulen werden alle wichtigen Trainingsaspekte theoretisch und praktisch beleuchtet, hinterfragt und ge\u00fcbt. Jedes Modul liefert einen speziellen Trainingsaspekt. So setzt sich das Gesamtbild &#8222;Clickertraining&#8220; im Laufe der Zeit St\u00fcck f\u00fcr St\u00fcck zusammen. Im Grunde braucht man in jedem Modul das Wissen aus allen anderen Modulen. Je weiter man kommt, desto klarer wird das Gesamtbild, und das Training verbessert sich sicht- und messbar.<\/p>\n<p>Das aus den Modulen mit nach Hause genommene Wissenspaket anschlie\u00dfend in den Hausaufgaben anzuwenden, hilft, das frisch Erlernte zu festigen und sich klar zu werden, ob man \u00fcberhaupt alles verstanden hat.<\/p>\n<p>Dank Nina Steigerwalds und Linda Veltkamps geballtem Erfahrungsschatz flie\u00dfen unz\u00e4hlige konkrete Beispiele und Tipps aus der Praxis in den Unterricht mit ein, die deutlicher als jedes noch so gut geschriebene Lehrbuch aufzeigen, worauf es im Clickertraining im Allgemeinen und mit Pferden im Speziellen ankommt.[\/vc_testimonial][vc_testimonial name=&#8220;Esther aus O.&#8220; author_dec=&#8220;Teilnehmerin H\u00fchnerseminar Modul 1&#8243; title=&#8220;Inhaltsbereich&#8220;]Ich bin wirklich \u00fcberrascht, wie sehr sich seit dem H\u00fchnerseminar 1 mein Blick auf das Training mit meinen Ponys ge\u00e4ndert hat! Ich denke, dass ich vieles aus dem Seminar f\u00fcr mein t\u00e4gliches Training mitnehmen und umsetzen kann.[\/vc_testimonial][\/vc_testimonial_slider][\/vc_column][\/vc_row][vc_row top=&#8220;0px&#8220; bottom=&#8220;20px&#8220; bg_color=&#8220;#eeeeee&#8220;][vc_column][vc_column_text]<\/p>\n<p style=\"text-align: center;\">Mehr Kundenmeinungen und ausf\u00fchrliche Erfahrungsberichte unserer Seminarteilnehmer findest du in unserem\u00a0<strong><a href=\"https:\/\/steigerwald-zum-testen.anke-kirschenmann.com\/tag\/kundenstimmen\/\">Blog: &#8222;Kundenstimmen&#8220;<\/a>.<\/strong><\/p>\n<p>[\/vc_column_text][\/vc_column][\/vc_row][vc_row top=&#8220;20px&#8220; bottom=&#8220;10px&#8220;][vc_column][\/vc_column][\/vc_row][vc_row top=&#8220;0px&#8220; bottom=&#8220;0px&#8220;][vc_column][vc_empty_space height=&#8220;40px&#8220;][\/vc_column][\/vc_row][vc_row top=&#8220;15px&#8220; bottom=&#8220;15px&#8220; bg_color=&#8220;#eeeeee&#8220;][vc_column][vc_column_text css=&#8220;.vc_custom_1673646572550{background-color: #eeeeee !important;}&#8220;]<\/p>\n<p style=\"text-align: center;\"><span style=\"color: #999999; font-size: 13pt;\">Steigerwald.T &#8211; dein Kontakt f\u00fcr professionelle Pferdewippen, Trainings- und Therapieger\u00e4te und tiergerechtes Training<\/span><\/p>\n<p>[\/vc_column_text][\/vc_column][\/vc_row]<\/p>","protected":false},"excerpt":{"rendered":"<p>[vc_row top=&#8220;0px&#8220; bottom=&#8220;0px&#8220;][vc_column][rev_slider_vc alias=&#8220;ssst&#8220;][\/vc_column][\/vc_row][vc_row top=&#8220;20px&#8220; bottom=&#8220;10px&#8220; row_show_on=&#8220;hide_tablet_landscape,hide_tablet_portrait,hide_mobile_landscape,hide_mobile_portrait&#8220; bg_color=&#8220;#eeeeee&#8220;][vc_column][vc_column_text] Herzlich Willkommen bei Steigerwald.T, [\/vc_column_text][vc_empty_space height=&#8220;20px&#8220;][vc_row_inner][vc_column_inner width=&#8220;1\/2&#8243;][vc_column_text][\/vc_column_text][\/vc_column_inner][vc_column_inner width=&#8220;1\/2&#8243;][vc_column_text]als Gr\u00fcnderin gebe ich, Nina Steigerwald, diesem Unternehmen nicht nur meinen Namen, sondern all mein Herzblut, Erfinderreichtum und Fachwissen. Daher freue ich mich auch besonders, dass du den Weg auf meine Homepage gefunden hast und lade dich ein, hier mehr [&hellip;]<\/p>\n","protected":false},"author":1,"featured_media":0,"parent":0,"menu_order":1,"comment_status":"closed","ping_status":"closed","template":"page-full-width.php","meta":{"footnotes":""},"_links":{"self":[{"href":"https:\/\/steigerwald-zum-testen.anke-kirschenmann.com\/de\/wp-json\/wp\/v2\/pages\/10"}],"collection":[{"href":"https:\/\/steigerwald-zum-testen.anke-kirschenmann.com\/de\/wp-json\/wp\/v2\/pages"}],"about":[{"href":"https:\/\/steigerwald-zum-testen.anke-kirschenmann.com\/de\/wp-json\/wp\/v2\/types\/page"}],"author":[{"embeddable":true,"href":"https:\/\/steigerwald-zum-testen.anke-kirschenmann.com\/de\/wp-json\/wp\/v2\/users\/1"}],"replies":[{"embeddable":true,"href":"https:\/\/steigerwald-zum-testen.anke-kirschenmann.com\/de\/wp-json\/wp\/v2\/comments?post=10"}],"version-history":[{"count":239,"href":"https:\/\/steigerwald-zum-testen.anke-kirschenmann.com\/de\/wp-json\/wp\/v2\/pages\/10\/revisions"}],"predecessor-version":[{"id":4002,"href":"https:\/\/steigerwald-zum-testen.anke-kirschenmann.com\/de\/wp-json\/wp\/v2\/pages\/10\/revisions\/4002"}],"wp:attachment":[{"href":"https:\/\/steigerwald-zum-testen.anke-kirschenmann.com\/de\/wp-json\/wp\/v2\/media?parent=10"}],"curies":[{"name":"wp","href":"https:\/\/api.w.org\/{rel}","templated":true}]}}